{"id":51788,"date":"2022-01-22T16:19:57","date_gmt":"2022-01-22T15:19:57","guid":{"rendered":"https:\/\/demoweb.info\/sexshop001\/producto\/pdx-toyz-masturbador-realistico-fuck-me-silly-man\/"},"modified":"2022-01-22T16:20:14","modified_gmt":"2022-01-22T15:20:14","slug":"pdx-toyz-masturbador-realistico-fuck-me-silly-man","status":"publish","type":"product","link":"https:\/\/demoweb.info\/sexshop001\/producto\/pdx-toyz-masturbador-realistico-fuck-me-silly-man\/","title":{"rendered":"PDX TOYZ MASTURBADOR REAL\u00cdSTICO FUCK ME SILLY MAN"},"content":{"rendered":"<p><strong>PDX TOYZ FUCK ME SILLY MAN<\/strong><\/p>\n<p>Nunca habr\u00e1s visto nada igual.  Masturbador real\u00edstico, descubre a tu hombre perfecto.<\/p>\n<p>Pon este s\u00faper semental sobre una superficie plana, asume la posici\u00f3n y d\u00e9jate llevar. Con su abdomen sexy y cintura cincelada, hasta su incre\u00edble pene enorme, este macho est\u00e1 listo para sacudir tu mundo. \u00c9l es tu juguete personal que siempre est\u00e1 &#39;&#39; ARRIBA &#39;&#39; para pasarlo bien, \u00a1deja que \u00e9l cumpla con todas tus fantas\u00edas de sexo masculino!!<\/p>\n<p>Agarre su pene grueso y flexible y gu\u00edalo dentro de ti. El material Fanta Flesh, suave y flexible, se calienta a la temperatura de tu cuerpo y se siente como si fuera real, \u00a1o todav\u00eda mejor! Este rompecorazones no se ablanda ni se debilita justo cuando est\u00e1s a punto de llegar al cl\u00edmax. Dile adi\u00f3s a esos altibajos a mitad de camino para siempre. <\/p>\n<p>Despu\u00e9s de dar un paseo salvaje, dale la vuelta a este chico malo y descubre su trasero redondo. Cuando hayas terminado, la limpieza es muy f\u00e1cil con Pipedream Toy Cleaner y agua tibia. Despu\u00e9s de que el masturbador se seque completamente, aplica polvo de almid\u00f3n de ma\u00edz Pipedream Extreme Revive para restaurar el masturbador a una calidad suave como nueva.<\/p>\n<p>CARACTER\u00cdSTICAS:<\/p>\n<ul>\n<li>Altura: 30,5 cm<\/li>\n<li>Longitud: 35.6 cm<\/li>\n<li>Profundidad: 35,6 cm<\/li>\n<li>Longitud del pene: 20.3 cm<\/li>\n<li>Ancho del pene: 4.3 cm<\/li>\n<\/ul>\n<p>INCLUYE:<\/p>\n<ul>\n<li>Life-Like Fanta Flesh Torso<\/li>\n<li>Loci\u00f3n hidratante para el cuerpo<\/li>\n<li>Refresh Toy Cleaner<\/li>\n<li>Fanta Flesh Revive Powder<\/li>\n<\/ul>\n","protected":false},"excerpt":{"rendered":"<p>PDX TOYZ FUCK ME SILLY MAN Nunca habr\u00e1s visto nada igual. Masturbador real\u00edstico, descubre a tu hombre perfecto. Pon este<\/p>\n","protected":false},"featured_media":51789,"comment_status":"open","ping_status":"open","template":"","meta":[],"product_cat":[1163],"product_tag":[561,259],"class_list":["post-51788","product","type-product","status-publish","has-post-thumbnail","hentry","product_cat-hombres","product_tag-extreme-toyz","product_tag-pipedream"],"bundled_by":[],"bundle_stock_status":"instock","bundle_stock_quantity":1,"bundle_virtual":false,"bundle_layout":"","bundle_add_to_cart_form_location":"","bundle_editable_in_cart":false,"bundle_sold_individually_context":"","bundle_item_grouping":"","bundle_min_size":"","bundle_max_size":"","bundled_items":[],"yoast_head":"<!-- This site is optimized with the Yoast SEO plugin v20.6 - https:\/\/yoast.com\/wordpress\/plugins\/seo\/ -->\n<title>PDX TOYZ MASTURBADOR REAL\u00cdSTICO FUCK ME SILLY MAN - Tienda Er\u00f3tica<\/title>\n<meta name=\"robots\" content=\"noindex, follow, max-snippet:-1, max-image-preview:large, max-video-preview:-1\" \/>\n<meta property=\"og:locale\" content=\"es_ES\" \/>\n<meta property=\"og:type\" content=\"article\" \/>\n<meta property=\"og:title\" content=\"PDX TOYZ MASTURBADOR REAL\u00cdSTICO FUCK ME SILLY MAN - Tienda Er\u00f3tica\" \/>\n<meta property=\"og:description\" content=\"PDX TOYZ FUCK ME SILLY MAN Nunca habr\u00e1s visto nada igual. Masturbador real\u00edstico, descubre a tu hombre perfecto. Pon este\" \/>\n<meta property=\"og:url\" content=\"https:\/\/demoweb.info\/sexshop001\/producto\/pdx-toyz-masturbador-realistico-fuck-me-silly-man\/\" \/>\n<meta property=\"og:site_name\" content=\"Tienda Er\u00f3tica\" \/>\n<meta property=\"article:modified_time\" content=\"2022-01-22T15:20:14+00:00\" \/>\n<meta property=\"og:image\" content=\"https:\/\/demoweb.info\/sexshop001\/wp-content\/uploads\/2022\/01\/PDX-TOYZ-MASTURBADOR-REALISTICO-FUCK-ME-SILLY-MAN.jpg\" \/>\n\t<meta property=\"og:image:width\" content=\"550\" \/>\n\t<meta property=\"og:image:height\" content=\"550\" \/>\n\t<meta property=\"og:image:type\" content=\"image\/jpeg\" \/>\n<meta name=\"twitter:card\" content=\"summary_large_image\" \/>\n<meta name=\"twitter:label1\" content=\"Tiempo de lectura\" \/>\n\t<meta name=\"twitter:data1\" content=\"1 minuto\" \/>\n<script type=\"application\/ld+json\" class=\"yoast-schema-graph\">{\"@context\":\"https:\/\/schema.org\",\"@graph\":[{\"@type\":\"WebPage\",\"@id\":\"https:\/\/demoweb.info\/sexshop001\/producto\/pdx-toyz-masturbador-realistico-fuck-me-silly-man\/\",\"url\":\"https:\/\/demoweb.info\/sexshop001\/producto\/pdx-toyz-masturbador-realistico-fuck-me-silly-man\/\",\"name\":\"PDX TOYZ MASTURBADOR REAL\u00cdSTICO FUCK ME SILLY MAN - Tienda Er\u00f3tica\",\"isPartOf\":{\"@id\":\"https:\/\/demoweb.info\/sexshop001\/#website\"},\"datePublished\":\"2022-01-22T15:19:57+00:00\",\"dateModified\":\"2022-01-22T15:20:14+00:00\",\"breadcrumb\":{\"@id\":\"https:\/\/demoweb.info\/sexshop001\/producto\/pdx-toyz-masturbador-realistico-fuck-me-silly-man\/#breadcrumb\"},\"inLanguage\":\"es\",\"potentialAction\":[{\"@type\":\"ReadAction\",\"target\":[\"https:\/\/demoweb.info\/sexshop001\/producto\/pdx-toyz-masturbador-realistico-fuck-me-silly-man\/\"]}]},{\"@type\":\"BreadcrumbList\",\"@id\":\"https:\/\/demoweb.info\/sexshop001\/producto\/pdx-toyz-masturbador-realistico-fuck-me-silly-man\/#breadcrumb\",\"itemListElement\":[{\"@type\":\"ListItem\",\"position\":1,\"name\":\"Portada\",\"item\":\"https:\/\/demoweb.info\/sexshop001\/\"},{\"@type\":\"ListItem\",\"position\":2,\"name\":\"Tienda\",\"item\":\"https:\/\/demoweb.info\/sexshop001\/tienda\/\"},{\"@type\":\"ListItem\",\"position\":3,\"name\":\"PDX TOYZ MASTURBADOR REAL\u00cdSTICO FUCK ME SILLY MAN\"}]},{\"@type\":\"WebSite\",\"@id\":\"https:\/\/demoweb.info\/sexshop001\/#website\",\"url\":\"https:\/\/demoweb.info\/sexshop001\/\",\"name\":\"Tienda Er\u00f3tica\",\"description\":\"DEMOWEB SL\",\"potentialAction\":[{\"@type\":\"SearchAction\",\"target\":{\"@type\":\"EntryPoint\",\"urlTemplate\":\"https:\/\/demoweb.info\/sexshop001\/?s={search_term_string}\"},\"query-input\":\"required name=search_term_string\"}],\"inLanguage\":\"es\"}]}<\/script>\n<!-- \/ Yoast SEO plugin. -->","yoast_head_json":{"title":"PDX TOYZ MASTURBADOR REAL\u00cdSTICO FUCK ME SILLY MAN - Tienda Er\u00f3tica","robots":{"index":"noindex","follow":"follow","max-snippet":"max-snippet:-1","max-image-preview":"max-image-preview:large","max-video-preview":"max-video-preview:-1"},"og_locale":"es_ES","og_type":"article","og_title":"PDX TOYZ MASTURBADOR REAL\u00cdSTICO FUCK ME SILLY MAN - Tienda Er\u00f3tica","og_description":"PDX TOYZ FUCK ME SILLY MAN Nunca habr\u00e1s visto nada igual. Masturbador real\u00edstico, descubre a tu hombre perfecto. Pon este","og_url":"https:\/\/demoweb.info\/sexshop001\/producto\/pdx-toyz-masturbador-realistico-fuck-me-silly-man\/","og_site_name":"Tienda Er\u00f3tica","article_modified_time":"2022-01-22T15:20:14+00:00","og_image":[{"width":550,"height":550,"url":"https:\/\/demoweb.info\/sexshop001\/wp-content\/uploads\/2022\/01\/PDX-TOYZ-MASTURBADOR-REALISTICO-FUCK-ME-SILLY-MAN.jpg","type":"image\/jpeg"}],"twitter_card":"summary_large_image","twitter_misc":{"Tiempo de lectura":"1 minuto"},"schema":{"@context":"https:\/\/schema.org","@graph":[{"@type":"WebPage","@id":"https:\/\/demoweb.info\/sexshop001\/producto\/pdx-toyz-masturbador-realistico-fuck-me-silly-man\/","url":"https:\/\/demoweb.info\/sexshop001\/producto\/pdx-toyz-masturbador-realistico-fuck-me-silly-man\/","name":"PDX TOYZ MASTURBADOR REAL\u00cdSTICO FUCK ME SILLY MAN - Tienda Er\u00f3tica","isPartOf":{"@id":"https:\/\/demoweb.info\/sexshop001\/#website"},"datePublished":"2022-01-22T15:19:57+00:00","dateModified":"2022-01-22T15:20:14+00:00","breadcrumb":{"@id":"https:\/\/demoweb.info\/sexshop001\/producto\/pdx-toyz-masturbador-realistico-fuck-me-silly-man\/#breadcrumb"},"inLanguage":"es","potentialAction":[{"@type":"ReadAction","target":["https:\/\/demoweb.info\/sexshop001\/producto\/pdx-toyz-masturbador-realistico-fuck-me-silly-man\/"]}]},{"@type":"BreadcrumbList","@id":"https:\/\/demoweb.info\/sexshop001\/producto\/pdx-toyz-masturbador-realistico-fuck-me-silly-man\/#breadcrumb","itemListElement":[{"@type":"ListItem","position":1,"name":"Portada","item":"https:\/\/demoweb.info\/sexshop001\/"},{"@type":"ListItem","position":2,"name":"Tienda","item":"https:\/\/demoweb.info\/sexshop001\/tienda\/"},{"@type":"ListItem","position":3,"name":"PDX TOYZ MASTURBADOR REAL\u00cdSTICO FUCK ME SILLY MAN"}]},{"@type":"WebSite","@id":"https:\/\/demoweb.info\/sexshop001\/#website","url":"https:\/\/demoweb.info\/sexshop001\/","name":"Tienda Er\u00f3tica","description":"DEMOWEB SL","potentialAction":[{"@type":"SearchAction","target":{"@type":"EntryPoint","urlTemplate":"https:\/\/demoweb.info\/sexshop001\/?s={search_term_string}"},"query-input":"required name=search_term_string"}],"inLanguage":"es"}]}},"_links":{"self":[{"href":"https:\/\/demoweb.info\/sexshop001\/wp-json\/wp\/v3\/product\/51788","targetHints":{"allow":["GET"]}}],"collection":[{"href":"https:\/\/demoweb.info\/sexshop001\/wp-json\/wp\/v3\/product"}],"about":[{"href":"https:\/\/demoweb.info\/sexshop001\/wp-json\/wp\/v2\/types\/product"}],"replies":[{"embeddable":true,"href":"https:\/\/demoweb.info\/sexshop001\/wp-json\/wp\/v2\/comments?post=51788"}],"wp:featuredmedia":[{"embeddable":true,"href":"https:\/\/demoweb.info\/sexshop001\/wp-json\/wp\/v2\/media\/51789"}],"wp:attachment":[{"href":"https:\/\/demoweb.info\/sexshop001\/wp-json\/wp\/v2\/media?parent=51788"}],"wp:term":[{"taxonomy":"product_cat","embeddable":true,"href":"https:\/\/demoweb.info\/sexshop001\/wp-json\/wp\/v2\/product_cat?post=51788"},{"taxonomy":"product_tag","embeddable":true,"href":"https:\/\/demoweb.info\/sexshop001\/wp-json\/wp\/v2\/product_tag?post=51788"}],"curies":[{"name":"wp","href":"https:\/\/api.w.org\/{rel}","templated":true}]}}