{"id":51774,"date":"2022-01-22T16:19:57","date_gmt":"2022-01-22T15:19:57","guid":{"rendered":"https:\/\/demoweb.info\/sexshop001\/producto\/crush-snuggles-vibrador-para-parejas-morado\/"},"modified":"2022-01-22T16:20:04","modified_gmt":"2022-01-22T15:20:04","slug":"crush-snuggles-vibrador-para-parejas-morado","status":"publish","type":"product","link":"https:\/\/demoweb.info\/sexshop001\/producto\/crush-snuggles-vibrador-para-parejas-morado\/","title":{"rendered":"CRUSH SNUGGLES VIBRADOR PARA PAREJAS MORADO"},"content":{"rendered":"<p><strong>CRUSH SNUGGLES PURPLE<\/strong><\/p>\n<p>&#39;&#39; Snuggles&#39;&#39; brinda una estimulaci\u00f3n incre\u00edblemente placentera al combinar vibraciones ultraintensas con un dise\u00f1o elegante y compacto. Hecho de silicona Elite segura para el cuerpo y de pl\u00e1stico ABS pulido, esta bala impermeable es suave al tacto, satisfactoria y cuenta con ocho potentes patrones de vibraci\u00f3n.<\/p>\n<p>La silicona suave y aterciopelada es sedosa y sin costuras, mientras que dos motores s\u00faper potentes proporcionan vibraciones profundas y calmantes donde m\u00e1s importan. &#39;&#39; Snuggles&#39;&#39; es totalmente flexible y cuenta con un par de balas vibratorias insertables en cada extremo que se acurrucan contra el cl\u00edtoris, convirti\u00e9ndolo en el mejor juguete para parejas que se puede disfrutar durante el coito.<\/p>\n<p>\u00a1Pru\u00e9balo en la ducha o en el spa y convierte el tiempo de ba\u00f1o en tiempo de juego!<\/p>\n<ul>\n<li>Material: Silicona<\/li>\n<li>Di\u00e1metro Exterior: 3 cm<\/li>\n<li>Longitud Total: 7 cm<\/li>\n<li>Tipo de Pila: 3 pilas AAA (no incluidas)<\/li>\n<\/ul>\n","protected":false},"excerpt":{"rendered":"<p>CRUSH SNUGGLES PURPLE &#39;&#39; Snuggles&#39;&#39; brinda una estimulaci\u00f3n incre\u00edblemente placentera al combinar vibraciones ultraintensas con un dise\u00f1o elegante y compacto.<\/p>\n","protected":false},"featured_media":51775,"comment_status":"open","ping_status":"open","template":"","meta":[],"product_cat":[445],"product_tag":[1376,259],"class_list":["post-51774","product","type-product","status-publish","has-post-thumbnail","hentry","product_cat-para-parejas-vibradores-juguetes-xxx","product_tag-crush","product_tag-pipedream"],"bundled_by":[],"bundle_stock_status":"instock","bundle_stock_quantity":6,"bundle_virtual":false,"bundle_layout":"","bundle_add_to_cart_form_location":"","bundle_editable_in_cart":false,"bundle_sold_individually_context":"","bundle_item_grouping":"","bundle_min_size":"","bundle_max_size":"","bundled_items":[],"yoast_head":"<!-- This site is optimized with the Yoast SEO plugin v20.6 - https:\/\/yoast.com\/wordpress\/plugins\/seo\/ -->\n<title>CRUSH SNUGGLES VIBRADOR PARA PAREJAS MORADO - Tienda Er\u00f3tica<\/title>\n<meta name=\"robots\" content=\"noindex, follow, max-snippet:-1, max-image-preview:large, max-video-preview:-1\" \/>\n<meta property=\"og:locale\" content=\"es_ES\" \/>\n<meta property=\"og:type\" content=\"article\" \/>\n<meta property=\"og:title\" content=\"CRUSH SNUGGLES VIBRADOR PARA PAREJAS MORADO - Tienda Er\u00f3tica\" \/>\n<meta property=\"og:description\" content=\"CRUSH SNUGGLES PURPLE &#039;&#039; Snuggles&#039;&#039; brinda una estimulaci\u00f3n incre\u00edblemente placentera al combinar vibraciones ultraintensas con un dise\u00f1o elegante y compacto.\" \/>\n<meta property=\"og:url\" content=\"https:\/\/demoweb.info\/sexshop001\/producto\/crush-snuggles-vibrador-para-parejas-morado\/\" \/>\n<meta property=\"og:site_name\" content=\"Tienda Er\u00f3tica\" \/>\n<meta property=\"article:modified_time\" content=\"2022-01-22T15:20:04+00:00\" \/>\n<meta property=\"og:image\" content=\"https:\/\/demoweb.info\/sexshop001\/wp-content\/uploads\/2022\/01\/CRUSH-SNUGGLES-VIBRADOR-PARA-PAREJAS-MORADO.jpg\" \/>\n\t<meta property=\"og:image:width\" content=\"550\" \/>\n\t<meta property=\"og:image:height\" content=\"550\" \/>\n\t<meta property=\"og:image:type\" content=\"image\/jpeg\" \/>\n<meta name=\"twitter:card\" content=\"summary_large_image\" \/>\n<meta name=\"twitter:label1\" content=\"Tiempo de lectura\" \/>\n\t<meta name=\"twitter:data1\" content=\"1 minuto\" \/>\n<script type=\"application\/ld+json\" class=\"yoast-schema-graph\">{\"@context\":\"https:\/\/schema.org\",\"@graph\":[{\"@type\":\"WebPage\",\"@id\":\"https:\/\/demoweb.info\/sexshop001\/producto\/crush-snuggles-vibrador-para-parejas-morado\/\",\"url\":\"https:\/\/demoweb.info\/sexshop001\/producto\/crush-snuggles-vibrador-para-parejas-morado\/\",\"name\":\"CRUSH SNUGGLES VIBRADOR PARA PAREJAS MORADO - Tienda Er\u00f3tica\",\"isPartOf\":{\"@id\":\"https:\/\/demoweb.info\/sexshop001\/#website\"},\"datePublished\":\"2022-01-22T15:19:57+00:00\",\"dateModified\":\"2022-01-22T15:20:04+00:00\",\"breadcrumb\":{\"@id\":\"https:\/\/demoweb.info\/sexshop001\/producto\/crush-snuggles-vibrador-para-parejas-morado\/#breadcrumb\"},\"inLanguage\":\"es\",\"potentialAction\":[{\"@type\":\"ReadAction\",\"target\":[\"https:\/\/demoweb.info\/sexshop001\/producto\/crush-snuggles-vibrador-para-parejas-morado\/\"]}]},{\"@type\":\"BreadcrumbList\",\"@id\":\"https:\/\/demoweb.info\/sexshop001\/producto\/crush-snuggles-vibrador-para-parejas-morado\/#breadcrumb\",\"itemListElement\":[{\"@type\":\"ListItem\",\"position\":1,\"name\":\"Portada\",\"item\":\"https:\/\/demoweb.info\/sexshop001\/\"},{\"@type\":\"ListItem\",\"position\":2,\"name\":\"Tienda\",\"item\":\"https:\/\/demoweb.info\/sexshop001\/tienda\/\"},{\"@type\":\"ListItem\",\"position\":3,\"name\":\"CRUSH SNUGGLES VIBRADOR PARA PAREJAS MORADO\"}]},{\"@type\":\"WebSite\",\"@id\":\"https:\/\/demoweb.info\/sexshop001\/#website\",\"url\":\"https:\/\/demoweb.info\/sexshop001\/\",\"name\":\"Tienda Er\u00f3tica\",\"description\":\"DEMOWEB SL\",\"potentialAction\":[{\"@type\":\"SearchAction\",\"target\":{\"@type\":\"EntryPoint\",\"urlTemplate\":\"https:\/\/demoweb.info\/sexshop001\/?s={search_term_string}\"},\"query-input\":\"required name=search_term_string\"}],\"inLanguage\":\"es\"}]}<\/script>\n<!-- \/ Yoast SEO plugin. -->","yoast_head_json":{"title":"CRUSH SNUGGLES VIBRADOR PARA PAREJAS MORADO - Tienda Er\u00f3tica","robots":{"index":"noindex","follow":"follow","max-snippet":"max-snippet:-1","max-image-preview":"max-image-preview:large","max-video-preview":"max-video-preview:-1"},"og_locale":"es_ES","og_type":"article","og_title":"CRUSH SNUGGLES VIBRADOR PARA PAREJAS MORADO - Tienda Er\u00f3tica","og_description":"CRUSH SNUGGLES PURPLE &#39;&#39; Snuggles&#39;&#39; brinda una estimulaci\u00f3n incre\u00edblemente placentera al combinar vibraciones ultraintensas con un dise\u00f1o elegante y compacto.","og_url":"https:\/\/demoweb.info\/sexshop001\/producto\/crush-snuggles-vibrador-para-parejas-morado\/","og_site_name":"Tienda Er\u00f3tica","article_modified_time":"2022-01-22T15:20:04+00:00","og_image":[{"width":550,"height":550,"url":"https:\/\/demoweb.info\/sexshop001\/wp-content\/uploads\/2022\/01\/CRUSH-SNUGGLES-VIBRADOR-PARA-PAREJAS-MORADO.jpg","type":"image\/jpeg"}],"twitter_card":"summary_large_image","twitter_misc":{"Tiempo de lectura":"1 minuto"},"schema":{"@context":"https:\/\/schema.org","@graph":[{"@type":"WebPage","@id":"https:\/\/demoweb.info\/sexshop001\/producto\/crush-snuggles-vibrador-para-parejas-morado\/","url":"https:\/\/demoweb.info\/sexshop001\/producto\/crush-snuggles-vibrador-para-parejas-morado\/","name":"CRUSH SNUGGLES VIBRADOR PARA PAREJAS MORADO - Tienda Er\u00f3tica","isPartOf":{"@id":"https:\/\/demoweb.info\/sexshop001\/#website"},"datePublished":"2022-01-22T15:19:57+00:00","dateModified":"2022-01-22T15:20:04+00:00","breadcrumb":{"@id":"https:\/\/demoweb.info\/sexshop001\/producto\/crush-snuggles-vibrador-para-parejas-morado\/#breadcrumb"},"inLanguage":"es","potentialAction":[{"@type":"ReadAction","target":["https:\/\/demoweb.info\/sexshop001\/producto\/crush-snuggles-vibrador-para-parejas-morado\/"]}]},{"@type":"BreadcrumbList","@id":"https:\/\/demoweb.info\/sexshop001\/producto\/crush-snuggles-vibrador-para-parejas-morado\/#breadcrumb","itemListElement":[{"@type":"ListItem","position":1,"name":"Portada","item":"https:\/\/demoweb.info\/sexshop001\/"},{"@type":"ListItem","position":2,"name":"Tienda","item":"https:\/\/demoweb.info\/sexshop001\/tienda\/"},{"@type":"ListItem","position":3,"name":"CRUSH SNUGGLES VIBRADOR PARA PAREJAS MORADO"}]},{"@type":"WebSite","@id":"https:\/\/demoweb.info\/sexshop001\/#website","url":"https:\/\/demoweb.info\/sexshop001\/","name":"Tienda Er\u00f3tica","description":"DEMOWEB SL","potentialAction":[{"@type":"SearchAction","target":{"@type":"EntryPoint","urlTemplate":"https:\/\/demoweb.info\/sexshop001\/?s={search_term_string}"},"query-input":"required name=search_term_string"}],"inLanguage":"es"}]}},"_links":{"self":[{"href":"https:\/\/demoweb.info\/sexshop001\/wp-json\/wp\/v3\/product\/51774","targetHints":{"allow":["GET"]}}],"collection":[{"href":"https:\/\/demoweb.info\/sexshop001\/wp-json\/wp\/v3\/product"}],"about":[{"href":"https:\/\/demoweb.info\/sexshop001\/wp-json\/wp\/v2\/types\/product"}],"replies":[{"embeddable":true,"href":"https:\/\/demoweb.info\/sexshop001\/wp-json\/wp\/v2\/comments?post=51774"}],"wp:featuredmedia":[{"embeddable":true,"href":"https:\/\/demoweb.info\/sexshop001\/wp-json\/wp\/v2\/media\/51775"}],"wp:attachment":[{"href":"https:\/\/demoweb.info\/sexshop001\/wp-json\/wp\/v2\/media?parent=51774"}],"wp:term":[{"taxonomy":"product_cat","embeddable":true,"href":"https:\/\/demoweb.info\/sexshop001\/wp-json\/wp\/v2\/product_cat?post=51774"},{"taxonomy":"product_tag","embeddable":true,"href":"https:\/\/demoweb.info\/sexshop001\/wp-json\/wp\/v2\/product_tag?post=51774"}],"curies":[{"name":"wp","href":"https:\/\/api.w.org\/{rel}","templated":true}]}}