{"id":51642,"date":"2022-01-22T16:18:19","date_gmt":"2022-01-22T15:18:19","guid":{"rendered":"https:\/\/demoweb.info\/sexshop001\/producto\/her-royal-arnes-vibrador-sin-sujecion\/"},"modified":"2022-01-22T16:18:41","modified_gmt":"2022-01-22T15:18:41","slug":"her-royal-arnes-vibrador-sin-sujecion","status":"publish","type":"product","link":"https:\/\/demoweb.info\/sexshop001\/producto\/her-royal-arnes-vibrador-sin-sujecion\/","title":{"rendered":"HER ROYAL ARN\u00c9S VIBRADOR SIN SUJECI\u00d3N"},"content":{"rendered":"<p><strong>HER ROYAL HARNESS ME2 PROBE VIBE<\/strong><\/p>\n<p> Dise\u00f1ado cuidadosamente para el placer mutuo. Con un motor ultrapotente este juguete est\u00e1 especialmente dise\u00f1ado para la experiencia m\u00e1s intensa.<\/p>\n<p>F\u00e1cil de usar, este art\u00edculo incluye una funci\u00f3n G-spot para lo \u00faltimo en placer sensual. <\/p>\n<p>Dise\u00f1ado ergon\u00f3micamente para adaptarse tanto a tu mano como a tu cuerpo.<\/p>\n<p>Dispone de 10 velocidades de vibraci\u00f3n, es resistente al agua y recargable con USB.<\/p>\n<p>Disfruta de lo \u00faltimo en satisfacci\u00f3n sensual.<\/p>\n<p>Medidas:<\/p>\n<ul>\n<li>Base: 13.25 x 8.25 cm<\/li>\n<li>Dildo: 16.5 x 3.75 cm<\/li>\n<\/ul>\n","protected":false},"excerpt":{"rendered":"<p>HER ROYAL HARNESS ME2 PROBE VIBE Dise\u00f1ado cuidadosamente para el placer mutuo. Con un motor ultrapotente este juguete est\u00e1 especialmente<\/p>\n","protected":false},"featured_media":51643,"comment_status":"open","ping_status":"open","template":"","meta":[],"product_cat":[278],"product_tag":[660,807],"class_list":["post-51642","product","type-product","status-publish","has-post-thumbnail","hentry","product_cat-vibradores","product_tag-calexotics","product_tag-her-royal"],"bundled_by":[],"bundle_stock_status":"instock","bundle_stock_quantity":1,"bundle_virtual":false,"bundle_layout":"","bundle_add_to_cart_form_location":"","bundle_editable_in_cart":false,"bundle_sold_individually_context":"","bundle_item_grouping":"","bundle_min_size":"","bundle_max_size":"","bundled_items":[],"yoast_head":"<!-- This site is optimized with the Yoast SEO plugin v20.6 - https:\/\/yoast.com\/wordpress\/plugins\/seo\/ -->\n<title>HER ROYAL ARN\u00c9S VIBRADOR SIN SUJECI\u00d3N - Tienda Er\u00f3tica<\/title>\n<meta name=\"robots\" content=\"noindex, follow, max-snippet:-1, max-image-preview:large, max-video-preview:-1\" \/>\n<meta property=\"og:locale\" content=\"es_ES\" \/>\n<meta property=\"og:type\" content=\"article\" \/>\n<meta property=\"og:title\" content=\"HER ROYAL ARN\u00c9S VIBRADOR SIN SUJECI\u00d3N - Tienda Er\u00f3tica\" \/>\n<meta property=\"og:description\" content=\"HER ROYAL HARNESS ME2 PROBE VIBE Dise\u00f1ado cuidadosamente para el placer mutuo. Con un motor ultrapotente este juguete est\u00e1 especialmente\" \/>\n<meta property=\"og:url\" content=\"https:\/\/demoweb.info\/sexshop001\/producto\/her-royal-arnes-vibrador-sin-sujecion\/\" \/>\n<meta property=\"og:site_name\" content=\"Tienda Er\u00f3tica\" \/>\n<meta property=\"article:modified_time\" content=\"2022-01-22T15:18:41+00:00\" \/>\n<meta property=\"og:image\" content=\"https:\/\/demoweb.info\/sexshop001\/wp-content\/uploads\/2022\/01\/HER-ROYAL-ARNES-VIBRADOR-SIN-SUJECION.jpg\" \/>\n\t<meta property=\"og:image:width\" content=\"550\" \/>\n\t<meta property=\"og:image:height\" content=\"550\" \/>\n\t<meta property=\"og:image:type\" content=\"image\/jpeg\" \/>\n<meta name=\"twitter:card\" content=\"summary_large_image\" \/>\n<script type=\"application\/ld+json\" class=\"yoast-schema-graph\">{\"@context\":\"https:\/\/schema.org\",\"@graph\":[{\"@type\":\"WebPage\",\"@id\":\"https:\/\/demoweb.info\/sexshop001\/producto\/her-royal-arnes-vibrador-sin-sujecion\/\",\"url\":\"https:\/\/demoweb.info\/sexshop001\/producto\/her-royal-arnes-vibrador-sin-sujecion\/\",\"name\":\"HER ROYAL ARN\u00c9S VIBRADOR SIN SUJECI\u00d3N - Tienda Er\u00f3tica\",\"isPartOf\":{\"@id\":\"https:\/\/demoweb.info\/sexshop001\/#website\"},\"datePublished\":\"2022-01-22T15:18:19+00:00\",\"dateModified\":\"2022-01-22T15:18:41+00:00\",\"breadcrumb\":{\"@id\":\"https:\/\/demoweb.info\/sexshop001\/producto\/her-royal-arnes-vibrador-sin-sujecion\/#breadcrumb\"},\"inLanguage\":\"es\",\"potentialAction\":[{\"@type\":\"ReadAction\",\"target\":[\"https:\/\/demoweb.info\/sexshop001\/producto\/her-royal-arnes-vibrador-sin-sujecion\/\"]}]},{\"@type\":\"BreadcrumbList\",\"@id\":\"https:\/\/demoweb.info\/sexshop001\/producto\/her-royal-arnes-vibrador-sin-sujecion\/#breadcrumb\",\"itemListElement\":[{\"@type\":\"ListItem\",\"position\":1,\"name\":\"Portada\",\"item\":\"https:\/\/demoweb.info\/sexshop001\/\"},{\"@type\":\"ListItem\",\"position\":2,\"name\":\"Tienda\",\"item\":\"https:\/\/demoweb.info\/sexshop001\/tienda\/\"},{\"@type\":\"ListItem\",\"position\":3,\"name\":\"HER ROYAL ARN\u00c9S VIBRADOR SIN SUJECI\u00d3N\"}]},{\"@type\":\"WebSite\",\"@id\":\"https:\/\/demoweb.info\/sexshop001\/#website\",\"url\":\"https:\/\/demoweb.info\/sexshop001\/\",\"name\":\"Tienda Er\u00f3tica\",\"description\":\"DEMOWEB SL\",\"potentialAction\":[{\"@type\":\"SearchAction\",\"target\":{\"@type\":\"EntryPoint\",\"urlTemplate\":\"https:\/\/demoweb.info\/sexshop001\/?s={search_term_string}\"},\"query-input\":\"required name=search_term_string\"}],\"inLanguage\":\"es\"}]}<\/script>\n<!-- \/ Yoast SEO plugin. -->","yoast_head_json":{"title":"HER ROYAL ARN\u00c9S VIBRADOR SIN SUJECI\u00d3N - Tienda Er\u00f3tica","robots":{"index":"noindex","follow":"follow","max-snippet":"max-snippet:-1","max-image-preview":"max-image-preview:large","max-video-preview":"max-video-preview:-1"},"og_locale":"es_ES","og_type":"article","og_title":"HER ROYAL ARN\u00c9S VIBRADOR SIN SUJECI\u00d3N - Tienda Er\u00f3tica","og_description":"HER ROYAL HARNESS ME2 PROBE VIBE Dise\u00f1ado cuidadosamente para el placer mutuo. Con un motor ultrapotente este juguete est\u00e1 especialmente","og_url":"https:\/\/demoweb.info\/sexshop001\/producto\/her-royal-arnes-vibrador-sin-sujecion\/","og_site_name":"Tienda Er\u00f3tica","article_modified_time":"2022-01-22T15:18:41+00:00","og_image":[{"width":550,"height":550,"url":"https:\/\/demoweb.info\/sexshop001\/wp-content\/uploads\/2022\/01\/HER-ROYAL-ARNES-VIBRADOR-SIN-SUJECION.jpg","type":"image\/jpeg"}],"twitter_card":"summary_large_image","schema":{"@context":"https:\/\/schema.org","@graph":[{"@type":"WebPage","@id":"https:\/\/demoweb.info\/sexshop001\/producto\/her-royal-arnes-vibrador-sin-sujecion\/","url":"https:\/\/demoweb.info\/sexshop001\/producto\/her-royal-arnes-vibrador-sin-sujecion\/","name":"HER ROYAL ARN\u00c9S VIBRADOR SIN SUJECI\u00d3N - Tienda Er\u00f3tica","isPartOf":{"@id":"https:\/\/demoweb.info\/sexshop001\/#website"},"datePublished":"2022-01-22T15:18:19+00:00","dateModified":"2022-01-22T15:18:41+00:00","breadcrumb":{"@id":"https:\/\/demoweb.info\/sexshop001\/producto\/her-royal-arnes-vibrador-sin-sujecion\/#breadcrumb"},"inLanguage":"es","potentialAction":[{"@type":"ReadAction","target":["https:\/\/demoweb.info\/sexshop001\/producto\/her-royal-arnes-vibrador-sin-sujecion\/"]}]},{"@type":"BreadcrumbList","@id":"https:\/\/demoweb.info\/sexshop001\/producto\/her-royal-arnes-vibrador-sin-sujecion\/#breadcrumb","itemListElement":[{"@type":"ListItem","position":1,"name":"Portada","item":"https:\/\/demoweb.info\/sexshop001\/"},{"@type":"ListItem","position":2,"name":"Tienda","item":"https:\/\/demoweb.info\/sexshop001\/tienda\/"},{"@type":"ListItem","position":3,"name":"HER ROYAL ARN\u00c9S VIBRADOR SIN SUJECI\u00d3N"}]},{"@type":"WebSite","@id":"https:\/\/demoweb.info\/sexshop001\/#website","url":"https:\/\/demoweb.info\/sexshop001\/","name":"Tienda Er\u00f3tica","description":"DEMOWEB SL","potentialAction":[{"@type":"SearchAction","target":{"@type":"EntryPoint","urlTemplate":"https:\/\/demoweb.info\/sexshop001\/?s={search_term_string}"},"query-input":"required name=search_term_string"}],"inLanguage":"es"}]}},"_links":{"self":[{"href":"https:\/\/demoweb.info\/sexshop001\/wp-json\/wp\/v3\/product\/51642","targetHints":{"allow":["GET"]}}],"collection":[{"href":"https:\/\/demoweb.info\/sexshop001\/wp-json\/wp\/v3\/product"}],"about":[{"href":"https:\/\/demoweb.info\/sexshop001\/wp-json\/wp\/v2\/types\/product"}],"replies":[{"embeddable":true,"href":"https:\/\/demoweb.info\/sexshop001\/wp-json\/wp\/v2\/comments?post=51642"}],"wp:featuredmedia":[{"embeddable":true,"href":"https:\/\/demoweb.info\/sexshop001\/wp-json\/wp\/v2\/media\/51643"}],"wp:attachment":[{"href":"https:\/\/demoweb.info\/sexshop001\/wp-json\/wp\/v2\/media?parent=51642"}],"wp:term":[{"taxonomy":"product_cat","embeddable":true,"href":"https:\/\/demoweb.info\/sexshop001\/wp-json\/wp\/v2\/product_cat?post=51642"},{"taxonomy":"product_tag","embeddable":true,"href":"https:\/\/demoweb.info\/sexshop001\/wp-json\/wp\/v2\/product_tag?post=51642"}],"curies":[{"name":"wp","href":"https:\/\/api.w.org\/{rel}","templated":true}]}}