{"id":51018,"date":"2022-01-22T16:11:39","date_gmt":"2022-01-22T15:11:39","guid":{"rendered":"https:\/\/demoweb.info\/sexshop001\/producto\/firefly-pene-vibrador-15cm-rosa\/"},"modified":"2022-01-22T16:11:47","modified_gmt":"2022-01-22T15:11:47","slug":"firefly-pene-vibrador-15cm-rosa","status":"publish","type":"product","link":"https:\/\/demoweb.info\/sexshop001\/producto\/firefly-pene-vibrador-15cm-rosa\/","title":{"rendered":"FIREFLY PENE VIBRADOR 15CM &#8211; ROSA"},"content":{"rendered":"<p><strong>FIREFLY 6 VIBR MASSAGER PINK<\/strong><\/p>\n<p><em>Disfruta conel brillo del placer. <\/em>Las poderosas vibraciones de <strong>Let&#39;s Firefly&#39;s light-in-the-dark <\/strong>iluminan tus deseos y sacian tus antojos. Hecho de silicona de calidad superior, estos vibradores impermeables son un placer para sostener y usar. El marcado r\u00e1pido m\u00faltiple controla la acci\u00f3n y el brillo de Firefly controlar\u00e1 el estado de \u00e1nimo. Enci\u00e9ndelo y disfruta.<\/p>\n<ul>\n<li>Material: Silicona<\/li>\n<li>Longitud Total: 15 cm<\/li>\n<li>Tipo de Pila: 2 pilas AA (no incluidas)<\/li>\n<\/ul>\n","protected":false},"excerpt":{"rendered":"<p>FIREFLY 6 VIBR MASSAGER PINK Disfruta conel brillo del placer. Las poderosas vibraciones de Let&#39;s Firefly&#39;s light-in-the-dark iluminan tus deseos<\/p>\n","protected":false},"featured_media":51019,"comment_status":"open","ping_status":"open","template":"","meta":[],"product_cat":[317],"product_tag":[671,666],"class_list":["post-51018","product","type-product","status-publish","has-post-thumbnail","hentry","product_cat-con-vibrador","product_tag-firefly","product_tag-nsnovelties"],"bundled_by":[],"bundle_stock_status":"instock","bundle_stock_quantity":1,"bundle_virtual":false,"bundle_layout":"","bundle_add_to_cart_form_location":"","bundle_editable_in_cart":false,"bundle_sold_individually_context":"","bundle_item_grouping":"","bundle_min_size":"","bundle_max_size":"","bundled_items":[],"yoast_head":"<!-- This site is optimized with the Yoast SEO plugin v20.6 - https:\/\/yoast.com\/wordpress\/plugins\/seo\/ -->\n<title>FIREFLY PENE VIBRADOR 15CM - ROSA - Tienda Er\u00f3tica<\/title>\n<meta name=\"robots\" content=\"noindex, follow, max-snippet:-1, max-image-preview:large, max-video-preview:-1\" \/>\n<meta property=\"og:locale\" content=\"es_ES\" \/>\n<meta property=\"og:type\" content=\"article\" \/>\n<meta property=\"og:title\" content=\"FIREFLY PENE VIBRADOR 15CM - ROSA - Tienda Er\u00f3tica\" \/>\n<meta property=\"og:description\" content=\"FIREFLY 6 VIBR MASSAGER PINK Disfruta conel brillo del placer. Las poderosas vibraciones de Let&#039;s Firefly&#039;s light-in-the-dark iluminan tus deseos\" \/>\n<meta property=\"og:url\" content=\"https:\/\/demoweb.info\/sexshop001\/producto\/firefly-pene-vibrador-15cm-rosa\/\" \/>\n<meta property=\"og:site_name\" content=\"Tienda Er\u00f3tica\" \/>\n<meta property=\"article:modified_time\" content=\"2022-01-22T15:11:47+00:00\" \/>\n<meta property=\"og:image\" content=\"https:\/\/demoweb.info\/sexshop001\/wp-content\/uploads\/2022\/01\/FIREFLY-PENE-VIBRADOR-15CM-ROSA.jpg\" \/>\n\t<meta property=\"og:image:width\" content=\"550\" \/>\n\t<meta property=\"og:image:height\" content=\"550\" \/>\n\t<meta property=\"og:image:type\" content=\"image\/jpeg\" \/>\n<meta name=\"twitter:card\" content=\"summary_large_image\" \/>\n<script type=\"application\/ld+json\" class=\"yoast-schema-graph\">{\"@context\":\"https:\/\/schema.org\",\"@graph\":[{\"@type\":\"WebPage\",\"@id\":\"https:\/\/demoweb.info\/sexshop001\/producto\/firefly-pene-vibrador-15cm-rosa\/\",\"url\":\"https:\/\/demoweb.info\/sexshop001\/producto\/firefly-pene-vibrador-15cm-rosa\/\",\"name\":\"FIREFLY PENE VIBRADOR 15CM - ROSA - Tienda Er\u00f3tica\",\"isPartOf\":{\"@id\":\"https:\/\/demoweb.info\/sexshop001\/#website\"},\"datePublished\":\"2022-01-22T15:11:39+00:00\",\"dateModified\":\"2022-01-22T15:11:47+00:00\",\"breadcrumb\":{\"@id\":\"https:\/\/demoweb.info\/sexshop001\/producto\/firefly-pene-vibrador-15cm-rosa\/#breadcrumb\"},\"inLanguage\":\"es\",\"potentialAction\":[{\"@type\":\"ReadAction\",\"target\":[\"https:\/\/demoweb.info\/sexshop001\/producto\/firefly-pene-vibrador-15cm-rosa\/\"]}]},{\"@type\":\"BreadcrumbList\",\"@id\":\"https:\/\/demoweb.info\/sexshop001\/producto\/firefly-pene-vibrador-15cm-rosa\/#breadcrumb\",\"itemListElement\":[{\"@type\":\"ListItem\",\"position\":1,\"name\":\"Portada\",\"item\":\"https:\/\/demoweb.info\/sexshop001\/\"},{\"@type\":\"ListItem\",\"position\":2,\"name\":\"Tienda\",\"item\":\"https:\/\/demoweb.info\/sexshop001\/tienda\/\"},{\"@type\":\"ListItem\",\"position\":3,\"name\":\"FIREFLY PENE VIBRADOR 15CM &#8211; ROSA\"}]},{\"@type\":\"WebSite\",\"@id\":\"https:\/\/demoweb.info\/sexshop001\/#website\",\"url\":\"https:\/\/demoweb.info\/sexshop001\/\",\"name\":\"Tienda Er\u00f3tica\",\"description\":\"DEMOWEB SL\",\"potentialAction\":[{\"@type\":\"SearchAction\",\"target\":{\"@type\":\"EntryPoint\",\"urlTemplate\":\"https:\/\/demoweb.info\/sexshop001\/?s={search_term_string}\"},\"query-input\":\"required name=search_term_string\"}],\"inLanguage\":\"es\"}]}<\/script>\n<!-- \/ Yoast SEO plugin. -->","yoast_head_json":{"title":"FIREFLY PENE VIBRADOR 15CM - ROSA - Tienda Er\u00f3tica","robots":{"index":"noindex","follow":"follow","max-snippet":"max-snippet:-1","max-image-preview":"max-image-preview:large","max-video-preview":"max-video-preview:-1"},"og_locale":"es_ES","og_type":"article","og_title":"FIREFLY PENE VIBRADOR 15CM - ROSA - Tienda Er\u00f3tica","og_description":"FIREFLY 6 VIBR MASSAGER PINK Disfruta conel brillo del placer. Las poderosas vibraciones de Let&#39;s Firefly&#39;s light-in-the-dark iluminan tus deseos","og_url":"https:\/\/demoweb.info\/sexshop001\/producto\/firefly-pene-vibrador-15cm-rosa\/","og_site_name":"Tienda Er\u00f3tica","article_modified_time":"2022-01-22T15:11:47+00:00","og_image":[{"width":550,"height":550,"url":"https:\/\/demoweb.info\/sexshop001\/wp-content\/uploads\/2022\/01\/FIREFLY-PENE-VIBRADOR-15CM-ROSA.jpg","type":"image\/jpeg"}],"twitter_card":"summary_large_image","schema":{"@context":"https:\/\/schema.org","@graph":[{"@type":"WebPage","@id":"https:\/\/demoweb.info\/sexshop001\/producto\/firefly-pene-vibrador-15cm-rosa\/","url":"https:\/\/demoweb.info\/sexshop001\/producto\/firefly-pene-vibrador-15cm-rosa\/","name":"FIREFLY PENE VIBRADOR 15CM - ROSA - Tienda Er\u00f3tica","isPartOf":{"@id":"https:\/\/demoweb.info\/sexshop001\/#website"},"datePublished":"2022-01-22T15:11:39+00:00","dateModified":"2022-01-22T15:11:47+00:00","breadcrumb":{"@id":"https:\/\/demoweb.info\/sexshop001\/producto\/firefly-pene-vibrador-15cm-rosa\/#breadcrumb"},"inLanguage":"es","potentialAction":[{"@type":"ReadAction","target":["https:\/\/demoweb.info\/sexshop001\/producto\/firefly-pene-vibrador-15cm-rosa\/"]}]},{"@type":"BreadcrumbList","@id":"https:\/\/demoweb.info\/sexshop001\/producto\/firefly-pene-vibrador-15cm-rosa\/#breadcrumb","itemListElement":[{"@type":"ListItem","position":1,"name":"Portada","item":"https:\/\/demoweb.info\/sexshop001\/"},{"@type":"ListItem","position":2,"name":"Tienda","item":"https:\/\/demoweb.info\/sexshop001\/tienda\/"},{"@type":"ListItem","position":3,"name":"FIREFLY PENE VIBRADOR 15CM &#8211; ROSA"}]},{"@type":"WebSite","@id":"https:\/\/demoweb.info\/sexshop001\/#website","url":"https:\/\/demoweb.info\/sexshop001\/","name":"Tienda Er\u00f3tica","description":"DEMOWEB SL","potentialAction":[{"@type":"SearchAction","target":{"@type":"EntryPoint","urlTemplate":"https:\/\/demoweb.info\/sexshop001\/?s={search_term_string}"},"query-input":"required name=search_term_string"}],"inLanguage":"es"}]}},"_links":{"self":[{"href":"https:\/\/demoweb.info\/sexshop001\/wp-json\/wp\/v3\/product\/51018","targetHints":{"allow":["GET"]}}],"collection":[{"href":"https:\/\/demoweb.info\/sexshop001\/wp-json\/wp\/v3\/product"}],"about":[{"href":"https:\/\/demoweb.info\/sexshop001\/wp-json\/wp\/v2\/types\/product"}],"replies":[{"embeddable":true,"href":"https:\/\/demoweb.info\/sexshop001\/wp-json\/wp\/v2\/comments?post=51018"}],"wp:featuredmedia":[{"embeddable":true,"href":"https:\/\/demoweb.info\/sexshop001\/wp-json\/wp\/v2\/media\/51019"}],"wp:attachment":[{"href":"https:\/\/demoweb.info\/sexshop001\/wp-json\/wp\/v2\/media?parent=51018"}],"wp:term":[{"taxonomy":"product_cat","embeddable":true,"href":"https:\/\/demoweb.info\/sexshop001\/wp-json\/wp\/v2\/product_cat?post=51018"},{"taxonomy":"product_tag","embeddable":true,"href":"https:\/\/demoweb.info\/sexshop001\/wp-json\/wp\/v2\/product_tag?post=51018"}],"curies":[{"name":"wp","href":"https:\/\/api.w.org\/{rel}","templated":true}]}}