{"id":50967,"date":"2022-01-22T16:11:15","date_gmt":"2022-01-22T15:11:15","guid":{"rendered":"https:\/\/demoweb.info\/sexshop001\/producto\/el-libro-de-la-vagina\/"},"modified":"2022-01-22T16:11:16","modified_gmt":"2022-01-22T15:11:16","slug":"el-libro-de-la-vagina","status":"publish","type":"product","link":"https:\/\/demoweb.info\/sexshop001\/producto\/el-libro-de-la-vagina\/","title":{"rendered":"EL LIBRO DE LA VAGINA"},"content":{"rendered":"<p><strong>EL LIBRO DE LA VAGINA<\/strong><\/p>\n<p><em><strong>TODO LO QUE NECESITAS SABER Y NUNCA TE HAS ATREVIDO A PREGUNTAR<\/strong><\/em><\/p>\n<p>Nina Brochmann, Ellen Stokken Dahl.<\/p>\n<p><em>\u00bfEst\u00e1s segura de que te conoces bien? <\/em>Ameno, desenfadado, sin juicios morales, y con divertidas ilustraciones, <strong>El libro de la vagina<\/strong> te ense\u00f1ar\u00e1 todo sobre el aparato genital femenino: el profundo secreto del cl\u00edtoris, el salvaje baile de hormonas que controla la regla, c\u00f3mo funcionan los anticonceptivos en el cuerpo, las afecciones m\u00e1s comunes en las mujeres&#8230;<\/p>\n<p>Aunque los \u00f3rganos sexuales no sean, precisamente, un nuevo descubrimiento, hay una incre\u00edble cantidad de cosas que las mujeres no conocen sobre su propio cuerpo. \u00bfPor qu\u00e9 a tantas mujeres les duele la regla? \u00bfExiste la membrana de la virginidad? \u00bfCu\u00e1l es la raz\u00f3n por la que a algunas mujeres les cuesta tener orgasmos? \u00bfHasta cu\u00e1ndo esperar para tener hijos?<\/p>\n<p>Combinando conocimientos generales de medicina con investigaciones cient\u00edficas recientes, El libro de la vagina trata, pedag\u00f3gicamente, todo lo relacionado con el aparato genital femenino.<\/p>\n<p>Un libro imprescindible para adolescentes y mujeres de todas las edades que ha conquistado a lectoras de m\u00e1s de 20 pa\u00edses.<\/p>\n<ul>\n<li>N&ordm; p\u00e1ginas: 398<\/li>\n<li>Encuadernaci\u00f3n: R\u00fastica<\/li>\n<\/ul>\n","protected":false},"excerpt":{"rendered":"<p>EL LIBRO DE LA VAGINA TODO LO QUE NECESITAS SABER Y NUNCA TE HAS ATREVIDO A PREGUNTAR Nina Brochmann, Ellen<\/p>\n","protected":false},"featured_media":50968,"comment_status":"open","ping_status":"open","template":"","meta":[],"product_cat":[684],"product_tag":[416,415],"class_list":["post-50967","product","type-product","status-publish","has-post-thumbnail","hentry","product_cat-san-valentin-regalos","product_tag-grijalbo","product_tag-random-house"],"bundled_by":[],"bundle_stock_status":"instock","bundle_stock_quantity":5,"bundle_virtual":false,"bundle_layout":"","bundle_add_to_cart_form_location":"","bundle_editable_in_cart":false,"bundle_sold_individually_context":"","bundle_item_grouping":"","bundle_min_size":"","bundle_max_size":"","bundled_items":[],"yoast_head":"<!-- This site is optimized with the Yoast SEO plugin v20.6 - https:\/\/yoast.com\/wordpress\/plugins\/seo\/ -->\n<title>EL LIBRO DE LA VAGINA - Tienda Er\u00f3tica<\/title>\n<meta name=\"robots\" content=\"noindex, follow, max-snippet:-1, max-image-preview:large, max-video-preview:-1\" \/>\n<meta property=\"og:locale\" content=\"es_ES\" \/>\n<meta property=\"og:type\" content=\"article\" \/>\n<meta property=\"og:title\" content=\"EL LIBRO DE LA VAGINA - Tienda Er\u00f3tica\" \/>\n<meta property=\"og:description\" content=\"EL LIBRO DE LA VAGINA TODO LO QUE NECESITAS SABER Y NUNCA TE HAS ATREVIDO A PREGUNTAR Nina Brochmann, Ellen\" \/>\n<meta property=\"og:url\" content=\"https:\/\/demoweb.info\/sexshop001\/producto\/el-libro-de-la-vagina\/\" \/>\n<meta property=\"og:site_name\" content=\"Tienda Er\u00f3tica\" \/>\n<meta property=\"article:modified_time\" content=\"2022-01-22T15:11:16+00:00\" \/>\n<meta property=\"og:image\" content=\"https:\/\/demoweb.info\/sexshop001\/wp-content\/uploads\/2022\/01\/EL-LIBRO-DE-LA-VAGINA.jpg\" \/>\n\t<meta property=\"og:image:width\" content=\"550\" \/>\n\t<meta property=\"og:image:height\" content=\"550\" \/>\n\t<meta property=\"og:image:type\" content=\"image\/jpeg\" \/>\n<meta name=\"twitter:card\" content=\"summary_large_image\" \/>\n<meta name=\"twitter:label1\" content=\"Tiempo de lectura\" \/>\n\t<meta name=\"twitter:data1\" content=\"1 minuto\" \/>\n<script type=\"application\/ld+json\" class=\"yoast-schema-graph\">{\"@context\":\"https:\/\/schema.org\",\"@graph\":[{\"@type\":\"WebPage\",\"@id\":\"https:\/\/demoweb.info\/sexshop001\/producto\/el-libro-de-la-vagina\/\",\"url\":\"https:\/\/demoweb.info\/sexshop001\/producto\/el-libro-de-la-vagina\/\",\"name\":\"EL LIBRO DE LA VAGINA - Tienda Er\u00f3tica\",\"isPartOf\":{\"@id\":\"https:\/\/demoweb.info\/sexshop001\/#website\"},\"datePublished\":\"2022-01-22T15:11:15+00:00\",\"dateModified\":\"2022-01-22T15:11:16+00:00\",\"breadcrumb\":{\"@id\":\"https:\/\/demoweb.info\/sexshop001\/producto\/el-libro-de-la-vagina\/#breadcrumb\"},\"inLanguage\":\"es\",\"potentialAction\":[{\"@type\":\"ReadAction\",\"target\":[\"https:\/\/demoweb.info\/sexshop001\/producto\/el-libro-de-la-vagina\/\"]}]},{\"@type\":\"BreadcrumbList\",\"@id\":\"https:\/\/demoweb.info\/sexshop001\/producto\/el-libro-de-la-vagina\/#breadcrumb\",\"itemListElement\":[{\"@type\":\"ListItem\",\"position\":1,\"name\":\"Portada\",\"item\":\"https:\/\/demoweb.info\/sexshop001\/\"},{\"@type\":\"ListItem\",\"position\":2,\"name\":\"Tienda\",\"item\":\"https:\/\/demoweb.info\/sexshop001\/tienda\/\"},{\"@type\":\"ListItem\",\"position\":3,\"name\":\"EL LIBRO DE LA VAGINA\"}]},{\"@type\":\"WebSite\",\"@id\":\"https:\/\/demoweb.info\/sexshop001\/#website\",\"url\":\"https:\/\/demoweb.info\/sexshop001\/\",\"name\":\"Tienda Er\u00f3tica\",\"description\":\"DEMOWEB SL\",\"potentialAction\":[{\"@type\":\"SearchAction\",\"target\":{\"@type\":\"EntryPoint\",\"urlTemplate\":\"https:\/\/demoweb.info\/sexshop001\/?s={search_term_string}\"},\"query-input\":\"required name=search_term_string\"}],\"inLanguage\":\"es\"}]}<\/script>\n<!-- \/ Yoast SEO plugin. -->","yoast_head_json":{"title":"EL LIBRO DE LA VAGINA - Tienda Er\u00f3tica","robots":{"index":"noindex","follow":"follow","max-snippet":"max-snippet:-1","max-image-preview":"max-image-preview:large","max-video-preview":"max-video-preview:-1"},"og_locale":"es_ES","og_type":"article","og_title":"EL LIBRO DE LA VAGINA - Tienda Er\u00f3tica","og_description":"EL LIBRO DE LA VAGINA TODO LO QUE NECESITAS SABER Y NUNCA TE HAS ATREVIDO A PREGUNTAR Nina Brochmann, Ellen","og_url":"https:\/\/demoweb.info\/sexshop001\/producto\/el-libro-de-la-vagina\/","og_site_name":"Tienda Er\u00f3tica","article_modified_time":"2022-01-22T15:11:16+00:00","og_image":[{"width":550,"height":550,"url":"https:\/\/demoweb.info\/sexshop001\/wp-content\/uploads\/2022\/01\/EL-LIBRO-DE-LA-VAGINA.jpg","type":"image\/jpeg"}],"twitter_card":"summary_large_image","twitter_misc":{"Tiempo de lectura":"1 minuto"},"schema":{"@context":"https:\/\/schema.org","@graph":[{"@type":"WebPage","@id":"https:\/\/demoweb.info\/sexshop001\/producto\/el-libro-de-la-vagina\/","url":"https:\/\/demoweb.info\/sexshop001\/producto\/el-libro-de-la-vagina\/","name":"EL LIBRO DE LA VAGINA - Tienda Er\u00f3tica","isPartOf":{"@id":"https:\/\/demoweb.info\/sexshop001\/#website"},"datePublished":"2022-01-22T15:11:15+00:00","dateModified":"2022-01-22T15:11:16+00:00","breadcrumb":{"@id":"https:\/\/demoweb.info\/sexshop001\/producto\/el-libro-de-la-vagina\/#breadcrumb"},"inLanguage":"es","potentialAction":[{"@type":"ReadAction","target":["https:\/\/demoweb.info\/sexshop001\/producto\/el-libro-de-la-vagina\/"]}]},{"@type":"BreadcrumbList","@id":"https:\/\/demoweb.info\/sexshop001\/producto\/el-libro-de-la-vagina\/#breadcrumb","itemListElement":[{"@type":"ListItem","position":1,"name":"Portada","item":"https:\/\/demoweb.info\/sexshop001\/"},{"@type":"ListItem","position":2,"name":"Tienda","item":"https:\/\/demoweb.info\/sexshop001\/tienda\/"},{"@type":"ListItem","position":3,"name":"EL LIBRO DE LA VAGINA"}]},{"@type":"WebSite","@id":"https:\/\/demoweb.info\/sexshop001\/#website","url":"https:\/\/demoweb.info\/sexshop001\/","name":"Tienda Er\u00f3tica","description":"DEMOWEB SL","potentialAction":[{"@type":"SearchAction","target":{"@type":"EntryPoint","urlTemplate":"https:\/\/demoweb.info\/sexshop001\/?s={search_term_string}"},"query-input":"required name=search_term_string"}],"inLanguage":"es"}]}},"_links":{"self":[{"href":"https:\/\/demoweb.info\/sexshop001\/wp-json\/wp\/v3\/product\/50967","targetHints":{"allow":["GET"]}}],"collection":[{"href":"https:\/\/demoweb.info\/sexshop001\/wp-json\/wp\/v3\/product"}],"about":[{"href":"https:\/\/demoweb.info\/sexshop001\/wp-json\/wp\/v2\/types\/product"}],"replies":[{"embeddable":true,"href":"https:\/\/demoweb.info\/sexshop001\/wp-json\/wp\/v2\/comments?post=50967"}],"wp:featuredmedia":[{"embeddable":true,"href":"https:\/\/demoweb.info\/sexshop001\/wp-json\/wp\/v2\/media\/50968"}],"wp:attachment":[{"href":"https:\/\/demoweb.info\/sexshop001\/wp-json\/wp\/v2\/media?parent=50967"}],"wp:term":[{"taxonomy":"product_cat","embeddable":true,"href":"https:\/\/demoweb.info\/sexshop001\/wp-json\/wp\/v2\/product_cat?post=50967"},{"taxonomy":"product_tag","embeddable":true,"href":"https:\/\/demoweb.info\/sexshop001\/wp-json\/wp\/v2\/product_tag?post=50967"}],"curies":[{"name":"wp","href":"https:\/\/api.w.org\/{rel}","templated":true}]}}