{"id":50953,"date":"2022-01-22T16:11:05","date_gmt":"2022-01-22T15:11:05","guid":{"rendered":"https:\/\/demoweb.info\/sexshop001\/producto\/preservativos-level-performance-condoms-24uds\/"},"modified":"2022-01-22T16:11:07","modified_gmt":"2022-01-22T15:11:07","slug":"preservativos-level-performance-condoms-24uds","status":"publish","type":"product","link":"https:\/\/demoweb.info\/sexshop001\/producto\/preservativos-level-performance-condoms-24uds\/","title":{"rendered":"PRESERVATIVOS LEVEL PERFORMANCE CONDOMS &#8211; 24UDS"},"content":{"rendered":"<p><strong>LEVEL PERFORMANCE CONDOMS &#8211; 24X<\/strong><\/p>\n<p>Los preservativos Level Performance son unos preservativos con un ajuste anat\u00f3mico, especialmente desarrollados para retrasar el cl\u00edmax en los hombres. Estos preservativos de efecto retardante son muy adaptables, gracias a su dise\u00f1o anat\u00f3micamente perfecto. Los preservativos Level Performance llevan un lubricante con un aroma sutil de vainilla, por lo que tienen una fragancia delicada. El dise\u00f1o del preservativo hace que se experimente menos fricci\u00f3n, y de esta forma, hace que se pueda retrasar el orgasmo de manera natural. Estos preservativos cumplen con las normas y las reglas Europeas m\u00e1s estrictas, y cuentan con el marcado CE0120.<\/p>\n<p>Material: L\u00e1tex<\/p>\n<p>Contiene: 24 unidades.<\/p>\n","protected":false},"excerpt":{"rendered":"<p>LEVEL PERFORMANCE CONDOMS &#8211; 24X Los preservativos Level Performance son unos preservativos con un ajuste anat\u00f3mico, especialmente desarrollados para retrasar<\/p>\n","protected":false},"featured_media":50954,"comment_status":"open","ping_status":"open","template":"","meta":[],"product_cat":[625],"product_tag":[1503],"class_list":["post-50953","product","type-product","status-publish","has-post-thumbnail","hentry","product_cat-retardantes-preservativos","product_tag-level"],"bundled_by":[],"bundle_stock_status":"outofstock","bundle_stock_quantity":0,"bundle_virtual":false,"bundle_layout":"","bundle_add_to_cart_form_location":"","bundle_editable_in_cart":false,"bundle_sold_individually_context":"","bundle_item_grouping":"","bundle_min_size":"","bundle_max_size":"","bundled_items":[],"yoast_head":"<!-- This site is optimized with the Yoast SEO plugin v20.6 - https:\/\/yoast.com\/wordpress\/plugins\/seo\/ -->\n<title>PRESERVATIVOS LEVEL PERFORMANCE CONDOMS - 24UDS - Tienda Er\u00f3tica<\/title>\n<meta name=\"robots\" content=\"noindex, follow, max-snippet:-1, max-image-preview:large, max-video-preview:-1\" \/>\n<meta property=\"og:locale\" content=\"es_ES\" \/>\n<meta property=\"og:type\" content=\"article\" \/>\n<meta property=\"og:title\" content=\"PRESERVATIVOS LEVEL PERFORMANCE CONDOMS - 24UDS - Tienda Er\u00f3tica\" \/>\n<meta property=\"og:description\" content=\"LEVEL PERFORMANCE CONDOMS &#8211; 24X Los preservativos Level Performance son unos preservativos con un ajuste anat\u00f3mico, especialmente desarrollados para retrasar\" \/>\n<meta property=\"og:url\" content=\"https:\/\/demoweb.info\/sexshop001\/producto\/preservativos-level-performance-condoms-24uds\/\" \/>\n<meta property=\"og:site_name\" content=\"Tienda Er\u00f3tica\" \/>\n<meta property=\"article:modified_time\" content=\"2022-01-22T15:11:07+00:00\" \/>\n<meta property=\"og:image\" content=\"https:\/\/demoweb.info\/sexshop001\/wp-content\/uploads\/2022\/01\/PRESERVATIVOS-LEVEL-PERFORMANCE-CONDOMS-24UDS.jpg\" \/>\n\t<meta property=\"og:image:width\" content=\"550\" \/>\n\t<meta property=\"og:image:height\" content=\"550\" \/>\n\t<meta property=\"og:image:type\" content=\"image\/jpeg\" \/>\n<meta name=\"twitter:card\" content=\"summary_large_image\" \/>\n<meta name=\"twitter:label1\" content=\"Tiempo de lectura\" \/>\n\t<meta name=\"twitter:data1\" content=\"1 minuto\" \/>\n<script type=\"application\/ld+json\" class=\"yoast-schema-graph\">{\"@context\":\"https:\/\/schema.org\",\"@graph\":[{\"@type\":\"WebPage\",\"@id\":\"https:\/\/demoweb.info\/sexshop001\/producto\/preservativos-level-performance-condoms-24uds\/\",\"url\":\"https:\/\/demoweb.info\/sexshop001\/producto\/preservativos-level-performance-condoms-24uds\/\",\"name\":\"PRESERVATIVOS LEVEL PERFORMANCE CONDOMS - 24UDS - Tienda Er\u00f3tica\",\"isPartOf\":{\"@id\":\"https:\/\/demoweb.info\/sexshop001\/#website\"},\"datePublished\":\"2022-01-22T15:11:05+00:00\",\"dateModified\":\"2022-01-22T15:11:07+00:00\",\"breadcrumb\":{\"@id\":\"https:\/\/demoweb.info\/sexshop001\/producto\/preservativos-level-performance-condoms-24uds\/#breadcrumb\"},\"inLanguage\":\"es\",\"potentialAction\":[{\"@type\":\"ReadAction\",\"target\":[\"https:\/\/demoweb.info\/sexshop001\/producto\/preservativos-level-performance-condoms-24uds\/\"]}]},{\"@type\":\"BreadcrumbList\",\"@id\":\"https:\/\/demoweb.info\/sexshop001\/producto\/preservativos-level-performance-condoms-24uds\/#breadcrumb\",\"itemListElement\":[{\"@type\":\"ListItem\",\"position\":1,\"name\":\"Portada\",\"item\":\"https:\/\/demoweb.info\/sexshop001\/\"},{\"@type\":\"ListItem\",\"position\":2,\"name\":\"Tienda\",\"item\":\"https:\/\/demoweb.info\/sexshop001\/tienda\/\"},{\"@type\":\"ListItem\",\"position\":3,\"name\":\"PRESERVATIVOS LEVEL PERFORMANCE CONDOMS &#8211; 24UDS\"}]},{\"@type\":\"WebSite\",\"@id\":\"https:\/\/demoweb.info\/sexshop001\/#website\",\"url\":\"https:\/\/demoweb.info\/sexshop001\/\",\"name\":\"Tienda Er\u00f3tica\",\"description\":\"DEMOWEB SL\",\"potentialAction\":[{\"@type\":\"SearchAction\",\"target\":{\"@type\":\"EntryPoint\",\"urlTemplate\":\"https:\/\/demoweb.info\/sexshop001\/?s={search_term_string}\"},\"query-input\":\"required name=search_term_string\"}],\"inLanguage\":\"es\"}]}<\/script>\n<!-- \/ Yoast SEO plugin. -->","yoast_head_json":{"title":"PRESERVATIVOS LEVEL PERFORMANCE CONDOMS - 24UDS - Tienda Er\u00f3tica","robots":{"index":"noindex","follow":"follow","max-snippet":"max-snippet:-1","max-image-preview":"max-image-preview:large","max-video-preview":"max-video-preview:-1"},"og_locale":"es_ES","og_type":"article","og_title":"PRESERVATIVOS LEVEL PERFORMANCE CONDOMS - 24UDS - Tienda Er\u00f3tica","og_description":"LEVEL PERFORMANCE CONDOMS &#8211; 24X Los preservativos Level Performance son unos preservativos con un ajuste anat\u00f3mico, especialmente desarrollados para retrasar","og_url":"https:\/\/demoweb.info\/sexshop001\/producto\/preservativos-level-performance-condoms-24uds\/","og_site_name":"Tienda Er\u00f3tica","article_modified_time":"2022-01-22T15:11:07+00:00","og_image":[{"width":550,"height":550,"url":"https:\/\/demoweb.info\/sexshop001\/wp-content\/uploads\/2022\/01\/PRESERVATIVOS-LEVEL-PERFORMANCE-CONDOMS-24UDS.jpg","type":"image\/jpeg"}],"twitter_card":"summary_large_image","twitter_misc":{"Tiempo de lectura":"1 minuto"},"schema":{"@context":"https:\/\/schema.org","@graph":[{"@type":"WebPage","@id":"https:\/\/demoweb.info\/sexshop001\/producto\/preservativos-level-performance-condoms-24uds\/","url":"https:\/\/demoweb.info\/sexshop001\/producto\/preservativos-level-performance-condoms-24uds\/","name":"PRESERVATIVOS LEVEL PERFORMANCE CONDOMS - 24UDS - Tienda Er\u00f3tica","isPartOf":{"@id":"https:\/\/demoweb.info\/sexshop001\/#website"},"datePublished":"2022-01-22T15:11:05+00:00","dateModified":"2022-01-22T15:11:07+00:00","breadcrumb":{"@id":"https:\/\/demoweb.info\/sexshop001\/producto\/preservativos-level-performance-condoms-24uds\/#breadcrumb"},"inLanguage":"es","potentialAction":[{"@type":"ReadAction","target":["https:\/\/demoweb.info\/sexshop001\/producto\/preservativos-level-performance-condoms-24uds\/"]}]},{"@type":"BreadcrumbList","@id":"https:\/\/demoweb.info\/sexshop001\/producto\/preservativos-level-performance-condoms-24uds\/#breadcrumb","itemListElement":[{"@type":"ListItem","position":1,"name":"Portada","item":"https:\/\/demoweb.info\/sexshop001\/"},{"@type":"ListItem","position":2,"name":"Tienda","item":"https:\/\/demoweb.info\/sexshop001\/tienda\/"},{"@type":"ListItem","position":3,"name":"PRESERVATIVOS LEVEL PERFORMANCE CONDOMS &#8211; 24UDS"}]},{"@type":"WebSite","@id":"https:\/\/demoweb.info\/sexshop001\/#website","url":"https:\/\/demoweb.info\/sexshop001\/","name":"Tienda Er\u00f3tica","description":"DEMOWEB SL","potentialAction":[{"@type":"SearchAction","target":{"@type":"EntryPoint","urlTemplate":"https:\/\/demoweb.info\/sexshop001\/?s={search_term_string}"},"query-input":"required name=search_term_string"}],"inLanguage":"es"}]}},"_links":{"self":[{"href":"https:\/\/demoweb.info\/sexshop001\/wp-json\/wp\/v3\/product\/50953","targetHints":{"allow":["GET"]}}],"collection":[{"href":"https:\/\/demoweb.info\/sexshop001\/wp-json\/wp\/v3\/product"}],"about":[{"href":"https:\/\/demoweb.info\/sexshop001\/wp-json\/wp\/v2\/types\/product"}],"replies":[{"embeddable":true,"href":"https:\/\/demoweb.info\/sexshop001\/wp-json\/wp\/v2\/comments?post=50953"}],"wp:featuredmedia":[{"embeddable":true,"href":"https:\/\/demoweb.info\/sexshop001\/wp-json\/wp\/v2\/media\/50954"}],"wp:attachment":[{"href":"https:\/\/demoweb.info\/sexshop001\/wp-json\/wp\/v2\/media?parent=50953"}],"wp:term":[{"taxonomy":"product_cat","embeddable":true,"href":"https:\/\/demoweb.info\/sexshop001\/wp-json\/wp\/v2\/product_cat?post=50953"},{"taxonomy":"product_tag","embeddable":true,"href":"https:\/\/demoweb.info\/sexshop001\/wp-json\/wp\/v2\/product_tag?post=50953"}],"curies":[{"name":"wp","href":"https:\/\/api.w.org\/{rel}","templated":true}]}}