{"id":50943,"date":"2022-01-22T16:10:54","date_gmt":"2022-01-22T15:10:54","guid":{"rendered":"https:\/\/demoweb.info\/sexshop001\/producto\/preservativos-level-popular-condoms-10uds\/"},"modified":"2022-01-22T16:11:01","modified_gmt":"2022-01-22T15:11:01","slug":"preservativos-level-popular-condoms-10uds","status":"publish","type":"product","link":"https:\/\/demoweb.info\/sexshop001\/producto\/preservativos-level-popular-condoms-10uds\/","title":{"rendered":"PRESERVATIVOS LEVEL POPULAR CONDOMS &#8211; 10UDS"},"content":{"rendered":"<p><strong>LEVEL POPULAR CONDOMS &#8211; 10X<\/strong><\/p>\n<p>Los preservativos Level Popular. Son unos preservativos est\u00e1ndar con un ajuste anat\u00f3mico para que se adapten de forma perfecta, \u00a1un ajuste ideal!. Los preservativos Level Popular llevan un lubricante con un aroma sutil de vainilla, por lo que tienen una fragancia delicada. Estos preservativos de Level son resistentes y f\u00e1ciles de usar. Estos preservativos cumplen con las normas y las reglas Europeas m\u00e1s estrictas, y cuentan con el marcado CE0120.<\/p>\n<p>Material: L\u00e1tex<\/p>\n<p>Contiene: 10 unidades.<\/p>\n","protected":false},"excerpt":{"rendered":"<p>LEVEL POPULAR CONDOMS &#8211; 10X Los preservativos Level Popular. Son unos preservativos est\u00e1ndar con un ajuste anat\u00f3mico para que se<\/p>\n","protected":false},"featured_media":50944,"comment_status":"open","ping_status":"open","template":"","meta":[],"product_cat":[766],"product_tag":[1503],"class_list":["post-50943","product","type-product","status-publish","has-post-thumbnail","hentry","product_cat-aromaticos","product_tag-level"],"bundled_by":[],"bundle_stock_status":"outofstock","bundle_stock_quantity":0,"bundle_virtual":false,"bundle_layout":"","bundle_add_to_cart_form_location":"","bundle_editable_in_cart":false,"bundle_sold_individually_context":"","bundle_item_grouping":"","bundle_min_size":"","bundle_max_size":"","bundled_items":[],"yoast_head":"<!-- This site is optimized with the Yoast SEO plugin v20.6 - https:\/\/yoast.com\/wordpress\/plugins\/seo\/ -->\n<title>PRESERVATIVOS LEVEL POPULAR CONDOMS - 10UDS - Tienda Er\u00f3tica<\/title>\n<meta name=\"robots\" content=\"noindex, follow, max-snippet:-1, max-image-preview:large, max-video-preview:-1\" \/>\n<meta property=\"og:locale\" content=\"es_ES\" \/>\n<meta property=\"og:type\" content=\"article\" \/>\n<meta property=\"og:title\" content=\"PRESERVATIVOS LEVEL POPULAR CONDOMS - 10UDS - Tienda Er\u00f3tica\" \/>\n<meta property=\"og:description\" content=\"LEVEL POPULAR CONDOMS &#8211; 10X Los preservativos Level Popular. Son unos preservativos est\u00e1ndar con un ajuste anat\u00f3mico para que se\" \/>\n<meta property=\"og:url\" content=\"https:\/\/demoweb.info\/sexshop001\/producto\/preservativos-level-popular-condoms-10uds\/\" \/>\n<meta property=\"og:site_name\" content=\"Tienda Er\u00f3tica\" \/>\n<meta property=\"article:modified_time\" content=\"2022-01-22T15:11:01+00:00\" \/>\n<meta property=\"og:image\" content=\"https:\/\/demoweb.info\/sexshop001\/wp-content\/uploads\/2022\/01\/PRESERVATIVOS-LEVEL-POPULAR-CONDOMS-10UDS.jpg\" \/>\n\t<meta property=\"og:image:width\" content=\"550\" \/>\n\t<meta property=\"og:image:height\" content=\"550\" \/>\n\t<meta property=\"og:image:type\" content=\"image\/jpeg\" \/>\n<meta name=\"twitter:card\" content=\"summary_large_image\" \/>\n<script type=\"application\/ld+json\" class=\"yoast-schema-graph\">{\"@context\":\"https:\/\/schema.org\",\"@graph\":[{\"@type\":\"WebPage\",\"@id\":\"https:\/\/demoweb.info\/sexshop001\/producto\/preservativos-level-popular-condoms-10uds\/\",\"url\":\"https:\/\/demoweb.info\/sexshop001\/producto\/preservativos-level-popular-condoms-10uds\/\",\"name\":\"PRESERVATIVOS LEVEL POPULAR CONDOMS - 10UDS - Tienda Er\u00f3tica\",\"isPartOf\":{\"@id\":\"https:\/\/demoweb.info\/sexshop001\/#website\"},\"datePublished\":\"2022-01-22T15:10:54+00:00\",\"dateModified\":\"2022-01-22T15:11:01+00:00\",\"breadcrumb\":{\"@id\":\"https:\/\/demoweb.info\/sexshop001\/producto\/preservativos-level-popular-condoms-10uds\/#breadcrumb\"},\"inLanguage\":\"es\",\"potentialAction\":[{\"@type\":\"ReadAction\",\"target\":[\"https:\/\/demoweb.info\/sexshop001\/producto\/preservativos-level-popular-condoms-10uds\/\"]}]},{\"@type\":\"BreadcrumbList\",\"@id\":\"https:\/\/demoweb.info\/sexshop001\/producto\/preservativos-level-popular-condoms-10uds\/#breadcrumb\",\"itemListElement\":[{\"@type\":\"ListItem\",\"position\":1,\"name\":\"Portada\",\"item\":\"https:\/\/demoweb.info\/sexshop001\/\"},{\"@type\":\"ListItem\",\"position\":2,\"name\":\"Tienda\",\"item\":\"https:\/\/demoweb.info\/sexshop001\/tienda\/\"},{\"@type\":\"ListItem\",\"position\":3,\"name\":\"PRESERVATIVOS LEVEL POPULAR CONDOMS &#8211; 10UDS\"}]},{\"@type\":\"WebSite\",\"@id\":\"https:\/\/demoweb.info\/sexshop001\/#website\",\"url\":\"https:\/\/demoweb.info\/sexshop001\/\",\"name\":\"Tienda Er\u00f3tica\",\"description\":\"DEMOWEB SL\",\"potentialAction\":[{\"@type\":\"SearchAction\",\"target\":{\"@type\":\"EntryPoint\",\"urlTemplate\":\"https:\/\/demoweb.info\/sexshop001\/?s={search_term_string}\"},\"query-input\":\"required name=search_term_string\"}],\"inLanguage\":\"es\"}]}<\/script>\n<!-- \/ Yoast SEO plugin. -->","yoast_head_json":{"title":"PRESERVATIVOS LEVEL POPULAR CONDOMS - 10UDS - Tienda Er\u00f3tica","robots":{"index":"noindex","follow":"follow","max-snippet":"max-snippet:-1","max-image-preview":"max-image-preview:large","max-video-preview":"max-video-preview:-1"},"og_locale":"es_ES","og_type":"article","og_title":"PRESERVATIVOS LEVEL POPULAR CONDOMS - 10UDS - Tienda Er\u00f3tica","og_description":"LEVEL POPULAR CONDOMS &#8211; 10X Los preservativos Level Popular. Son unos preservativos est\u00e1ndar con un ajuste anat\u00f3mico para que se","og_url":"https:\/\/demoweb.info\/sexshop001\/producto\/preservativos-level-popular-condoms-10uds\/","og_site_name":"Tienda Er\u00f3tica","article_modified_time":"2022-01-22T15:11:01+00:00","og_image":[{"width":550,"height":550,"url":"https:\/\/demoweb.info\/sexshop001\/wp-content\/uploads\/2022\/01\/PRESERVATIVOS-LEVEL-POPULAR-CONDOMS-10UDS.jpg","type":"image\/jpeg"}],"twitter_card":"summary_large_image","schema":{"@context":"https:\/\/schema.org","@graph":[{"@type":"WebPage","@id":"https:\/\/demoweb.info\/sexshop001\/producto\/preservativos-level-popular-condoms-10uds\/","url":"https:\/\/demoweb.info\/sexshop001\/producto\/preservativos-level-popular-condoms-10uds\/","name":"PRESERVATIVOS LEVEL POPULAR CONDOMS - 10UDS - Tienda Er\u00f3tica","isPartOf":{"@id":"https:\/\/demoweb.info\/sexshop001\/#website"},"datePublished":"2022-01-22T15:10:54+00:00","dateModified":"2022-01-22T15:11:01+00:00","breadcrumb":{"@id":"https:\/\/demoweb.info\/sexshop001\/producto\/preservativos-level-popular-condoms-10uds\/#breadcrumb"},"inLanguage":"es","potentialAction":[{"@type":"ReadAction","target":["https:\/\/demoweb.info\/sexshop001\/producto\/preservativos-level-popular-condoms-10uds\/"]}]},{"@type":"BreadcrumbList","@id":"https:\/\/demoweb.info\/sexshop001\/producto\/preservativos-level-popular-condoms-10uds\/#breadcrumb","itemListElement":[{"@type":"ListItem","position":1,"name":"Portada","item":"https:\/\/demoweb.info\/sexshop001\/"},{"@type":"ListItem","position":2,"name":"Tienda","item":"https:\/\/demoweb.info\/sexshop001\/tienda\/"},{"@type":"ListItem","position":3,"name":"PRESERVATIVOS LEVEL POPULAR CONDOMS &#8211; 10UDS"}]},{"@type":"WebSite","@id":"https:\/\/demoweb.info\/sexshop001\/#website","url":"https:\/\/demoweb.info\/sexshop001\/","name":"Tienda Er\u00f3tica","description":"DEMOWEB SL","potentialAction":[{"@type":"SearchAction","target":{"@type":"EntryPoint","urlTemplate":"https:\/\/demoweb.info\/sexshop001\/?s={search_term_string}"},"query-input":"required name=search_term_string"}],"inLanguage":"es"}]}},"_links":{"self":[{"href":"https:\/\/demoweb.info\/sexshop001\/wp-json\/wp\/v3\/product\/50943","targetHints":{"allow":["GET"]}}],"collection":[{"href":"https:\/\/demoweb.info\/sexshop001\/wp-json\/wp\/v3\/product"}],"about":[{"href":"https:\/\/demoweb.info\/sexshop001\/wp-json\/wp\/v2\/types\/product"}],"replies":[{"embeddable":true,"href":"https:\/\/demoweb.info\/sexshop001\/wp-json\/wp\/v2\/comments?post=50943"}],"wp:featuredmedia":[{"embeddable":true,"href":"https:\/\/demoweb.info\/sexshop001\/wp-json\/wp\/v2\/media\/50944"}],"wp:attachment":[{"href":"https:\/\/demoweb.info\/sexshop001\/wp-json\/wp\/v2\/media?parent=50943"}],"wp:term":[{"taxonomy":"product_cat","embeddable":true,"href":"https:\/\/demoweb.info\/sexshop001\/wp-json\/wp\/v2\/product_cat?post=50943"},{"taxonomy":"product_tag","embeddable":true,"href":"https:\/\/demoweb.info\/sexshop001\/wp-json\/wp\/v2\/product_tag?post=50943"}],"curies":[{"name":"wp","href":"https:\/\/api.w.org\/{rel}","templated":true}]}}