{"id":50918,"date":"2022-01-22T16:10:38","date_gmt":"2022-01-22T15:10:38","guid":{"rendered":"https:\/\/demoweb.info\/sexshop001\/producto\/maquina-del-amor-gigolo-fuck-machine\/"},"modified":"2022-01-22T16:10:46","modified_gmt":"2022-01-22T15:10:46","slug":"maquina-del-amor-gigolo-fuck-machine","status":"publish","type":"product","link":"https:\/\/demoweb.info\/sexshop001\/producto\/maquina-del-amor-gigolo-fuck-machine\/","title":{"rendered":"M\u00c1QUINA DEL AMOR GIGOLO FUCK MACHINE"},"content":{"rendered":"<p><strong>GIGOLO FUCK MACHINE BLACK<\/strong><\/p>\n<p>Descubre la m\u00e1quina del amor m\u00e1s elegante, sofisticada y sexy: GIGOLO.<\/p>\n<p>Acu\u00e9state y deja que tu propio Gigolo personal te conduzca a un poderoso orgasmo m\u00faltiple que nunca hubieras podido imaginar.<\/p>\n<p>Con un nuevo sistema revolucionario y vers\u00e1til con una sola pierna y un mando a distancia inal\u00e1mbrico, el Gigolo establece un nuevo punto de referencia en el uso f\u00e1cil, divertido y multi-\u00e1ngulo.<\/p>\n<p>Dise\u00f1ado para ser simple pero vers\u00e1til, el Gigolo es m\u00e1s ligero y adaptado para principiantes y uso dom\u00e9stico. Dicho esto, tambi\u00e9n ha sido cuidadosamente dise\u00f1ado para satisfacer las posiciones m\u00e1s exigentes, incluso para el usuario m\u00e1s experimentado de BDSM. Las caracter\u00edsticas de seguridad mejoradas incluyen una unidad de cabezal totalmente cerrada y un corte de seguridad el\u00e9ctrico para proteger al usuario de posibles empujes excesivos y piezas m\u00f3viles.<\/p>\n<p>Adem\u00e1s de ofrecer una amplia gama de alturas y \u00e1ngulos, la F-Machine Gigolo tiene una profundidad de empuje completamente ajustable de 2,5 a 10 cm. El Gigolo viene con un adaptador de estilo Vac-U-Lock incluido, pero tambi\u00e9n es totalmente compatible con el nuevo adaptador &#39;USB&#39; de F-Machine para sus juguetes favoritos con base de succi\u00f3n.<\/p>\n<p>Tambi\u00e9n est\u00e1 disponible el kit de sujeci\u00f3n opcional para asegurar el Gigolo a superficies lisas, evitando el movimiento durante su uso intenso.<\/p>\n<p>Con sus elegantes apariencia, elegantes chasi de aleaci\u00f3n anodizada en negro y una ventana de visualizaci\u00f3n azul con retroiluminaci\u00f3n, el Gigolo ser\u00e1 una incorporac\u00f3n muy sexy a tus juegos de cama.<\/p>\n<p>Caracter\u00edsticas:<\/p>\n<ul>\n<li>Potencia: 40 Watt 24v high torque motor (virtually silent)<\/li>\n<li>Velocidad: 0-240 RPM speed control<\/li>\n<li>16 opciones distintas de vibraci\u00f3n, pulsaci\u00f3n y escalada.<\/li>\n<li>Seguro de usar con corte autom\u00e1tico de corriente.<\/li>\n<li>Dise\u00f1o revolucionario con cabeza ajustable a multitud de \u00e1ngulos y alturas.<\/li>\n<li>Barra de empuje desmontable equipada con adaptador compatible con el sistema Vac-u-Lock.<\/li>\n<li>Mecanismo deslizante pr\u00e1cticamente silencioso (incluso a toda velocidad)<\/li>\n<li>Ventana de visi\u00f3n trasera iluminada con logotipo CNC grabado<\/li>\n<li>Fuente de alimentaci\u00f3n de 110\/240 voltios 50\/60 Hz de detecci\u00f3n autom\u00e1tica para la acci\u00f3n<em> plug and play.<\/em><\/li>\n<li>Manual de instrucciones incluido.\n\t <\/li>\n<\/ul>\n","protected":false},"excerpt":{"rendered":"<p>GIGOLO FUCK MACHINE BLACK Descubre la m\u00e1quina del amor m\u00e1s elegante, sofisticada y sexy: GIGOLO. Acu\u00e9state y deja que tu<\/p>\n","protected":false},"featured_media":50919,"comment_status":"open","ping_status":"open","template":"","meta":[],"product_cat":[680],"product_tag":[1010],"class_list":["post-50918","product","type-product","status-publish","has-post-thumbnail","hentry","product_cat-maquinas-del-amor","product_tag-f-machine"],"bundled_by":[],"bundle_stock_status":"instock","bundle_stock_quantity":3,"bundle_virtual":false,"bundle_layout":"","bundle_add_to_cart_form_location":"","bundle_editable_in_cart":false,"bundle_sold_individually_context":"","bundle_item_grouping":"","bundle_min_size":"","bundle_max_size":"","bundled_items":[],"yoast_head":"<!-- This site is optimized with the Yoast SEO plugin v20.6 - https:\/\/yoast.com\/wordpress\/plugins\/seo\/ -->\n<title>M\u00c1QUINA DEL AMOR GIGOLO FUCK MACHINE - Tienda Er\u00f3tica<\/title>\n<meta name=\"robots\" content=\"noindex, follow, max-snippet:-1, max-image-preview:large, max-video-preview:-1\" \/>\n<meta property=\"og:locale\" content=\"es_ES\" \/>\n<meta property=\"og:type\" content=\"article\" \/>\n<meta property=\"og:title\" content=\"M\u00c1QUINA DEL AMOR GIGOLO FUCK MACHINE - Tienda Er\u00f3tica\" \/>\n<meta property=\"og:description\" content=\"GIGOLO FUCK MACHINE BLACK Descubre la m\u00e1quina del amor m\u00e1s elegante, sofisticada y sexy: GIGOLO. Acu\u00e9state y deja que tu\" \/>\n<meta property=\"og:url\" content=\"https:\/\/demoweb.info\/sexshop001\/producto\/maquina-del-amor-gigolo-fuck-machine\/\" \/>\n<meta property=\"og:site_name\" content=\"Tienda Er\u00f3tica\" \/>\n<meta property=\"article:modified_time\" content=\"2022-01-22T15:10:46+00:00\" \/>\n<meta property=\"og:image\" content=\"https:\/\/demoweb.info\/sexshop001\/wp-content\/uploads\/2022\/01\/MAQUINA-DEL-AMOR-GIGOLO-FUCK-MACHINE.jpg\" \/>\n\t<meta property=\"og:image:width\" content=\"550\" \/>\n\t<meta property=\"og:image:height\" content=\"550\" \/>\n\t<meta property=\"og:image:type\" content=\"image\/jpeg\" \/>\n<meta name=\"twitter:card\" content=\"summary_large_image\" \/>\n<meta name=\"twitter:label1\" content=\"Tiempo de lectura\" \/>\n\t<meta name=\"twitter:data1\" content=\"2 minutos\" \/>\n<script type=\"application\/ld+json\" class=\"yoast-schema-graph\">{\"@context\":\"https:\/\/schema.org\",\"@graph\":[{\"@type\":\"WebPage\",\"@id\":\"https:\/\/demoweb.info\/sexshop001\/producto\/maquina-del-amor-gigolo-fuck-machine\/\",\"url\":\"https:\/\/demoweb.info\/sexshop001\/producto\/maquina-del-amor-gigolo-fuck-machine\/\",\"name\":\"M\u00c1QUINA DEL AMOR GIGOLO FUCK MACHINE - Tienda Er\u00f3tica\",\"isPartOf\":{\"@id\":\"https:\/\/demoweb.info\/sexshop001\/#website\"},\"datePublished\":\"2022-01-22T15:10:38+00:00\",\"dateModified\":\"2022-01-22T15:10:46+00:00\",\"breadcrumb\":{\"@id\":\"https:\/\/demoweb.info\/sexshop001\/producto\/maquina-del-amor-gigolo-fuck-machine\/#breadcrumb\"},\"inLanguage\":\"es\",\"potentialAction\":[{\"@type\":\"ReadAction\",\"target\":[\"https:\/\/demoweb.info\/sexshop001\/producto\/maquina-del-amor-gigolo-fuck-machine\/\"]}]},{\"@type\":\"BreadcrumbList\",\"@id\":\"https:\/\/demoweb.info\/sexshop001\/producto\/maquina-del-amor-gigolo-fuck-machine\/#breadcrumb\",\"itemListElement\":[{\"@type\":\"ListItem\",\"position\":1,\"name\":\"Portada\",\"item\":\"https:\/\/demoweb.info\/sexshop001\/\"},{\"@type\":\"ListItem\",\"position\":2,\"name\":\"Tienda\",\"item\":\"https:\/\/demoweb.info\/sexshop001\/tienda\/\"},{\"@type\":\"ListItem\",\"position\":3,\"name\":\"M\u00c1QUINA DEL AMOR GIGOLO FUCK MACHINE\"}]},{\"@type\":\"WebSite\",\"@id\":\"https:\/\/demoweb.info\/sexshop001\/#website\",\"url\":\"https:\/\/demoweb.info\/sexshop001\/\",\"name\":\"Tienda Er\u00f3tica\",\"description\":\"DEMOWEB SL\",\"potentialAction\":[{\"@type\":\"SearchAction\",\"target\":{\"@type\":\"EntryPoint\",\"urlTemplate\":\"https:\/\/demoweb.info\/sexshop001\/?s={search_term_string}\"},\"query-input\":\"required name=search_term_string\"}],\"inLanguage\":\"es\"}]}<\/script>\n<!-- \/ Yoast SEO plugin. -->","yoast_head_json":{"title":"M\u00c1QUINA DEL AMOR GIGOLO FUCK MACHINE - Tienda Er\u00f3tica","robots":{"index":"noindex","follow":"follow","max-snippet":"max-snippet:-1","max-image-preview":"max-image-preview:large","max-video-preview":"max-video-preview:-1"},"og_locale":"es_ES","og_type":"article","og_title":"M\u00c1QUINA DEL AMOR GIGOLO FUCK MACHINE - Tienda Er\u00f3tica","og_description":"GIGOLO FUCK MACHINE BLACK Descubre la m\u00e1quina del amor m\u00e1s elegante, sofisticada y sexy: GIGOLO. Acu\u00e9state y deja que tu","og_url":"https:\/\/demoweb.info\/sexshop001\/producto\/maquina-del-amor-gigolo-fuck-machine\/","og_site_name":"Tienda Er\u00f3tica","article_modified_time":"2022-01-22T15:10:46+00:00","og_image":[{"width":550,"height":550,"url":"https:\/\/demoweb.info\/sexshop001\/wp-content\/uploads\/2022\/01\/MAQUINA-DEL-AMOR-GIGOLO-FUCK-MACHINE.jpg","type":"image\/jpeg"}],"twitter_card":"summary_large_image","twitter_misc":{"Tiempo de lectura":"2 minutos"},"schema":{"@context":"https:\/\/schema.org","@graph":[{"@type":"WebPage","@id":"https:\/\/demoweb.info\/sexshop001\/producto\/maquina-del-amor-gigolo-fuck-machine\/","url":"https:\/\/demoweb.info\/sexshop001\/producto\/maquina-del-amor-gigolo-fuck-machine\/","name":"M\u00c1QUINA DEL AMOR GIGOLO FUCK MACHINE - Tienda Er\u00f3tica","isPartOf":{"@id":"https:\/\/demoweb.info\/sexshop001\/#website"},"datePublished":"2022-01-22T15:10:38+00:00","dateModified":"2022-01-22T15:10:46+00:00","breadcrumb":{"@id":"https:\/\/demoweb.info\/sexshop001\/producto\/maquina-del-amor-gigolo-fuck-machine\/#breadcrumb"},"inLanguage":"es","potentialAction":[{"@type":"ReadAction","target":["https:\/\/demoweb.info\/sexshop001\/producto\/maquina-del-amor-gigolo-fuck-machine\/"]}]},{"@type":"BreadcrumbList","@id":"https:\/\/demoweb.info\/sexshop001\/producto\/maquina-del-amor-gigolo-fuck-machine\/#breadcrumb","itemListElement":[{"@type":"ListItem","position":1,"name":"Portada","item":"https:\/\/demoweb.info\/sexshop001\/"},{"@type":"ListItem","position":2,"name":"Tienda","item":"https:\/\/demoweb.info\/sexshop001\/tienda\/"},{"@type":"ListItem","position":3,"name":"M\u00c1QUINA DEL AMOR GIGOLO FUCK MACHINE"}]},{"@type":"WebSite","@id":"https:\/\/demoweb.info\/sexshop001\/#website","url":"https:\/\/demoweb.info\/sexshop001\/","name":"Tienda Er\u00f3tica","description":"DEMOWEB SL","potentialAction":[{"@type":"SearchAction","target":{"@type":"EntryPoint","urlTemplate":"https:\/\/demoweb.info\/sexshop001\/?s={search_term_string}"},"query-input":"required name=search_term_string"}],"inLanguage":"es"}]}},"_links":{"self":[{"href":"https:\/\/demoweb.info\/sexshop001\/wp-json\/wp\/v3\/product\/50918","targetHints":{"allow":["GET"]}}],"collection":[{"href":"https:\/\/demoweb.info\/sexshop001\/wp-json\/wp\/v3\/product"}],"about":[{"href":"https:\/\/demoweb.info\/sexshop001\/wp-json\/wp\/v2\/types\/product"}],"replies":[{"embeddable":true,"href":"https:\/\/demoweb.info\/sexshop001\/wp-json\/wp\/v2\/comments?post=50918"}],"wp:featuredmedia":[{"embeddable":true,"href":"https:\/\/demoweb.info\/sexshop001\/wp-json\/wp\/v2\/media\/50919"}],"wp:attachment":[{"href":"https:\/\/demoweb.info\/sexshop001\/wp-json\/wp\/v2\/media?parent=50918"}],"wp:term":[{"taxonomy":"product_cat","embeddable":true,"href":"https:\/\/demoweb.info\/sexshop001\/wp-json\/wp\/v2\/product_cat?post=50918"},{"taxonomy":"product_tag","embeddable":true,"href":"https:\/\/demoweb.info\/sexshop001\/wp-json\/wp\/v2\/product_tag?post=50918"}],"curies":[{"name":"wp","href":"https:\/\/api.w.org\/{rel}","templated":true}]}}