{"id":50906,"date":"2022-01-22T16:10:38","date_gmt":"2022-01-22T15:10:38","guid":{"rendered":"https:\/\/demoweb.info\/sexshop001\/producto\/sono-no-53-estimulador-anal-dedo-negro\/"},"modified":"2022-01-22T16:10:39","modified_gmt":"2022-01-22T15:10:39","slug":"sono-no-53-estimulador-anal-dedo-negro","status":"publish","type":"product","link":"https:\/\/demoweb.info\/sexshop001\/producto\/sono-no-53-estimulador-anal-dedo-negro\/","title":{"rendered":"SONO NO. 53 &#8211; ESTIMULADOR ANAL DEDO NEGRO"},"content":{"rendered":"<p><strong>SONO NO. 53 &#8211; ANAL FINGER STIMULATOR &#8211; BLACK<\/strong><\/p>\n<p>\u00bfRealmente quieres meter el dedo ah\u00ed? Entonces este juguete er\u00f3tico con forma de dedo es perfecto para tus juegos er\u00f3ticos anales. Las formas redondeadas de este estimulador har\u00e1n que puedas estimular las zonas correctas y viene con un c\u00f3modo agarre para una sujeci\u00f3n.<\/p>\n<p>Caracter\u00edsticas:<br \/>\n&#8211; Longitud: 11,7 cm<br \/>\n&#8211; Di\u00e1metro: 6,3 cm<br \/>\n&#8211; Modos de vibraci\u00f3n: 10<br \/>\n&#8211; Material: Silicona<br \/>\n&#8211; Resistente al agua,<br \/>\n&#8211; Sin phalatos.<br \/>\n&#8211; Nivel m\u00e1ximo de sonido: 70 dB<br \/>\n&#8211; Pilas: incl. &#8211; 1x AAA<\/p>\n","protected":false},"excerpt":{"rendered":"<p>SONO NO. 53 &#8211; ANAL FINGER STIMULATOR &#8211; BLACK \u00bfRealmente quieres meter el dedo ah\u00ed? Entonces este juguete er\u00f3tico con<\/p>\n","protected":false},"featured_media":50907,"comment_status":"open","ping_status":"open","template":"","meta":[],"product_cat":[338],"product_tag":[302,312],"class_list":["post-50906","product","type-product","status-publish","has-post-thumbnail","hentry","product_cat-silicona-plugs","product_tag-shots","product_tag-sono"],"bundled_by":[],"bundle_stock_status":"outofstock","bundle_stock_quantity":0,"bundle_virtual":false,"bundle_layout":"","bundle_add_to_cart_form_location":"","bundle_editable_in_cart":false,"bundle_sold_individually_context":"","bundle_item_grouping":"","bundle_min_size":"","bundle_max_size":"","bundled_items":[],"yoast_head":"<!-- This site is optimized with the Yoast SEO plugin v20.6 - https:\/\/yoast.com\/wordpress\/plugins\/seo\/ -->\n<title>SONO NO. 53 - ESTIMULADOR ANAL DEDO NEGRO - Tienda Er\u00f3tica<\/title>\n<meta name=\"robots\" content=\"noindex, follow, max-snippet:-1, max-image-preview:large, max-video-preview:-1\" \/>\n<meta property=\"og:locale\" content=\"es_ES\" \/>\n<meta property=\"og:type\" content=\"article\" \/>\n<meta property=\"og:title\" content=\"SONO NO. 53 - ESTIMULADOR ANAL DEDO NEGRO - Tienda Er\u00f3tica\" \/>\n<meta property=\"og:description\" content=\"SONO NO. 53 &#8211; ANAL FINGER STIMULATOR &#8211; BLACK \u00bfRealmente quieres meter el dedo ah\u00ed? Entonces este juguete er\u00f3tico con\" \/>\n<meta property=\"og:url\" content=\"https:\/\/demoweb.info\/sexshop001\/producto\/sono-no-53-estimulador-anal-dedo-negro\/\" \/>\n<meta property=\"og:site_name\" content=\"Tienda Er\u00f3tica\" \/>\n<meta property=\"article:modified_time\" content=\"2022-01-22T15:10:39+00:00\" \/>\n<meta property=\"og:image\" content=\"https:\/\/demoweb.info\/sexshop001\/wp-content\/uploads\/2022\/01\/SONO-NO.-53-ESTIMULADOR-ANAL-DEDO-NEGRO.jpg\" \/>\n\t<meta property=\"og:image:width\" content=\"550\" \/>\n\t<meta property=\"og:image:height\" content=\"550\" \/>\n\t<meta property=\"og:image:type\" content=\"image\/jpeg\" \/>\n<meta name=\"twitter:card\" content=\"summary_large_image\" \/>\n<script type=\"application\/ld+json\" class=\"yoast-schema-graph\">{\"@context\":\"https:\/\/schema.org\",\"@graph\":[{\"@type\":\"WebPage\",\"@id\":\"https:\/\/demoweb.info\/sexshop001\/producto\/sono-no-53-estimulador-anal-dedo-negro\/\",\"url\":\"https:\/\/demoweb.info\/sexshop001\/producto\/sono-no-53-estimulador-anal-dedo-negro\/\",\"name\":\"SONO NO. 53 - ESTIMULADOR ANAL DEDO NEGRO - Tienda Er\u00f3tica\",\"isPartOf\":{\"@id\":\"https:\/\/demoweb.info\/sexshop001\/#website\"},\"datePublished\":\"2022-01-22T15:10:38+00:00\",\"dateModified\":\"2022-01-22T15:10:39+00:00\",\"breadcrumb\":{\"@id\":\"https:\/\/demoweb.info\/sexshop001\/producto\/sono-no-53-estimulador-anal-dedo-negro\/#breadcrumb\"},\"inLanguage\":\"es\",\"potentialAction\":[{\"@type\":\"ReadAction\",\"target\":[\"https:\/\/demoweb.info\/sexshop001\/producto\/sono-no-53-estimulador-anal-dedo-negro\/\"]}]},{\"@type\":\"BreadcrumbList\",\"@id\":\"https:\/\/demoweb.info\/sexshop001\/producto\/sono-no-53-estimulador-anal-dedo-negro\/#breadcrumb\",\"itemListElement\":[{\"@type\":\"ListItem\",\"position\":1,\"name\":\"Portada\",\"item\":\"https:\/\/demoweb.info\/sexshop001\/\"},{\"@type\":\"ListItem\",\"position\":2,\"name\":\"Tienda\",\"item\":\"https:\/\/demoweb.info\/sexshop001\/tienda\/\"},{\"@type\":\"ListItem\",\"position\":3,\"name\":\"SONO NO. 53 &#8211; ESTIMULADOR ANAL DEDO NEGRO\"}]},{\"@type\":\"WebSite\",\"@id\":\"https:\/\/demoweb.info\/sexshop001\/#website\",\"url\":\"https:\/\/demoweb.info\/sexshop001\/\",\"name\":\"Tienda Er\u00f3tica\",\"description\":\"DEMOWEB SL\",\"potentialAction\":[{\"@type\":\"SearchAction\",\"target\":{\"@type\":\"EntryPoint\",\"urlTemplate\":\"https:\/\/demoweb.info\/sexshop001\/?s={search_term_string}\"},\"query-input\":\"required name=search_term_string\"}],\"inLanguage\":\"es\"}]}<\/script>\n<!-- \/ Yoast SEO plugin. -->","yoast_head_json":{"title":"SONO NO. 53 - ESTIMULADOR ANAL DEDO NEGRO - Tienda Er\u00f3tica","robots":{"index":"noindex","follow":"follow","max-snippet":"max-snippet:-1","max-image-preview":"max-image-preview:large","max-video-preview":"max-video-preview:-1"},"og_locale":"es_ES","og_type":"article","og_title":"SONO NO. 53 - ESTIMULADOR ANAL DEDO NEGRO - Tienda Er\u00f3tica","og_description":"SONO NO. 53 &#8211; ANAL FINGER STIMULATOR &#8211; BLACK \u00bfRealmente quieres meter el dedo ah\u00ed? Entonces este juguete er\u00f3tico con","og_url":"https:\/\/demoweb.info\/sexshop001\/producto\/sono-no-53-estimulador-anal-dedo-negro\/","og_site_name":"Tienda Er\u00f3tica","article_modified_time":"2022-01-22T15:10:39+00:00","og_image":[{"width":550,"height":550,"url":"https:\/\/demoweb.info\/sexshop001\/wp-content\/uploads\/2022\/01\/SONO-NO.-53-ESTIMULADOR-ANAL-DEDO-NEGRO.jpg","type":"image\/jpeg"}],"twitter_card":"summary_large_image","schema":{"@context":"https:\/\/schema.org","@graph":[{"@type":"WebPage","@id":"https:\/\/demoweb.info\/sexshop001\/producto\/sono-no-53-estimulador-anal-dedo-negro\/","url":"https:\/\/demoweb.info\/sexshop001\/producto\/sono-no-53-estimulador-anal-dedo-negro\/","name":"SONO NO. 53 - ESTIMULADOR ANAL DEDO NEGRO - Tienda Er\u00f3tica","isPartOf":{"@id":"https:\/\/demoweb.info\/sexshop001\/#website"},"datePublished":"2022-01-22T15:10:38+00:00","dateModified":"2022-01-22T15:10:39+00:00","breadcrumb":{"@id":"https:\/\/demoweb.info\/sexshop001\/producto\/sono-no-53-estimulador-anal-dedo-negro\/#breadcrumb"},"inLanguage":"es","potentialAction":[{"@type":"ReadAction","target":["https:\/\/demoweb.info\/sexshop001\/producto\/sono-no-53-estimulador-anal-dedo-negro\/"]}]},{"@type":"BreadcrumbList","@id":"https:\/\/demoweb.info\/sexshop001\/producto\/sono-no-53-estimulador-anal-dedo-negro\/#breadcrumb","itemListElement":[{"@type":"ListItem","position":1,"name":"Portada","item":"https:\/\/demoweb.info\/sexshop001\/"},{"@type":"ListItem","position":2,"name":"Tienda","item":"https:\/\/demoweb.info\/sexshop001\/tienda\/"},{"@type":"ListItem","position":3,"name":"SONO NO. 53 &#8211; ESTIMULADOR ANAL DEDO NEGRO"}]},{"@type":"WebSite","@id":"https:\/\/demoweb.info\/sexshop001\/#website","url":"https:\/\/demoweb.info\/sexshop001\/","name":"Tienda Er\u00f3tica","description":"DEMOWEB SL","potentialAction":[{"@type":"SearchAction","target":{"@type":"EntryPoint","urlTemplate":"https:\/\/demoweb.info\/sexshop001\/?s={search_term_string}"},"query-input":"required name=search_term_string"}],"inLanguage":"es"}]}},"_links":{"self":[{"href":"https:\/\/demoweb.info\/sexshop001\/wp-json\/wp\/v3\/product\/50906","targetHints":{"allow":["GET"]}}],"collection":[{"href":"https:\/\/demoweb.info\/sexshop001\/wp-json\/wp\/v3\/product"}],"about":[{"href":"https:\/\/demoweb.info\/sexshop001\/wp-json\/wp\/v2\/types\/product"}],"replies":[{"embeddable":true,"href":"https:\/\/demoweb.info\/sexshop001\/wp-json\/wp\/v2\/comments?post=50906"}],"wp:featuredmedia":[{"embeddable":true,"href":"https:\/\/demoweb.info\/sexshop001\/wp-json\/wp\/v2\/media\/50907"}],"wp:attachment":[{"href":"https:\/\/demoweb.info\/sexshop001\/wp-json\/wp\/v2\/media?parent=50906"}],"wp:term":[{"taxonomy":"product_cat","embeddable":true,"href":"https:\/\/demoweb.info\/sexshop001\/wp-json\/wp\/v2\/product_cat?post=50906"},{"taxonomy":"product_tag","embeddable":true,"href":"https:\/\/demoweb.info\/sexshop001\/wp-json\/wp\/v2\/product_tag?post=50906"}],"curies":[{"name":"wp","href":"https:\/\/api.w.org\/{rel}","templated":true}]}}