{"id":50813,"date":"2022-01-22T16:09:31","date_gmt":"2022-01-22T15:09:31","guid":{"rendered":"https:\/\/demoweb.info\/sexshop001\/producto\/bathmate-trim-kit-depilacion-masculino\/"},"modified":"2022-01-22T16:09:37","modified_gmt":"2022-01-22T15:09:37","slug":"bathmate-trim-kit-depilacion-masculino","status":"publish","type":"product","link":"https:\/\/demoweb.info\/sexshop001\/producto\/bathmate-trim-kit-depilacion-masculino\/","title":{"rendered":"BATHMATE TRIM &#8211; KIT DEPILACI\u00d3N MASCULINO"},"content":{"rendered":"<p><strong>BATHMATE TRIM<\/strong><\/p>\n<p>Con un rango de corte de 3 a 12 mm y una cuchilla de precisi\u00f3n, el dise\u00f1o ergon\u00f3mico de Bathmate Trim es tan vers\u00e1til como simple de usar. Para poder utilizar la gama de bombas Bathmate de manera eficaz, el \u00e1rea d\u00f3nde la bomba puede sellar tiene que estar depilada, ya que sino el sellado no ser\u00e1 eficaz. <\/p>\n<p>El recortador de precisi\u00f3n viene con un peine de gu\u00eda ajustable con 4 longitudes diferentes, y recomendamos el n\u00famero 3 como la longitud de corte ideal para crear un gran sello.<\/p>\n<p>Recargable con USB.<\/p>\n","protected":false},"excerpt":{"rendered":"<p>BATHMATE TRIM Con un rango de corte de 3 a 12 mm y una cuchilla de precisi\u00f3n, el dise\u00f1o ergon\u00f3mico<\/p>\n","protected":false},"featured_media":50814,"comment_status":"open","ping_status":"open","template":"","meta":[],"product_cat":[1500],"product_tag":[299],"class_list":["post-50813","product","type-product","status-publish","has-post-thumbnail","hentry","product_cat-depilacion-limpieza-intima","product_tag-bathmate"],"bundled_by":[],"bundle_stock_status":"instock","bundle_stock_quantity":22,"bundle_virtual":false,"bundle_layout":"","bundle_add_to_cart_form_location":"","bundle_editable_in_cart":false,"bundle_sold_individually_context":"","bundle_item_grouping":"","bundle_min_size":"","bundle_max_size":"","bundled_items":[],"yoast_head":"<!-- This site is optimized with the Yoast SEO plugin v20.6 - https:\/\/yoast.com\/wordpress\/plugins\/seo\/ -->\n<title>BATHMATE TRIM - KIT DEPILACI\u00d3N MASCULINO - Tienda Er\u00f3tica<\/title>\n<meta name=\"robots\" content=\"noindex, follow, max-snippet:-1, max-image-preview:large, max-video-preview:-1\" \/>\n<meta property=\"og:locale\" content=\"es_ES\" \/>\n<meta property=\"og:type\" content=\"article\" \/>\n<meta property=\"og:title\" content=\"BATHMATE TRIM - KIT DEPILACI\u00d3N MASCULINO - Tienda Er\u00f3tica\" \/>\n<meta property=\"og:description\" content=\"BATHMATE TRIM Con un rango de corte de 3 a 12 mm y una cuchilla de precisi\u00f3n, el dise\u00f1o ergon\u00f3mico\" \/>\n<meta property=\"og:url\" content=\"https:\/\/demoweb.info\/sexshop001\/producto\/bathmate-trim-kit-depilacion-masculino\/\" \/>\n<meta property=\"og:site_name\" content=\"Tienda Er\u00f3tica\" \/>\n<meta property=\"article:modified_time\" content=\"2022-01-22T15:09:37+00:00\" \/>\n<meta property=\"og:image\" content=\"https:\/\/demoweb.info\/sexshop001\/wp-content\/uploads\/2022\/01\/BATHMATE-TRIM-KIT-DEPILACION-MASCULINO.jpg\" \/>\n\t<meta property=\"og:image:width\" content=\"550\" \/>\n\t<meta property=\"og:image:height\" content=\"550\" \/>\n\t<meta property=\"og:image:type\" content=\"image\/jpeg\" \/>\n<meta name=\"twitter:card\" content=\"summary_large_image\" \/>\n<script type=\"application\/ld+json\" class=\"yoast-schema-graph\">{\"@context\":\"https:\/\/schema.org\",\"@graph\":[{\"@type\":\"WebPage\",\"@id\":\"https:\/\/demoweb.info\/sexshop001\/producto\/bathmate-trim-kit-depilacion-masculino\/\",\"url\":\"https:\/\/demoweb.info\/sexshop001\/producto\/bathmate-trim-kit-depilacion-masculino\/\",\"name\":\"BATHMATE TRIM - KIT DEPILACI\u00d3N MASCULINO - Tienda Er\u00f3tica\",\"isPartOf\":{\"@id\":\"https:\/\/demoweb.info\/sexshop001\/#website\"},\"datePublished\":\"2022-01-22T15:09:31+00:00\",\"dateModified\":\"2022-01-22T15:09:37+00:00\",\"breadcrumb\":{\"@id\":\"https:\/\/demoweb.info\/sexshop001\/producto\/bathmate-trim-kit-depilacion-masculino\/#breadcrumb\"},\"inLanguage\":\"es\",\"potentialAction\":[{\"@type\":\"ReadAction\",\"target\":[\"https:\/\/demoweb.info\/sexshop001\/producto\/bathmate-trim-kit-depilacion-masculino\/\"]}]},{\"@type\":\"BreadcrumbList\",\"@id\":\"https:\/\/demoweb.info\/sexshop001\/producto\/bathmate-trim-kit-depilacion-masculino\/#breadcrumb\",\"itemListElement\":[{\"@type\":\"ListItem\",\"position\":1,\"name\":\"Portada\",\"item\":\"https:\/\/demoweb.info\/sexshop001\/\"},{\"@type\":\"ListItem\",\"position\":2,\"name\":\"Tienda\",\"item\":\"https:\/\/demoweb.info\/sexshop001\/tienda\/\"},{\"@type\":\"ListItem\",\"position\":3,\"name\":\"BATHMATE TRIM &#8211; KIT DEPILACI\u00d3N MASCULINO\"}]},{\"@type\":\"WebSite\",\"@id\":\"https:\/\/demoweb.info\/sexshop001\/#website\",\"url\":\"https:\/\/demoweb.info\/sexshop001\/\",\"name\":\"Tienda Er\u00f3tica\",\"description\":\"DEMOWEB SL\",\"potentialAction\":[{\"@type\":\"SearchAction\",\"target\":{\"@type\":\"EntryPoint\",\"urlTemplate\":\"https:\/\/demoweb.info\/sexshop001\/?s={search_term_string}\"},\"query-input\":\"required name=search_term_string\"}],\"inLanguage\":\"es\"}]}<\/script>\n<!-- \/ Yoast SEO plugin. -->","yoast_head_json":{"title":"BATHMATE TRIM - KIT DEPILACI\u00d3N MASCULINO - Tienda Er\u00f3tica","robots":{"index":"noindex","follow":"follow","max-snippet":"max-snippet:-1","max-image-preview":"max-image-preview:large","max-video-preview":"max-video-preview:-1"},"og_locale":"es_ES","og_type":"article","og_title":"BATHMATE TRIM - KIT DEPILACI\u00d3N MASCULINO - Tienda Er\u00f3tica","og_description":"BATHMATE TRIM Con un rango de corte de 3 a 12 mm y una cuchilla de precisi\u00f3n, el dise\u00f1o ergon\u00f3mico","og_url":"https:\/\/demoweb.info\/sexshop001\/producto\/bathmate-trim-kit-depilacion-masculino\/","og_site_name":"Tienda Er\u00f3tica","article_modified_time":"2022-01-22T15:09:37+00:00","og_image":[{"width":550,"height":550,"url":"https:\/\/demoweb.info\/sexshop001\/wp-content\/uploads\/2022\/01\/BATHMATE-TRIM-KIT-DEPILACION-MASCULINO.jpg","type":"image\/jpeg"}],"twitter_card":"summary_large_image","schema":{"@context":"https:\/\/schema.org","@graph":[{"@type":"WebPage","@id":"https:\/\/demoweb.info\/sexshop001\/producto\/bathmate-trim-kit-depilacion-masculino\/","url":"https:\/\/demoweb.info\/sexshop001\/producto\/bathmate-trim-kit-depilacion-masculino\/","name":"BATHMATE TRIM - KIT DEPILACI\u00d3N MASCULINO - Tienda Er\u00f3tica","isPartOf":{"@id":"https:\/\/demoweb.info\/sexshop001\/#website"},"datePublished":"2022-01-22T15:09:31+00:00","dateModified":"2022-01-22T15:09:37+00:00","breadcrumb":{"@id":"https:\/\/demoweb.info\/sexshop001\/producto\/bathmate-trim-kit-depilacion-masculino\/#breadcrumb"},"inLanguage":"es","potentialAction":[{"@type":"ReadAction","target":["https:\/\/demoweb.info\/sexshop001\/producto\/bathmate-trim-kit-depilacion-masculino\/"]}]},{"@type":"BreadcrumbList","@id":"https:\/\/demoweb.info\/sexshop001\/producto\/bathmate-trim-kit-depilacion-masculino\/#breadcrumb","itemListElement":[{"@type":"ListItem","position":1,"name":"Portada","item":"https:\/\/demoweb.info\/sexshop001\/"},{"@type":"ListItem","position":2,"name":"Tienda","item":"https:\/\/demoweb.info\/sexshop001\/tienda\/"},{"@type":"ListItem","position":3,"name":"BATHMATE TRIM &#8211; KIT DEPILACI\u00d3N MASCULINO"}]},{"@type":"WebSite","@id":"https:\/\/demoweb.info\/sexshop001\/#website","url":"https:\/\/demoweb.info\/sexshop001\/","name":"Tienda Er\u00f3tica","description":"DEMOWEB SL","potentialAction":[{"@type":"SearchAction","target":{"@type":"EntryPoint","urlTemplate":"https:\/\/demoweb.info\/sexshop001\/?s={search_term_string}"},"query-input":"required name=search_term_string"}],"inLanguage":"es"}]}},"_links":{"self":[{"href":"https:\/\/demoweb.info\/sexshop001\/wp-json\/wp\/v3\/product\/50813","targetHints":{"allow":["GET"]}}],"collection":[{"href":"https:\/\/demoweb.info\/sexshop001\/wp-json\/wp\/v3\/product"}],"about":[{"href":"https:\/\/demoweb.info\/sexshop001\/wp-json\/wp\/v2\/types\/product"}],"replies":[{"embeddable":true,"href":"https:\/\/demoweb.info\/sexshop001\/wp-json\/wp\/v2\/comments?post=50813"}],"wp:featuredmedia":[{"embeddable":true,"href":"https:\/\/demoweb.info\/sexshop001\/wp-json\/wp\/v2\/media\/50814"}],"wp:attachment":[{"href":"https:\/\/demoweb.info\/sexshop001\/wp-json\/wp\/v2\/media?parent=50813"}],"wp:term":[{"taxonomy":"product_cat","embeddable":true,"href":"https:\/\/demoweb.info\/sexshop001\/wp-json\/wp\/v2\/product_cat?post=50813"},{"taxonomy":"product_tag","embeddable":true,"href":"https:\/\/demoweb.info\/sexshop001\/wp-json\/wp\/v2\/product_tag?post=50813"}],"curies":[{"name":"wp","href":"https:\/\/api.w.org\/{rel}","templated":true}]}}