{"id":50679,"date":"2022-01-22T16:08:06","date_gmt":"2022-01-22T15:08:06","guid":{"rendered":"https:\/\/demoweb.info\/sexshop001\/producto\/silaskin-cruiser-azul\/"},"modified":"2022-01-22T16:08:14","modified_gmt":"2022-01-22T15:08:14","slug":"silaskin-cruiser-azul","status":"publish","type":"product","link":"https:\/\/demoweb.info\/sexshop001\/producto\/silaskin-cruiser-azul\/","title":{"rendered":"SILASKIN CRUISER AZUL"},"content":{"rendered":"<p><strong>SILASKIN CRUISER &#8211; BLUE<\/strong><\/p>\n<p>El Cruiser Cock Ring es fornido y construido para hacer el trabajo m\u00e1s duro. Es s\u00faper el\u00e1stico por lo que es muy c\u00f3modo mientras que suavemente restringe tu pene durante el sexo. El dise\u00f1o Cruiser viene en dos mezclas, SilaSkin que es nuestra mezcla patentada de TPR y Silicona para un apret\u00f3n suave.<\/p>\n<p>Limpieza: L\u00e1vese bien con jab\u00f3n suave y agua.<\/p>\n<p>Seguridad: Seguro con lubricantes a base de agua. Este producto no es compatible con productos de l\u00e1tex. Gu\u00e1rdelo por separado.<\/p>\n","protected":false},"excerpt":{"rendered":"<p>SILASKIN CRUISER &#8211; BLUE El Cruiser Cock Ring es fornido y construido para hacer el trabajo m\u00e1s duro. Es s\u00faper<\/p>\n","protected":false},"featured_media":50680,"comment_status":"open","ping_status":"open","template":"","meta":[],"product_cat":[323],"product_tag":[1323],"class_list":["post-50679","product","type-product","status-publish","has-post-thumbnail","hentry","product_cat-silicona-anillos","product_tag-perfect-fit"],"bundled_by":[],"bundle_stock_status":"outofstock","bundle_stock_quantity":0,"bundle_virtual":false,"bundle_layout":"","bundle_add_to_cart_form_location":"","bundle_editable_in_cart":false,"bundle_sold_individually_context":"","bundle_item_grouping":"","bundle_min_size":"","bundle_max_size":"","bundled_items":[],"yoast_head":"<!-- This site is optimized with the Yoast SEO plugin v20.6 - https:\/\/yoast.com\/wordpress\/plugins\/seo\/ -->\n<title>SILASKIN CRUISER AZUL - Tienda Er\u00f3tica<\/title>\n<meta name=\"robots\" content=\"noindex, follow, max-snippet:-1, max-image-preview:large, max-video-preview:-1\" \/>\n<meta property=\"og:locale\" content=\"es_ES\" \/>\n<meta property=\"og:type\" content=\"article\" \/>\n<meta property=\"og:title\" content=\"SILASKIN CRUISER AZUL - Tienda Er\u00f3tica\" \/>\n<meta property=\"og:description\" content=\"SILASKIN CRUISER &#8211; BLUE El Cruiser Cock Ring es fornido y construido para hacer el trabajo m\u00e1s duro. Es s\u00faper\" \/>\n<meta property=\"og:url\" content=\"https:\/\/demoweb.info\/sexshop001\/producto\/silaskin-cruiser-azul\/\" \/>\n<meta property=\"og:site_name\" content=\"Tienda Er\u00f3tica\" \/>\n<meta property=\"article:modified_time\" content=\"2022-01-22T15:08:14+00:00\" \/>\n<meta property=\"og:image\" content=\"https:\/\/demoweb.info\/sexshop001\/wp-content\/uploads\/2022\/01\/SILASKIN-CRUISER-AZUL.jpg\" \/>\n\t<meta property=\"og:image:width\" content=\"550\" \/>\n\t<meta property=\"og:image:height\" content=\"550\" \/>\n\t<meta property=\"og:image:type\" content=\"image\/jpeg\" \/>\n<meta name=\"twitter:card\" content=\"summary_large_image\" \/>\n<script type=\"application\/ld+json\" class=\"yoast-schema-graph\">{\"@context\":\"https:\/\/schema.org\",\"@graph\":[{\"@type\":\"WebPage\",\"@id\":\"https:\/\/demoweb.info\/sexshop001\/producto\/silaskin-cruiser-azul\/\",\"url\":\"https:\/\/demoweb.info\/sexshop001\/producto\/silaskin-cruiser-azul\/\",\"name\":\"SILASKIN CRUISER AZUL - Tienda Er\u00f3tica\",\"isPartOf\":{\"@id\":\"https:\/\/demoweb.info\/sexshop001\/#website\"},\"datePublished\":\"2022-01-22T15:08:06+00:00\",\"dateModified\":\"2022-01-22T15:08:14+00:00\",\"breadcrumb\":{\"@id\":\"https:\/\/demoweb.info\/sexshop001\/producto\/silaskin-cruiser-azul\/#breadcrumb\"},\"inLanguage\":\"es\",\"potentialAction\":[{\"@type\":\"ReadAction\",\"target\":[\"https:\/\/demoweb.info\/sexshop001\/producto\/silaskin-cruiser-azul\/\"]}]},{\"@type\":\"BreadcrumbList\",\"@id\":\"https:\/\/demoweb.info\/sexshop001\/producto\/silaskin-cruiser-azul\/#breadcrumb\",\"itemListElement\":[{\"@type\":\"ListItem\",\"position\":1,\"name\":\"Portada\",\"item\":\"https:\/\/demoweb.info\/sexshop001\/\"},{\"@type\":\"ListItem\",\"position\":2,\"name\":\"Tienda\",\"item\":\"https:\/\/demoweb.info\/sexshop001\/tienda\/\"},{\"@type\":\"ListItem\",\"position\":3,\"name\":\"SILASKIN CRUISER AZUL\"}]},{\"@type\":\"WebSite\",\"@id\":\"https:\/\/demoweb.info\/sexshop001\/#website\",\"url\":\"https:\/\/demoweb.info\/sexshop001\/\",\"name\":\"Tienda Er\u00f3tica\",\"description\":\"DEMOWEB SL\",\"potentialAction\":[{\"@type\":\"SearchAction\",\"target\":{\"@type\":\"EntryPoint\",\"urlTemplate\":\"https:\/\/demoweb.info\/sexshop001\/?s={search_term_string}\"},\"query-input\":\"required name=search_term_string\"}],\"inLanguage\":\"es\"}]}<\/script>\n<!-- \/ Yoast SEO plugin. -->","yoast_head_json":{"title":"SILASKIN CRUISER AZUL - Tienda Er\u00f3tica","robots":{"index":"noindex","follow":"follow","max-snippet":"max-snippet:-1","max-image-preview":"max-image-preview:large","max-video-preview":"max-video-preview:-1"},"og_locale":"es_ES","og_type":"article","og_title":"SILASKIN CRUISER AZUL - Tienda Er\u00f3tica","og_description":"SILASKIN CRUISER &#8211; BLUE El Cruiser Cock Ring es fornido y construido para hacer el trabajo m\u00e1s duro. Es s\u00faper","og_url":"https:\/\/demoweb.info\/sexshop001\/producto\/silaskin-cruiser-azul\/","og_site_name":"Tienda Er\u00f3tica","article_modified_time":"2022-01-22T15:08:14+00:00","og_image":[{"width":550,"height":550,"url":"https:\/\/demoweb.info\/sexshop001\/wp-content\/uploads\/2022\/01\/SILASKIN-CRUISER-AZUL.jpg","type":"image\/jpeg"}],"twitter_card":"summary_large_image","schema":{"@context":"https:\/\/schema.org","@graph":[{"@type":"WebPage","@id":"https:\/\/demoweb.info\/sexshop001\/producto\/silaskin-cruiser-azul\/","url":"https:\/\/demoweb.info\/sexshop001\/producto\/silaskin-cruiser-azul\/","name":"SILASKIN CRUISER AZUL - Tienda Er\u00f3tica","isPartOf":{"@id":"https:\/\/demoweb.info\/sexshop001\/#website"},"datePublished":"2022-01-22T15:08:06+00:00","dateModified":"2022-01-22T15:08:14+00:00","breadcrumb":{"@id":"https:\/\/demoweb.info\/sexshop001\/producto\/silaskin-cruiser-azul\/#breadcrumb"},"inLanguage":"es","potentialAction":[{"@type":"ReadAction","target":["https:\/\/demoweb.info\/sexshop001\/producto\/silaskin-cruiser-azul\/"]}]},{"@type":"BreadcrumbList","@id":"https:\/\/demoweb.info\/sexshop001\/producto\/silaskin-cruiser-azul\/#breadcrumb","itemListElement":[{"@type":"ListItem","position":1,"name":"Portada","item":"https:\/\/demoweb.info\/sexshop001\/"},{"@type":"ListItem","position":2,"name":"Tienda","item":"https:\/\/demoweb.info\/sexshop001\/tienda\/"},{"@type":"ListItem","position":3,"name":"SILASKIN CRUISER AZUL"}]},{"@type":"WebSite","@id":"https:\/\/demoweb.info\/sexshop001\/#website","url":"https:\/\/demoweb.info\/sexshop001\/","name":"Tienda Er\u00f3tica","description":"DEMOWEB SL","potentialAction":[{"@type":"SearchAction","target":{"@type":"EntryPoint","urlTemplate":"https:\/\/demoweb.info\/sexshop001\/?s={search_term_string}"},"query-input":"required name=search_term_string"}],"inLanguage":"es"}]}},"_links":{"self":[{"href":"https:\/\/demoweb.info\/sexshop001\/wp-json\/wp\/v3\/product\/50679","targetHints":{"allow":["GET"]}}],"collection":[{"href":"https:\/\/demoweb.info\/sexshop001\/wp-json\/wp\/v3\/product"}],"about":[{"href":"https:\/\/demoweb.info\/sexshop001\/wp-json\/wp\/v2\/types\/product"}],"replies":[{"embeddable":true,"href":"https:\/\/demoweb.info\/sexshop001\/wp-json\/wp\/v2\/comments?post=50679"}],"wp:featuredmedia":[{"embeddable":true,"href":"https:\/\/demoweb.info\/sexshop001\/wp-json\/wp\/v2\/media\/50680"}],"wp:attachment":[{"href":"https:\/\/demoweb.info\/sexshop001\/wp-json\/wp\/v2\/media?parent=50679"}],"wp:term":[{"taxonomy":"product_cat","embeddable":true,"href":"https:\/\/demoweb.info\/sexshop001\/wp-json\/wp\/v2\/product_cat?post=50679"},{"taxonomy":"product_tag","embeddable":true,"href":"https:\/\/demoweb.info\/sexshop001\/wp-json\/wp\/v2\/product_tag?post=50679"}],"curies":[{"name":"wp","href":"https:\/\/api.w.org\/{rel}","templated":true}]}}