{"id":50653,"date":"2022-01-22T16:07:54","date_gmt":"2022-01-22T15:07:54","guid":{"rendered":"https:\/\/demoweb.info\/sexshop001\/producto\/fleshlight-signature-collection-eva-lovia-spice-masturbador-ano\/"},"modified":"2022-01-22T16:07:58","modified_gmt":"2022-01-22T15:07:58","slug":"fleshlight-signature-collection-eva-lovia-spice-masturbador-ano","status":"publish","type":"product","link":"https:\/\/demoweb.info\/sexshop001\/producto\/fleshlight-signature-collection-eva-lovia-spice-masturbador-ano\/","title":{"rendered":"FLESHLIGHT SIGNATURE COLLECTION EVA LOVIA SPICE &#8211; MASTURBADOR ANO"},"content":{"rendered":"<p><strong>FLESHLIGHT GIRLS EVA LOVIA SPICE<\/strong><\/p>\n<p>Eva Lovia fue la primera estrella ganadora del Digital Playground en el a\u00f1o 2015, y est\u00e1 tan buena que cuesta creerlo. Es una mezcla ex\u00f3tica entre japonesa y espa\u00f1ola. Tiene un cuerpo totalmente natural, unos bonitos pechos tambi\u00e9n naturales y unas piernas largas y esbeltas que terminan en un culo tan fant\u00e1stico&#8230; \u00a1que no podr\u00e1 creer lo que ven sus ojos!<\/p>\n<p>Por fuera, este masturbador masculino, tiene el dise\u00f1o exclusivo que solo Fleshlight tiene y que lo convierte en la marca de masturbadores masculinos n&ordm; 1 del mundo por su dise\u00f1o<\/p>\n<p>Por dentro, las mangas est\u00e1n hechas de un material real\u00edstico que se adapta a la temperatura de tu cuerpo, lo que te porporcionar\u00e1 mucho m\u00e1s realismo. Su interior, es una r\u00e9plica exacta del ano de esta actriz, lo que lo convierte en un pieza de placer \u00fanica y muy exclusiva.<\/p>\n<p>Dispone de dos tapas, una principal, que cubre la parte exterior de la manga, y otra inferior con la que podr\u00e1s regular el nivel de presi\u00f3n y por tanto de masturbaci\u00f3n.<\/p>\n<ul>\n<li>Manga Eva Lovia<\/li>\n<li>F\u00e1cil de usar y limpiar<\/li>\n<li>Material: Silicona de alta calidad<\/li>\n<\/ul>\n<p>Fleshlight\u00ae es l\u00edder mundial en la fabricacion de masturbadores masculinos utilizando moldes de personas reales, sus grandes calidades y cualidades han dado lugar a una marca pensada para el hombre y su placer \u00fanica en el Mundo!!<\/p><\/p>\n","protected":false},"excerpt":{"rendered":"<p>FLESHLIGHT GIRLS EVA LOVIA SPICE Eva Lovia fue la primera estrella ganadora del Digital Playground en el a\u00f1o 2015, y<\/p>\n","protected":false},"featured_media":50654,"comment_status":"open","ping_status":"open","template":"","meta":[],"product_cat":[468],"product_tag":[576,1456],"class_list":["post-50653","product","type-product","status-publish","has-post-thumbnail","hentry","product_cat-anos","product_tag-fleshlight","product_tag-signature-collection"],"bundled_by":[],"bundle_stock_status":"instock","bundle_stock_quantity":3,"bundle_virtual":false,"bundle_layout":"","bundle_add_to_cart_form_location":"","bundle_editable_in_cart":false,"bundle_sold_individually_context":"","bundle_item_grouping":"","bundle_min_size":"","bundle_max_size":"","bundled_items":[],"yoast_head":"<!-- This site is optimized with the Yoast SEO plugin v20.6 - https:\/\/yoast.com\/wordpress\/plugins\/seo\/ -->\n<title>FLESHLIGHT SIGNATURE COLLECTION EVA LOVIA SPICE - MASTURBADOR ANO - Tienda Er\u00f3tica<\/title>\n<meta name=\"robots\" content=\"noindex, follow, max-snippet:-1, max-image-preview:large, max-video-preview:-1\" \/>\n<meta property=\"og:locale\" content=\"es_ES\" \/>\n<meta property=\"og:type\" content=\"article\" \/>\n<meta property=\"og:title\" content=\"FLESHLIGHT SIGNATURE COLLECTION EVA LOVIA SPICE - MASTURBADOR ANO - Tienda Er\u00f3tica\" \/>\n<meta property=\"og:description\" content=\"FLESHLIGHT GIRLS EVA LOVIA SPICE Eva Lovia fue la primera estrella ganadora del Digital Playground en el a\u00f1o 2015, y\" \/>\n<meta property=\"og:url\" content=\"https:\/\/demoweb.info\/sexshop001\/producto\/fleshlight-signature-collection-eva-lovia-spice-masturbador-ano\/\" \/>\n<meta property=\"og:site_name\" content=\"Tienda Er\u00f3tica\" \/>\n<meta property=\"article:modified_time\" content=\"2022-01-22T15:07:58+00:00\" \/>\n<meta property=\"og:image\" content=\"https:\/\/demoweb.info\/sexshop001\/wp-content\/uploads\/2022\/01\/FLESHLIGHT-SIGNATURE-COLLECTION-EVA-LOVIA-SPICE-MASTURBADOR-ANO.jpg\" \/>\n\t<meta property=\"og:image:width\" content=\"550\" \/>\n\t<meta property=\"og:image:height\" content=\"550\" \/>\n\t<meta property=\"og:image:type\" content=\"image\/jpeg\" \/>\n<meta name=\"twitter:card\" content=\"summary_large_image\" \/>\n<meta name=\"twitter:label1\" content=\"Tiempo de lectura\" \/>\n\t<meta name=\"twitter:data1\" content=\"1 minuto\" \/>\n<script type=\"application\/ld+json\" class=\"yoast-schema-graph\">{\"@context\":\"https:\/\/schema.org\",\"@graph\":[{\"@type\":\"WebPage\",\"@id\":\"https:\/\/demoweb.info\/sexshop001\/producto\/fleshlight-signature-collection-eva-lovia-spice-masturbador-ano\/\",\"url\":\"https:\/\/demoweb.info\/sexshop001\/producto\/fleshlight-signature-collection-eva-lovia-spice-masturbador-ano\/\",\"name\":\"FLESHLIGHT SIGNATURE COLLECTION EVA LOVIA SPICE - MASTURBADOR ANO - Tienda Er\u00f3tica\",\"isPartOf\":{\"@id\":\"https:\/\/demoweb.info\/sexshop001\/#website\"},\"datePublished\":\"2022-01-22T15:07:54+00:00\",\"dateModified\":\"2022-01-22T15:07:58+00:00\",\"breadcrumb\":{\"@id\":\"https:\/\/demoweb.info\/sexshop001\/producto\/fleshlight-signature-collection-eva-lovia-spice-masturbador-ano\/#breadcrumb\"},\"inLanguage\":\"es\",\"potentialAction\":[{\"@type\":\"ReadAction\",\"target\":[\"https:\/\/demoweb.info\/sexshop001\/producto\/fleshlight-signature-collection-eva-lovia-spice-masturbador-ano\/\"]}]},{\"@type\":\"BreadcrumbList\",\"@id\":\"https:\/\/demoweb.info\/sexshop001\/producto\/fleshlight-signature-collection-eva-lovia-spice-masturbador-ano\/#breadcrumb\",\"itemListElement\":[{\"@type\":\"ListItem\",\"position\":1,\"name\":\"Portada\",\"item\":\"https:\/\/demoweb.info\/sexshop001\/\"},{\"@type\":\"ListItem\",\"position\":2,\"name\":\"Tienda\",\"item\":\"https:\/\/demoweb.info\/sexshop001\/tienda\/\"},{\"@type\":\"ListItem\",\"position\":3,\"name\":\"FLESHLIGHT SIGNATURE COLLECTION EVA LOVIA SPICE &#8211; MASTURBADOR ANO\"}]},{\"@type\":\"WebSite\",\"@id\":\"https:\/\/demoweb.info\/sexshop001\/#website\",\"url\":\"https:\/\/demoweb.info\/sexshop001\/\",\"name\":\"Tienda Er\u00f3tica\",\"description\":\"DEMOWEB SL\",\"potentialAction\":[{\"@type\":\"SearchAction\",\"target\":{\"@type\":\"EntryPoint\",\"urlTemplate\":\"https:\/\/demoweb.info\/sexshop001\/?s={search_term_string}\"},\"query-input\":\"required name=search_term_string\"}],\"inLanguage\":\"es\"}]}<\/script>\n<!-- \/ Yoast SEO plugin. -->","yoast_head_json":{"title":"FLESHLIGHT SIGNATURE COLLECTION EVA LOVIA SPICE - MASTURBADOR ANO - Tienda Er\u00f3tica","robots":{"index":"noindex","follow":"follow","max-snippet":"max-snippet:-1","max-image-preview":"max-image-preview:large","max-video-preview":"max-video-preview:-1"},"og_locale":"es_ES","og_type":"article","og_title":"FLESHLIGHT SIGNATURE COLLECTION EVA LOVIA SPICE - MASTURBADOR ANO - Tienda Er\u00f3tica","og_description":"FLESHLIGHT GIRLS EVA LOVIA SPICE Eva Lovia fue la primera estrella ganadora del Digital Playground en el a\u00f1o 2015, y","og_url":"https:\/\/demoweb.info\/sexshop001\/producto\/fleshlight-signature-collection-eva-lovia-spice-masturbador-ano\/","og_site_name":"Tienda Er\u00f3tica","article_modified_time":"2022-01-22T15:07:58+00:00","og_image":[{"width":550,"height":550,"url":"https:\/\/demoweb.info\/sexshop001\/wp-content\/uploads\/2022\/01\/FLESHLIGHT-SIGNATURE-COLLECTION-EVA-LOVIA-SPICE-MASTURBADOR-ANO.jpg","type":"image\/jpeg"}],"twitter_card":"summary_large_image","twitter_misc":{"Tiempo de lectura":"1 minuto"},"schema":{"@context":"https:\/\/schema.org","@graph":[{"@type":"WebPage","@id":"https:\/\/demoweb.info\/sexshop001\/producto\/fleshlight-signature-collection-eva-lovia-spice-masturbador-ano\/","url":"https:\/\/demoweb.info\/sexshop001\/producto\/fleshlight-signature-collection-eva-lovia-spice-masturbador-ano\/","name":"FLESHLIGHT SIGNATURE COLLECTION EVA LOVIA SPICE - MASTURBADOR ANO - Tienda Er\u00f3tica","isPartOf":{"@id":"https:\/\/demoweb.info\/sexshop001\/#website"},"datePublished":"2022-01-22T15:07:54+00:00","dateModified":"2022-01-22T15:07:58+00:00","breadcrumb":{"@id":"https:\/\/demoweb.info\/sexshop001\/producto\/fleshlight-signature-collection-eva-lovia-spice-masturbador-ano\/#breadcrumb"},"inLanguage":"es","potentialAction":[{"@type":"ReadAction","target":["https:\/\/demoweb.info\/sexshop001\/producto\/fleshlight-signature-collection-eva-lovia-spice-masturbador-ano\/"]}]},{"@type":"BreadcrumbList","@id":"https:\/\/demoweb.info\/sexshop001\/producto\/fleshlight-signature-collection-eva-lovia-spice-masturbador-ano\/#breadcrumb","itemListElement":[{"@type":"ListItem","position":1,"name":"Portada","item":"https:\/\/demoweb.info\/sexshop001\/"},{"@type":"ListItem","position":2,"name":"Tienda","item":"https:\/\/demoweb.info\/sexshop001\/tienda\/"},{"@type":"ListItem","position":3,"name":"FLESHLIGHT SIGNATURE COLLECTION EVA LOVIA SPICE &#8211; MASTURBADOR ANO"}]},{"@type":"WebSite","@id":"https:\/\/demoweb.info\/sexshop001\/#website","url":"https:\/\/demoweb.info\/sexshop001\/","name":"Tienda Er\u00f3tica","description":"DEMOWEB SL","potentialAction":[{"@type":"SearchAction","target":{"@type":"EntryPoint","urlTemplate":"https:\/\/demoweb.info\/sexshop001\/?s={search_term_string}"},"query-input":"required name=search_term_string"}],"inLanguage":"es"}]}},"_links":{"self":[{"href":"https:\/\/demoweb.info\/sexshop001\/wp-json\/wp\/v3\/product\/50653","targetHints":{"allow":["GET"]}}],"collection":[{"href":"https:\/\/demoweb.info\/sexshop001\/wp-json\/wp\/v3\/product"}],"about":[{"href":"https:\/\/demoweb.info\/sexshop001\/wp-json\/wp\/v2\/types\/product"}],"replies":[{"embeddable":true,"href":"https:\/\/demoweb.info\/sexshop001\/wp-json\/wp\/v2\/comments?post=50653"}],"wp:featuredmedia":[{"embeddable":true,"href":"https:\/\/demoweb.info\/sexshop001\/wp-json\/wp\/v2\/media\/50654"}],"wp:attachment":[{"href":"https:\/\/demoweb.info\/sexshop001\/wp-json\/wp\/v2\/media?parent=50653"}],"wp:term":[{"taxonomy":"product_cat","embeddable":true,"href":"https:\/\/demoweb.info\/sexshop001\/wp-json\/wp\/v2\/product_cat?post=50653"},{"taxonomy":"product_tag","embeddable":true,"href":"https:\/\/demoweb.info\/sexshop001\/wp-json\/wp\/v2\/product_tag?post=50653"}],"curies":[{"name":"wp","href":"https:\/\/api.w.org\/{rel}","templated":true}]}}