{"id":50648,"date":"2022-01-22T16:07:54","date_gmt":"2022-01-22T15:07:54","guid":{"rendered":"https:\/\/demoweb.info\/sexshop001\/producto\/cock-ball-sub-presenter-negro\/"},"modified":"2022-01-22T16:07:55","modified_gmt":"2022-01-22T15:07:55","slug":"cock-ball-sub-presenter-negro","status":"publish","type":"product","link":"https:\/\/demoweb.info\/sexshop001\/producto\/cock-ball-sub-presenter-negro\/","title":{"rendered":"COCK &#038; BALL SUB PRESENTER &#8211; NEGRO"},"content":{"rendered":"<p><strong>COCK &#038; BALL SUB PRESENTER BLACK<\/strong><\/p>\n<p>Arn\u00e9s para el pene con efecto push-up y ajuste apretado. Acentuar\u00e1 el pene del portador.<\/p>\n<p>Cuero genuino suave de color rojo y negro.<\/p>\n<p>El divisor de test\u00edculos mejora la dureza y la sensibilidad.<\/p>\n<p>Hardware de metal negro.<\/p>\n<p>Di\u00e1metro interior 5 cm x Profundidad 1,5 cm.<\/p>\n","protected":false},"excerpt":{"rendered":"<p>COCK &#038; BALL SUB PRESENTER BLACK Arn\u00e9s para el pene con efecto push-up y ajuste apretado. Acentuar\u00e1 el pene del<\/p>\n","protected":false},"featured_media":50649,"comment_status":"open","ping_status":"open","template":"","meta":[],"product_cat":[976],"product_tag":[460,1474],"class_list":["post-50648","product","type-product","status-publish","has-post-thumbnail","hentry","product_cat-cuero-anillos","product_tag-doc-johnson","product_tag-kink"],"bundled_by":[],"bundle_stock_status":"instock","bundle_stock_quantity":1,"bundle_virtual":false,"bundle_layout":"","bundle_add_to_cart_form_location":"","bundle_editable_in_cart":false,"bundle_sold_individually_context":"","bundle_item_grouping":"","bundle_min_size":"","bundle_max_size":"","bundled_items":[],"yoast_head":"<!-- This site is optimized with the Yoast SEO plugin v20.6 - https:\/\/yoast.com\/wordpress\/plugins\/seo\/ -->\n<title>COCK &amp; BALL SUB PRESENTER - NEGRO - Tienda Er\u00f3tica<\/title>\n<meta name=\"robots\" content=\"noindex, follow, max-snippet:-1, max-image-preview:large, max-video-preview:-1\" \/>\n<meta property=\"og:locale\" content=\"es_ES\" \/>\n<meta property=\"og:type\" content=\"article\" \/>\n<meta property=\"og:title\" content=\"COCK &amp; BALL SUB PRESENTER - NEGRO - Tienda Er\u00f3tica\" \/>\n<meta property=\"og:description\" content=\"COCK &#038; BALL SUB PRESENTER BLACK Arn\u00e9s para el pene con efecto push-up y ajuste apretado. Acentuar\u00e1 el pene del\" \/>\n<meta property=\"og:url\" content=\"https:\/\/demoweb.info\/sexshop001\/producto\/cock-ball-sub-presenter-negro\/\" \/>\n<meta property=\"og:site_name\" content=\"Tienda Er\u00f3tica\" \/>\n<meta property=\"article:modified_time\" content=\"2022-01-22T15:07:55+00:00\" \/>\n<meta property=\"og:image\" content=\"https:\/\/demoweb.info\/sexshop001\/wp-content\/uploads\/2022\/01\/COCK-BALL-SUB-PRESENTER-NEGRO.jpg\" \/>\n\t<meta property=\"og:image:width\" content=\"550\" \/>\n\t<meta property=\"og:image:height\" content=\"550\" \/>\n\t<meta property=\"og:image:type\" content=\"image\/jpeg\" \/>\n<meta name=\"twitter:card\" content=\"summary_large_image\" \/>\n<script type=\"application\/ld+json\" class=\"yoast-schema-graph\">{\"@context\":\"https:\/\/schema.org\",\"@graph\":[{\"@type\":\"WebPage\",\"@id\":\"https:\/\/demoweb.info\/sexshop001\/producto\/cock-ball-sub-presenter-negro\/\",\"url\":\"https:\/\/demoweb.info\/sexshop001\/producto\/cock-ball-sub-presenter-negro\/\",\"name\":\"COCK & BALL SUB PRESENTER - NEGRO - Tienda Er\u00f3tica\",\"isPartOf\":{\"@id\":\"https:\/\/demoweb.info\/sexshop001\/#website\"},\"datePublished\":\"2022-01-22T15:07:54+00:00\",\"dateModified\":\"2022-01-22T15:07:55+00:00\",\"breadcrumb\":{\"@id\":\"https:\/\/demoweb.info\/sexshop001\/producto\/cock-ball-sub-presenter-negro\/#breadcrumb\"},\"inLanguage\":\"es\",\"potentialAction\":[{\"@type\":\"ReadAction\",\"target\":[\"https:\/\/demoweb.info\/sexshop001\/producto\/cock-ball-sub-presenter-negro\/\"]}]},{\"@type\":\"BreadcrumbList\",\"@id\":\"https:\/\/demoweb.info\/sexshop001\/producto\/cock-ball-sub-presenter-negro\/#breadcrumb\",\"itemListElement\":[{\"@type\":\"ListItem\",\"position\":1,\"name\":\"Portada\",\"item\":\"https:\/\/demoweb.info\/sexshop001\/\"},{\"@type\":\"ListItem\",\"position\":2,\"name\":\"Tienda\",\"item\":\"https:\/\/demoweb.info\/sexshop001\/tienda\/\"},{\"@type\":\"ListItem\",\"position\":3,\"name\":\"COCK &#038; BALL SUB PRESENTER &#8211; NEGRO\"}]},{\"@type\":\"WebSite\",\"@id\":\"https:\/\/demoweb.info\/sexshop001\/#website\",\"url\":\"https:\/\/demoweb.info\/sexshop001\/\",\"name\":\"Tienda Er\u00f3tica\",\"description\":\"DEMOWEB SL\",\"potentialAction\":[{\"@type\":\"SearchAction\",\"target\":{\"@type\":\"EntryPoint\",\"urlTemplate\":\"https:\/\/demoweb.info\/sexshop001\/?s={search_term_string}\"},\"query-input\":\"required name=search_term_string\"}],\"inLanguage\":\"es\"}]}<\/script>\n<!-- \/ Yoast SEO plugin. -->","yoast_head_json":{"title":"COCK & BALL SUB PRESENTER - NEGRO - Tienda Er\u00f3tica","robots":{"index":"noindex","follow":"follow","max-snippet":"max-snippet:-1","max-image-preview":"max-image-preview:large","max-video-preview":"max-video-preview:-1"},"og_locale":"es_ES","og_type":"article","og_title":"COCK & BALL SUB PRESENTER - NEGRO - Tienda Er\u00f3tica","og_description":"COCK &#038; BALL SUB PRESENTER BLACK Arn\u00e9s para el pene con efecto push-up y ajuste apretado. Acentuar\u00e1 el pene del","og_url":"https:\/\/demoweb.info\/sexshop001\/producto\/cock-ball-sub-presenter-negro\/","og_site_name":"Tienda Er\u00f3tica","article_modified_time":"2022-01-22T15:07:55+00:00","og_image":[{"width":550,"height":550,"url":"https:\/\/demoweb.info\/sexshop001\/wp-content\/uploads\/2022\/01\/COCK-BALL-SUB-PRESENTER-NEGRO.jpg","type":"image\/jpeg"}],"twitter_card":"summary_large_image","schema":{"@context":"https:\/\/schema.org","@graph":[{"@type":"WebPage","@id":"https:\/\/demoweb.info\/sexshop001\/producto\/cock-ball-sub-presenter-negro\/","url":"https:\/\/demoweb.info\/sexshop001\/producto\/cock-ball-sub-presenter-negro\/","name":"COCK & BALL SUB PRESENTER - NEGRO - Tienda Er\u00f3tica","isPartOf":{"@id":"https:\/\/demoweb.info\/sexshop001\/#website"},"datePublished":"2022-01-22T15:07:54+00:00","dateModified":"2022-01-22T15:07:55+00:00","breadcrumb":{"@id":"https:\/\/demoweb.info\/sexshop001\/producto\/cock-ball-sub-presenter-negro\/#breadcrumb"},"inLanguage":"es","potentialAction":[{"@type":"ReadAction","target":["https:\/\/demoweb.info\/sexshop001\/producto\/cock-ball-sub-presenter-negro\/"]}]},{"@type":"BreadcrumbList","@id":"https:\/\/demoweb.info\/sexshop001\/producto\/cock-ball-sub-presenter-negro\/#breadcrumb","itemListElement":[{"@type":"ListItem","position":1,"name":"Portada","item":"https:\/\/demoweb.info\/sexshop001\/"},{"@type":"ListItem","position":2,"name":"Tienda","item":"https:\/\/demoweb.info\/sexshop001\/tienda\/"},{"@type":"ListItem","position":3,"name":"COCK &#038; BALL SUB PRESENTER &#8211; NEGRO"}]},{"@type":"WebSite","@id":"https:\/\/demoweb.info\/sexshop001\/#website","url":"https:\/\/demoweb.info\/sexshop001\/","name":"Tienda Er\u00f3tica","description":"DEMOWEB SL","potentialAction":[{"@type":"SearchAction","target":{"@type":"EntryPoint","urlTemplate":"https:\/\/demoweb.info\/sexshop001\/?s={search_term_string}"},"query-input":"required name=search_term_string"}],"inLanguage":"es"}]}},"_links":{"self":[{"href":"https:\/\/demoweb.info\/sexshop001\/wp-json\/wp\/v3\/product\/50648","targetHints":{"allow":["GET"]}}],"collection":[{"href":"https:\/\/demoweb.info\/sexshop001\/wp-json\/wp\/v3\/product"}],"about":[{"href":"https:\/\/demoweb.info\/sexshop001\/wp-json\/wp\/v2\/types\/product"}],"replies":[{"embeddable":true,"href":"https:\/\/demoweb.info\/sexshop001\/wp-json\/wp\/v2\/comments?post=50648"}],"wp:featuredmedia":[{"embeddable":true,"href":"https:\/\/demoweb.info\/sexshop001\/wp-json\/wp\/v2\/media\/50649"}],"wp:attachment":[{"href":"https:\/\/demoweb.info\/sexshop001\/wp-json\/wp\/v2\/media?parent=50648"}],"wp:term":[{"taxonomy":"product_cat","embeddable":true,"href":"https:\/\/demoweb.info\/sexshop001\/wp-json\/wp\/v2\/product_cat?post=50648"},{"taxonomy":"product_tag","embeddable":true,"href":"https:\/\/demoweb.info\/sexshop001\/wp-json\/wp\/v2\/product_tag?post=50648"}],"curies":[{"name":"wp","href":"https:\/\/api.w.org\/{rel}","templated":true}]}}