{"id":50639,"date":"2022-01-22T16:07:38","date_gmt":"2022-01-22T15:07:38","guid":{"rendered":"https:\/\/demoweb.info\/sexshop001\/producto\/nipple-suckers-negro\/"},"modified":"2022-01-22T16:07:49","modified_gmt":"2022-01-22T15:07:49","slug":"nipple-suckers-negro","status":"publish","type":"product","link":"https:\/\/demoweb.info\/sexshop001\/producto\/nipple-suckers-negro\/","title":{"rendered":"NIPPLE SUCKERS &#8211; NEGRO"},"content":{"rendered":"<p><strong>NIPPLE SUCKERS<\/strong><\/p>\n<p>Disfruta de una estimulaci\u00f3n de pez\u00f3n tentadora e ilimitada con el Nipple Suckers.<\/p>\n<p>Este accesorio de estimulaci\u00f3n es f\u00e1cil de usar y est\u00e1 dise\u00f1ado para ofrecerte lo \u00faltimo en placer. Los succionadores ultra suaves se adaptan directamente al pez\u00f3n para estimular instant\u00e1neamente las sensaciones de succi\u00f3n. Desl\u00edzate y disfruta de hormigueos intensificados y del \u00e9xtasis final.<\/p>\n<p>Una vez en su lugar, todo lo que tienes que hacer es apretar los tubos flexibles para activar la acci\u00f3n de succi\u00f3n intensamente excitante. La succi\u00f3n es ideal para aumentar la sensibilidad de los pezones y es ideal para jugar solo o con tu pareja.<\/p>\n<p>Son perfectos para \u00e9l y ella.<\/p>\n<ul>\n<li>Material: PVC<\/li>\n<li>Di\u00e1metro Exterior: 2 cm<\/li>\n<\/ul>\n","protected":false},"excerpt":{"rendered":"<p>NIPPLE SUCKERS Disfruta de una estimulaci\u00f3n de pez\u00f3n tentadora e ilimitada con el Nipple Suckers. Este accesorio de estimulaci\u00f3n es<\/p>\n","protected":false},"featured_media":50640,"comment_status":"open","ping_status":"open","template":"","meta":[],"product_cat":[488],"product_tag":[660,882],"class_list":["post-50639","product","type-product","status-publish","has-post-thumbnail","hentry","product_cat-pezones","product_tag-calexotics","product_tag-nipple-play"],"bundled_by":[],"bundle_stock_status":"outofstock","bundle_stock_quantity":0,"bundle_virtual":false,"bundle_layout":"","bundle_add_to_cart_form_location":"","bundle_editable_in_cart":false,"bundle_sold_individually_context":"","bundle_item_grouping":"","bundle_min_size":"","bundle_max_size":"","bundled_items":[],"yoast_head":"<!-- This site is optimized with the Yoast SEO plugin v20.6 - https:\/\/yoast.com\/wordpress\/plugins\/seo\/ -->\n<title>NIPPLE SUCKERS - NEGRO - Tienda Er\u00f3tica<\/title>\n<meta name=\"robots\" content=\"noindex, follow, max-snippet:-1, max-image-preview:large, max-video-preview:-1\" \/>\n<meta property=\"og:locale\" content=\"es_ES\" \/>\n<meta property=\"og:type\" content=\"article\" \/>\n<meta property=\"og:title\" content=\"NIPPLE SUCKERS - NEGRO - Tienda Er\u00f3tica\" \/>\n<meta property=\"og:description\" content=\"NIPPLE SUCKERS Disfruta de una estimulaci\u00f3n de pez\u00f3n tentadora e ilimitada con el Nipple Suckers. Este accesorio de estimulaci\u00f3n es\" \/>\n<meta property=\"og:url\" content=\"https:\/\/demoweb.info\/sexshop001\/producto\/nipple-suckers-negro\/\" \/>\n<meta property=\"og:site_name\" content=\"Tienda Er\u00f3tica\" \/>\n<meta property=\"article:modified_time\" content=\"2022-01-22T15:07:49+00:00\" \/>\n<meta property=\"og:image\" content=\"https:\/\/demoweb.info\/sexshop001\/wp-content\/uploads\/2022\/01\/NIPPLE-SUCKERS-NEGRO.jpg\" \/>\n\t<meta property=\"og:image:width\" content=\"550\" \/>\n\t<meta property=\"og:image:height\" content=\"550\" \/>\n\t<meta property=\"og:image:type\" content=\"image\/jpeg\" \/>\n<meta name=\"twitter:card\" content=\"summary_large_image\" \/>\n<meta name=\"twitter:label1\" content=\"Tiempo de lectura\" \/>\n\t<meta name=\"twitter:data1\" content=\"1 minuto\" \/>\n<script type=\"application\/ld+json\" class=\"yoast-schema-graph\">{\"@context\":\"https:\/\/schema.org\",\"@graph\":[{\"@type\":\"WebPage\",\"@id\":\"https:\/\/demoweb.info\/sexshop001\/producto\/nipple-suckers-negro\/\",\"url\":\"https:\/\/demoweb.info\/sexshop001\/producto\/nipple-suckers-negro\/\",\"name\":\"NIPPLE SUCKERS - NEGRO - Tienda Er\u00f3tica\",\"isPartOf\":{\"@id\":\"https:\/\/demoweb.info\/sexshop001\/#website\"},\"datePublished\":\"2022-01-22T15:07:38+00:00\",\"dateModified\":\"2022-01-22T15:07:49+00:00\",\"breadcrumb\":{\"@id\":\"https:\/\/demoweb.info\/sexshop001\/producto\/nipple-suckers-negro\/#breadcrumb\"},\"inLanguage\":\"es\",\"potentialAction\":[{\"@type\":\"ReadAction\",\"target\":[\"https:\/\/demoweb.info\/sexshop001\/producto\/nipple-suckers-negro\/\"]}]},{\"@type\":\"BreadcrumbList\",\"@id\":\"https:\/\/demoweb.info\/sexshop001\/producto\/nipple-suckers-negro\/#breadcrumb\",\"itemListElement\":[{\"@type\":\"ListItem\",\"position\":1,\"name\":\"Portada\",\"item\":\"https:\/\/demoweb.info\/sexshop001\/\"},{\"@type\":\"ListItem\",\"position\":2,\"name\":\"Tienda\",\"item\":\"https:\/\/demoweb.info\/sexshop001\/tienda\/\"},{\"@type\":\"ListItem\",\"position\":3,\"name\":\"NIPPLE SUCKERS &#8211; NEGRO\"}]},{\"@type\":\"WebSite\",\"@id\":\"https:\/\/demoweb.info\/sexshop001\/#website\",\"url\":\"https:\/\/demoweb.info\/sexshop001\/\",\"name\":\"Tienda Er\u00f3tica\",\"description\":\"DEMOWEB SL\",\"potentialAction\":[{\"@type\":\"SearchAction\",\"target\":{\"@type\":\"EntryPoint\",\"urlTemplate\":\"https:\/\/demoweb.info\/sexshop001\/?s={search_term_string}\"},\"query-input\":\"required name=search_term_string\"}],\"inLanguage\":\"es\"}]}<\/script>\n<!-- \/ Yoast SEO plugin. -->","yoast_head_json":{"title":"NIPPLE SUCKERS - NEGRO - Tienda Er\u00f3tica","robots":{"index":"noindex","follow":"follow","max-snippet":"max-snippet:-1","max-image-preview":"max-image-preview:large","max-video-preview":"max-video-preview:-1"},"og_locale":"es_ES","og_type":"article","og_title":"NIPPLE SUCKERS - NEGRO - Tienda Er\u00f3tica","og_description":"NIPPLE SUCKERS Disfruta de una estimulaci\u00f3n de pez\u00f3n tentadora e ilimitada con el Nipple Suckers. Este accesorio de estimulaci\u00f3n es","og_url":"https:\/\/demoweb.info\/sexshop001\/producto\/nipple-suckers-negro\/","og_site_name":"Tienda Er\u00f3tica","article_modified_time":"2022-01-22T15:07:49+00:00","og_image":[{"width":550,"height":550,"url":"https:\/\/demoweb.info\/sexshop001\/wp-content\/uploads\/2022\/01\/NIPPLE-SUCKERS-NEGRO.jpg","type":"image\/jpeg"}],"twitter_card":"summary_large_image","twitter_misc":{"Tiempo de lectura":"1 minuto"},"schema":{"@context":"https:\/\/schema.org","@graph":[{"@type":"WebPage","@id":"https:\/\/demoweb.info\/sexshop001\/producto\/nipple-suckers-negro\/","url":"https:\/\/demoweb.info\/sexshop001\/producto\/nipple-suckers-negro\/","name":"NIPPLE SUCKERS - NEGRO - Tienda Er\u00f3tica","isPartOf":{"@id":"https:\/\/demoweb.info\/sexshop001\/#website"},"datePublished":"2022-01-22T15:07:38+00:00","dateModified":"2022-01-22T15:07:49+00:00","breadcrumb":{"@id":"https:\/\/demoweb.info\/sexshop001\/producto\/nipple-suckers-negro\/#breadcrumb"},"inLanguage":"es","potentialAction":[{"@type":"ReadAction","target":["https:\/\/demoweb.info\/sexshop001\/producto\/nipple-suckers-negro\/"]}]},{"@type":"BreadcrumbList","@id":"https:\/\/demoweb.info\/sexshop001\/producto\/nipple-suckers-negro\/#breadcrumb","itemListElement":[{"@type":"ListItem","position":1,"name":"Portada","item":"https:\/\/demoweb.info\/sexshop001\/"},{"@type":"ListItem","position":2,"name":"Tienda","item":"https:\/\/demoweb.info\/sexshop001\/tienda\/"},{"@type":"ListItem","position":3,"name":"NIPPLE SUCKERS &#8211; NEGRO"}]},{"@type":"WebSite","@id":"https:\/\/demoweb.info\/sexshop001\/#website","url":"https:\/\/demoweb.info\/sexshop001\/","name":"Tienda Er\u00f3tica","description":"DEMOWEB SL","potentialAction":[{"@type":"SearchAction","target":{"@type":"EntryPoint","urlTemplate":"https:\/\/demoweb.info\/sexshop001\/?s={search_term_string}"},"query-input":"required name=search_term_string"}],"inLanguage":"es"}]}},"_links":{"self":[{"href":"https:\/\/demoweb.info\/sexshop001\/wp-json\/wp\/v3\/product\/50639","targetHints":{"allow":["GET"]}}],"collection":[{"href":"https:\/\/demoweb.info\/sexshop001\/wp-json\/wp\/v3\/product"}],"about":[{"href":"https:\/\/demoweb.info\/sexshop001\/wp-json\/wp\/v2\/types\/product"}],"replies":[{"embeddable":true,"href":"https:\/\/demoweb.info\/sexshop001\/wp-json\/wp\/v2\/comments?post=50639"}],"wp:featuredmedia":[{"embeddable":true,"href":"https:\/\/demoweb.info\/sexshop001\/wp-json\/wp\/v2\/media\/50640"}],"wp:attachment":[{"href":"https:\/\/demoweb.info\/sexshop001\/wp-json\/wp\/v2\/media?parent=50639"}],"wp:term":[{"taxonomy":"product_cat","embeddable":true,"href":"https:\/\/demoweb.info\/sexshop001\/wp-json\/wp\/v2\/product_cat?post=50639"},{"taxonomy":"product_tag","embeddable":true,"href":"https:\/\/demoweb.info\/sexshop001\/wp-json\/wp\/v2\/product_tag?post=50639"}],"curies":[{"name":"wp","href":"https:\/\/api.w.org\/{rel}","templated":true}]}}