{"id":50596,"date":"2022-01-22T16:07:15","date_gmt":"2022-01-22T15:07:15","guid":{"rendered":"https:\/\/demoweb.info\/sexshop001\/producto\/corazon-indomable-trilogia-corazon-2\/"},"modified":"2022-01-22T16:07:20","modified_gmt":"2022-01-22T15:07:20","slug":"corazon-indomable-trilogia-corazon-2","status":"publish","type":"product","link":"https:\/\/demoweb.info\/sexshop001\/producto\/corazon-indomable-trilogia-corazon-2\/","title":{"rendered":"CORAZ\u00d3N INDOMABLE (TRILOG\u00cdA CORAZ\u00d3N 2)"},"content":{"rendered":"<p><strong>CORAZ\u00d3N EL\u00c1STICO (TRILOG\u00cdA CORAZ\u00d3N 1) <\/strong><\/p>\n<p>Elena Montagud.<\/p>\n<p>Le has dado una segunda oportunidad y te ha vuelto a fallar. \u00bfExiste alguna f\u00f3rmula m\u00e1gica para superar el desenga\u00f1o?<\/p>\n<p><strong>Tras<em>Coraz\u00f3n el\u00e1stico<\/em>, llega<em>Coraz\u00f3n indomable<\/em>, la segunda novela de la trilog\u00eda \u00abCoraz\u00f3n\u00bb, en la que Elena Montagud vuelve a sorprendernos con una historia de relaciones aparentemente imposibles y sensualmente inevitables. A esta novela le sigue el desenlace<em>Coraz\u00f3n desnudo<\/em>.<\/strong><\/p>\n<p><strong><em>ADVERTENCIA:<\/em><\/strong><br \/>\n<em>Esta historia tierna y pasional puede provocarte los sue\u00f1os m\u00e1s er\u00f3ticos.<\/em><\/p>\n<p>Despu\u00e9s de la ruptura con Adri\u00e1n, Blanca regresa a su vida anterior. Mucho trabajo, alg\u00fan ligue sin importancia, fiesta y descontrol. Ella sabe que eso no es lo que le conviene ni lo que desea de verdad, aunque cualquier cosa es mejor que quedarse en casa echando de menos a un hombre al que no es capaz de perdonar.<\/p>\n<p>Pero Adri\u00e1n no se da por vencido. Quiz\u00e1 las circunstancias no los hayan ayudado, ni en la adolescencia ni tampoco ahora. Quiz\u00e1 ambos hayan dejado que el sexo devore las palabras&#8230; Pero lo que est\u00e1 claro es que la atracci\u00f3n sigue viva como una llama, encendiendo sus cuerpos para luego hacerlos pelear de nuevo, con la misma voracidad con la que antes hicieron el amor&#8230;<\/p>\n<ul>\n<li>N&ordm; de p\u00e1ginas: 480 p\u00e1gs.<\/li>\n<li>Encuadernaci\u00f3n: Tapa blanda<\/li>\n<\/ul>\n","protected":false},"excerpt":{"rendered":"<p>CORAZ\u00d3N EL\u00c1STICO (TRILOG\u00cdA CORAZ\u00d3N 1) Elena Montagud. Le has dado una segunda oportunidad y te ha vuelto a fallar. \u00bfExiste<\/p>\n","protected":false},"featured_media":50597,"comment_status":"open","ping_status":"open","template":"","meta":[],"product_cat":[414],"product_tag":[416],"class_list":["post-50596","product","type-product","status-publish","has-post-thumbnail","hentry","product_cat-libros","product_tag-grijalbo"],"bundled_by":[],"bundle_stock_status":"instock","bundle_stock_quantity":1,"bundle_virtual":false,"bundle_layout":"","bundle_add_to_cart_form_location":"","bundle_editable_in_cart":false,"bundle_sold_individually_context":"","bundle_item_grouping":"","bundle_min_size":"","bundle_max_size":"","bundled_items":[],"yoast_head":"<!-- This site is optimized with the Yoast SEO plugin v20.6 - https:\/\/yoast.com\/wordpress\/plugins\/seo\/ -->\n<title>CORAZ\u00d3N INDOMABLE (TRILOG\u00cdA CORAZ\u00d3N 2) - Tienda Er\u00f3tica<\/title>\n<meta name=\"robots\" content=\"noindex, follow, max-snippet:-1, max-image-preview:large, max-video-preview:-1\" \/>\n<meta property=\"og:locale\" content=\"es_ES\" \/>\n<meta property=\"og:type\" content=\"article\" \/>\n<meta property=\"og:title\" content=\"CORAZ\u00d3N INDOMABLE (TRILOG\u00cdA CORAZ\u00d3N 2) - Tienda Er\u00f3tica\" \/>\n<meta property=\"og:description\" content=\"CORAZ\u00d3N EL\u00c1STICO (TRILOG\u00cdA CORAZ\u00d3N 1) Elena Montagud. Le has dado una segunda oportunidad y te ha vuelto a fallar. \u00bfExiste\" \/>\n<meta property=\"og:url\" content=\"https:\/\/demoweb.info\/sexshop001\/producto\/corazon-indomable-trilogia-corazon-2\/\" \/>\n<meta property=\"og:site_name\" content=\"Tienda Er\u00f3tica\" \/>\n<meta property=\"article:modified_time\" content=\"2022-01-22T15:07:20+00:00\" \/>\n<meta property=\"og:image\" content=\"https:\/\/demoweb.info\/sexshop001\/wp-content\/uploads\/2022\/01\/CORAZON-INDOMABLE-TRILOGIA-CORAZON-2.jpg\" \/>\n\t<meta property=\"og:image:width\" content=\"550\" \/>\n\t<meta property=\"og:image:height\" content=\"550\" \/>\n\t<meta property=\"og:image:type\" content=\"image\/jpeg\" \/>\n<meta name=\"twitter:card\" content=\"summary_large_image\" \/>\n<meta name=\"twitter:label1\" content=\"Tiempo de lectura\" \/>\n\t<meta name=\"twitter:data1\" content=\"1 minuto\" \/>\n<script type=\"application\/ld+json\" class=\"yoast-schema-graph\">{\"@context\":\"https:\/\/schema.org\",\"@graph\":[{\"@type\":\"WebPage\",\"@id\":\"https:\/\/demoweb.info\/sexshop001\/producto\/corazon-indomable-trilogia-corazon-2\/\",\"url\":\"https:\/\/demoweb.info\/sexshop001\/producto\/corazon-indomable-trilogia-corazon-2\/\",\"name\":\"CORAZ\u00d3N INDOMABLE (TRILOG\u00cdA CORAZ\u00d3N 2) - Tienda Er\u00f3tica\",\"isPartOf\":{\"@id\":\"https:\/\/demoweb.info\/sexshop001\/#website\"},\"datePublished\":\"2022-01-22T15:07:15+00:00\",\"dateModified\":\"2022-01-22T15:07:20+00:00\",\"breadcrumb\":{\"@id\":\"https:\/\/demoweb.info\/sexshop001\/producto\/corazon-indomable-trilogia-corazon-2\/#breadcrumb\"},\"inLanguage\":\"es\",\"potentialAction\":[{\"@type\":\"ReadAction\",\"target\":[\"https:\/\/demoweb.info\/sexshop001\/producto\/corazon-indomable-trilogia-corazon-2\/\"]}]},{\"@type\":\"BreadcrumbList\",\"@id\":\"https:\/\/demoweb.info\/sexshop001\/producto\/corazon-indomable-trilogia-corazon-2\/#breadcrumb\",\"itemListElement\":[{\"@type\":\"ListItem\",\"position\":1,\"name\":\"Portada\",\"item\":\"https:\/\/demoweb.info\/sexshop001\/\"},{\"@type\":\"ListItem\",\"position\":2,\"name\":\"Tienda\",\"item\":\"https:\/\/demoweb.info\/sexshop001\/tienda\/\"},{\"@type\":\"ListItem\",\"position\":3,\"name\":\"CORAZ\u00d3N INDOMABLE (TRILOG\u00cdA CORAZ\u00d3N 2)\"}]},{\"@type\":\"WebSite\",\"@id\":\"https:\/\/demoweb.info\/sexshop001\/#website\",\"url\":\"https:\/\/demoweb.info\/sexshop001\/\",\"name\":\"Tienda Er\u00f3tica\",\"description\":\"DEMOWEB SL\",\"potentialAction\":[{\"@type\":\"SearchAction\",\"target\":{\"@type\":\"EntryPoint\",\"urlTemplate\":\"https:\/\/demoweb.info\/sexshop001\/?s={search_term_string}\"},\"query-input\":\"required name=search_term_string\"}],\"inLanguage\":\"es\"}]}<\/script>\n<!-- \/ Yoast SEO plugin. -->","yoast_head_json":{"title":"CORAZ\u00d3N INDOMABLE (TRILOG\u00cdA CORAZ\u00d3N 2) - Tienda Er\u00f3tica","robots":{"index":"noindex","follow":"follow","max-snippet":"max-snippet:-1","max-image-preview":"max-image-preview:large","max-video-preview":"max-video-preview:-1"},"og_locale":"es_ES","og_type":"article","og_title":"CORAZ\u00d3N INDOMABLE (TRILOG\u00cdA CORAZ\u00d3N 2) - Tienda Er\u00f3tica","og_description":"CORAZ\u00d3N EL\u00c1STICO (TRILOG\u00cdA CORAZ\u00d3N 1) Elena Montagud. Le has dado una segunda oportunidad y te ha vuelto a fallar. \u00bfExiste","og_url":"https:\/\/demoweb.info\/sexshop001\/producto\/corazon-indomable-trilogia-corazon-2\/","og_site_name":"Tienda Er\u00f3tica","article_modified_time":"2022-01-22T15:07:20+00:00","og_image":[{"width":550,"height":550,"url":"https:\/\/demoweb.info\/sexshop001\/wp-content\/uploads\/2022\/01\/CORAZON-INDOMABLE-TRILOGIA-CORAZON-2.jpg","type":"image\/jpeg"}],"twitter_card":"summary_large_image","twitter_misc":{"Tiempo de lectura":"1 minuto"},"schema":{"@context":"https:\/\/schema.org","@graph":[{"@type":"WebPage","@id":"https:\/\/demoweb.info\/sexshop001\/producto\/corazon-indomable-trilogia-corazon-2\/","url":"https:\/\/demoweb.info\/sexshop001\/producto\/corazon-indomable-trilogia-corazon-2\/","name":"CORAZ\u00d3N INDOMABLE (TRILOG\u00cdA CORAZ\u00d3N 2) - Tienda Er\u00f3tica","isPartOf":{"@id":"https:\/\/demoweb.info\/sexshop001\/#website"},"datePublished":"2022-01-22T15:07:15+00:00","dateModified":"2022-01-22T15:07:20+00:00","breadcrumb":{"@id":"https:\/\/demoweb.info\/sexshop001\/producto\/corazon-indomable-trilogia-corazon-2\/#breadcrumb"},"inLanguage":"es","potentialAction":[{"@type":"ReadAction","target":["https:\/\/demoweb.info\/sexshop001\/producto\/corazon-indomable-trilogia-corazon-2\/"]}]},{"@type":"BreadcrumbList","@id":"https:\/\/demoweb.info\/sexshop001\/producto\/corazon-indomable-trilogia-corazon-2\/#breadcrumb","itemListElement":[{"@type":"ListItem","position":1,"name":"Portada","item":"https:\/\/demoweb.info\/sexshop001\/"},{"@type":"ListItem","position":2,"name":"Tienda","item":"https:\/\/demoweb.info\/sexshop001\/tienda\/"},{"@type":"ListItem","position":3,"name":"CORAZ\u00d3N INDOMABLE (TRILOG\u00cdA CORAZ\u00d3N 2)"}]},{"@type":"WebSite","@id":"https:\/\/demoweb.info\/sexshop001\/#website","url":"https:\/\/demoweb.info\/sexshop001\/","name":"Tienda Er\u00f3tica","description":"DEMOWEB SL","potentialAction":[{"@type":"SearchAction","target":{"@type":"EntryPoint","urlTemplate":"https:\/\/demoweb.info\/sexshop001\/?s={search_term_string}"},"query-input":"required name=search_term_string"}],"inLanguage":"es"}]}},"_links":{"self":[{"href":"https:\/\/demoweb.info\/sexshop001\/wp-json\/wp\/v3\/product\/50596","targetHints":{"allow":["GET"]}}],"collection":[{"href":"https:\/\/demoweb.info\/sexshop001\/wp-json\/wp\/v3\/product"}],"about":[{"href":"https:\/\/demoweb.info\/sexshop001\/wp-json\/wp\/v2\/types\/product"}],"replies":[{"embeddable":true,"href":"https:\/\/demoweb.info\/sexshop001\/wp-json\/wp\/v2\/comments?post=50596"}],"wp:featuredmedia":[{"embeddable":true,"href":"https:\/\/demoweb.info\/sexshop001\/wp-json\/wp\/v2\/media\/50597"}],"wp:attachment":[{"href":"https:\/\/demoweb.info\/sexshop001\/wp-json\/wp\/v2\/media?parent=50596"}],"wp:term":[{"taxonomy":"product_cat","embeddable":true,"href":"https:\/\/demoweb.info\/sexshop001\/wp-json\/wp\/v2\/product_cat?post=50596"},{"taxonomy":"product_tag","embeddable":true,"href":"https:\/\/demoweb.info\/sexshop001\/wp-json\/wp\/v2\/product_tag?post=50596"}],"curies":[{"name":"wp","href":"https:\/\/api.w.org\/{rel}","templated":true}]}}