{"id":50541,"date":"2022-01-22T16:06:43","date_gmt":"2022-01-22T15:06:43","guid":{"rendered":"https:\/\/demoweb.info\/sexshop001\/producto\/flowing-rosa\/"},"modified":"2022-01-22T16:06:46","modified_gmt":"2022-01-22T15:06:46","slug":"flowing-rosa","status":"publish","type":"product","link":"https:\/\/demoweb.info\/sexshop001\/producto\/flowing-rosa\/","title":{"rendered":"FLOWING &#8211; ROSA"},"content":{"rendered":"<p><strong>FLOWING &#8211; PINK<\/strong><\/p>\n<p>Mjuze se convertir\u00e1 en tu dios del placer personal. El <em>Flowing rechargeable massage wand<\/em> cuenta con dos motores con las vibraciones m\u00e1s sensuales del mundo, con un poder que solo un dios podr\u00eda tener. El suave material de silicona tiene un tacto incre\u00edble y r\u00e1pidamente alcanza la temperatura corporal. Gracias a su cabezal flexible, alcanza todos tus puntos sensibles. Esta varita se puede usar por ambos lados. La cabeza es perfecta para la estimulaci\u00f3n, mientras que el mango se puede usar para la penetraci\u00f3n. Con el massage wand, sentir\u00e1s que viajas en una nube de placer, \u00a1como una verdadera diosa!<\/p>\n<p>Caracter\u00edsticas:<br \/>\n&#8211; Rotaciones por minuto: 8000 RPM<br \/>\n&#8211; Velocidades: 10<br \/>\n&#8211; Nivel de ruido: Max, 55 dB<br \/>\n&#8211; Longitud Total: 29,8 cm<br \/>\n&#8211; Di\u00e1metro de la cabeza de masaje: 5,6 cm<br \/>\n&#8211; Di\u00e1metro del punto de inserci\u00f3n: 4,2 cm<br \/>\n&#8211; Longitud Insertable: 13 cm<br \/>\n&#8211; Recargable con USB<br \/>\n&#8211; Tiempo de carga de la bater\u00eda: 240 minutes<br \/>\n&#8211; Duraci\u00f3n de la bater\u00eda: 60 minutes<br \/>\n&#8211; Material: Silicona y ABS<br \/>\n&#8211; Resistente al agua.<br \/>\n&#8211; Sin phalatos.<\/p>\n","protected":false},"excerpt":{"rendered":"<p>FLOWING &#8211; PINK Mjuze se convertir\u00e1 en tu dios del placer personal. El Flowing rechargeable massage wand cuenta con dos<\/p>\n","protected":false},"featured_media":50542,"comment_status":"open","ping_status":"open","template":"","meta":[],"product_cat":[370],"product_tag":[1467,302],"class_list":["post-50541","product","type-product","status-publish","has-post-thumbnail","hentry","product_cat-clitoris","product_tag-mjuze","product_tag-shots"],"bundled_by":[],"bundle_stock_status":"instock","bundle_stock_quantity":1,"bundle_virtual":false,"bundle_layout":"","bundle_add_to_cart_form_location":"","bundle_editable_in_cart":false,"bundle_sold_individually_context":"","bundle_item_grouping":"","bundle_min_size":"","bundle_max_size":"","bundled_items":[],"yoast_head":"<!-- This site is optimized with the Yoast SEO plugin v20.6 - https:\/\/yoast.com\/wordpress\/plugins\/seo\/ -->\n<title>FLOWING - ROSA - Tienda Er\u00f3tica<\/title>\n<meta name=\"robots\" content=\"noindex, follow, max-snippet:-1, max-image-preview:large, max-video-preview:-1\" \/>\n<meta property=\"og:locale\" content=\"es_ES\" \/>\n<meta property=\"og:type\" content=\"article\" \/>\n<meta property=\"og:title\" content=\"FLOWING - ROSA - Tienda Er\u00f3tica\" \/>\n<meta property=\"og:description\" content=\"FLOWING &#8211; PINK Mjuze se convertir\u00e1 en tu dios del placer personal. El Flowing rechargeable massage wand cuenta con dos\" \/>\n<meta property=\"og:url\" content=\"https:\/\/demoweb.info\/sexshop001\/producto\/flowing-rosa\/\" \/>\n<meta property=\"og:site_name\" content=\"Tienda Er\u00f3tica\" \/>\n<meta property=\"article:modified_time\" content=\"2022-01-22T15:06:46+00:00\" \/>\n<meta property=\"og:image\" content=\"https:\/\/demoweb.info\/sexshop001\/wp-content\/uploads\/2022\/01\/FLOWING-ROSA.jpg\" \/>\n\t<meta property=\"og:image:width\" content=\"550\" \/>\n\t<meta property=\"og:image:height\" content=\"550\" \/>\n\t<meta property=\"og:image:type\" content=\"image\/jpeg\" \/>\n<meta name=\"twitter:card\" content=\"summary_large_image\" \/>\n<meta name=\"twitter:label1\" content=\"Tiempo de lectura\" \/>\n\t<meta name=\"twitter:data1\" content=\"1 minuto\" \/>\n<script type=\"application\/ld+json\" class=\"yoast-schema-graph\">{\"@context\":\"https:\/\/schema.org\",\"@graph\":[{\"@type\":\"WebPage\",\"@id\":\"https:\/\/demoweb.info\/sexshop001\/producto\/flowing-rosa\/\",\"url\":\"https:\/\/demoweb.info\/sexshop001\/producto\/flowing-rosa\/\",\"name\":\"FLOWING - ROSA - Tienda Er\u00f3tica\",\"isPartOf\":{\"@id\":\"https:\/\/demoweb.info\/sexshop001\/#website\"},\"datePublished\":\"2022-01-22T15:06:43+00:00\",\"dateModified\":\"2022-01-22T15:06:46+00:00\",\"breadcrumb\":{\"@id\":\"https:\/\/demoweb.info\/sexshop001\/producto\/flowing-rosa\/#breadcrumb\"},\"inLanguage\":\"es\",\"potentialAction\":[{\"@type\":\"ReadAction\",\"target\":[\"https:\/\/demoweb.info\/sexshop001\/producto\/flowing-rosa\/\"]}]},{\"@type\":\"BreadcrumbList\",\"@id\":\"https:\/\/demoweb.info\/sexshop001\/producto\/flowing-rosa\/#breadcrumb\",\"itemListElement\":[{\"@type\":\"ListItem\",\"position\":1,\"name\":\"Portada\",\"item\":\"https:\/\/demoweb.info\/sexshop001\/\"},{\"@type\":\"ListItem\",\"position\":2,\"name\":\"Tienda\",\"item\":\"https:\/\/demoweb.info\/sexshop001\/tienda\/\"},{\"@type\":\"ListItem\",\"position\":3,\"name\":\"FLOWING &#8211; ROSA\"}]},{\"@type\":\"WebSite\",\"@id\":\"https:\/\/demoweb.info\/sexshop001\/#website\",\"url\":\"https:\/\/demoweb.info\/sexshop001\/\",\"name\":\"Tienda Er\u00f3tica\",\"description\":\"DEMOWEB SL\",\"potentialAction\":[{\"@type\":\"SearchAction\",\"target\":{\"@type\":\"EntryPoint\",\"urlTemplate\":\"https:\/\/demoweb.info\/sexshop001\/?s={search_term_string}\"},\"query-input\":\"required name=search_term_string\"}],\"inLanguage\":\"es\"}]}<\/script>\n<!-- \/ Yoast SEO plugin. -->","yoast_head_json":{"title":"FLOWING - ROSA - Tienda Er\u00f3tica","robots":{"index":"noindex","follow":"follow","max-snippet":"max-snippet:-1","max-image-preview":"max-image-preview:large","max-video-preview":"max-video-preview:-1"},"og_locale":"es_ES","og_type":"article","og_title":"FLOWING - ROSA - Tienda Er\u00f3tica","og_description":"FLOWING &#8211; PINK Mjuze se convertir\u00e1 en tu dios del placer personal. El Flowing rechargeable massage wand cuenta con dos","og_url":"https:\/\/demoweb.info\/sexshop001\/producto\/flowing-rosa\/","og_site_name":"Tienda Er\u00f3tica","article_modified_time":"2022-01-22T15:06:46+00:00","og_image":[{"width":550,"height":550,"url":"https:\/\/demoweb.info\/sexshop001\/wp-content\/uploads\/2022\/01\/FLOWING-ROSA.jpg","type":"image\/jpeg"}],"twitter_card":"summary_large_image","twitter_misc":{"Tiempo de lectura":"1 minuto"},"schema":{"@context":"https:\/\/schema.org","@graph":[{"@type":"WebPage","@id":"https:\/\/demoweb.info\/sexshop001\/producto\/flowing-rosa\/","url":"https:\/\/demoweb.info\/sexshop001\/producto\/flowing-rosa\/","name":"FLOWING - ROSA - Tienda Er\u00f3tica","isPartOf":{"@id":"https:\/\/demoweb.info\/sexshop001\/#website"},"datePublished":"2022-01-22T15:06:43+00:00","dateModified":"2022-01-22T15:06:46+00:00","breadcrumb":{"@id":"https:\/\/demoweb.info\/sexshop001\/producto\/flowing-rosa\/#breadcrumb"},"inLanguage":"es","potentialAction":[{"@type":"ReadAction","target":["https:\/\/demoweb.info\/sexshop001\/producto\/flowing-rosa\/"]}]},{"@type":"BreadcrumbList","@id":"https:\/\/demoweb.info\/sexshop001\/producto\/flowing-rosa\/#breadcrumb","itemListElement":[{"@type":"ListItem","position":1,"name":"Portada","item":"https:\/\/demoweb.info\/sexshop001\/"},{"@type":"ListItem","position":2,"name":"Tienda","item":"https:\/\/demoweb.info\/sexshop001\/tienda\/"},{"@type":"ListItem","position":3,"name":"FLOWING &#8211; ROSA"}]},{"@type":"WebSite","@id":"https:\/\/demoweb.info\/sexshop001\/#website","url":"https:\/\/demoweb.info\/sexshop001\/","name":"Tienda Er\u00f3tica","description":"DEMOWEB SL","potentialAction":[{"@type":"SearchAction","target":{"@type":"EntryPoint","urlTemplate":"https:\/\/demoweb.info\/sexshop001\/?s={search_term_string}"},"query-input":"required name=search_term_string"}],"inLanguage":"es"}]}},"_links":{"self":[{"href":"https:\/\/demoweb.info\/sexshop001\/wp-json\/wp\/v3\/product\/50541","targetHints":{"allow":["GET"]}}],"collection":[{"href":"https:\/\/demoweb.info\/sexshop001\/wp-json\/wp\/v3\/product"}],"about":[{"href":"https:\/\/demoweb.info\/sexshop001\/wp-json\/wp\/v2\/types\/product"}],"replies":[{"embeddable":true,"href":"https:\/\/demoweb.info\/sexshop001\/wp-json\/wp\/v2\/comments?post=50541"}],"wp:featuredmedia":[{"embeddable":true,"href":"https:\/\/demoweb.info\/sexshop001\/wp-json\/wp\/v2\/media\/50542"}],"wp:attachment":[{"href":"https:\/\/demoweb.info\/sexshop001\/wp-json\/wp\/v2\/media?parent=50541"}],"wp:term":[{"taxonomy":"product_cat","embeddable":true,"href":"https:\/\/demoweb.info\/sexshop001\/wp-json\/wp\/v2\/product_cat?post=50541"},{"taxonomy":"product_tag","embeddable":true,"href":"https:\/\/demoweb.info\/sexshop001\/wp-json\/wp\/v2\/product_tag?post=50541"}],"curies":[{"name":"wp","href":"https:\/\/api.w.org\/{rel}","templated":true}]}}