{"id":50531,"date":"2022-01-22T16:06:20","date_gmt":"2022-01-22T15:06:20","guid":{"rendered":"https:\/\/demoweb.info\/sexshop001\/producto\/lithe-azul\/"},"modified":"2022-01-22T16:06:38","modified_gmt":"2022-01-22T15:06:38","slug":"lithe-azul","status":"publish","type":"product","link":"https:\/\/demoweb.info\/sexshop001\/producto\/lithe-azul\/","title":{"rendered":"LITHE &#8211; AZUL"},"content":{"rendered":"<p><strong>LITHE &#8211; BLUE<\/strong><\/p>\n<p>El Lithe se adapta a tus deseos. \u00a1Es el mejor amigo que una chica puede tener! Se trata de un vibrador completo y flexible que te permite usarlo en el \u00e1ngulo que desees. Sus potentes vibraciones llevar\u00e1n tu cl\u00edmax a un nuevo nivel y tanto la punta como el extremo puntiagudo cuentan con un estimulador para el cl\u00edtoris, por lo que se puede usar de ambos lados. El Lithe hace posible tanto la estimulaci\u00f3n anal como la vaginal. Gracias a su material, se ajusta r\u00e1pidamente a la temperatura corporal, y tambi\u00e9n se puede usar en la ducha.<\/p>\n<p>Caracter\u00edsticas:<br \/>\n&#8211; Rotaciones por minuto: 10,000 RPM<br \/>\n&#8211; Velocidades: 10<br \/>\n&#8211; Nivel de ruido: Max, 50 dB<br \/>\n&#8211; Longitud Total: 33,3 cm<br \/>\n&#8211; Di\u00e1metro Total: 4 cm<br \/>\n&#8211; Longitud Insertable: 22 cm<br \/>\n&#8211; Recargable con USB<br \/>\n&#8211; Tiempo de carga de la bater\u00eda: 180 minutos<br \/>\n&#8211; Duraci\u00f3n de la bater\u00eda: 60 minutos<br \/>\n&#8211; Material: Silicona<br \/>\n&#8211; Resistente al agua<br \/>\n&#8211; Sin phalatos<\/p>\n","protected":false},"excerpt":{"rendered":"<p>LITHE &#8211; BLUE El Lithe se adapta a tus deseos. \u00a1Es el mejor amigo que una chica puede tener! Se<\/p>\n","protected":false},"featured_media":50532,"comment_status":"open","ping_status":"open","template":"","meta":[],"product_cat":[370],"product_tag":[1467,302],"class_list":["post-50531","product","type-product","status-publish","has-post-thumbnail","hentry","product_cat-clitoris","product_tag-mjuze","product_tag-shots"],"bundled_by":[],"bundle_stock_status":"instock","bundle_stock_quantity":4,"bundle_virtual":false,"bundle_layout":"","bundle_add_to_cart_form_location":"","bundle_editable_in_cart":false,"bundle_sold_individually_context":"","bundle_item_grouping":"","bundle_min_size":"","bundle_max_size":"","bundled_items":[],"yoast_head":"<!-- This site is optimized with the Yoast SEO plugin v20.6 - https:\/\/yoast.com\/wordpress\/plugins\/seo\/ -->\n<title>LITHE - AZUL - Tienda Er\u00f3tica<\/title>\n<meta name=\"robots\" content=\"noindex, follow, max-snippet:-1, max-image-preview:large, max-video-preview:-1\" \/>\n<meta property=\"og:locale\" content=\"es_ES\" \/>\n<meta property=\"og:type\" content=\"article\" \/>\n<meta property=\"og:title\" content=\"LITHE - AZUL - Tienda Er\u00f3tica\" \/>\n<meta property=\"og:description\" content=\"LITHE &#8211; BLUE El Lithe se adapta a tus deseos. \u00a1Es el mejor amigo que una chica puede tener! Se\" \/>\n<meta property=\"og:url\" content=\"https:\/\/demoweb.info\/sexshop001\/producto\/lithe-azul\/\" \/>\n<meta property=\"og:site_name\" content=\"Tienda Er\u00f3tica\" \/>\n<meta property=\"article:modified_time\" content=\"2022-01-22T15:06:38+00:00\" \/>\n<meta property=\"og:image\" content=\"https:\/\/demoweb.info\/sexshop001\/wp-content\/uploads\/2022\/01\/LITHE-AZUL.jpg\" \/>\n\t<meta property=\"og:image:width\" content=\"550\" \/>\n\t<meta property=\"og:image:height\" content=\"550\" \/>\n\t<meta property=\"og:image:type\" content=\"image\/jpeg\" \/>\n<meta name=\"twitter:card\" content=\"summary_large_image\" \/>\n<meta name=\"twitter:label1\" content=\"Tiempo de lectura\" \/>\n\t<meta name=\"twitter:data1\" content=\"1 minuto\" \/>\n<script type=\"application\/ld+json\" class=\"yoast-schema-graph\">{\"@context\":\"https:\/\/schema.org\",\"@graph\":[{\"@type\":\"WebPage\",\"@id\":\"https:\/\/demoweb.info\/sexshop001\/producto\/lithe-azul\/\",\"url\":\"https:\/\/demoweb.info\/sexshop001\/producto\/lithe-azul\/\",\"name\":\"LITHE - AZUL - Tienda Er\u00f3tica\",\"isPartOf\":{\"@id\":\"https:\/\/demoweb.info\/sexshop001\/#website\"},\"datePublished\":\"2022-01-22T15:06:20+00:00\",\"dateModified\":\"2022-01-22T15:06:38+00:00\",\"breadcrumb\":{\"@id\":\"https:\/\/demoweb.info\/sexshop001\/producto\/lithe-azul\/#breadcrumb\"},\"inLanguage\":\"es\",\"potentialAction\":[{\"@type\":\"ReadAction\",\"target\":[\"https:\/\/demoweb.info\/sexshop001\/producto\/lithe-azul\/\"]}]},{\"@type\":\"BreadcrumbList\",\"@id\":\"https:\/\/demoweb.info\/sexshop001\/producto\/lithe-azul\/#breadcrumb\",\"itemListElement\":[{\"@type\":\"ListItem\",\"position\":1,\"name\":\"Portada\",\"item\":\"https:\/\/demoweb.info\/sexshop001\/\"},{\"@type\":\"ListItem\",\"position\":2,\"name\":\"Tienda\",\"item\":\"https:\/\/demoweb.info\/sexshop001\/tienda\/\"},{\"@type\":\"ListItem\",\"position\":3,\"name\":\"LITHE &#8211; AZUL\"}]},{\"@type\":\"WebSite\",\"@id\":\"https:\/\/demoweb.info\/sexshop001\/#website\",\"url\":\"https:\/\/demoweb.info\/sexshop001\/\",\"name\":\"Tienda Er\u00f3tica\",\"description\":\"DEMOWEB SL\",\"potentialAction\":[{\"@type\":\"SearchAction\",\"target\":{\"@type\":\"EntryPoint\",\"urlTemplate\":\"https:\/\/demoweb.info\/sexshop001\/?s={search_term_string}\"},\"query-input\":\"required name=search_term_string\"}],\"inLanguage\":\"es\"}]}<\/script>\n<!-- \/ Yoast SEO plugin. -->","yoast_head_json":{"title":"LITHE - AZUL - Tienda Er\u00f3tica","robots":{"index":"noindex","follow":"follow","max-snippet":"max-snippet:-1","max-image-preview":"max-image-preview:large","max-video-preview":"max-video-preview:-1"},"og_locale":"es_ES","og_type":"article","og_title":"LITHE - AZUL - Tienda Er\u00f3tica","og_description":"LITHE &#8211; BLUE El Lithe se adapta a tus deseos. \u00a1Es el mejor amigo que una chica puede tener! Se","og_url":"https:\/\/demoweb.info\/sexshop001\/producto\/lithe-azul\/","og_site_name":"Tienda Er\u00f3tica","article_modified_time":"2022-01-22T15:06:38+00:00","og_image":[{"width":550,"height":550,"url":"https:\/\/demoweb.info\/sexshop001\/wp-content\/uploads\/2022\/01\/LITHE-AZUL.jpg","type":"image\/jpeg"}],"twitter_card":"summary_large_image","twitter_misc":{"Tiempo de lectura":"1 minuto"},"schema":{"@context":"https:\/\/schema.org","@graph":[{"@type":"WebPage","@id":"https:\/\/demoweb.info\/sexshop001\/producto\/lithe-azul\/","url":"https:\/\/demoweb.info\/sexshop001\/producto\/lithe-azul\/","name":"LITHE - AZUL - Tienda Er\u00f3tica","isPartOf":{"@id":"https:\/\/demoweb.info\/sexshop001\/#website"},"datePublished":"2022-01-22T15:06:20+00:00","dateModified":"2022-01-22T15:06:38+00:00","breadcrumb":{"@id":"https:\/\/demoweb.info\/sexshop001\/producto\/lithe-azul\/#breadcrumb"},"inLanguage":"es","potentialAction":[{"@type":"ReadAction","target":["https:\/\/demoweb.info\/sexshop001\/producto\/lithe-azul\/"]}]},{"@type":"BreadcrumbList","@id":"https:\/\/demoweb.info\/sexshop001\/producto\/lithe-azul\/#breadcrumb","itemListElement":[{"@type":"ListItem","position":1,"name":"Portada","item":"https:\/\/demoweb.info\/sexshop001\/"},{"@type":"ListItem","position":2,"name":"Tienda","item":"https:\/\/demoweb.info\/sexshop001\/tienda\/"},{"@type":"ListItem","position":3,"name":"LITHE &#8211; AZUL"}]},{"@type":"WebSite","@id":"https:\/\/demoweb.info\/sexshop001\/#website","url":"https:\/\/demoweb.info\/sexshop001\/","name":"Tienda Er\u00f3tica","description":"DEMOWEB SL","potentialAction":[{"@type":"SearchAction","target":{"@type":"EntryPoint","urlTemplate":"https:\/\/demoweb.info\/sexshop001\/?s={search_term_string}"},"query-input":"required name=search_term_string"}],"inLanguage":"es"}]}},"_links":{"self":[{"href":"https:\/\/demoweb.info\/sexshop001\/wp-json\/wp\/v3\/product\/50531","targetHints":{"allow":["GET"]}}],"collection":[{"href":"https:\/\/demoweb.info\/sexshop001\/wp-json\/wp\/v3\/product"}],"about":[{"href":"https:\/\/demoweb.info\/sexshop001\/wp-json\/wp\/v2\/types\/product"}],"replies":[{"embeddable":true,"href":"https:\/\/demoweb.info\/sexshop001\/wp-json\/wp\/v2\/comments?post=50531"}],"wp:featuredmedia":[{"embeddable":true,"href":"https:\/\/demoweb.info\/sexshop001\/wp-json\/wp\/v2\/media\/50532"}],"wp:attachment":[{"href":"https:\/\/demoweb.info\/sexshop001\/wp-json\/wp\/v2\/media?parent=50531"}],"wp:term":[{"taxonomy":"product_cat","embeddable":true,"href":"https:\/\/demoweb.info\/sexshop001\/wp-json\/wp\/v2\/product_cat?post=50531"},{"taxonomy":"product_tag","embeddable":true,"href":"https:\/\/demoweb.info\/sexshop001\/wp-json\/wp\/v2\/product_tag?post=50531"}],"curies":[{"name":"wp","href":"https:\/\/api.w.org\/{rel}","templated":true}]}}