{"id":50514,"date":"2022-01-22T16:06:20","date_gmt":"2022-01-22T15:06:20","guid":{"rendered":"https:\/\/demoweb.info\/sexshop001\/producto\/pdx-cock-compressor-masturbador-con-vibracion-vagina\/"},"modified":"2022-01-22T16:06:26","modified_gmt":"2022-01-22T15:06:26","slug":"pdx-cock-compressor-masturbador-con-vibracion-vagina","status":"publish","type":"product","link":"https:\/\/demoweb.info\/sexshop001\/producto\/pdx-cock-compressor-masturbador-con-vibracion-vagina\/","title":{"rendered":"PDX COCK COMPRESSOR MASTURBADOR CON VIBRACI\u00d3N VAGINA"},"content":{"rendered":"<p><strong>PDX COCK COMPRESSOR VIBR STROKER<\/strong><\/p>\n<p>PDX Elite Cock Compressor Vibrador Stroker te descubrir\u00e1 una incre\u00edble acci\u00f3n de multi-succi\u00f3n y masturbaci\u00f3n.<\/p>\n<p>&#8211; Material Flesh Fanta Lifelike &#8211; Este material s\u00faper suave imita la sensaci\u00f3n y el calor de la piel real.<\/p>\n<p>&#8211; Poderosas funciones de vibraci\u00f3n &#8211; Un motor recargable proporciona 10 patrones de vibraciones estimulantes. (Pulsar una vez para activar y mantener pulsado durante 3 segundos para liberar).<\/p>\n<p>&#8211; Bolsa de aire de 5 funciones &#8211; Control de presi\u00f3n &#8211; El dise\u00f1o avanzado del airbag aplica s\u00f3lo la cantidad correcta de presi\u00f3n para una sensaci\u00f3n agradable. (Pulsar para activar y mantener pulsado durante 3 segundos para liberar).<\/p>\n<p>&#8211; Air Tight S\u00faper Succi\u00f3n &#8211; Aprieta y libera el placer con la presi\u00f3n de un bot\u00f3n.<\/p>\n<p>&#8211; Ventosa de bloqueo ajustable &#8211; La succi\u00f3n potente permite un acoplamiento a casi todas las superficies planas con un innovador dise\u00f1o de bloqueo de torsi\u00f3n para una conexi\u00f3n de fuerza extra.<\/p>\n<p>&#8211; Resistente al agua.<\/p>\n<p>&#8211; Recargable con USB.<\/p><\/p>\n","protected":false},"excerpt":{"rendered":"<p>PDX COCK COMPRESSOR VIBR STROKER PDX Elite Cock Compressor Vibrador Stroker te descubrir\u00e1 una incre\u00edble acci\u00f3n de multi-succi\u00f3n y masturbaci\u00f3n.<\/p>\n","protected":false},"featured_media":50515,"comment_status":"open","ping_status":"open","template":"","meta":[],"product_cat":[541],"product_tag":[561,259],"class_list":["post-50514","product","type-product","status-publish","has-post-thumbnail","hentry","product_cat-vaginas","product_tag-extreme-toyz","product_tag-pipedream"],"bundled_by":[],"bundle_stock_status":"outofstock","bundle_stock_quantity":0,"bundle_virtual":false,"bundle_layout":"","bundle_add_to_cart_form_location":"","bundle_editable_in_cart":false,"bundle_sold_individually_context":"","bundle_item_grouping":"","bundle_min_size":"","bundle_max_size":"","bundled_items":[],"yoast_head":"<!-- This site is optimized with the Yoast SEO plugin v20.6 - https:\/\/yoast.com\/wordpress\/plugins\/seo\/ -->\n<title>PDX COCK COMPRESSOR MASTURBADOR CON VIBRACI\u00d3N VAGINA - Tienda Er\u00f3tica<\/title>\n<meta name=\"robots\" content=\"noindex, follow, max-snippet:-1, max-image-preview:large, max-video-preview:-1\" \/>\n<meta property=\"og:locale\" content=\"es_ES\" \/>\n<meta property=\"og:type\" content=\"article\" \/>\n<meta property=\"og:title\" content=\"PDX COCK COMPRESSOR MASTURBADOR CON VIBRACI\u00d3N VAGINA - Tienda Er\u00f3tica\" \/>\n<meta property=\"og:description\" content=\"PDX COCK COMPRESSOR VIBR STROKER PDX Elite Cock Compressor Vibrador Stroker te descubrir\u00e1 una incre\u00edble acci\u00f3n de multi-succi\u00f3n y masturbaci\u00f3n.\" \/>\n<meta property=\"og:url\" content=\"https:\/\/demoweb.info\/sexshop001\/producto\/pdx-cock-compressor-masturbador-con-vibracion-vagina\/\" \/>\n<meta property=\"og:site_name\" content=\"Tienda Er\u00f3tica\" \/>\n<meta property=\"article:modified_time\" content=\"2022-01-22T15:06:26+00:00\" \/>\n<meta property=\"og:image\" content=\"https:\/\/demoweb.info\/sexshop001\/wp-content\/uploads\/2022\/01\/PDX-COCK-COMPRESSOR-MASTURBADOR-CON-VIBRACION-VAGINA.jpg\" \/>\n\t<meta property=\"og:image:width\" content=\"550\" \/>\n\t<meta property=\"og:image:height\" content=\"550\" \/>\n\t<meta property=\"og:image:type\" content=\"image\/jpeg\" \/>\n<meta name=\"twitter:card\" content=\"summary_large_image\" \/>\n<meta name=\"twitter:label1\" content=\"Tiempo de lectura\" \/>\n\t<meta name=\"twitter:data1\" content=\"1 minuto\" \/>\n<script type=\"application\/ld+json\" class=\"yoast-schema-graph\">{\"@context\":\"https:\/\/schema.org\",\"@graph\":[{\"@type\":\"WebPage\",\"@id\":\"https:\/\/demoweb.info\/sexshop001\/producto\/pdx-cock-compressor-masturbador-con-vibracion-vagina\/\",\"url\":\"https:\/\/demoweb.info\/sexshop001\/producto\/pdx-cock-compressor-masturbador-con-vibracion-vagina\/\",\"name\":\"PDX COCK COMPRESSOR MASTURBADOR CON VIBRACI\u00d3N VAGINA - Tienda Er\u00f3tica\",\"isPartOf\":{\"@id\":\"https:\/\/demoweb.info\/sexshop001\/#website\"},\"datePublished\":\"2022-01-22T15:06:20+00:00\",\"dateModified\":\"2022-01-22T15:06:26+00:00\",\"breadcrumb\":{\"@id\":\"https:\/\/demoweb.info\/sexshop001\/producto\/pdx-cock-compressor-masturbador-con-vibracion-vagina\/#breadcrumb\"},\"inLanguage\":\"es\",\"potentialAction\":[{\"@type\":\"ReadAction\",\"target\":[\"https:\/\/demoweb.info\/sexshop001\/producto\/pdx-cock-compressor-masturbador-con-vibracion-vagina\/\"]}]},{\"@type\":\"BreadcrumbList\",\"@id\":\"https:\/\/demoweb.info\/sexshop001\/producto\/pdx-cock-compressor-masturbador-con-vibracion-vagina\/#breadcrumb\",\"itemListElement\":[{\"@type\":\"ListItem\",\"position\":1,\"name\":\"Portada\",\"item\":\"https:\/\/demoweb.info\/sexshop001\/\"},{\"@type\":\"ListItem\",\"position\":2,\"name\":\"Tienda\",\"item\":\"https:\/\/demoweb.info\/sexshop001\/tienda\/\"},{\"@type\":\"ListItem\",\"position\":3,\"name\":\"PDX COCK COMPRESSOR MASTURBADOR CON VIBRACI\u00d3N VAGINA\"}]},{\"@type\":\"WebSite\",\"@id\":\"https:\/\/demoweb.info\/sexshop001\/#website\",\"url\":\"https:\/\/demoweb.info\/sexshop001\/\",\"name\":\"Tienda Er\u00f3tica\",\"description\":\"DEMOWEB SL\",\"potentialAction\":[{\"@type\":\"SearchAction\",\"target\":{\"@type\":\"EntryPoint\",\"urlTemplate\":\"https:\/\/demoweb.info\/sexshop001\/?s={search_term_string}\"},\"query-input\":\"required name=search_term_string\"}],\"inLanguage\":\"es\"}]}<\/script>\n<!-- \/ Yoast SEO plugin. -->","yoast_head_json":{"title":"PDX COCK COMPRESSOR MASTURBADOR CON VIBRACI\u00d3N VAGINA - Tienda Er\u00f3tica","robots":{"index":"noindex","follow":"follow","max-snippet":"max-snippet:-1","max-image-preview":"max-image-preview:large","max-video-preview":"max-video-preview:-1"},"og_locale":"es_ES","og_type":"article","og_title":"PDX COCK COMPRESSOR MASTURBADOR CON VIBRACI\u00d3N VAGINA - Tienda Er\u00f3tica","og_description":"PDX COCK COMPRESSOR VIBR STROKER PDX Elite Cock Compressor Vibrador Stroker te descubrir\u00e1 una incre\u00edble acci\u00f3n de multi-succi\u00f3n y masturbaci\u00f3n.","og_url":"https:\/\/demoweb.info\/sexshop001\/producto\/pdx-cock-compressor-masturbador-con-vibracion-vagina\/","og_site_name":"Tienda Er\u00f3tica","article_modified_time":"2022-01-22T15:06:26+00:00","og_image":[{"width":550,"height":550,"url":"https:\/\/demoweb.info\/sexshop001\/wp-content\/uploads\/2022\/01\/PDX-COCK-COMPRESSOR-MASTURBADOR-CON-VIBRACION-VAGINA.jpg","type":"image\/jpeg"}],"twitter_card":"summary_large_image","twitter_misc":{"Tiempo de lectura":"1 minuto"},"schema":{"@context":"https:\/\/schema.org","@graph":[{"@type":"WebPage","@id":"https:\/\/demoweb.info\/sexshop001\/producto\/pdx-cock-compressor-masturbador-con-vibracion-vagina\/","url":"https:\/\/demoweb.info\/sexshop001\/producto\/pdx-cock-compressor-masturbador-con-vibracion-vagina\/","name":"PDX COCK COMPRESSOR MASTURBADOR CON VIBRACI\u00d3N VAGINA - Tienda Er\u00f3tica","isPartOf":{"@id":"https:\/\/demoweb.info\/sexshop001\/#website"},"datePublished":"2022-01-22T15:06:20+00:00","dateModified":"2022-01-22T15:06:26+00:00","breadcrumb":{"@id":"https:\/\/demoweb.info\/sexshop001\/producto\/pdx-cock-compressor-masturbador-con-vibracion-vagina\/#breadcrumb"},"inLanguage":"es","potentialAction":[{"@type":"ReadAction","target":["https:\/\/demoweb.info\/sexshop001\/producto\/pdx-cock-compressor-masturbador-con-vibracion-vagina\/"]}]},{"@type":"BreadcrumbList","@id":"https:\/\/demoweb.info\/sexshop001\/producto\/pdx-cock-compressor-masturbador-con-vibracion-vagina\/#breadcrumb","itemListElement":[{"@type":"ListItem","position":1,"name":"Portada","item":"https:\/\/demoweb.info\/sexshop001\/"},{"@type":"ListItem","position":2,"name":"Tienda","item":"https:\/\/demoweb.info\/sexshop001\/tienda\/"},{"@type":"ListItem","position":3,"name":"PDX COCK COMPRESSOR MASTURBADOR CON VIBRACI\u00d3N VAGINA"}]},{"@type":"WebSite","@id":"https:\/\/demoweb.info\/sexshop001\/#website","url":"https:\/\/demoweb.info\/sexshop001\/","name":"Tienda Er\u00f3tica","description":"DEMOWEB SL","potentialAction":[{"@type":"SearchAction","target":{"@type":"EntryPoint","urlTemplate":"https:\/\/demoweb.info\/sexshop001\/?s={search_term_string}"},"query-input":"required name=search_term_string"}],"inLanguage":"es"}]}},"_links":{"self":[{"href":"https:\/\/demoweb.info\/sexshop001\/wp-json\/wp\/v3\/product\/50514","targetHints":{"allow":["GET"]}}],"collection":[{"href":"https:\/\/demoweb.info\/sexshop001\/wp-json\/wp\/v3\/product"}],"about":[{"href":"https:\/\/demoweb.info\/sexshop001\/wp-json\/wp\/v2\/types\/product"}],"replies":[{"embeddable":true,"href":"https:\/\/demoweb.info\/sexshop001\/wp-json\/wp\/v2\/comments?post=50514"}],"wp:featuredmedia":[{"embeddable":true,"href":"https:\/\/demoweb.info\/sexshop001\/wp-json\/wp\/v2\/media\/50515"}],"wp:attachment":[{"href":"https:\/\/demoweb.info\/sexshop001\/wp-json\/wp\/v2\/media?parent=50514"}],"wp:term":[{"taxonomy":"product_cat","embeddable":true,"href":"https:\/\/demoweb.info\/sexshop001\/wp-json\/wp\/v2\/product_cat?post=50514"},{"taxonomy":"product_tag","embeddable":true,"href":"https:\/\/demoweb.info\/sexshop001\/wp-json\/wp\/v2\/product_tag?post=50514"}],"curies":[{"name":"wp","href":"https:\/\/api.w.org\/{rel}","templated":true}]}}