{"id":50179,"date":"2022-01-22T16:02:03","date_gmt":"2022-01-22T15:02:03","guid":{"rendered":"https:\/\/demoweb.info\/sexshop001\/producto\/bondage-teazer-kit\/"},"modified":"2022-01-22T16:02:17","modified_gmt":"2022-01-22T15:02:17","slug":"bondage-teazer-kit","status":"publish","type":"product","link":"https:\/\/demoweb.info\/sexshop001\/producto\/bondage-teazer-kit\/","title":{"rendered":"BONDAGE TEAZER KIT"},"content":{"rendered":"<p><strong>FF BONDAGE TEAZER KIT <\/strong><\/p>\n<p>Convierte tu dormitorio en un patio de recreo er\u00f3tico con este incre\u00edble kit de seducci\u00f3n. Todo lo que necesitas para explorar tus fantas\u00edas fetichistas est\u00e1 incluido en este kit. Las posibilidades son infinitas&#8230; y tambi\u00e9n lo es la diversi\u00f3n.<\/p>\n<p>El kit incluye:<\/p>\n<ul>\n<li>M\u00e1scara Satin Love<\/li>\n<li>Pluma estimuladora<\/li>\n<li>Esposas de peluche<\/li>\n<li>L\u00e1tigo de piel<\/li>\n<li>L\u00e1tigo de bolas<\/li>\n<\/ul>\n","protected":false},"excerpt":{"rendered":"<p>FF BONDAGE TEAZER KIT Convierte tu dormitorio en un patio de recreo er\u00f3tico con este incre\u00edble kit de seducci\u00f3n. Todo<\/p>\n","protected":false},"featured_media":50180,"comment_status":"open","ping_status":"open","template":"","meta":[],"product_cat":[266],"product_tag":[260,259],"class_list":["post-50179","product","type-product","status-publish","has-post-thumbnail","hentry","product_cat-san-valentin","product_tag-fetish-fantasy-series","product_tag-pipedream"],"bundled_by":[],"bundle_stock_status":"instock","bundle_stock_quantity":6,"bundle_virtual":false,"bundle_layout":"","bundle_add_to_cart_form_location":"","bundle_editable_in_cart":false,"bundle_sold_individually_context":"","bundle_item_grouping":"","bundle_min_size":"","bundle_max_size":"","bundled_items":[],"yoast_head":"<!-- This site is optimized with the Yoast SEO plugin v20.6 - https:\/\/yoast.com\/wordpress\/plugins\/seo\/ -->\n<title>BONDAGE TEAZER KIT - Tienda Er\u00f3tica<\/title>\n<meta name=\"robots\" content=\"noindex, follow, max-snippet:-1, max-image-preview:large, max-video-preview:-1\" \/>\n<meta property=\"og:locale\" content=\"es_ES\" \/>\n<meta property=\"og:type\" content=\"article\" \/>\n<meta property=\"og:title\" content=\"BONDAGE TEAZER KIT - Tienda Er\u00f3tica\" \/>\n<meta property=\"og:description\" content=\"FF BONDAGE TEAZER KIT Convierte tu dormitorio en un patio de recreo er\u00f3tico con este incre\u00edble kit de seducci\u00f3n. Todo\" \/>\n<meta property=\"og:url\" content=\"https:\/\/demoweb.info\/sexshop001\/producto\/bondage-teazer-kit\/\" \/>\n<meta property=\"og:site_name\" content=\"Tienda Er\u00f3tica\" \/>\n<meta property=\"article:modified_time\" content=\"2022-01-22T15:02:17+00:00\" \/>\n<meta property=\"og:image\" content=\"https:\/\/demoweb.info\/sexshop001\/wp-content\/uploads\/2022\/01\/BONDAGE-TEAZER-KIT.jpg\" \/>\n\t<meta property=\"og:image:width\" content=\"550\" \/>\n\t<meta property=\"og:image:height\" content=\"550\" \/>\n\t<meta property=\"og:image:type\" content=\"image\/jpeg\" \/>\n<meta name=\"twitter:card\" content=\"summary_large_image\" \/>\n<script type=\"application\/ld+json\" class=\"yoast-schema-graph\">{\"@context\":\"https:\/\/schema.org\",\"@graph\":[{\"@type\":\"WebPage\",\"@id\":\"https:\/\/demoweb.info\/sexshop001\/producto\/bondage-teazer-kit\/\",\"url\":\"https:\/\/demoweb.info\/sexshop001\/producto\/bondage-teazer-kit\/\",\"name\":\"BONDAGE TEAZER KIT - Tienda Er\u00f3tica\",\"isPartOf\":{\"@id\":\"https:\/\/demoweb.info\/sexshop001\/#website\"},\"datePublished\":\"2022-01-22T15:02:03+00:00\",\"dateModified\":\"2022-01-22T15:02:17+00:00\",\"breadcrumb\":{\"@id\":\"https:\/\/demoweb.info\/sexshop001\/producto\/bondage-teazer-kit\/#breadcrumb\"},\"inLanguage\":\"es\",\"potentialAction\":[{\"@type\":\"ReadAction\",\"target\":[\"https:\/\/demoweb.info\/sexshop001\/producto\/bondage-teazer-kit\/\"]}]},{\"@type\":\"BreadcrumbList\",\"@id\":\"https:\/\/demoweb.info\/sexshop001\/producto\/bondage-teazer-kit\/#breadcrumb\",\"itemListElement\":[{\"@type\":\"ListItem\",\"position\":1,\"name\":\"Portada\",\"item\":\"https:\/\/demoweb.info\/sexshop001\/\"},{\"@type\":\"ListItem\",\"position\":2,\"name\":\"Tienda\",\"item\":\"https:\/\/demoweb.info\/sexshop001\/tienda\/\"},{\"@type\":\"ListItem\",\"position\":3,\"name\":\"BONDAGE TEAZER KIT\"}]},{\"@type\":\"WebSite\",\"@id\":\"https:\/\/demoweb.info\/sexshop001\/#website\",\"url\":\"https:\/\/demoweb.info\/sexshop001\/\",\"name\":\"Tienda Er\u00f3tica\",\"description\":\"DEMOWEB SL\",\"potentialAction\":[{\"@type\":\"SearchAction\",\"target\":{\"@type\":\"EntryPoint\",\"urlTemplate\":\"https:\/\/demoweb.info\/sexshop001\/?s={search_term_string}\"},\"query-input\":\"required name=search_term_string\"}],\"inLanguage\":\"es\"}]}<\/script>\n<!-- \/ Yoast SEO plugin. -->","yoast_head_json":{"title":"BONDAGE TEAZER KIT - Tienda Er\u00f3tica","robots":{"index":"noindex","follow":"follow","max-snippet":"max-snippet:-1","max-image-preview":"max-image-preview:large","max-video-preview":"max-video-preview:-1"},"og_locale":"es_ES","og_type":"article","og_title":"BONDAGE TEAZER KIT - Tienda Er\u00f3tica","og_description":"FF BONDAGE TEAZER KIT Convierte tu dormitorio en un patio de recreo er\u00f3tico con este incre\u00edble kit de seducci\u00f3n. Todo","og_url":"https:\/\/demoweb.info\/sexshop001\/producto\/bondage-teazer-kit\/","og_site_name":"Tienda Er\u00f3tica","article_modified_time":"2022-01-22T15:02:17+00:00","og_image":[{"width":550,"height":550,"url":"https:\/\/demoweb.info\/sexshop001\/wp-content\/uploads\/2022\/01\/BONDAGE-TEAZER-KIT.jpg","type":"image\/jpeg"}],"twitter_card":"summary_large_image","schema":{"@context":"https:\/\/schema.org","@graph":[{"@type":"WebPage","@id":"https:\/\/demoweb.info\/sexshop001\/producto\/bondage-teazer-kit\/","url":"https:\/\/demoweb.info\/sexshop001\/producto\/bondage-teazer-kit\/","name":"BONDAGE TEAZER KIT - Tienda Er\u00f3tica","isPartOf":{"@id":"https:\/\/demoweb.info\/sexshop001\/#website"},"datePublished":"2022-01-22T15:02:03+00:00","dateModified":"2022-01-22T15:02:17+00:00","breadcrumb":{"@id":"https:\/\/demoweb.info\/sexshop001\/producto\/bondage-teazer-kit\/#breadcrumb"},"inLanguage":"es","potentialAction":[{"@type":"ReadAction","target":["https:\/\/demoweb.info\/sexshop001\/producto\/bondage-teazer-kit\/"]}]},{"@type":"BreadcrumbList","@id":"https:\/\/demoweb.info\/sexshop001\/producto\/bondage-teazer-kit\/#breadcrumb","itemListElement":[{"@type":"ListItem","position":1,"name":"Portada","item":"https:\/\/demoweb.info\/sexshop001\/"},{"@type":"ListItem","position":2,"name":"Tienda","item":"https:\/\/demoweb.info\/sexshop001\/tienda\/"},{"@type":"ListItem","position":3,"name":"BONDAGE TEAZER KIT"}]},{"@type":"WebSite","@id":"https:\/\/demoweb.info\/sexshop001\/#website","url":"https:\/\/demoweb.info\/sexshop001\/","name":"Tienda Er\u00f3tica","description":"DEMOWEB SL","potentialAction":[{"@type":"SearchAction","target":{"@type":"EntryPoint","urlTemplate":"https:\/\/demoweb.info\/sexshop001\/?s={search_term_string}"},"query-input":"required name=search_term_string"}],"inLanguage":"es"}]}},"_links":{"self":[{"href":"https:\/\/demoweb.info\/sexshop001\/wp-json\/wp\/v3\/product\/50179","targetHints":{"allow":["GET"]}}],"collection":[{"href":"https:\/\/demoweb.info\/sexshop001\/wp-json\/wp\/v3\/product"}],"about":[{"href":"https:\/\/demoweb.info\/sexshop001\/wp-json\/wp\/v2\/types\/product"}],"replies":[{"embeddable":true,"href":"https:\/\/demoweb.info\/sexshop001\/wp-json\/wp\/v2\/comments?post=50179"}],"wp:featuredmedia":[{"embeddable":true,"href":"https:\/\/demoweb.info\/sexshop001\/wp-json\/wp\/v2\/media\/50180"}],"wp:attachment":[{"href":"https:\/\/demoweb.info\/sexshop001\/wp-json\/wp\/v2\/media?parent=50179"}],"wp:term":[{"taxonomy":"product_cat","embeddable":true,"href":"https:\/\/demoweb.info\/sexshop001\/wp-json\/wp\/v2\/product_cat?post=50179"},{"taxonomy":"product_tag","embeddable":true,"href":"https:\/\/demoweb.info\/sexshop001\/wp-json\/wp\/v2\/product_tag?post=50179"}],"curies":[{"name":"wp","href":"https:\/\/api.w.org\/{rel}","templated":true}]}}