{"id":50174,"date":"2022-01-22T16:02:03","date_gmt":"2022-01-22T15:02:03","guid":{"rendered":"https:\/\/demoweb.info\/sexshop001\/producto\/tease-and-please-kit\/"},"modified":"2022-01-22T16:02:14","modified_gmt":"2022-01-22T15:02:14","slug":"tease-and-please-kit","status":"publish","type":"product","link":"https:\/\/demoweb.info\/sexshop001\/producto\/tease-and-please-kit\/","title":{"rendered":"TEASE AND PLEASE KIT"},"content":{"rendered":"<p><strong>FF TEASE AND PLEASE KIT <\/strong><\/p>\n<p>Convierte tu dormitorio en un patio de recreo er\u00f3tico con este incre\u00edble kit de seducci\u00f3n. Todo lo que necesitas para explorar tus fantas\u00edas fetichistas est\u00e1 incluido en este kit. Las posibilidades son infinitas&#8230; y tambi\u00e9n lo es la diversi\u00f3n.<\/p>\n<p>El kit incluye:<\/p>\n<ul>\n<li>M\u00e1scara Satin Love<\/li>\n<li>Mordaza<\/li>\n<li>L\u00e1tigo<\/li>\n<li>Juego de dados<\/li>\n<li>Pluma estimuladora<\/li>\n<\/ul>\n","protected":false},"excerpt":{"rendered":"<p>FF TEASE AND PLEASE KIT Convierte tu dormitorio en un patio de recreo er\u00f3tico con este incre\u00edble kit de seducci\u00f3n.<\/p>\n","protected":false},"featured_media":50175,"comment_status":"open","ping_status":"open","template":"","meta":[],"product_cat":[266],"product_tag":[260,259],"class_list":["post-50174","product","type-product","status-publish","has-post-thumbnail","hentry","product_cat-san-valentin","product_tag-fetish-fantasy-series","product_tag-pipedream"],"bundled_by":[],"bundle_stock_status":"instock","bundle_stock_quantity":2,"bundle_virtual":false,"bundle_layout":"","bundle_add_to_cart_form_location":"","bundle_editable_in_cart":false,"bundle_sold_individually_context":"","bundle_item_grouping":"","bundle_min_size":"","bundle_max_size":"","bundled_items":[],"yoast_head":"<!-- This site is optimized with the Yoast SEO plugin v20.6 - https:\/\/yoast.com\/wordpress\/plugins\/seo\/ -->\n<title>TEASE AND PLEASE KIT - Tienda Er\u00f3tica<\/title>\n<meta name=\"robots\" content=\"noindex, follow, max-snippet:-1, max-image-preview:large, max-video-preview:-1\" \/>\n<meta property=\"og:locale\" content=\"es_ES\" \/>\n<meta property=\"og:type\" content=\"article\" \/>\n<meta property=\"og:title\" content=\"TEASE AND PLEASE KIT - Tienda Er\u00f3tica\" \/>\n<meta property=\"og:description\" content=\"FF TEASE AND PLEASE KIT Convierte tu dormitorio en un patio de recreo er\u00f3tico con este incre\u00edble kit de seducci\u00f3n.\" \/>\n<meta property=\"og:url\" content=\"https:\/\/demoweb.info\/sexshop001\/producto\/tease-and-please-kit\/\" \/>\n<meta property=\"og:site_name\" content=\"Tienda Er\u00f3tica\" \/>\n<meta property=\"article:modified_time\" content=\"2022-01-22T15:02:14+00:00\" \/>\n<meta property=\"og:image\" content=\"https:\/\/demoweb.info\/sexshop001\/wp-content\/uploads\/2022\/01\/TEASE-AND-PLEASE-KIT.jpg\" \/>\n\t<meta property=\"og:image:width\" content=\"550\" \/>\n\t<meta property=\"og:image:height\" content=\"550\" \/>\n\t<meta property=\"og:image:type\" content=\"image\/jpeg\" \/>\n<meta name=\"twitter:card\" content=\"summary_large_image\" \/>\n<script type=\"application\/ld+json\" class=\"yoast-schema-graph\">{\"@context\":\"https:\/\/schema.org\",\"@graph\":[{\"@type\":\"WebPage\",\"@id\":\"https:\/\/demoweb.info\/sexshop001\/producto\/tease-and-please-kit\/\",\"url\":\"https:\/\/demoweb.info\/sexshop001\/producto\/tease-and-please-kit\/\",\"name\":\"TEASE AND PLEASE KIT - Tienda Er\u00f3tica\",\"isPartOf\":{\"@id\":\"https:\/\/demoweb.info\/sexshop001\/#website\"},\"datePublished\":\"2022-01-22T15:02:03+00:00\",\"dateModified\":\"2022-01-22T15:02:14+00:00\",\"breadcrumb\":{\"@id\":\"https:\/\/demoweb.info\/sexshop001\/producto\/tease-and-please-kit\/#breadcrumb\"},\"inLanguage\":\"es\",\"potentialAction\":[{\"@type\":\"ReadAction\",\"target\":[\"https:\/\/demoweb.info\/sexshop001\/producto\/tease-and-please-kit\/\"]}]},{\"@type\":\"BreadcrumbList\",\"@id\":\"https:\/\/demoweb.info\/sexshop001\/producto\/tease-and-please-kit\/#breadcrumb\",\"itemListElement\":[{\"@type\":\"ListItem\",\"position\":1,\"name\":\"Portada\",\"item\":\"https:\/\/demoweb.info\/sexshop001\/\"},{\"@type\":\"ListItem\",\"position\":2,\"name\":\"Tienda\",\"item\":\"https:\/\/demoweb.info\/sexshop001\/tienda\/\"},{\"@type\":\"ListItem\",\"position\":3,\"name\":\"TEASE AND PLEASE KIT\"}]},{\"@type\":\"WebSite\",\"@id\":\"https:\/\/demoweb.info\/sexshop001\/#website\",\"url\":\"https:\/\/demoweb.info\/sexshop001\/\",\"name\":\"Tienda Er\u00f3tica\",\"description\":\"DEMOWEB SL\",\"potentialAction\":[{\"@type\":\"SearchAction\",\"target\":{\"@type\":\"EntryPoint\",\"urlTemplate\":\"https:\/\/demoweb.info\/sexshop001\/?s={search_term_string}\"},\"query-input\":\"required name=search_term_string\"}],\"inLanguage\":\"es\"}]}<\/script>\n<!-- \/ Yoast SEO plugin. -->","yoast_head_json":{"title":"TEASE AND PLEASE KIT - Tienda Er\u00f3tica","robots":{"index":"noindex","follow":"follow","max-snippet":"max-snippet:-1","max-image-preview":"max-image-preview:large","max-video-preview":"max-video-preview:-1"},"og_locale":"es_ES","og_type":"article","og_title":"TEASE AND PLEASE KIT - Tienda Er\u00f3tica","og_description":"FF TEASE AND PLEASE KIT Convierte tu dormitorio en un patio de recreo er\u00f3tico con este incre\u00edble kit de seducci\u00f3n.","og_url":"https:\/\/demoweb.info\/sexshop001\/producto\/tease-and-please-kit\/","og_site_name":"Tienda Er\u00f3tica","article_modified_time":"2022-01-22T15:02:14+00:00","og_image":[{"width":550,"height":550,"url":"https:\/\/demoweb.info\/sexshop001\/wp-content\/uploads\/2022\/01\/TEASE-AND-PLEASE-KIT.jpg","type":"image\/jpeg"}],"twitter_card":"summary_large_image","schema":{"@context":"https:\/\/schema.org","@graph":[{"@type":"WebPage","@id":"https:\/\/demoweb.info\/sexshop001\/producto\/tease-and-please-kit\/","url":"https:\/\/demoweb.info\/sexshop001\/producto\/tease-and-please-kit\/","name":"TEASE AND PLEASE KIT - Tienda Er\u00f3tica","isPartOf":{"@id":"https:\/\/demoweb.info\/sexshop001\/#website"},"datePublished":"2022-01-22T15:02:03+00:00","dateModified":"2022-01-22T15:02:14+00:00","breadcrumb":{"@id":"https:\/\/demoweb.info\/sexshop001\/producto\/tease-and-please-kit\/#breadcrumb"},"inLanguage":"es","potentialAction":[{"@type":"ReadAction","target":["https:\/\/demoweb.info\/sexshop001\/producto\/tease-and-please-kit\/"]}]},{"@type":"BreadcrumbList","@id":"https:\/\/demoweb.info\/sexshop001\/producto\/tease-and-please-kit\/#breadcrumb","itemListElement":[{"@type":"ListItem","position":1,"name":"Portada","item":"https:\/\/demoweb.info\/sexshop001\/"},{"@type":"ListItem","position":2,"name":"Tienda","item":"https:\/\/demoweb.info\/sexshop001\/tienda\/"},{"@type":"ListItem","position":3,"name":"TEASE AND PLEASE KIT"}]},{"@type":"WebSite","@id":"https:\/\/demoweb.info\/sexshop001\/#website","url":"https:\/\/demoweb.info\/sexshop001\/","name":"Tienda Er\u00f3tica","description":"DEMOWEB SL","potentialAction":[{"@type":"SearchAction","target":{"@type":"EntryPoint","urlTemplate":"https:\/\/demoweb.info\/sexshop001\/?s={search_term_string}"},"query-input":"required name=search_term_string"}],"inLanguage":"es"}]}},"_links":{"self":[{"href":"https:\/\/demoweb.info\/sexshop001\/wp-json\/wp\/v3\/product\/50174","targetHints":{"allow":["GET"]}}],"collection":[{"href":"https:\/\/demoweb.info\/sexshop001\/wp-json\/wp\/v3\/product"}],"about":[{"href":"https:\/\/demoweb.info\/sexshop001\/wp-json\/wp\/v2\/types\/product"}],"replies":[{"embeddable":true,"href":"https:\/\/demoweb.info\/sexshop001\/wp-json\/wp\/v2\/comments?post=50174"}],"wp:featuredmedia":[{"embeddable":true,"href":"https:\/\/demoweb.info\/sexshop001\/wp-json\/wp\/v2\/media\/50175"}],"wp:attachment":[{"href":"https:\/\/demoweb.info\/sexshop001\/wp-json\/wp\/v2\/media?parent=50174"}],"wp:term":[{"taxonomy":"product_cat","embeddable":true,"href":"https:\/\/demoweb.info\/sexshop001\/wp-json\/wp\/v2\/product_cat?post=50174"},{"taxonomy":"product_tag","embeddable":true,"href":"https:\/\/demoweb.info\/sexshop001\/wp-json\/wp\/v2\/product_tag?post=50174"}],"curies":[{"name":"wp","href":"https:\/\/api.w.org\/{rel}","templated":true}]}}