{"id":49959,"date":"2022-01-22T15:59:50","date_gmt":"2022-01-22T14:59:50","guid":{"rendered":"https:\/\/demoweb.info\/sexshop001\/producto\/anillo-de-la-pasion-vibrador\/"},"modified":"2022-01-22T15:59:58","modified_gmt":"2022-01-22T14:59:58","slug":"anillo-de-la-pasion-vibrador","status":"publish","type":"product","link":"https:\/\/demoweb.info\/sexshop001\/producto\/anillo-de-la-pasion-vibrador\/","title":{"rendered":"ANILLO DE LA PASI\u00d3N VIBRADOR"},"content":{"rendered":"<p>RING OF PASSION<\/p>\n<p>Anillo vibrador para parejas. C\u00f3modo y el\u00e1stico para potenciar al m\u00e1ximo las erecciones de \u00e9l con m\u00faltiples vibraciones para ella.<\/p>\n<p>Contiene una bala vibradora extra\u00edble.<\/p>\n<ul>\n<li>Material: PVC<\/li>\n<li>Di\u00e1metro Exterior: 5 cm<\/li>\n<li>Longitud Total: 8 cm<\/li>\n<li>Control con mando y cable.<\/li>\n<\/ul>\n","protected":false},"excerpt":{"rendered":"<p>RING OF PASSION Anillo vibrador para parejas. C\u00f3modo y el\u00e1stico para potenciar al m\u00e1ximo las erecciones de \u00e9l con m\u00faltiples<\/p>\n","protected":false},"featured_media":49960,"comment_status":"open","ping_status":"open","template":"","meta":[],"product_cat":[438],"product_tag":[660,809],"class_list":["post-49959","product","type-product","status-publish","has-post-thumbnail","hentry","product_cat-con-vibrador-anillos","product_tag-calexotics","product_tag-couples-enhancers"],"bundled_by":[],"bundle_stock_status":"instock","bundle_stock_quantity":2,"bundle_virtual":false,"bundle_layout":"","bundle_add_to_cart_form_location":"","bundle_editable_in_cart":false,"bundle_sold_individually_context":"","bundle_item_grouping":"","bundle_min_size":"","bundle_max_size":"","bundled_items":[],"yoast_head":"<!-- This site is optimized with the Yoast SEO plugin v20.6 - https:\/\/yoast.com\/wordpress\/plugins\/seo\/ -->\n<title>ANILLO DE LA PASI\u00d3N VIBRADOR - Tienda Er\u00f3tica<\/title>\n<meta name=\"robots\" content=\"noindex, follow, max-snippet:-1, max-image-preview:large, max-video-preview:-1\" \/>\n<meta property=\"og:locale\" content=\"es_ES\" \/>\n<meta property=\"og:type\" content=\"article\" \/>\n<meta property=\"og:title\" content=\"ANILLO DE LA PASI\u00d3N VIBRADOR - Tienda Er\u00f3tica\" \/>\n<meta property=\"og:description\" content=\"RING OF PASSION Anillo vibrador para parejas. C\u00f3modo y el\u00e1stico para potenciar al m\u00e1ximo las erecciones de \u00e9l con m\u00faltiples\" \/>\n<meta property=\"og:url\" content=\"https:\/\/demoweb.info\/sexshop001\/producto\/anillo-de-la-pasion-vibrador\/\" \/>\n<meta property=\"og:site_name\" content=\"Tienda Er\u00f3tica\" \/>\n<meta property=\"article:modified_time\" content=\"2022-01-22T14:59:58+00:00\" \/>\n<meta property=\"og:image\" content=\"https:\/\/demoweb.info\/sexshop001\/wp-content\/uploads\/2022\/01\/ANILLO-DE-LA-PASION-VIBRADOR.jpg\" \/>\n\t<meta property=\"og:image:width\" content=\"550\" \/>\n\t<meta property=\"og:image:height\" content=\"550\" \/>\n\t<meta property=\"og:image:type\" content=\"image\/jpeg\" \/>\n<meta name=\"twitter:card\" content=\"summary_large_image\" \/>\n<script type=\"application\/ld+json\" class=\"yoast-schema-graph\">{\"@context\":\"https:\/\/schema.org\",\"@graph\":[{\"@type\":\"WebPage\",\"@id\":\"https:\/\/demoweb.info\/sexshop001\/producto\/anillo-de-la-pasion-vibrador\/\",\"url\":\"https:\/\/demoweb.info\/sexshop001\/producto\/anillo-de-la-pasion-vibrador\/\",\"name\":\"ANILLO DE LA PASI\u00d3N VIBRADOR - Tienda Er\u00f3tica\",\"isPartOf\":{\"@id\":\"https:\/\/demoweb.info\/sexshop001\/#website\"},\"datePublished\":\"2022-01-22T14:59:50+00:00\",\"dateModified\":\"2022-01-22T14:59:58+00:00\",\"breadcrumb\":{\"@id\":\"https:\/\/demoweb.info\/sexshop001\/producto\/anillo-de-la-pasion-vibrador\/#breadcrumb\"},\"inLanguage\":\"es\",\"potentialAction\":[{\"@type\":\"ReadAction\",\"target\":[\"https:\/\/demoweb.info\/sexshop001\/producto\/anillo-de-la-pasion-vibrador\/\"]}]},{\"@type\":\"BreadcrumbList\",\"@id\":\"https:\/\/demoweb.info\/sexshop001\/producto\/anillo-de-la-pasion-vibrador\/#breadcrumb\",\"itemListElement\":[{\"@type\":\"ListItem\",\"position\":1,\"name\":\"Portada\",\"item\":\"https:\/\/demoweb.info\/sexshop001\/\"},{\"@type\":\"ListItem\",\"position\":2,\"name\":\"Tienda\",\"item\":\"https:\/\/demoweb.info\/sexshop001\/tienda\/\"},{\"@type\":\"ListItem\",\"position\":3,\"name\":\"ANILLO DE LA PASI\u00d3N VIBRADOR\"}]},{\"@type\":\"WebSite\",\"@id\":\"https:\/\/demoweb.info\/sexshop001\/#website\",\"url\":\"https:\/\/demoweb.info\/sexshop001\/\",\"name\":\"Tienda Er\u00f3tica\",\"description\":\"DEMOWEB SL\",\"potentialAction\":[{\"@type\":\"SearchAction\",\"target\":{\"@type\":\"EntryPoint\",\"urlTemplate\":\"https:\/\/demoweb.info\/sexshop001\/?s={search_term_string}\"},\"query-input\":\"required name=search_term_string\"}],\"inLanguage\":\"es\"}]}<\/script>\n<!-- \/ Yoast SEO plugin. -->","yoast_head_json":{"title":"ANILLO DE LA PASI\u00d3N VIBRADOR - Tienda Er\u00f3tica","robots":{"index":"noindex","follow":"follow","max-snippet":"max-snippet:-1","max-image-preview":"max-image-preview:large","max-video-preview":"max-video-preview:-1"},"og_locale":"es_ES","og_type":"article","og_title":"ANILLO DE LA PASI\u00d3N VIBRADOR - Tienda Er\u00f3tica","og_description":"RING OF PASSION Anillo vibrador para parejas. C\u00f3modo y el\u00e1stico para potenciar al m\u00e1ximo las erecciones de \u00e9l con m\u00faltiples","og_url":"https:\/\/demoweb.info\/sexshop001\/producto\/anillo-de-la-pasion-vibrador\/","og_site_name":"Tienda Er\u00f3tica","article_modified_time":"2022-01-22T14:59:58+00:00","og_image":[{"width":550,"height":550,"url":"https:\/\/demoweb.info\/sexshop001\/wp-content\/uploads\/2022\/01\/ANILLO-DE-LA-PASION-VIBRADOR.jpg","type":"image\/jpeg"}],"twitter_card":"summary_large_image","schema":{"@context":"https:\/\/schema.org","@graph":[{"@type":"WebPage","@id":"https:\/\/demoweb.info\/sexshop001\/producto\/anillo-de-la-pasion-vibrador\/","url":"https:\/\/demoweb.info\/sexshop001\/producto\/anillo-de-la-pasion-vibrador\/","name":"ANILLO DE LA PASI\u00d3N VIBRADOR - Tienda Er\u00f3tica","isPartOf":{"@id":"https:\/\/demoweb.info\/sexshop001\/#website"},"datePublished":"2022-01-22T14:59:50+00:00","dateModified":"2022-01-22T14:59:58+00:00","breadcrumb":{"@id":"https:\/\/demoweb.info\/sexshop001\/producto\/anillo-de-la-pasion-vibrador\/#breadcrumb"},"inLanguage":"es","potentialAction":[{"@type":"ReadAction","target":["https:\/\/demoweb.info\/sexshop001\/producto\/anillo-de-la-pasion-vibrador\/"]}]},{"@type":"BreadcrumbList","@id":"https:\/\/demoweb.info\/sexshop001\/producto\/anillo-de-la-pasion-vibrador\/#breadcrumb","itemListElement":[{"@type":"ListItem","position":1,"name":"Portada","item":"https:\/\/demoweb.info\/sexshop001\/"},{"@type":"ListItem","position":2,"name":"Tienda","item":"https:\/\/demoweb.info\/sexshop001\/tienda\/"},{"@type":"ListItem","position":3,"name":"ANILLO DE LA PASI\u00d3N VIBRADOR"}]},{"@type":"WebSite","@id":"https:\/\/demoweb.info\/sexshop001\/#website","url":"https:\/\/demoweb.info\/sexshop001\/","name":"Tienda Er\u00f3tica","description":"DEMOWEB SL","potentialAction":[{"@type":"SearchAction","target":{"@type":"EntryPoint","urlTemplate":"https:\/\/demoweb.info\/sexshop001\/?s={search_term_string}"},"query-input":"required name=search_term_string"}],"inLanguage":"es"}]}},"_links":{"self":[{"href":"https:\/\/demoweb.info\/sexshop001\/wp-json\/wp\/v3\/product\/49959","targetHints":{"allow":["GET"]}}],"collection":[{"href":"https:\/\/demoweb.info\/sexshop001\/wp-json\/wp\/v3\/product"}],"about":[{"href":"https:\/\/demoweb.info\/sexshop001\/wp-json\/wp\/v2\/types\/product"}],"replies":[{"embeddable":true,"href":"https:\/\/demoweb.info\/sexshop001\/wp-json\/wp\/v2\/comments?post=49959"}],"wp:featuredmedia":[{"embeddable":true,"href":"https:\/\/demoweb.info\/sexshop001\/wp-json\/wp\/v2\/media\/49960"}],"wp:attachment":[{"href":"https:\/\/demoweb.info\/sexshop001\/wp-json\/wp\/v2\/media?parent=49959"}],"wp:term":[{"taxonomy":"product_cat","embeddable":true,"href":"https:\/\/demoweb.info\/sexshop001\/wp-json\/wp\/v2\/product_cat?post=49959"},{"taxonomy":"product_tag","embeddable":true,"href":"https:\/\/demoweb.info\/sexshop001\/wp-json\/wp\/v2\/product_tag?post=49959"}],"curies":[{"name":"wp","href":"https:\/\/api.w.org\/{rel}","templated":true}]}}