{"id":49892,"date":"2022-01-22T15:59:15","date_gmt":"2022-01-22T14:59:15","guid":{"rendered":"https:\/\/demoweb.info\/sexshop001\/producto\/pene-vibrador-con-testiculos-18cm\/"},"modified":"2022-01-22T18:59:31","modified_gmt":"2022-01-22T17:59:31","slug":"pene-vibrador-con-testiculos-18cm","status":"publish","type":"product","link":"https:\/\/demoweb.info\/sexshop001\/producto\/pene-vibrador-con-testiculos-18cm\/","title":{"rendered":"PENE VIBRADOR CON TESTICULOS 18CM"},"content":{"rendered":"<p><strong>COCK 7 INCH W\/ BALLS FLESH VIBR.<\/strong><\/p>\n<p>The Get Real es un pene real\u00edstico dise\u00f1ado para estimular todos tus puntos \u00edntimos.<\/p>\n<p>Las caracter\u00edsticas de dise\u00f1o con detalles cuidadosamente elaborados como prominentes venas pulsantes a lo largo de su eje suave y est\u00e1 hecho de PVC sin ftalatos.<\/p>\n<p>Dispone de m\u00faltiples velocidades de vibraci\u00f3n. Control con mando y cable.<\/p>\n<p>Di\u00e1metro Exterior: 4,5 cm<\/p>\n<p>Longitud Total: 18 cm<\/p>\n<p>Funciona con 2 pilas AA, no incluidas.<\/p>\n","protected":false},"excerpt":{"rendered":"<p>COCK 7 INCH W\/ BALLS FLESH VIBR. The Get Real es un pene real\u00edstico dise\u00f1ado para estimular todos tus puntos<\/p>\n","protected":false},"featured_media":49893,"comment_status":"open","ping_status":"open","template":"","meta":[],"product_cat":[317],"product_tag":[655,247],"class_list":["post-49892","product","type-product","status-publish","has-post-thumbnail","hentry","product_cat-con-vibrador","product_tag-get-real","product_tag-toyjoy"],"bundled_by":[],"bundle_stock_status":"instock","bundle_stock_quantity":5,"bundle_virtual":false,"bundle_layout":"","bundle_add_to_cart_form_location":"","bundle_editable_in_cart":false,"bundle_sold_individually_context":"","bundle_item_grouping":"","bundle_min_size":"","bundle_max_size":"","bundled_items":[],"yoast_head":"<!-- This site is optimized with the Yoast SEO plugin v20.6 - https:\/\/yoast.com\/wordpress\/plugins\/seo\/ -->\n<title>PENE VIBRADOR CON TESTICULOS 18CM - Tienda Er\u00f3tica<\/title>\n<meta name=\"robots\" content=\"noindex, follow, max-snippet:-1, max-image-preview:large, max-video-preview:-1\" \/>\n<meta property=\"og:locale\" content=\"es_ES\" \/>\n<meta property=\"og:type\" content=\"article\" \/>\n<meta property=\"og:title\" content=\"PENE VIBRADOR CON TESTICULOS 18CM - Tienda Er\u00f3tica\" \/>\n<meta property=\"og:description\" content=\"COCK 7 INCH W\/ BALLS FLESH VIBR. The Get Real es un pene real\u00edstico dise\u00f1ado para estimular todos tus puntos\" \/>\n<meta property=\"og:url\" content=\"https:\/\/demoweb.info\/sexshop001\/producto\/pene-vibrador-con-testiculos-18cm\/\" \/>\n<meta property=\"og:site_name\" content=\"Tienda Er\u00f3tica\" \/>\n<meta property=\"article:modified_time\" content=\"2022-01-22T17:59:31+00:00\" \/>\n<meta property=\"og:image\" content=\"https:\/\/demoweb.info\/sexshop001\/wp-content\/uploads\/2022\/01\/PENE-VIBRADOR-CON-TESTICULOS-18CM.jpg\" \/>\n\t<meta property=\"og:image:width\" content=\"550\" \/>\n\t<meta property=\"og:image:height\" content=\"550\" \/>\n\t<meta property=\"og:image:type\" content=\"image\/jpeg\" \/>\n<meta name=\"twitter:card\" content=\"summary_large_image\" \/>\n<script type=\"application\/ld+json\" class=\"yoast-schema-graph\">{\"@context\":\"https:\/\/schema.org\",\"@graph\":[{\"@type\":\"WebPage\",\"@id\":\"https:\/\/demoweb.info\/sexshop001\/producto\/pene-vibrador-con-testiculos-18cm\/\",\"url\":\"https:\/\/demoweb.info\/sexshop001\/producto\/pene-vibrador-con-testiculos-18cm\/\",\"name\":\"PENE VIBRADOR CON TESTICULOS 18CM - Tienda Er\u00f3tica\",\"isPartOf\":{\"@id\":\"https:\/\/demoweb.info\/sexshop001\/#website\"},\"datePublished\":\"2022-01-22T14:59:15+00:00\",\"dateModified\":\"2022-01-22T17:59:31+00:00\",\"breadcrumb\":{\"@id\":\"https:\/\/demoweb.info\/sexshop001\/producto\/pene-vibrador-con-testiculos-18cm\/#breadcrumb\"},\"inLanguage\":\"es\",\"potentialAction\":[{\"@type\":\"ReadAction\",\"target\":[\"https:\/\/demoweb.info\/sexshop001\/producto\/pene-vibrador-con-testiculos-18cm\/\"]}]},{\"@type\":\"BreadcrumbList\",\"@id\":\"https:\/\/demoweb.info\/sexshop001\/producto\/pene-vibrador-con-testiculos-18cm\/#breadcrumb\",\"itemListElement\":[{\"@type\":\"ListItem\",\"position\":1,\"name\":\"Portada\",\"item\":\"https:\/\/demoweb.info\/sexshop001\/\"},{\"@type\":\"ListItem\",\"position\":2,\"name\":\"Tienda\",\"item\":\"https:\/\/demoweb.info\/sexshop001\/tienda\/\"},{\"@type\":\"ListItem\",\"position\":3,\"name\":\"PENE VIBRADOR CON TESTICULOS 18CM\"}]},{\"@type\":\"WebSite\",\"@id\":\"https:\/\/demoweb.info\/sexshop001\/#website\",\"url\":\"https:\/\/demoweb.info\/sexshop001\/\",\"name\":\"Tienda Er\u00f3tica\",\"description\":\"DEMOWEB SL\",\"potentialAction\":[{\"@type\":\"SearchAction\",\"target\":{\"@type\":\"EntryPoint\",\"urlTemplate\":\"https:\/\/demoweb.info\/sexshop001\/?s={search_term_string}\"},\"query-input\":\"required name=search_term_string\"}],\"inLanguage\":\"es\"}]}<\/script>\n<!-- \/ Yoast SEO plugin. -->","yoast_head_json":{"title":"PENE VIBRADOR CON TESTICULOS 18CM - Tienda Er\u00f3tica","robots":{"index":"noindex","follow":"follow","max-snippet":"max-snippet:-1","max-image-preview":"max-image-preview:large","max-video-preview":"max-video-preview:-1"},"og_locale":"es_ES","og_type":"article","og_title":"PENE VIBRADOR CON TESTICULOS 18CM - Tienda Er\u00f3tica","og_description":"COCK 7 INCH W\/ BALLS FLESH VIBR. The Get Real es un pene real\u00edstico dise\u00f1ado para estimular todos tus puntos","og_url":"https:\/\/demoweb.info\/sexshop001\/producto\/pene-vibrador-con-testiculos-18cm\/","og_site_name":"Tienda Er\u00f3tica","article_modified_time":"2022-01-22T17:59:31+00:00","og_image":[{"width":550,"height":550,"url":"https:\/\/demoweb.info\/sexshop001\/wp-content\/uploads\/2022\/01\/PENE-VIBRADOR-CON-TESTICULOS-18CM.jpg","type":"image\/jpeg"}],"twitter_card":"summary_large_image","schema":{"@context":"https:\/\/schema.org","@graph":[{"@type":"WebPage","@id":"https:\/\/demoweb.info\/sexshop001\/producto\/pene-vibrador-con-testiculos-18cm\/","url":"https:\/\/demoweb.info\/sexshop001\/producto\/pene-vibrador-con-testiculos-18cm\/","name":"PENE VIBRADOR CON TESTICULOS 18CM - Tienda Er\u00f3tica","isPartOf":{"@id":"https:\/\/demoweb.info\/sexshop001\/#website"},"datePublished":"2022-01-22T14:59:15+00:00","dateModified":"2022-01-22T17:59:31+00:00","breadcrumb":{"@id":"https:\/\/demoweb.info\/sexshop001\/producto\/pene-vibrador-con-testiculos-18cm\/#breadcrumb"},"inLanguage":"es","potentialAction":[{"@type":"ReadAction","target":["https:\/\/demoweb.info\/sexshop001\/producto\/pene-vibrador-con-testiculos-18cm\/"]}]},{"@type":"BreadcrumbList","@id":"https:\/\/demoweb.info\/sexshop001\/producto\/pene-vibrador-con-testiculos-18cm\/#breadcrumb","itemListElement":[{"@type":"ListItem","position":1,"name":"Portada","item":"https:\/\/demoweb.info\/sexshop001\/"},{"@type":"ListItem","position":2,"name":"Tienda","item":"https:\/\/demoweb.info\/sexshop001\/tienda\/"},{"@type":"ListItem","position":3,"name":"PENE VIBRADOR CON TESTICULOS 18CM"}]},{"@type":"WebSite","@id":"https:\/\/demoweb.info\/sexshop001\/#website","url":"https:\/\/demoweb.info\/sexshop001\/","name":"Tienda Er\u00f3tica","description":"DEMOWEB SL","potentialAction":[{"@type":"SearchAction","target":{"@type":"EntryPoint","urlTemplate":"https:\/\/demoweb.info\/sexshop001\/?s={search_term_string}"},"query-input":"required name=search_term_string"}],"inLanguage":"es"}]}},"_links":{"self":[{"href":"https:\/\/demoweb.info\/sexshop001\/wp-json\/wp\/v3\/product\/49892","targetHints":{"allow":["GET"]}}],"collection":[{"href":"https:\/\/demoweb.info\/sexshop001\/wp-json\/wp\/v3\/product"}],"about":[{"href":"https:\/\/demoweb.info\/sexshop001\/wp-json\/wp\/v2\/types\/product"}],"replies":[{"embeddable":true,"href":"https:\/\/demoweb.info\/sexshop001\/wp-json\/wp\/v2\/comments?post=49892"}],"wp:featuredmedia":[{"embeddable":true,"href":"https:\/\/demoweb.info\/sexshop001\/wp-json\/wp\/v2\/media\/49893"}],"wp:attachment":[{"href":"https:\/\/demoweb.info\/sexshop001\/wp-json\/wp\/v2\/media?parent=49892"}],"wp:term":[{"taxonomy":"product_cat","embeddable":true,"href":"https:\/\/demoweb.info\/sexshop001\/wp-json\/wp\/v2\/product_cat?post=49892"},{"taxonomy":"product_tag","embeddable":true,"href":"https:\/\/demoweb.info\/sexshop001\/wp-json\/wp\/v2\/product_tag?post=49892"}],"curies":[{"name":"wp","href":"https:\/\/api.w.org\/{rel}","templated":true}]}}