{"id":49695,"date":"2022-01-22T15:56:59","date_gmt":"2022-01-22T14:56:59","guid":{"rendered":"https:\/\/demoweb.info\/sexshop001\/producto\/jack-socket-electro-masturbador\/"},"modified":"2022-01-22T15:57:14","modified_gmt":"2022-01-22T14:57:14","slug":"jack-socket-electro-masturbador","status":"publish","type":"product","link":"https:\/\/demoweb.info\/sexshop001\/producto\/jack-socket-electro-masturbador\/","title":{"rendered":"JACK SOCKET ELECTRO MASTURBADOR"},"content":{"rendered":"<p><strong>JACK SOCKET ELECTRO STROKER<\/strong><\/p>\n<p>La sensaci\u00f3n de la electroestimulaci\u00f3n vibrando a trav\u00e9s del pene es uno de los placeres sexuales m\u00e1s intensos que puede experimentar un hombre en su vida. La palpitaci\u00f3n er\u00f3tica intensa, el goteo previo a la eyaculaci\u00f3n que anticipa el orgasmo y esa liberaci\u00f3n explosiva final&#8230; <\/p>\n<p>Los anillos para el pene electr\u00f3nicos son una mejora asombrosa para el juego previo y la masturbaci\u00f3n, pero \u00bfqu\u00e9 te parecer\u00eda poder intensificar el placer de tus masturbaciones haciendo uso del poder de la electroestimulaci\u00f3n? El Jack Socket es un masturbador con la adictiva sensaci\u00f3n org\u00e1smica de la electroestimulaci\u00f3n er\u00f3tica. <\/p>\n<p>La funda flexible tiene entradas de 2 mm para conectar a cualquier estimulador ElectraStim. Incluso est\u00e1n disponibles adaptadores para usar con otras unidades de electroestimulaci\u00f3n y m\u00e1quinas de TENS. El dise\u00f1o \u00fanico permite la sensaci\u00f3n de viajar a trav\u00e9s de la manga de TPE realista, lo que te da el placer de una experiencia de masturbaci\u00f3n realista mientras pierdes tus inhibiciones con esa inconfundible palpitaci\u00f3n electrosexual.<\/p>\n<p>El Jack Socket ElectraStim es un juguete sexual masculino para usar en combinaci\u00f3n con un gel electroconductor (incluido) y lubricante a base de agua (muestra incluida). Se requiere un Estimulador ElectraStim u otro dispositivo de electroestimulaci\u00f3n para crear las sensaciones descritas. Utiliza una conexi\u00f3n de clavija de 2 mm, con adaptadores disponibles.\n <\/p>\n","protected":false},"excerpt":{"rendered":"<p>JACK SOCKET ELECTRO STROKER La sensaci\u00f3n de la electroestimulaci\u00f3n vibrando a trav\u00e9s del pene es uno de los placeres sexuales<\/p>\n","protected":false},"featured_media":49696,"comment_status":"open","ping_status":"open","template":"","meta":[],"product_cat":[492],"product_tag":[648],"class_list":["post-49695","product","type-product","status-publish","has-post-thumbnail","hentry","product_cat-electroestimulacion","product_tag-electrastim"],"bundled_by":[],"bundle_stock_status":"instock","bundle_stock_quantity":1,"bundle_virtual":false,"bundle_layout":"","bundle_add_to_cart_form_location":"","bundle_editable_in_cart":false,"bundle_sold_individually_context":"","bundle_item_grouping":"","bundle_min_size":"","bundle_max_size":"","bundled_items":[],"yoast_head":"<!-- This site is optimized with the Yoast SEO plugin v20.6 - https:\/\/yoast.com\/wordpress\/plugins\/seo\/ -->\n<title>JACK SOCKET ELECTRO MASTURBADOR - Tienda Er\u00f3tica<\/title>\n<meta name=\"robots\" content=\"noindex, follow, max-snippet:-1, max-image-preview:large, max-video-preview:-1\" \/>\n<meta property=\"og:locale\" content=\"es_ES\" \/>\n<meta property=\"og:type\" content=\"article\" \/>\n<meta property=\"og:title\" content=\"JACK SOCKET ELECTRO MASTURBADOR - Tienda Er\u00f3tica\" \/>\n<meta property=\"og:description\" content=\"JACK SOCKET ELECTRO STROKER La sensaci\u00f3n de la electroestimulaci\u00f3n vibrando a trav\u00e9s del pene es uno de los placeres sexuales\" \/>\n<meta property=\"og:url\" content=\"https:\/\/demoweb.info\/sexshop001\/producto\/jack-socket-electro-masturbador\/\" \/>\n<meta property=\"og:site_name\" content=\"Tienda Er\u00f3tica\" \/>\n<meta property=\"article:modified_time\" content=\"2022-01-22T14:57:14+00:00\" \/>\n<meta property=\"og:image\" content=\"https:\/\/demoweb.info\/sexshop001\/wp-content\/uploads\/2022\/01\/JACK-SOCKET-ELECTRO-MASTURBADOR.jpg\" \/>\n\t<meta property=\"og:image:width\" content=\"550\" \/>\n\t<meta property=\"og:image:height\" content=\"550\" \/>\n\t<meta property=\"og:image:type\" content=\"image\/jpeg\" \/>\n<meta name=\"twitter:card\" content=\"summary_large_image\" \/>\n<meta name=\"twitter:label1\" content=\"Tiempo de lectura\" \/>\n\t<meta name=\"twitter:data1\" content=\"1 minuto\" \/>\n<script type=\"application\/ld+json\" class=\"yoast-schema-graph\">{\"@context\":\"https:\/\/schema.org\",\"@graph\":[{\"@type\":\"WebPage\",\"@id\":\"https:\/\/demoweb.info\/sexshop001\/producto\/jack-socket-electro-masturbador\/\",\"url\":\"https:\/\/demoweb.info\/sexshop001\/producto\/jack-socket-electro-masturbador\/\",\"name\":\"JACK SOCKET ELECTRO MASTURBADOR - Tienda Er\u00f3tica\",\"isPartOf\":{\"@id\":\"https:\/\/demoweb.info\/sexshop001\/#website\"},\"datePublished\":\"2022-01-22T14:56:59+00:00\",\"dateModified\":\"2022-01-22T14:57:14+00:00\",\"breadcrumb\":{\"@id\":\"https:\/\/demoweb.info\/sexshop001\/producto\/jack-socket-electro-masturbador\/#breadcrumb\"},\"inLanguage\":\"es\",\"potentialAction\":[{\"@type\":\"ReadAction\",\"target\":[\"https:\/\/demoweb.info\/sexshop001\/producto\/jack-socket-electro-masturbador\/\"]}]},{\"@type\":\"BreadcrumbList\",\"@id\":\"https:\/\/demoweb.info\/sexshop001\/producto\/jack-socket-electro-masturbador\/#breadcrumb\",\"itemListElement\":[{\"@type\":\"ListItem\",\"position\":1,\"name\":\"Portada\",\"item\":\"https:\/\/demoweb.info\/sexshop001\/\"},{\"@type\":\"ListItem\",\"position\":2,\"name\":\"Tienda\",\"item\":\"https:\/\/demoweb.info\/sexshop001\/tienda\/\"},{\"@type\":\"ListItem\",\"position\":3,\"name\":\"JACK SOCKET ELECTRO MASTURBADOR\"}]},{\"@type\":\"WebSite\",\"@id\":\"https:\/\/demoweb.info\/sexshop001\/#website\",\"url\":\"https:\/\/demoweb.info\/sexshop001\/\",\"name\":\"Tienda Er\u00f3tica\",\"description\":\"DEMOWEB SL\",\"potentialAction\":[{\"@type\":\"SearchAction\",\"target\":{\"@type\":\"EntryPoint\",\"urlTemplate\":\"https:\/\/demoweb.info\/sexshop001\/?s={search_term_string}\"},\"query-input\":\"required name=search_term_string\"}],\"inLanguage\":\"es\"}]}<\/script>\n<!-- \/ Yoast SEO plugin. -->","yoast_head_json":{"title":"JACK SOCKET ELECTRO MASTURBADOR - Tienda Er\u00f3tica","robots":{"index":"noindex","follow":"follow","max-snippet":"max-snippet:-1","max-image-preview":"max-image-preview:large","max-video-preview":"max-video-preview:-1"},"og_locale":"es_ES","og_type":"article","og_title":"JACK SOCKET ELECTRO MASTURBADOR - Tienda Er\u00f3tica","og_description":"JACK SOCKET ELECTRO STROKER La sensaci\u00f3n de la electroestimulaci\u00f3n vibrando a trav\u00e9s del pene es uno de los placeres sexuales","og_url":"https:\/\/demoweb.info\/sexshop001\/producto\/jack-socket-electro-masturbador\/","og_site_name":"Tienda Er\u00f3tica","article_modified_time":"2022-01-22T14:57:14+00:00","og_image":[{"width":550,"height":550,"url":"https:\/\/demoweb.info\/sexshop001\/wp-content\/uploads\/2022\/01\/JACK-SOCKET-ELECTRO-MASTURBADOR.jpg","type":"image\/jpeg"}],"twitter_card":"summary_large_image","twitter_misc":{"Tiempo de lectura":"1 minuto"},"schema":{"@context":"https:\/\/schema.org","@graph":[{"@type":"WebPage","@id":"https:\/\/demoweb.info\/sexshop001\/producto\/jack-socket-electro-masturbador\/","url":"https:\/\/demoweb.info\/sexshop001\/producto\/jack-socket-electro-masturbador\/","name":"JACK SOCKET ELECTRO MASTURBADOR - Tienda Er\u00f3tica","isPartOf":{"@id":"https:\/\/demoweb.info\/sexshop001\/#website"},"datePublished":"2022-01-22T14:56:59+00:00","dateModified":"2022-01-22T14:57:14+00:00","breadcrumb":{"@id":"https:\/\/demoweb.info\/sexshop001\/producto\/jack-socket-electro-masturbador\/#breadcrumb"},"inLanguage":"es","potentialAction":[{"@type":"ReadAction","target":["https:\/\/demoweb.info\/sexshop001\/producto\/jack-socket-electro-masturbador\/"]}]},{"@type":"BreadcrumbList","@id":"https:\/\/demoweb.info\/sexshop001\/producto\/jack-socket-electro-masturbador\/#breadcrumb","itemListElement":[{"@type":"ListItem","position":1,"name":"Portada","item":"https:\/\/demoweb.info\/sexshop001\/"},{"@type":"ListItem","position":2,"name":"Tienda","item":"https:\/\/demoweb.info\/sexshop001\/tienda\/"},{"@type":"ListItem","position":3,"name":"JACK SOCKET ELECTRO MASTURBADOR"}]},{"@type":"WebSite","@id":"https:\/\/demoweb.info\/sexshop001\/#website","url":"https:\/\/demoweb.info\/sexshop001\/","name":"Tienda Er\u00f3tica","description":"DEMOWEB SL","potentialAction":[{"@type":"SearchAction","target":{"@type":"EntryPoint","urlTemplate":"https:\/\/demoweb.info\/sexshop001\/?s={search_term_string}"},"query-input":"required name=search_term_string"}],"inLanguage":"es"}]}},"_links":{"self":[{"href":"https:\/\/demoweb.info\/sexshop001\/wp-json\/wp\/v3\/product\/49695","targetHints":{"allow":["GET"]}}],"collection":[{"href":"https:\/\/demoweb.info\/sexshop001\/wp-json\/wp\/v3\/product"}],"about":[{"href":"https:\/\/demoweb.info\/sexshop001\/wp-json\/wp\/v2\/types\/product"}],"replies":[{"embeddable":true,"href":"https:\/\/demoweb.info\/sexshop001\/wp-json\/wp\/v2\/comments?post=49695"}],"wp:featuredmedia":[{"embeddable":true,"href":"https:\/\/demoweb.info\/sexshop001\/wp-json\/wp\/v2\/media\/49696"}],"wp:attachment":[{"href":"https:\/\/demoweb.info\/sexshop001\/wp-json\/wp\/v2\/media?parent=49695"}],"wp:term":[{"taxonomy":"product_cat","embeddable":true,"href":"https:\/\/demoweb.info\/sexshop001\/wp-json\/wp\/v2\/product_cat?post=49695"},{"taxonomy":"product_tag","embeddable":true,"href":"https:\/\/demoweb.info\/sexshop001\/wp-json\/wp\/v2\/product_tag?post=49695"}],"curies":[{"name":"wp","href":"https:\/\/api.w.org\/{rel}","templated":true}]}}