{"id":49690,"date":"2022-01-22T15:56:59","date_gmt":"2022-01-22T14:56:59","guid":{"rendered":"https:\/\/demoweb.info\/sexshop001\/producto\/rocker-plug-silicona-electroestimulacion-l\/"},"modified":"2022-01-22T15:57:11","modified_gmt":"2022-01-22T14:57:11","slug":"rocker-plug-silicona-electroestimulacion-l","status":"publish","type":"product","link":"https:\/\/demoweb.info\/sexshop001\/producto\/rocker-plug-silicona-electroestimulacion-l\/","title":{"rendered":"ROCKER PLUG SILICONA ELECTROESTIMULACI\u00d3N &#8211; L"},"content":{"rendered":"<p><strong>ROCKER SILICONE NOIR BUTT PLUG &#8211; LARGE<\/strong><\/p>\n<p>La gama de tapones anales ElectraStim Rocker ha sido dise\u00f1ada para un uso verdaderamente sin manos. La base curvada \u00fanica del Rocker presenta entradas incluidas de 2 mm que le permitir\u00e1n sentarse, mecerse y girar con el tap\u00f3n anal e-stim cuando lo lleve. <\/p>\n<p>Dise\u00f1ado con una forma ajustada para ayudarle a introducirlo y una textura rugosa para mejorar la sensaci\u00f3n mientras lo lleva. Los contactos bipolares sin costuras en el tallo transmiten la sensaci\u00f3n desde un estimulador ElectraStim, haciendo que las zonas er\u00f3genas anales se estremezcan y los m\u00fasculos palpiten agradablemente siguiendo el patr\u00f3n de la estimulaci\u00f3n.<\/p>\n<p>Fabricado de silicona 100% de grado m\u00e9dico curada con platino, los dise\u00f1os no tienen ftalatos y son seguros para el cuerpo. <br \/>\nLo hay disponible en tama\u00f1o peque\u00f1o, mediano y grande, el tap\u00f3n anal Rocker es la continuaci\u00f3n perfecta para los aficionados a nuestros electrodos Aura, Nona y Sirius que est\u00e1n deseando una experiencia m\u00e1s gruesa, m\u00e1s plena y m\u00e1s din\u00e1mica durante su juego el\u00e9ctrico anal.<\/p>\n<p>Los estimuladores ElectraStim se venden por separado<\/p>\n","protected":false},"excerpt":{"rendered":"<p>ROCKER SILICONE NOIR BUTT PLUG &#8211; LARGE La gama de tapones anales ElectraStim Rocker ha sido dise\u00f1ada para un uso<\/p>\n","protected":false},"featured_media":49691,"comment_status":"open","ping_status":"open","template":"","meta":[],"product_cat":[492],"product_tag":[648],"class_list":["post-49690","product","type-product","status-publish","has-post-thumbnail","hentry","product_cat-electroestimulacion","product_tag-electrastim"],"bundled_by":[],"bundle_stock_status":"instock","bundle_stock_quantity":1,"bundle_virtual":false,"bundle_layout":"","bundle_add_to_cart_form_location":"","bundle_editable_in_cart":false,"bundle_sold_individually_context":"","bundle_item_grouping":"","bundle_min_size":"","bundle_max_size":"","bundled_items":[],"yoast_head":"<!-- This site is optimized with the Yoast SEO plugin v20.6 - https:\/\/yoast.com\/wordpress\/plugins\/seo\/ -->\n<title>ROCKER PLUG SILICONA ELECTROESTIMULACI\u00d3N - L - Tienda Er\u00f3tica<\/title>\n<meta name=\"robots\" content=\"noindex, follow, max-snippet:-1, max-image-preview:large, max-video-preview:-1\" \/>\n<meta property=\"og:locale\" content=\"es_ES\" \/>\n<meta property=\"og:type\" content=\"article\" \/>\n<meta property=\"og:title\" content=\"ROCKER PLUG SILICONA ELECTROESTIMULACI\u00d3N - L - Tienda Er\u00f3tica\" \/>\n<meta property=\"og:description\" content=\"ROCKER SILICONE NOIR BUTT PLUG &#8211; LARGE La gama de tapones anales ElectraStim Rocker ha sido dise\u00f1ada para un uso\" \/>\n<meta property=\"og:url\" content=\"https:\/\/demoweb.info\/sexshop001\/producto\/rocker-plug-silicona-electroestimulacion-l\/\" \/>\n<meta property=\"og:site_name\" content=\"Tienda Er\u00f3tica\" \/>\n<meta property=\"article:modified_time\" content=\"2022-01-22T14:57:11+00:00\" \/>\n<meta property=\"og:image\" content=\"https:\/\/demoweb.info\/sexshop001\/wp-content\/uploads\/2022\/01\/ROCKER-PLUG-SILICONA-ELECTROESTIMULACION-L.jpg\" \/>\n\t<meta property=\"og:image:width\" content=\"550\" \/>\n\t<meta property=\"og:image:height\" content=\"550\" \/>\n\t<meta property=\"og:image:type\" content=\"image\/jpeg\" \/>\n<meta name=\"twitter:card\" content=\"summary_large_image\" \/>\n<meta name=\"twitter:label1\" content=\"Tiempo de lectura\" \/>\n\t<meta name=\"twitter:data1\" content=\"1 minuto\" \/>\n<script type=\"application\/ld+json\" class=\"yoast-schema-graph\">{\"@context\":\"https:\/\/schema.org\",\"@graph\":[{\"@type\":\"WebPage\",\"@id\":\"https:\/\/demoweb.info\/sexshop001\/producto\/rocker-plug-silicona-electroestimulacion-l\/\",\"url\":\"https:\/\/demoweb.info\/sexshop001\/producto\/rocker-plug-silicona-electroestimulacion-l\/\",\"name\":\"ROCKER PLUG SILICONA ELECTROESTIMULACI\u00d3N - L - Tienda Er\u00f3tica\",\"isPartOf\":{\"@id\":\"https:\/\/demoweb.info\/sexshop001\/#website\"},\"datePublished\":\"2022-01-22T14:56:59+00:00\",\"dateModified\":\"2022-01-22T14:57:11+00:00\",\"breadcrumb\":{\"@id\":\"https:\/\/demoweb.info\/sexshop001\/producto\/rocker-plug-silicona-electroestimulacion-l\/#breadcrumb\"},\"inLanguage\":\"es\",\"potentialAction\":[{\"@type\":\"ReadAction\",\"target\":[\"https:\/\/demoweb.info\/sexshop001\/producto\/rocker-plug-silicona-electroestimulacion-l\/\"]}]},{\"@type\":\"BreadcrumbList\",\"@id\":\"https:\/\/demoweb.info\/sexshop001\/producto\/rocker-plug-silicona-electroestimulacion-l\/#breadcrumb\",\"itemListElement\":[{\"@type\":\"ListItem\",\"position\":1,\"name\":\"Portada\",\"item\":\"https:\/\/demoweb.info\/sexshop001\/\"},{\"@type\":\"ListItem\",\"position\":2,\"name\":\"Tienda\",\"item\":\"https:\/\/demoweb.info\/sexshop001\/tienda\/\"},{\"@type\":\"ListItem\",\"position\":3,\"name\":\"ROCKER PLUG SILICONA ELECTROESTIMULACI\u00d3N &#8211; L\"}]},{\"@type\":\"WebSite\",\"@id\":\"https:\/\/demoweb.info\/sexshop001\/#website\",\"url\":\"https:\/\/demoweb.info\/sexshop001\/\",\"name\":\"Tienda Er\u00f3tica\",\"description\":\"DEMOWEB SL\",\"potentialAction\":[{\"@type\":\"SearchAction\",\"target\":{\"@type\":\"EntryPoint\",\"urlTemplate\":\"https:\/\/demoweb.info\/sexshop001\/?s={search_term_string}\"},\"query-input\":\"required name=search_term_string\"}],\"inLanguage\":\"es\"}]}<\/script>\n<!-- \/ Yoast SEO plugin. -->","yoast_head_json":{"title":"ROCKER PLUG SILICONA ELECTROESTIMULACI\u00d3N - L - Tienda Er\u00f3tica","robots":{"index":"noindex","follow":"follow","max-snippet":"max-snippet:-1","max-image-preview":"max-image-preview:large","max-video-preview":"max-video-preview:-1"},"og_locale":"es_ES","og_type":"article","og_title":"ROCKER PLUG SILICONA ELECTROESTIMULACI\u00d3N - L - Tienda Er\u00f3tica","og_description":"ROCKER SILICONE NOIR BUTT PLUG &#8211; LARGE La gama de tapones anales ElectraStim Rocker ha sido dise\u00f1ada para un uso","og_url":"https:\/\/demoweb.info\/sexshop001\/producto\/rocker-plug-silicona-electroestimulacion-l\/","og_site_name":"Tienda Er\u00f3tica","article_modified_time":"2022-01-22T14:57:11+00:00","og_image":[{"width":550,"height":550,"url":"https:\/\/demoweb.info\/sexshop001\/wp-content\/uploads\/2022\/01\/ROCKER-PLUG-SILICONA-ELECTROESTIMULACION-L.jpg","type":"image\/jpeg"}],"twitter_card":"summary_large_image","twitter_misc":{"Tiempo de lectura":"1 minuto"},"schema":{"@context":"https:\/\/schema.org","@graph":[{"@type":"WebPage","@id":"https:\/\/demoweb.info\/sexshop001\/producto\/rocker-plug-silicona-electroestimulacion-l\/","url":"https:\/\/demoweb.info\/sexshop001\/producto\/rocker-plug-silicona-electroestimulacion-l\/","name":"ROCKER PLUG SILICONA ELECTROESTIMULACI\u00d3N - L - Tienda Er\u00f3tica","isPartOf":{"@id":"https:\/\/demoweb.info\/sexshop001\/#website"},"datePublished":"2022-01-22T14:56:59+00:00","dateModified":"2022-01-22T14:57:11+00:00","breadcrumb":{"@id":"https:\/\/demoweb.info\/sexshop001\/producto\/rocker-plug-silicona-electroestimulacion-l\/#breadcrumb"},"inLanguage":"es","potentialAction":[{"@type":"ReadAction","target":["https:\/\/demoweb.info\/sexshop001\/producto\/rocker-plug-silicona-electroestimulacion-l\/"]}]},{"@type":"BreadcrumbList","@id":"https:\/\/demoweb.info\/sexshop001\/producto\/rocker-plug-silicona-electroestimulacion-l\/#breadcrumb","itemListElement":[{"@type":"ListItem","position":1,"name":"Portada","item":"https:\/\/demoweb.info\/sexshop001\/"},{"@type":"ListItem","position":2,"name":"Tienda","item":"https:\/\/demoweb.info\/sexshop001\/tienda\/"},{"@type":"ListItem","position":3,"name":"ROCKER PLUG SILICONA ELECTROESTIMULACI\u00d3N &#8211; L"}]},{"@type":"WebSite","@id":"https:\/\/demoweb.info\/sexshop001\/#website","url":"https:\/\/demoweb.info\/sexshop001\/","name":"Tienda Er\u00f3tica","description":"DEMOWEB SL","potentialAction":[{"@type":"SearchAction","target":{"@type":"EntryPoint","urlTemplate":"https:\/\/demoweb.info\/sexshop001\/?s={search_term_string}"},"query-input":"required name=search_term_string"}],"inLanguage":"es"}]}},"_links":{"self":[{"href":"https:\/\/demoweb.info\/sexshop001\/wp-json\/wp\/v3\/product\/49690","targetHints":{"allow":["GET"]}}],"collection":[{"href":"https:\/\/demoweb.info\/sexshop001\/wp-json\/wp\/v3\/product"}],"about":[{"href":"https:\/\/demoweb.info\/sexshop001\/wp-json\/wp\/v2\/types\/product"}],"replies":[{"embeddable":true,"href":"https:\/\/demoweb.info\/sexshop001\/wp-json\/wp\/v2\/comments?post=49690"}],"wp:featuredmedia":[{"embeddable":true,"href":"https:\/\/demoweb.info\/sexshop001\/wp-json\/wp\/v2\/media\/49691"}],"wp:attachment":[{"href":"https:\/\/demoweb.info\/sexshop001\/wp-json\/wp\/v2\/media?parent=49690"}],"wp:term":[{"taxonomy":"product_cat","embeddable":true,"href":"https:\/\/demoweb.info\/sexshop001\/wp-json\/wp\/v2\/product_cat?post=49690"},{"taxonomy":"product_tag","embeddable":true,"href":"https:\/\/demoweb.info\/sexshop001\/wp-json\/wp\/v2\/product_tag?post=49690"}],"curies":[{"name":"wp","href":"https:\/\/api.w.org\/{rel}","templated":true}]}}