{"id":49670,"date":"2022-01-22T15:56:59","date_gmt":"2022-01-22T14:56:59","guid":{"rendered":"https:\/\/demoweb.info\/sexshop001\/producto\/electrastim-gel-conductor\/"},"modified":"2022-01-22T15:57:00","modified_gmt":"2022-01-22T14:57:00","slug":"electrastim-gel-conductor","status":"publish","type":"product","link":"https:\/\/demoweb.info\/sexshop001\/producto\/electrastim-gel-conductor\/","title":{"rendered":"ELECTRASTIM GEL CONDUCTOR"},"content":{"rendered":"<p><strong>ELECTRASTIM CONDUCTIVE GEL<\/strong><\/p>\n<p>Mejore las propiedades conductoras de sus electrodos externos con este gel electroconductor. Dise\u00f1ado para usarse con cualquier electrodo ElectraStim (vendido por separado) que est\u00e9 dise\u00f1ado para uso externo, una peque\u00f1a cantidad de este gel puede mejorar la claridad e intensidad de la electroestimulaci\u00f3n er\u00f3tica que sienta.<\/p>\n<p>Cada tubo contiene 60 ml de lubricante en gel transparente, proporcion\u00e1ndole docenas de usos. Solo para uso externo.<\/p>\n","protected":false},"excerpt":{"rendered":"<p>ELECTRASTIM CONDUCTIVE GEL Mejore las propiedades conductoras de sus electrodos externos con este gel electroconductor. Dise\u00f1ado para usarse con cualquier<\/p>\n","protected":false},"featured_media":49671,"comment_status":"open","ping_status":"open","template":"","meta":[],"product_cat":[492],"product_tag":[648],"class_list":["post-49670","product","type-product","status-publish","has-post-thumbnail","hentry","product_cat-electroestimulacion","product_tag-electrastim"],"bundled_by":[],"bundle_stock_status":"outofstock","bundle_stock_quantity":0,"bundle_virtual":false,"bundle_layout":"","bundle_add_to_cart_form_location":"","bundle_editable_in_cart":false,"bundle_sold_individually_context":"","bundle_item_grouping":"","bundle_min_size":"","bundle_max_size":"","bundled_items":[],"yoast_head":"<!-- This site is optimized with the Yoast SEO plugin v20.6 - https:\/\/yoast.com\/wordpress\/plugins\/seo\/ -->\n<title>ELECTRASTIM GEL CONDUCTOR - Tienda Er\u00f3tica<\/title>\n<meta name=\"robots\" content=\"noindex, follow, max-snippet:-1, max-image-preview:large, max-video-preview:-1\" \/>\n<meta property=\"og:locale\" content=\"es_ES\" \/>\n<meta property=\"og:type\" content=\"article\" \/>\n<meta property=\"og:title\" content=\"ELECTRASTIM GEL CONDUCTOR - Tienda Er\u00f3tica\" \/>\n<meta property=\"og:description\" content=\"ELECTRASTIM CONDUCTIVE GEL Mejore las propiedades conductoras de sus electrodos externos con este gel electroconductor. Dise\u00f1ado para usarse con cualquier\" \/>\n<meta property=\"og:url\" content=\"https:\/\/demoweb.info\/sexshop001\/producto\/electrastim-gel-conductor\/\" \/>\n<meta property=\"og:site_name\" content=\"Tienda Er\u00f3tica\" \/>\n<meta property=\"article:modified_time\" content=\"2022-01-22T14:57:00+00:00\" \/>\n<meta property=\"og:image\" content=\"https:\/\/demoweb.info\/sexshop001\/wp-content\/uploads\/2022\/01\/ELECTRASTIM-GEL-CONDUCTOR.jpg\" \/>\n\t<meta property=\"og:image:width\" content=\"550\" \/>\n\t<meta property=\"og:image:height\" content=\"550\" \/>\n\t<meta property=\"og:image:type\" content=\"image\/jpeg\" \/>\n<meta name=\"twitter:card\" content=\"summary_large_image\" \/>\n<script type=\"application\/ld+json\" class=\"yoast-schema-graph\">{\"@context\":\"https:\/\/schema.org\",\"@graph\":[{\"@type\":\"WebPage\",\"@id\":\"https:\/\/demoweb.info\/sexshop001\/producto\/electrastim-gel-conductor\/\",\"url\":\"https:\/\/demoweb.info\/sexshop001\/producto\/electrastim-gel-conductor\/\",\"name\":\"ELECTRASTIM GEL CONDUCTOR - Tienda Er\u00f3tica\",\"isPartOf\":{\"@id\":\"https:\/\/demoweb.info\/sexshop001\/#website\"},\"datePublished\":\"2022-01-22T14:56:59+00:00\",\"dateModified\":\"2022-01-22T14:57:00+00:00\",\"breadcrumb\":{\"@id\":\"https:\/\/demoweb.info\/sexshop001\/producto\/electrastim-gel-conductor\/#breadcrumb\"},\"inLanguage\":\"es\",\"potentialAction\":[{\"@type\":\"ReadAction\",\"target\":[\"https:\/\/demoweb.info\/sexshop001\/producto\/electrastim-gel-conductor\/\"]}]},{\"@type\":\"BreadcrumbList\",\"@id\":\"https:\/\/demoweb.info\/sexshop001\/producto\/electrastim-gel-conductor\/#breadcrumb\",\"itemListElement\":[{\"@type\":\"ListItem\",\"position\":1,\"name\":\"Portada\",\"item\":\"https:\/\/demoweb.info\/sexshop001\/\"},{\"@type\":\"ListItem\",\"position\":2,\"name\":\"Tienda\",\"item\":\"https:\/\/demoweb.info\/sexshop001\/tienda\/\"},{\"@type\":\"ListItem\",\"position\":3,\"name\":\"ELECTRASTIM GEL CONDUCTOR\"}]},{\"@type\":\"WebSite\",\"@id\":\"https:\/\/demoweb.info\/sexshop001\/#website\",\"url\":\"https:\/\/demoweb.info\/sexshop001\/\",\"name\":\"Tienda Er\u00f3tica\",\"description\":\"DEMOWEB SL\",\"potentialAction\":[{\"@type\":\"SearchAction\",\"target\":{\"@type\":\"EntryPoint\",\"urlTemplate\":\"https:\/\/demoweb.info\/sexshop001\/?s={search_term_string}\"},\"query-input\":\"required name=search_term_string\"}],\"inLanguage\":\"es\"}]}<\/script>\n<!-- \/ Yoast SEO plugin. -->","yoast_head_json":{"title":"ELECTRASTIM GEL CONDUCTOR - Tienda Er\u00f3tica","robots":{"index":"noindex","follow":"follow","max-snippet":"max-snippet:-1","max-image-preview":"max-image-preview:large","max-video-preview":"max-video-preview:-1"},"og_locale":"es_ES","og_type":"article","og_title":"ELECTRASTIM GEL CONDUCTOR - Tienda Er\u00f3tica","og_description":"ELECTRASTIM CONDUCTIVE GEL Mejore las propiedades conductoras de sus electrodos externos con este gel electroconductor. Dise\u00f1ado para usarse con cualquier","og_url":"https:\/\/demoweb.info\/sexshop001\/producto\/electrastim-gel-conductor\/","og_site_name":"Tienda Er\u00f3tica","article_modified_time":"2022-01-22T14:57:00+00:00","og_image":[{"width":550,"height":550,"url":"https:\/\/demoweb.info\/sexshop001\/wp-content\/uploads\/2022\/01\/ELECTRASTIM-GEL-CONDUCTOR.jpg","type":"image\/jpeg"}],"twitter_card":"summary_large_image","schema":{"@context":"https:\/\/schema.org","@graph":[{"@type":"WebPage","@id":"https:\/\/demoweb.info\/sexshop001\/producto\/electrastim-gel-conductor\/","url":"https:\/\/demoweb.info\/sexshop001\/producto\/electrastim-gel-conductor\/","name":"ELECTRASTIM GEL CONDUCTOR - Tienda Er\u00f3tica","isPartOf":{"@id":"https:\/\/demoweb.info\/sexshop001\/#website"},"datePublished":"2022-01-22T14:56:59+00:00","dateModified":"2022-01-22T14:57:00+00:00","breadcrumb":{"@id":"https:\/\/demoweb.info\/sexshop001\/producto\/electrastim-gel-conductor\/#breadcrumb"},"inLanguage":"es","potentialAction":[{"@type":"ReadAction","target":["https:\/\/demoweb.info\/sexshop001\/producto\/electrastim-gel-conductor\/"]}]},{"@type":"BreadcrumbList","@id":"https:\/\/demoweb.info\/sexshop001\/producto\/electrastim-gel-conductor\/#breadcrumb","itemListElement":[{"@type":"ListItem","position":1,"name":"Portada","item":"https:\/\/demoweb.info\/sexshop001\/"},{"@type":"ListItem","position":2,"name":"Tienda","item":"https:\/\/demoweb.info\/sexshop001\/tienda\/"},{"@type":"ListItem","position":3,"name":"ELECTRASTIM GEL CONDUCTOR"}]},{"@type":"WebSite","@id":"https:\/\/demoweb.info\/sexshop001\/#website","url":"https:\/\/demoweb.info\/sexshop001\/","name":"Tienda Er\u00f3tica","description":"DEMOWEB SL","potentialAction":[{"@type":"SearchAction","target":{"@type":"EntryPoint","urlTemplate":"https:\/\/demoweb.info\/sexshop001\/?s={search_term_string}"},"query-input":"required name=search_term_string"}],"inLanguage":"es"}]}},"_links":{"self":[{"href":"https:\/\/demoweb.info\/sexshop001\/wp-json\/wp\/v3\/product\/49670","targetHints":{"allow":["GET"]}}],"collection":[{"href":"https:\/\/demoweb.info\/sexshop001\/wp-json\/wp\/v3\/product"}],"about":[{"href":"https:\/\/demoweb.info\/sexshop001\/wp-json\/wp\/v2\/types\/product"}],"replies":[{"embeddable":true,"href":"https:\/\/demoweb.info\/sexshop001\/wp-json\/wp\/v2\/comments?post=49670"}],"wp:featuredmedia":[{"embeddable":true,"href":"https:\/\/demoweb.info\/sexshop001\/wp-json\/wp\/v2\/media\/49671"}],"wp:attachment":[{"href":"https:\/\/demoweb.info\/sexshop001\/wp-json\/wp\/v2\/media?parent=49670"}],"wp:term":[{"taxonomy":"product_cat","embeddable":true,"href":"https:\/\/demoweb.info\/sexshop001\/wp-json\/wp\/v2\/product_cat?post=49670"},{"taxonomy":"product_tag","embeddable":true,"href":"https:\/\/demoweb.info\/sexshop001\/wp-json\/wp\/v2\/product_tag?post=49670"}],"curies":[{"name":"wp","href":"https:\/\/api.w.org\/{rel}","templated":true}]}}