{"id":49656,"date":"2022-01-22T15:56:39","date_gmt":"2022-01-22T14:56:39","guid":{"rendered":"https:\/\/demoweb.info\/sexshop001\/producto\/anillo-prestige-50mm-electroestimulacion\/"},"modified":"2022-01-22T15:56:50","modified_gmt":"2022-01-22T14:56:50","slug":"anillo-prestige-50mm-electroestimulacion","status":"publish","type":"product","link":"https:\/\/demoweb.info\/sexshop001\/producto\/anillo-prestige-50mm-electroestimulacion\/","title":{"rendered":"ANILLO PRESTIGE 50MM ELECTROESTIMULACI\u00d3N"},"content":{"rendered":"<p><strong>50MM PRESTIGE COCK RING<\/strong><\/p>\n<p>Realizado a la perfecci\u00f3n de acero quir\u00fargico 316, el anillo para el pene ElectraStim Prestige est\u00e1 hermosamente pulido y fabricado con la mayor calidad. Un electrodo unipolar dise\u00f1ado para utilizar con cualquier estimulador ElectraStim, este espectacular anillo de metal para el pene le proporciona una forma completamente nueva de experimentar la electroestimulaci\u00f3n. Su gran peso y su ajuste apretado colaboran para ofrecerle sensaciones er\u00f3ticas profundas y potentes. Una serie de agujeros alrededor de la circunferencia atrapan el gel electro conductor para una sensaci\u00f3n prolongada. <\/p>\n<p>Disponible en 5 tama\u00f1os, este es el anillo con 50 mm de di\u00e1metro. El Prestige tiene una sola entrada de 2 mm. Lleve el Prestige junto con cualquier otro electrodo y utilice un gel electro conductor para lubricar el interior y conseguir mejor conductividad. Requiere un estimulador ElectraStim.<\/p>\n<p>&emsp;<\/p>\n","protected":false},"excerpt":{"rendered":"<p>50MM PRESTIGE COCK RING Realizado a la perfecci\u00f3n de acero quir\u00fargico 316, el anillo para el pene ElectraStim Prestige est\u00e1<\/p>\n","protected":false},"featured_media":49657,"comment_status":"open","ping_status":"open","template":"","meta":[],"product_cat":[492],"product_tag":[648],"class_list":["post-49656","product","type-product","status-publish","has-post-thumbnail","hentry","product_cat-electroestimulacion","product_tag-electrastim"],"bundled_by":[],"bundle_stock_status":"instock","bundle_stock_quantity":1,"bundle_virtual":false,"bundle_layout":"","bundle_add_to_cart_form_location":"","bundle_editable_in_cart":false,"bundle_sold_individually_context":"","bundle_item_grouping":"","bundle_min_size":"","bundle_max_size":"","bundled_items":[],"yoast_head":"<!-- This site is optimized with the Yoast SEO plugin v20.6 - https:\/\/yoast.com\/wordpress\/plugins\/seo\/ -->\n<title>ANILLO PRESTIGE 50MM ELECTROESTIMULACI\u00d3N - Tienda Er\u00f3tica<\/title>\n<meta name=\"robots\" content=\"noindex, follow, max-snippet:-1, max-image-preview:large, max-video-preview:-1\" \/>\n<meta property=\"og:locale\" content=\"es_ES\" \/>\n<meta property=\"og:type\" content=\"article\" \/>\n<meta property=\"og:title\" content=\"ANILLO PRESTIGE 50MM ELECTROESTIMULACI\u00d3N - Tienda Er\u00f3tica\" \/>\n<meta property=\"og:description\" content=\"50MM PRESTIGE COCK RING Realizado a la perfecci\u00f3n de acero quir\u00fargico 316, el anillo para el pene ElectraStim Prestige est\u00e1\" \/>\n<meta property=\"og:url\" content=\"https:\/\/demoweb.info\/sexshop001\/producto\/anillo-prestige-50mm-electroestimulacion\/\" \/>\n<meta property=\"og:site_name\" content=\"Tienda Er\u00f3tica\" \/>\n<meta property=\"article:modified_time\" content=\"2022-01-22T14:56:50+00:00\" \/>\n<meta property=\"og:image\" content=\"https:\/\/demoweb.info\/sexshop001\/wp-content\/uploads\/2022\/01\/ANILLO-PRESTIGE-50MM-ELECTROESTIMULACION.jpg\" \/>\n\t<meta property=\"og:image:width\" content=\"550\" \/>\n\t<meta property=\"og:image:height\" content=\"550\" \/>\n\t<meta property=\"og:image:type\" content=\"image\/jpeg\" \/>\n<meta name=\"twitter:card\" content=\"summary_large_image\" \/>\n<meta name=\"twitter:label1\" content=\"Tiempo de lectura\" \/>\n\t<meta name=\"twitter:data1\" content=\"1 minuto\" \/>\n<script type=\"application\/ld+json\" class=\"yoast-schema-graph\">{\"@context\":\"https:\/\/schema.org\",\"@graph\":[{\"@type\":\"WebPage\",\"@id\":\"https:\/\/demoweb.info\/sexshop001\/producto\/anillo-prestige-50mm-electroestimulacion\/\",\"url\":\"https:\/\/demoweb.info\/sexshop001\/producto\/anillo-prestige-50mm-electroestimulacion\/\",\"name\":\"ANILLO PRESTIGE 50MM ELECTROESTIMULACI\u00d3N - Tienda Er\u00f3tica\",\"isPartOf\":{\"@id\":\"https:\/\/demoweb.info\/sexshop001\/#website\"},\"datePublished\":\"2022-01-22T14:56:39+00:00\",\"dateModified\":\"2022-01-22T14:56:50+00:00\",\"breadcrumb\":{\"@id\":\"https:\/\/demoweb.info\/sexshop001\/producto\/anillo-prestige-50mm-electroestimulacion\/#breadcrumb\"},\"inLanguage\":\"es\",\"potentialAction\":[{\"@type\":\"ReadAction\",\"target\":[\"https:\/\/demoweb.info\/sexshop001\/producto\/anillo-prestige-50mm-electroestimulacion\/\"]}]},{\"@type\":\"BreadcrumbList\",\"@id\":\"https:\/\/demoweb.info\/sexshop001\/producto\/anillo-prestige-50mm-electroestimulacion\/#breadcrumb\",\"itemListElement\":[{\"@type\":\"ListItem\",\"position\":1,\"name\":\"Portada\",\"item\":\"https:\/\/demoweb.info\/sexshop001\/\"},{\"@type\":\"ListItem\",\"position\":2,\"name\":\"Tienda\",\"item\":\"https:\/\/demoweb.info\/sexshop001\/tienda\/\"},{\"@type\":\"ListItem\",\"position\":3,\"name\":\"ANILLO PRESTIGE 50MM ELECTROESTIMULACI\u00d3N\"}]},{\"@type\":\"WebSite\",\"@id\":\"https:\/\/demoweb.info\/sexshop001\/#website\",\"url\":\"https:\/\/demoweb.info\/sexshop001\/\",\"name\":\"Tienda Er\u00f3tica\",\"description\":\"DEMOWEB SL\",\"potentialAction\":[{\"@type\":\"SearchAction\",\"target\":{\"@type\":\"EntryPoint\",\"urlTemplate\":\"https:\/\/demoweb.info\/sexshop001\/?s={search_term_string}\"},\"query-input\":\"required name=search_term_string\"}],\"inLanguage\":\"es\"}]}<\/script>\n<!-- \/ Yoast SEO plugin. -->","yoast_head_json":{"title":"ANILLO PRESTIGE 50MM ELECTROESTIMULACI\u00d3N - Tienda Er\u00f3tica","robots":{"index":"noindex","follow":"follow","max-snippet":"max-snippet:-1","max-image-preview":"max-image-preview:large","max-video-preview":"max-video-preview:-1"},"og_locale":"es_ES","og_type":"article","og_title":"ANILLO PRESTIGE 50MM ELECTROESTIMULACI\u00d3N - Tienda Er\u00f3tica","og_description":"50MM PRESTIGE COCK RING Realizado a la perfecci\u00f3n de acero quir\u00fargico 316, el anillo para el pene ElectraStim Prestige est\u00e1","og_url":"https:\/\/demoweb.info\/sexshop001\/producto\/anillo-prestige-50mm-electroestimulacion\/","og_site_name":"Tienda Er\u00f3tica","article_modified_time":"2022-01-22T14:56:50+00:00","og_image":[{"width":550,"height":550,"url":"https:\/\/demoweb.info\/sexshop001\/wp-content\/uploads\/2022\/01\/ANILLO-PRESTIGE-50MM-ELECTROESTIMULACION.jpg","type":"image\/jpeg"}],"twitter_card":"summary_large_image","twitter_misc":{"Tiempo de lectura":"1 minuto"},"schema":{"@context":"https:\/\/schema.org","@graph":[{"@type":"WebPage","@id":"https:\/\/demoweb.info\/sexshop001\/producto\/anillo-prestige-50mm-electroestimulacion\/","url":"https:\/\/demoweb.info\/sexshop001\/producto\/anillo-prestige-50mm-electroestimulacion\/","name":"ANILLO PRESTIGE 50MM ELECTROESTIMULACI\u00d3N - Tienda Er\u00f3tica","isPartOf":{"@id":"https:\/\/demoweb.info\/sexshop001\/#website"},"datePublished":"2022-01-22T14:56:39+00:00","dateModified":"2022-01-22T14:56:50+00:00","breadcrumb":{"@id":"https:\/\/demoweb.info\/sexshop001\/producto\/anillo-prestige-50mm-electroestimulacion\/#breadcrumb"},"inLanguage":"es","potentialAction":[{"@type":"ReadAction","target":["https:\/\/demoweb.info\/sexshop001\/producto\/anillo-prestige-50mm-electroestimulacion\/"]}]},{"@type":"BreadcrumbList","@id":"https:\/\/demoweb.info\/sexshop001\/producto\/anillo-prestige-50mm-electroestimulacion\/#breadcrumb","itemListElement":[{"@type":"ListItem","position":1,"name":"Portada","item":"https:\/\/demoweb.info\/sexshop001\/"},{"@type":"ListItem","position":2,"name":"Tienda","item":"https:\/\/demoweb.info\/sexshop001\/tienda\/"},{"@type":"ListItem","position":3,"name":"ANILLO PRESTIGE 50MM ELECTROESTIMULACI\u00d3N"}]},{"@type":"WebSite","@id":"https:\/\/demoweb.info\/sexshop001\/#website","url":"https:\/\/demoweb.info\/sexshop001\/","name":"Tienda Er\u00f3tica","description":"DEMOWEB SL","potentialAction":[{"@type":"SearchAction","target":{"@type":"EntryPoint","urlTemplate":"https:\/\/demoweb.info\/sexshop001\/?s={search_term_string}"},"query-input":"required name=search_term_string"}],"inLanguage":"es"}]}},"_links":{"self":[{"href":"https:\/\/demoweb.info\/sexshop001\/wp-json\/wp\/v3\/product\/49656","targetHints":{"allow":["GET"]}}],"collection":[{"href":"https:\/\/demoweb.info\/sexshop001\/wp-json\/wp\/v3\/product"}],"about":[{"href":"https:\/\/demoweb.info\/sexshop001\/wp-json\/wp\/v2\/types\/product"}],"replies":[{"embeddable":true,"href":"https:\/\/demoweb.info\/sexshop001\/wp-json\/wp\/v2\/comments?post=49656"}],"wp:featuredmedia":[{"embeddable":true,"href":"https:\/\/demoweb.info\/sexshop001\/wp-json\/wp\/v2\/media\/49657"}],"wp:attachment":[{"href":"https:\/\/demoweb.info\/sexshop001\/wp-json\/wp\/v2\/media?parent=49656"}],"wp:term":[{"taxonomy":"product_cat","embeddable":true,"href":"https:\/\/demoweb.info\/sexshop001\/wp-json\/wp\/v2\/product_cat?post=49656"},{"taxonomy":"product_tag","embeddable":true,"href":"https:\/\/demoweb.info\/sexshop001\/wp-json\/wp\/v2\/product_tag?post=49656"}],"curies":[{"name":"wp","href":"https:\/\/api.w.org\/{rel}","templated":true}]}}