{"id":49651,"date":"2022-01-22T15:56:39","date_gmt":"2022-01-22T14:56:39","guid":{"rendered":"https:\/\/demoweb.info\/sexshop001\/producto\/anillos-pene-ajustables-electroestimulacion\/"},"modified":"2022-01-22T15:56:47","modified_gmt":"2022-01-22T14:56:47","slug":"anillos-pene-ajustables-electroestimulacion","status":"publish","type":"product","link":"https:\/\/demoweb.info\/sexshop001\/producto\/anillos-pene-ajustables-electroestimulacion\/","title":{"rendered":"ANILLOS PENE AJUSTABLES ELECTROESTIMULACI\u00d3N"},"content":{"rendered":"<p><strong>ADJUSTABLE FABRIC COCK AND SCROTAL LOOPS<\/strong>\n <\/p>\n<p>Maximice las sensaciones que siente y disfrute de un ajuste m\u00e1s suave y c\u00f3modo del que logra con los anillos para el pene tradicionales con las ElectraStim ElectraBands. Debido a que est\u00e1n hechas con un tejido el\u00e1stico, ofrecen un ajuste menos restrictivo que los anillos para pene ajustables hechos de materiales m\u00e1s firmes como goma y silicona.<\/p>\n<p>Cada banda tiene un di\u00e1metro m\u00e1ximo de 7 cm antes de estirarse y se pueden alargar hasta un di\u00e1metro de m\u00e1s de 7,6 cm. Un sencillo adaptador deslizante le permite ajustar los anillos para el pene para que se ajusten en cualquier lugar del mismo o detr\u00e1s de sus test\u00edculos.<\/p>\n<p>Dise\u00f1ado para ser utilizado con cualquier estimulador ElectraStim (vendido por separado). Recomendamos utilizar nuestro gel electroconductor para mejorar la sensaci\u00f3n.<\/p>\n<p>Dimensiones<br \/>\nExpandible hasta 7 cm.<\/p>\n<p>Materiales<br \/>\nHecho con fibras sint\u00e9ticas con propiedades electroconductoras. Tiene adaptadores deslizantes de pl\u00e1stico.<\/p>\n","protected":false},"excerpt":{"rendered":"<p>ADJUSTABLE FABRIC COCK AND SCROTAL LOOPS Maximice las sensaciones que siente y disfrute de un ajuste m\u00e1s suave y c\u00f3modo<\/p>\n","protected":false},"featured_media":49652,"comment_status":"open","ping_status":"open","template":"","meta":[],"product_cat":[492],"product_tag":[648],"class_list":["post-49651","product","type-product","status-publish","has-post-thumbnail","hentry","product_cat-electroestimulacion","product_tag-electrastim"],"bundled_by":[],"bundle_stock_status":"outofstock","bundle_stock_quantity":0,"bundle_virtual":false,"bundle_layout":"","bundle_add_to_cart_form_location":"","bundle_editable_in_cart":false,"bundle_sold_individually_context":"","bundle_item_grouping":"","bundle_min_size":"","bundle_max_size":"","bundled_items":[],"yoast_head":"<!-- This site is optimized with the Yoast SEO plugin v20.6 - https:\/\/yoast.com\/wordpress\/plugins\/seo\/ -->\n<title>ANILLOS PENE AJUSTABLES ELECTROESTIMULACI\u00d3N - Tienda Er\u00f3tica<\/title>\n<meta name=\"robots\" content=\"noindex, follow, max-snippet:-1, max-image-preview:large, max-video-preview:-1\" \/>\n<meta property=\"og:locale\" content=\"es_ES\" \/>\n<meta property=\"og:type\" content=\"article\" \/>\n<meta property=\"og:title\" content=\"ANILLOS PENE AJUSTABLES ELECTROESTIMULACI\u00d3N - Tienda Er\u00f3tica\" \/>\n<meta property=\"og:description\" content=\"ADJUSTABLE FABRIC COCK AND SCROTAL LOOPS Maximice las sensaciones que siente y disfrute de un ajuste m\u00e1s suave y c\u00f3modo\" \/>\n<meta property=\"og:url\" content=\"https:\/\/demoweb.info\/sexshop001\/producto\/anillos-pene-ajustables-electroestimulacion\/\" \/>\n<meta property=\"og:site_name\" content=\"Tienda Er\u00f3tica\" \/>\n<meta property=\"article:modified_time\" content=\"2022-01-22T14:56:47+00:00\" \/>\n<meta property=\"og:image\" content=\"https:\/\/demoweb.info\/sexshop001\/wp-content\/uploads\/2022\/01\/ANILLOS-PENE-AJUSTABLES-ELECTROESTIMULACION.jpg\" \/>\n\t<meta property=\"og:image:width\" content=\"550\" \/>\n\t<meta property=\"og:image:height\" content=\"550\" \/>\n\t<meta property=\"og:image:type\" content=\"image\/jpeg\" \/>\n<meta name=\"twitter:card\" content=\"summary_large_image\" \/>\n<meta name=\"twitter:label1\" content=\"Tiempo de lectura\" \/>\n\t<meta name=\"twitter:data1\" content=\"1 minuto\" \/>\n<script type=\"application\/ld+json\" class=\"yoast-schema-graph\">{\"@context\":\"https:\/\/schema.org\",\"@graph\":[{\"@type\":\"WebPage\",\"@id\":\"https:\/\/demoweb.info\/sexshop001\/producto\/anillos-pene-ajustables-electroestimulacion\/\",\"url\":\"https:\/\/demoweb.info\/sexshop001\/producto\/anillos-pene-ajustables-electroestimulacion\/\",\"name\":\"ANILLOS PENE AJUSTABLES ELECTROESTIMULACI\u00d3N - Tienda Er\u00f3tica\",\"isPartOf\":{\"@id\":\"https:\/\/demoweb.info\/sexshop001\/#website\"},\"datePublished\":\"2022-01-22T14:56:39+00:00\",\"dateModified\":\"2022-01-22T14:56:47+00:00\",\"breadcrumb\":{\"@id\":\"https:\/\/demoweb.info\/sexshop001\/producto\/anillos-pene-ajustables-electroestimulacion\/#breadcrumb\"},\"inLanguage\":\"es\",\"potentialAction\":[{\"@type\":\"ReadAction\",\"target\":[\"https:\/\/demoweb.info\/sexshop001\/producto\/anillos-pene-ajustables-electroestimulacion\/\"]}]},{\"@type\":\"BreadcrumbList\",\"@id\":\"https:\/\/demoweb.info\/sexshop001\/producto\/anillos-pene-ajustables-electroestimulacion\/#breadcrumb\",\"itemListElement\":[{\"@type\":\"ListItem\",\"position\":1,\"name\":\"Portada\",\"item\":\"https:\/\/demoweb.info\/sexshop001\/\"},{\"@type\":\"ListItem\",\"position\":2,\"name\":\"Tienda\",\"item\":\"https:\/\/demoweb.info\/sexshop001\/tienda\/\"},{\"@type\":\"ListItem\",\"position\":3,\"name\":\"ANILLOS PENE AJUSTABLES ELECTROESTIMULACI\u00d3N\"}]},{\"@type\":\"WebSite\",\"@id\":\"https:\/\/demoweb.info\/sexshop001\/#website\",\"url\":\"https:\/\/demoweb.info\/sexshop001\/\",\"name\":\"Tienda Er\u00f3tica\",\"description\":\"DEMOWEB SL\",\"potentialAction\":[{\"@type\":\"SearchAction\",\"target\":{\"@type\":\"EntryPoint\",\"urlTemplate\":\"https:\/\/demoweb.info\/sexshop001\/?s={search_term_string}\"},\"query-input\":\"required name=search_term_string\"}],\"inLanguage\":\"es\"}]}<\/script>\n<!-- \/ Yoast SEO plugin. -->","yoast_head_json":{"title":"ANILLOS PENE AJUSTABLES ELECTROESTIMULACI\u00d3N - Tienda Er\u00f3tica","robots":{"index":"noindex","follow":"follow","max-snippet":"max-snippet:-1","max-image-preview":"max-image-preview:large","max-video-preview":"max-video-preview:-1"},"og_locale":"es_ES","og_type":"article","og_title":"ANILLOS PENE AJUSTABLES ELECTROESTIMULACI\u00d3N - Tienda Er\u00f3tica","og_description":"ADJUSTABLE FABRIC COCK AND SCROTAL LOOPS Maximice las sensaciones que siente y disfrute de un ajuste m\u00e1s suave y c\u00f3modo","og_url":"https:\/\/demoweb.info\/sexshop001\/producto\/anillos-pene-ajustables-electroestimulacion\/","og_site_name":"Tienda Er\u00f3tica","article_modified_time":"2022-01-22T14:56:47+00:00","og_image":[{"width":550,"height":550,"url":"https:\/\/demoweb.info\/sexshop001\/wp-content\/uploads\/2022\/01\/ANILLOS-PENE-AJUSTABLES-ELECTROESTIMULACION.jpg","type":"image\/jpeg"}],"twitter_card":"summary_large_image","twitter_misc":{"Tiempo de lectura":"1 minuto"},"schema":{"@context":"https:\/\/schema.org","@graph":[{"@type":"WebPage","@id":"https:\/\/demoweb.info\/sexshop001\/producto\/anillos-pene-ajustables-electroestimulacion\/","url":"https:\/\/demoweb.info\/sexshop001\/producto\/anillos-pene-ajustables-electroestimulacion\/","name":"ANILLOS PENE AJUSTABLES ELECTROESTIMULACI\u00d3N - Tienda Er\u00f3tica","isPartOf":{"@id":"https:\/\/demoweb.info\/sexshop001\/#website"},"datePublished":"2022-01-22T14:56:39+00:00","dateModified":"2022-01-22T14:56:47+00:00","breadcrumb":{"@id":"https:\/\/demoweb.info\/sexshop001\/producto\/anillos-pene-ajustables-electroestimulacion\/#breadcrumb"},"inLanguage":"es","potentialAction":[{"@type":"ReadAction","target":["https:\/\/demoweb.info\/sexshop001\/producto\/anillos-pene-ajustables-electroestimulacion\/"]}]},{"@type":"BreadcrumbList","@id":"https:\/\/demoweb.info\/sexshop001\/producto\/anillos-pene-ajustables-electroestimulacion\/#breadcrumb","itemListElement":[{"@type":"ListItem","position":1,"name":"Portada","item":"https:\/\/demoweb.info\/sexshop001\/"},{"@type":"ListItem","position":2,"name":"Tienda","item":"https:\/\/demoweb.info\/sexshop001\/tienda\/"},{"@type":"ListItem","position":3,"name":"ANILLOS PENE AJUSTABLES ELECTROESTIMULACI\u00d3N"}]},{"@type":"WebSite","@id":"https:\/\/demoweb.info\/sexshop001\/#website","url":"https:\/\/demoweb.info\/sexshop001\/","name":"Tienda Er\u00f3tica","description":"DEMOWEB SL","potentialAction":[{"@type":"SearchAction","target":{"@type":"EntryPoint","urlTemplate":"https:\/\/demoweb.info\/sexshop001\/?s={search_term_string}"},"query-input":"required name=search_term_string"}],"inLanguage":"es"}]}},"_links":{"self":[{"href":"https:\/\/demoweb.info\/sexshop001\/wp-json\/wp\/v3\/product\/49651","targetHints":{"allow":["GET"]}}],"collection":[{"href":"https:\/\/demoweb.info\/sexshop001\/wp-json\/wp\/v3\/product"}],"about":[{"href":"https:\/\/demoweb.info\/sexshop001\/wp-json\/wp\/v2\/types\/product"}],"replies":[{"embeddable":true,"href":"https:\/\/demoweb.info\/sexshop001\/wp-json\/wp\/v2\/comments?post=49651"}],"wp:featuredmedia":[{"embeddable":true,"href":"https:\/\/demoweb.info\/sexshop001\/wp-json\/wp\/v2\/media\/49652"}],"wp:attachment":[{"href":"https:\/\/demoweb.info\/sexshop001\/wp-json\/wp\/v2\/media?parent=49651"}],"wp:term":[{"taxonomy":"product_cat","embeddable":true,"href":"https:\/\/demoweb.info\/sexshop001\/wp-json\/wp\/v2\/product_cat?post=49651"},{"taxonomy":"product_tag","embeddable":true,"href":"https:\/\/demoweb.info\/sexshop001\/wp-json\/wp\/v2\/product_tag?post=49651"}],"curies":[{"name":"wp","href":"https:\/\/api.w.org\/{rel}","templated":true}]}}