{"id":49641,"date":"2022-01-22T15:56:39","date_gmt":"2022-01-22T14:56:39","guid":{"rendered":"https:\/\/demoweb.info\/sexshop001\/producto\/electrastim-flick-stimulator-multi-pack\/"},"modified":"2022-01-22T15:56:41","modified_gmt":"2022-01-22T14:56:41","slug":"electrastim-flick-stimulator-multi-pack","status":"publish","type":"product","link":"https:\/\/demoweb.info\/sexshop001\/producto\/electrastim-flick-stimulator-multi-pack\/","title":{"rendered":"ELECTRASTIM FLICK STIMULATOR MULTI-PACK"},"content":{"rendered":"<p><strong>ELECTRASTIM FLICK STIMULATOR MULTI-PACK<\/strong><\/p>\n<p>El paquete de ElectraStim Flick EM60-M incluye un estimulador, todos los cables necesarios, un conjunto de 4 ElectraPads, 2 anillos para el pene ajustables ElectraLoops y un electrodo Silicone Noir Aura (adecuado para su uso vaginal y anal).<\/p>\n<p>Un lujoso estimulador de l\u00ednea fina con pantalla LED y control ergon\u00f3mico. Pruebe el modo Flick para una estimulaci\u00f3n que fluye junto con un \u201cmovimiento r\u00e1pido\u201d de mu\u00f1eca para obtener patrones completamente personalizables.<\/p>\n<p>Los estimuladores Flick son perfectos para mejorar la masturbaci\u00f3n, el juego previo y el sexo con la emoci\u00f3n y el hormigueo y la palpitaci\u00f3n \u00fanicos del electrosexo.<\/p>\n<p>Caracter\u00edsticas del estimulador: <\/p>\n<ul>\n<li>7 patrones de estimulaci\u00f3n diferentes<\/li>\n<li>Ajuste Flick del movimiento, estimula utilizando un movimiento r\u00e1pido<\/li>\n<li>24 niveles de intensidad<\/li>\n<li>Canal \u00fanico de estimulaci\u00f3n<\/li>\n<li>Recargable mediante USB<\/li>\n<\/ul>\n<p>\nIncluye: <\/p>\n<ul>\n<li>Estimulador EM60<\/li>\n<li>4 almohadillas conductoras<\/li>\n<li>Electrodo Silicone Noir Aura (7,6 cm x 8,38 cm)<\/li>\n<li>2 anillos para el pene Electraloops (ajustables hasta 7 cm de di\u00e1metro)<\/li>\n<li>Tubo de 60 ml de gel conductor<\/li>\n<li>Cable de conexi\u00f3n (conexi\u00f3n pin de 2 mm)<\/li>\n<li>Cable USB de carga<\/li>\n<li>Bolsa para guardarlo<\/li>\n<\/ul>\n","protected":false},"excerpt":{"rendered":"<p>ELECTRASTIM FLICK STIMULATOR MULTI-PACK El paquete de ElectraStim Flick EM60-M incluye un estimulador, todos los cables necesarios, un conjunto de<\/p>\n","protected":false},"featured_media":49642,"comment_status":"open","ping_status":"open","template":"","meta":[],"product_cat":[492],"product_tag":[648],"class_list":["post-49641","product","type-product","status-publish","has-post-thumbnail","hentry","product_cat-electroestimulacion","product_tag-electrastim"],"bundled_by":[],"bundle_stock_status":"instock","bundle_stock_quantity":2,"bundle_virtual":false,"bundle_layout":"","bundle_add_to_cart_form_location":"","bundle_editable_in_cart":false,"bundle_sold_individually_context":"","bundle_item_grouping":"","bundle_min_size":"","bundle_max_size":"","bundled_items":[],"yoast_head":"<!-- This site is optimized with the Yoast SEO plugin v20.6 - https:\/\/yoast.com\/wordpress\/plugins\/seo\/ -->\n<title>ELECTRASTIM FLICK STIMULATOR MULTI-PACK - Tienda Er\u00f3tica<\/title>\n<meta name=\"robots\" content=\"noindex, follow, max-snippet:-1, max-image-preview:large, max-video-preview:-1\" \/>\n<meta property=\"og:locale\" content=\"es_ES\" \/>\n<meta property=\"og:type\" content=\"article\" \/>\n<meta property=\"og:title\" content=\"ELECTRASTIM FLICK STIMULATOR MULTI-PACK - Tienda Er\u00f3tica\" \/>\n<meta property=\"og:description\" content=\"ELECTRASTIM FLICK STIMULATOR MULTI-PACK El paquete de ElectraStim Flick EM60-M incluye un estimulador, todos los cables necesarios, un conjunto de\" \/>\n<meta property=\"og:url\" content=\"https:\/\/demoweb.info\/sexshop001\/producto\/electrastim-flick-stimulator-multi-pack\/\" \/>\n<meta property=\"og:site_name\" content=\"Tienda Er\u00f3tica\" \/>\n<meta property=\"article:modified_time\" content=\"2022-01-22T14:56:41+00:00\" \/>\n<meta property=\"og:image\" content=\"https:\/\/demoweb.info\/sexshop001\/wp-content\/uploads\/2022\/01\/ELECTRASTIM-FLICK-STIMULATOR-MULTI-PACK.jpg\" \/>\n\t<meta property=\"og:image:width\" content=\"550\" \/>\n\t<meta property=\"og:image:height\" content=\"550\" \/>\n\t<meta property=\"og:image:type\" content=\"image\/jpeg\" \/>\n<meta name=\"twitter:card\" content=\"summary_large_image\" \/>\n<meta name=\"twitter:label1\" content=\"Tiempo de lectura\" \/>\n\t<meta name=\"twitter:data1\" content=\"1 minuto\" \/>\n<script type=\"application\/ld+json\" class=\"yoast-schema-graph\">{\"@context\":\"https:\/\/schema.org\",\"@graph\":[{\"@type\":\"WebPage\",\"@id\":\"https:\/\/demoweb.info\/sexshop001\/producto\/electrastim-flick-stimulator-multi-pack\/\",\"url\":\"https:\/\/demoweb.info\/sexshop001\/producto\/electrastim-flick-stimulator-multi-pack\/\",\"name\":\"ELECTRASTIM FLICK STIMULATOR MULTI-PACK - Tienda Er\u00f3tica\",\"isPartOf\":{\"@id\":\"https:\/\/demoweb.info\/sexshop001\/#website\"},\"datePublished\":\"2022-01-22T14:56:39+00:00\",\"dateModified\":\"2022-01-22T14:56:41+00:00\",\"breadcrumb\":{\"@id\":\"https:\/\/demoweb.info\/sexshop001\/producto\/electrastim-flick-stimulator-multi-pack\/#breadcrumb\"},\"inLanguage\":\"es\",\"potentialAction\":[{\"@type\":\"ReadAction\",\"target\":[\"https:\/\/demoweb.info\/sexshop001\/producto\/electrastim-flick-stimulator-multi-pack\/\"]}]},{\"@type\":\"BreadcrumbList\",\"@id\":\"https:\/\/demoweb.info\/sexshop001\/producto\/electrastim-flick-stimulator-multi-pack\/#breadcrumb\",\"itemListElement\":[{\"@type\":\"ListItem\",\"position\":1,\"name\":\"Portada\",\"item\":\"https:\/\/demoweb.info\/sexshop001\/\"},{\"@type\":\"ListItem\",\"position\":2,\"name\":\"Tienda\",\"item\":\"https:\/\/demoweb.info\/sexshop001\/tienda\/\"},{\"@type\":\"ListItem\",\"position\":3,\"name\":\"ELECTRASTIM FLICK STIMULATOR MULTI-PACK\"}]},{\"@type\":\"WebSite\",\"@id\":\"https:\/\/demoweb.info\/sexshop001\/#website\",\"url\":\"https:\/\/demoweb.info\/sexshop001\/\",\"name\":\"Tienda Er\u00f3tica\",\"description\":\"DEMOWEB SL\",\"potentialAction\":[{\"@type\":\"SearchAction\",\"target\":{\"@type\":\"EntryPoint\",\"urlTemplate\":\"https:\/\/demoweb.info\/sexshop001\/?s={search_term_string}\"},\"query-input\":\"required name=search_term_string\"}],\"inLanguage\":\"es\"}]}<\/script>\n<!-- \/ Yoast SEO plugin. -->","yoast_head_json":{"title":"ELECTRASTIM FLICK STIMULATOR MULTI-PACK - Tienda Er\u00f3tica","robots":{"index":"noindex","follow":"follow","max-snippet":"max-snippet:-1","max-image-preview":"max-image-preview:large","max-video-preview":"max-video-preview:-1"},"og_locale":"es_ES","og_type":"article","og_title":"ELECTRASTIM FLICK STIMULATOR MULTI-PACK - Tienda Er\u00f3tica","og_description":"ELECTRASTIM FLICK STIMULATOR MULTI-PACK El paquete de ElectraStim Flick EM60-M incluye un estimulador, todos los cables necesarios, un conjunto de","og_url":"https:\/\/demoweb.info\/sexshop001\/producto\/electrastim-flick-stimulator-multi-pack\/","og_site_name":"Tienda Er\u00f3tica","article_modified_time":"2022-01-22T14:56:41+00:00","og_image":[{"width":550,"height":550,"url":"https:\/\/demoweb.info\/sexshop001\/wp-content\/uploads\/2022\/01\/ELECTRASTIM-FLICK-STIMULATOR-MULTI-PACK.jpg","type":"image\/jpeg"}],"twitter_card":"summary_large_image","twitter_misc":{"Tiempo de lectura":"1 minuto"},"schema":{"@context":"https:\/\/schema.org","@graph":[{"@type":"WebPage","@id":"https:\/\/demoweb.info\/sexshop001\/producto\/electrastim-flick-stimulator-multi-pack\/","url":"https:\/\/demoweb.info\/sexshop001\/producto\/electrastim-flick-stimulator-multi-pack\/","name":"ELECTRASTIM FLICK STIMULATOR MULTI-PACK - Tienda Er\u00f3tica","isPartOf":{"@id":"https:\/\/demoweb.info\/sexshop001\/#website"},"datePublished":"2022-01-22T14:56:39+00:00","dateModified":"2022-01-22T14:56:41+00:00","breadcrumb":{"@id":"https:\/\/demoweb.info\/sexshop001\/producto\/electrastim-flick-stimulator-multi-pack\/#breadcrumb"},"inLanguage":"es","potentialAction":[{"@type":"ReadAction","target":["https:\/\/demoweb.info\/sexshop001\/producto\/electrastim-flick-stimulator-multi-pack\/"]}]},{"@type":"BreadcrumbList","@id":"https:\/\/demoweb.info\/sexshop001\/producto\/electrastim-flick-stimulator-multi-pack\/#breadcrumb","itemListElement":[{"@type":"ListItem","position":1,"name":"Portada","item":"https:\/\/demoweb.info\/sexshop001\/"},{"@type":"ListItem","position":2,"name":"Tienda","item":"https:\/\/demoweb.info\/sexshop001\/tienda\/"},{"@type":"ListItem","position":3,"name":"ELECTRASTIM FLICK STIMULATOR MULTI-PACK"}]},{"@type":"WebSite","@id":"https:\/\/demoweb.info\/sexshop001\/#website","url":"https:\/\/demoweb.info\/sexshop001\/","name":"Tienda Er\u00f3tica","description":"DEMOWEB SL","potentialAction":[{"@type":"SearchAction","target":{"@type":"EntryPoint","urlTemplate":"https:\/\/demoweb.info\/sexshop001\/?s={search_term_string}"},"query-input":"required name=search_term_string"}],"inLanguage":"es"}]}},"_links":{"self":[{"href":"https:\/\/demoweb.info\/sexshop001\/wp-json\/wp\/v3\/product\/49641","targetHints":{"allow":["GET"]}}],"collection":[{"href":"https:\/\/demoweb.info\/sexshop001\/wp-json\/wp\/v3\/product"}],"about":[{"href":"https:\/\/demoweb.info\/sexshop001\/wp-json\/wp\/v2\/types\/product"}],"replies":[{"embeddable":true,"href":"https:\/\/demoweb.info\/sexshop001\/wp-json\/wp\/v2\/comments?post=49641"}],"wp:featuredmedia":[{"embeddable":true,"href":"https:\/\/demoweb.info\/sexshop001\/wp-json\/wp\/v2\/media\/49642"}],"wp:attachment":[{"href":"https:\/\/demoweb.info\/sexshop001\/wp-json\/wp\/v2\/media?parent=49641"}],"wp:term":[{"taxonomy":"product_cat","embeddable":true,"href":"https:\/\/demoweb.info\/sexshop001\/wp-json\/wp\/v2\/product_cat?post=49641"},{"taxonomy":"product_tag","embeddable":true,"href":"https:\/\/demoweb.info\/sexshop001\/wp-json\/wp\/v2\/product_tag?post=49641"}],"curies":[{"name":"wp","href":"https:\/\/api.w.org\/{rel}","templated":true}]}}