{"id":49627,"date":"2022-01-22T15:56:16","date_gmt":"2022-01-22T14:56:16","guid":{"rendered":"https:\/\/demoweb.info\/sexshop001\/producto\/ditto-by-we-vibe-morado\/"},"modified":"2022-01-22T15:56:31","modified_gmt":"2022-01-22T14:56:31","slug":"ditto-by-we-vibe-morado","status":"publish","type":"product","link":"https:\/\/demoweb.info\/sexshop001\/producto\/ditto-by-we-vibe-morado\/","title":{"rendered":"DITTO BY WE-VIBE MORADO"},"content":{"rendered":"<p><strong>DITTO BY WE-VIBE PURPLE<\/strong><\/p>\n<p>Descubre la emoci\u00f3n del juego anal con Ditto by We-Vibe, un plug vibrador de silicona. \u00dasalo durante los juegos previos o el sexo, la elecci\u00f3n es tuya y tambi\u00e9n lo es el placer.<\/p>\n<p>Ditto a\u00f1ade una nueva estimulaci\u00f3n a tu juego \u00edntimo durante la masturbaci\u00f3n, los preliminares y las relaciones sexuales. Simplemente<em> plug and play.<\/em><\/p>\n<p>Ditto by We-Vibe es un plug vibrante para parejas nuevas en la exploraci\u00f3n anal. Ditto estimula con una presi\u00f3n suave y m\u00faltiples vibraciones, y puede ser controlado con el mando o la aplicaci\u00f3n We-Connect.<\/p>\n<ul>\n<li>Material: Silicona<\/li>\n<li>Di\u00e1metro Exterior: 7 cm<\/li>\n<li>Longitud Total: 8 cm<\/li>\n<li>Recargable con USB.<\/li>\n<li>Resistente al agua.<\/li>\n<\/ul>\n","protected":false},"excerpt":{"rendered":"<p>DITTO BY WE-VIBE PURPLE Descubre la emoci\u00f3n del juego anal con Ditto by We-Vibe, un plug vibrador de silicona. \u00dasalo<\/p>\n","protected":false},"featured_media":49628,"comment_status":"open","ping_status":"open","template":"","meta":[],"product_cat":[338],"product_tag":[444],"class_list":["post-49627","product","type-product","status-publish","has-post-thumbnail","hentry","product_cat-silicona-plugs","product_tag-we-vibe"],"bundled_by":[],"bundle_stock_status":"instock","bundle_stock_quantity":1,"bundle_virtual":false,"bundle_layout":"","bundle_add_to_cart_form_location":"","bundle_editable_in_cart":false,"bundle_sold_individually_context":"","bundle_item_grouping":"","bundle_min_size":"","bundle_max_size":"","bundled_items":[],"yoast_head":"<!-- This site is optimized with the Yoast SEO plugin v20.6 - https:\/\/yoast.com\/wordpress\/plugins\/seo\/ -->\n<title>DITTO BY WE-VIBE MORADO - Tienda Er\u00f3tica<\/title>\n<meta name=\"robots\" content=\"noindex, follow, max-snippet:-1, max-image-preview:large, max-video-preview:-1\" \/>\n<meta property=\"og:locale\" content=\"es_ES\" \/>\n<meta property=\"og:type\" content=\"article\" \/>\n<meta property=\"og:title\" content=\"DITTO BY WE-VIBE MORADO - Tienda Er\u00f3tica\" \/>\n<meta property=\"og:description\" content=\"DITTO BY WE-VIBE PURPLE Descubre la emoci\u00f3n del juego anal con Ditto by We-Vibe, un plug vibrador de silicona. \u00dasalo\" \/>\n<meta property=\"og:url\" content=\"https:\/\/demoweb.info\/sexshop001\/producto\/ditto-by-we-vibe-morado\/\" \/>\n<meta property=\"og:site_name\" content=\"Tienda Er\u00f3tica\" \/>\n<meta property=\"article:modified_time\" content=\"2022-01-22T14:56:31+00:00\" \/>\n<meta property=\"og:image\" content=\"https:\/\/demoweb.info\/sexshop001\/wp-content\/uploads\/2022\/01\/DITTO-BY-WE-VIBE-MORADO.jpg\" \/>\n\t<meta property=\"og:image:width\" content=\"550\" \/>\n\t<meta property=\"og:image:height\" content=\"550\" \/>\n\t<meta property=\"og:image:type\" content=\"image\/jpeg\" \/>\n<meta name=\"twitter:card\" content=\"summary_large_image\" \/>\n<meta name=\"twitter:label1\" content=\"Tiempo de lectura\" \/>\n\t<meta name=\"twitter:data1\" content=\"1 minuto\" \/>\n<script type=\"application\/ld+json\" class=\"yoast-schema-graph\">{\"@context\":\"https:\/\/schema.org\",\"@graph\":[{\"@type\":\"WebPage\",\"@id\":\"https:\/\/demoweb.info\/sexshop001\/producto\/ditto-by-we-vibe-morado\/\",\"url\":\"https:\/\/demoweb.info\/sexshop001\/producto\/ditto-by-we-vibe-morado\/\",\"name\":\"DITTO BY WE-VIBE MORADO - Tienda Er\u00f3tica\",\"isPartOf\":{\"@id\":\"https:\/\/demoweb.info\/sexshop001\/#website\"},\"datePublished\":\"2022-01-22T14:56:16+00:00\",\"dateModified\":\"2022-01-22T14:56:31+00:00\",\"breadcrumb\":{\"@id\":\"https:\/\/demoweb.info\/sexshop001\/producto\/ditto-by-we-vibe-morado\/#breadcrumb\"},\"inLanguage\":\"es\",\"potentialAction\":[{\"@type\":\"ReadAction\",\"target\":[\"https:\/\/demoweb.info\/sexshop001\/producto\/ditto-by-we-vibe-morado\/\"]}]},{\"@type\":\"BreadcrumbList\",\"@id\":\"https:\/\/demoweb.info\/sexshop001\/producto\/ditto-by-we-vibe-morado\/#breadcrumb\",\"itemListElement\":[{\"@type\":\"ListItem\",\"position\":1,\"name\":\"Portada\",\"item\":\"https:\/\/demoweb.info\/sexshop001\/\"},{\"@type\":\"ListItem\",\"position\":2,\"name\":\"Tienda\",\"item\":\"https:\/\/demoweb.info\/sexshop001\/tienda\/\"},{\"@type\":\"ListItem\",\"position\":3,\"name\":\"DITTO BY WE-VIBE MORADO\"}]},{\"@type\":\"WebSite\",\"@id\":\"https:\/\/demoweb.info\/sexshop001\/#website\",\"url\":\"https:\/\/demoweb.info\/sexshop001\/\",\"name\":\"Tienda Er\u00f3tica\",\"description\":\"DEMOWEB SL\",\"potentialAction\":[{\"@type\":\"SearchAction\",\"target\":{\"@type\":\"EntryPoint\",\"urlTemplate\":\"https:\/\/demoweb.info\/sexshop001\/?s={search_term_string}\"},\"query-input\":\"required name=search_term_string\"}],\"inLanguage\":\"es\"}]}<\/script>\n<!-- \/ Yoast SEO plugin. -->","yoast_head_json":{"title":"DITTO BY WE-VIBE MORADO - Tienda Er\u00f3tica","robots":{"index":"noindex","follow":"follow","max-snippet":"max-snippet:-1","max-image-preview":"max-image-preview:large","max-video-preview":"max-video-preview:-1"},"og_locale":"es_ES","og_type":"article","og_title":"DITTO BY WE-VIBE MORADO - Tienda Er\u00f3tica","og_description":"DITTO BY WE-VIBE PURPLE Descubre la emoci\u00f3n del juego anal con Ditto by We-Vibe, un plug vibrador de silicona. \u00dasalo","og_url":"https:\/\/demoweb.info\/sexshop001\/producto\/ditto-by-we-vibe-morado\/","og_site_name":"Tienda Er\u00f3tica","article_modified_time":"2022-01-22T14:56:31+00:00","og_image":[{"width":550,"height":550,"url":"https:\/\/demoweb.info\/sexshop001\/wp-content\/uploads\/2022\/01\/DITTO-BY-WE-VIBE-MORADO.jpg","type":"image\/jpeg"}],"twitter_card":"summary_large_image","twitter_misc":{"Tiempo de lectura":"1 minuto"},"schema":{"@context":"https:\/\/schema.org","@graph":[{"@type":"WebPage","@id":"https:\/\/demoweb.info\/sexshop001\/producto\/ditto-by-we-vibe-morado\/","url":"https:\/\/demoweb.info\/sexshop001\/producto\/ditto-by-we-vibe-morado\/","name":"DITTO BY WE-VIBE MORADO - Tienda Er\u00f3tica","isPartOf":{"@id":"https:\/\/demoweb.info\/sexshop001\/#website"},"datePublished":"2022-01-22T14:56:16+00:00","dateModified":"2022-01-22T14:56:31+00:00","breadcrumb":{"@id":"https:\/\/demoweb.info\/sexshop001\/producto\/ditto-by-we-vibe-morado\/#breadcrumb"},"inLanguage":"es","potentialAction":[{"@type":"ReadAction","target":["https:\/\/demoweb.info\/sexshop001\/producto\/ditto-by-we-vibe-morado\/"]}]},{"@type":"BreadcrumbList","@id":"https:\/\/demoweb.info\/sexshop001\/producto\/ditto-by-we-vibe-morado\/#breadcrumb","itemListElement":[{"@type":"ListItem","position":1,"name":"Portada","item":"https:\/\/demoweb.info\/sexshop001\/"},{"@type":"ListItem","position":2,"name":"Tienda","item":"https:\/\/demoweb.info\/sexshop001\/tienda\/"},{"@type":"ListItem","position":3,"name":"DITTO BY WE-VIBE MORADO"}]},{"@type":"WebSite","@id":"https:\/\/demoweb.info\/sexshop001\/#website","url":"https:\/\/demoweb.info\/sexshop001\/","name":"Tienda Er\u00f3tica","description":"DEMOWEB SL","potentialAction":[{"@type":"SearchAction","target":{"@type":"EntryPoint","urlTemplate":"https:\/\/demoweb.info\/sexshop001\/?s={search_term_string}"},"query-input":"required name=search_term_string"}],"inLanguage":"es"}]}},"_links":{"self":[{"href":"https:\/\/demoweb.info\/sexshop001\/wp-json\/wp\/v3\/product\/49627","targetHints":{"allow":["GET"]}}],"collection":[{"href":"https:\/\/demoweb.info\/sexshop001\/wp-json\/wp\/v3\/product"}],"about":[{"href":"https:\/\/demoweb.info\/sexshop001\/wp-json\/wp\/v2\/types\/product"}],"replies":[{"embeddable":true,"href":"https:\/\/demoweb.info\/sexshop001\/wp-json\/wp\/v2\/comments?post=49627"}],"wp:featuredmedia":[{"embeddable":true,"href":"https:\/\/demoweb.info\/sexshop001\/wp-json\/wp\/v2\/media\/49628"}],"wp:attachment":[{"href":"https:\/\/demoweb.info\/sexshop001\/wp-json\/wp\/v2\/media?parent=49627"}],"wp:term":[{"taxonomy":"product_cat","embeddable":true,"href":"https:\/\/demoweb.info\/sexshop001\/wp-json\/wp\/v2\/product_cat?post=49627"},{"taxonomy":"product_tag","embeddable":true,"href":"https:\/\/demoweb.info\/sexshop001\/wp-json\/wp\/v2\/product_tag?post=49627"}],"curies":[{"name":"wp","href":"https:\/\/api.w.org\/{rel}","templated":true}]}}