{"id":49612,"date":"2022-01-22T15:56:16","date_gmt":"2022-01-22T14:56:16","guid":{"rendered":"https:\/\/demoweb.info\/sexshop001\/producto\/collar-de-sumision-con-pinzas-para-pezones\/"},"modified":"2022-01-22T15:56:22","modified_gmt":"2022-01-22T14:56:22","slug":"collar-de-sumision-con-pinzas-para-pezones","status":"publish","type":"product","link":"https:\/\/demoweb.info\/sexshop001\/producto\/collar-de-sumision-con-pinzas-para-pezones\/","title":{"rendered":"COLLAR DE SUMISI\u00d3N CON PINZAS PARA PEZONES"},"content":{"rendered":"<p><strong>SUBMISSION COLLAR AND NIPPLE CLAMP UNION<\/strong><\/p>\n<p>Imagina la combinaci\u00f3n seductora de collar y abrazadera de placer y presi\u00f3n.<\/p>\n<p>El collar de calidad se hace m\u00e1s c\u00f3modo con la adici\u00f3n de un forro interior de neopreno, y se asegura por medio de un doble velcro vinculante. El collar tiene dos anillos adicionales en D, si quieres agregar pesos, cuerda, o cualquier otro accesorio que puedas imaginarte.<\/p>\n<p>Este d\u00fao cuenta con una cadena de 35,5 cm que se divide en dos a 20 cm, uni\u00e9ndose al collar en un anillo D frontal. Cada cadena termina en una abrazadera ajustable del pez\u00f3n del estilo del cocodrilo, hecha f\u00e1cilmente m\u00e1s apretada con los tornillos del pulgar. Cada pinza tiene una punta de vinilo para mayor comodidad y mejor agarre. Adornar el cuello de su travieso con este collar llamativo, como la cadena cuelga seductor contra su pecho.<\/p>\n","protected":false},"excerpt":{"rendered":"<p>SUBMISSION COLLAR AND NIPPLE CLAMP UNION Imagina la combinaci\u00f3n seductora de collar y abrazadera de placer y presi\u00f3n. El collar<\/p>\n","protected":false},"featured_media":49613,"comment_status":"open","ping_status":"open","template":"","meta":[],"product_cat":[499],"product_tag":[274],"class_list":["post-49612","product","type-product","status-publish","has-post-thumbnail","hentry","product_cat-collares","product_tag-xr-brands"],"bundled_by":[],"bundle_stock_status":"instock","bundle_stock_quantity":2,"bundle_virtual":false,"bundle_layout":"","bundle_add_to_cart_form_location":"","bundle_editable_in_cart":false,"bundle_sold_individually_context":"","bundle_item_grouping":"","bundle_min_size":"","bundle_max_size":"","bundled_items":[],"yoast_head":"<!-- This site is optimized with the Yoast SEO plugin v20.6 - https:\/\/yoast.com\/wordpress\/plugins\/seo\/ -->\n<title>COLLAR DE SUMISI\u00d3N CON PINZAS PARA PEZONES - Tienda Er\u00f3tica<\/title>\n<meta name=\"robots\" content=\"noindex, follow, max-snippet:-1, max-image-preview:large, max-video-preview:-1\" \/>\n<meta property=\"og:locale\" content=\"es_ES\" \/>\n<meta property=\"og:type\" content=\"article\" \/>\n<meta property=\"og:title\" content=\"COLLAR DE SUMISI\u00d3N CON PINZAS PARA PEZONES - Tienda Er\u00f3tica\" \/>\n<meta property=\"og:description\" content=\"SUBMISSION COLLAR AND NIPPLE CLAMP UNION Imagina la combinaci\u00f3n seductora de collar y abrazadera de placer y presi\u00f3n. El collar\" \/>\n<meta property=\"og:url\" content=\"https:\/\/demoweb.info\/sexshop001\/producto\/collar-de-sumision-con-pinzas-para-pezones\/\" \/>\n<meta property=\"og:site_name\" content=\"Tienda Er\u00f3tica\" \/>\n<meta property=\"article:modified_time\" content=\"2022-01-22T14:56:22+00:00\" \/>\n<meta property=\"og:image\" content=\"https:\/\/demoweb.info\/sexshop001\/wp-content\/uploads\/2022\/01\/COLLAR-DE-SUMISION-CON-PINZAS-PARA-PEZONES.jpg\" \/>\n\t<meta property=\"og:image:width\" content=\"550\" \/>\n\t<meta property=\"og:image:height\" content=\"550\" \/>\n\t<meta property=\"og:image:type\" content=\"image\/jpeg\" \/>\n<meta name=\"twitter:card\" content=\"summary_large_image\" \/>\n<meta name=\"twitter:label1\" content=\"Tiempo de lectura\" \/>\n\t<meta name=\"twitter:data1\" content=\"1 minuto\" \/>\n<script type=\"application\/ld+json\" class=\"yoast-schema-graph\">{\"@context\":\"https:\/\/schema.org\",\"@graph\":[{\"@type\":\"WebPage\",\"@id\":\"https:\/\/demoweb.info\/sexshop001\/producto\/collar-de-sumision-con-pinzas-para-pezones\/\",\"url\":\"https:\/\/demoweb.info\/sexshop001\/producto\/collar-de-sumision-con-pinzas-para-pezones\/\",\"name\":\"COLLAR DE SUMISI\u00d3N CON PINZAS PARA PEZONES - Tienda Er\u00f3tica\",\"isPartOf\":{\"@id\":\"https:\/\/demoweb.info\/sexshop001\/#website\"},\"datePublished\":\"2022-01-22T14:56:16+00:00\",\"dateModified\":\"2022-01-22T14:56:22+00:00\",\"breadcrumb\":{\"@id\":\"https:\/\/demoweb.info\/sexshop001\/producto\/collar-de-sumision-con-pinzas-para-pezones\/#breadcrumb\"},\"inLanguage\":\"es\",\"potentialAction\":[{\"@type\":\"ReadAction\",\"target\":[\"https:\/\/demoweb.info\/sexshop001\/producto\/collar-de-sumision-con-pinzas-para-pezones\/\"]}]},{\"@type\":\"BreadcrumbList\",\"@id\":\"https:\/\/demoweb.info\/sexshop001\/producto\/collar-de-sumision-con-pinzas-para-pezones\/#breadcrumb\",\"itemListElement\":[{\"@type\":\"ListItem\",\"position\":1,\"name\":\"Portada\",\"item\":\"https:\/\/demoweb.info\/sexshop001\/\"},{\"@type\":\"ListItem\",\"position\":2,\"name\":\"Tienda\",\"item\":\"https:\/\/demoweb.info\/sexshop001\/tienda\/\"},{\"@type\":\"ListItem\",\"position\":3,\"name\":\"COLLAR DE SUMISI\u00d3N CON PINZAS PARA PEZONES\"}]},{\"@type\":\"WebSite\",\"@id\":\"https:\/\/demoweb.info\/sexshop001\/#website\",\"url\":\"https:\/\/demoweb.info\/sexshop001\/\",\"name\":\"Tienda Er\u00f3tica\",\"description\":\"DEMOWEB SL\",\"potentialAction\":[{\"@type\":\"SearchAction\",\"target\":{\"@type\":\"EntryPoint\",\"urlTemplate\":\"https:\/\/demoweb.info\/sexshop001\/?s={search_term_string}\"},\"query-input\":\"required name=search_term_string\"}],\"inLanguage\":\"es\"}]}<\/script>\n<!-- \/ Yoast SEO plugin. -->","yoast_head_json":{"title":"COLLAR DE SUMISI\u00d3N CON PINZAS PARA PEZONES - Tienda Er\u00f3tica","robots":{"index":"noindex","follow":"follow","max-snippet":"max-snippet:-1","max-image-preview":"max-image-preview:large","max-video-preview":"max-video-preview:-1"},"og_locale":"es_ES","og_type":"article","og_title":"COLLAR DE SUMISI\u00d3N CON PINZAS PARA PEZONES - Tienda Er\u00f3tica","og_description":"SUBMISSION COLLAR AND NIPPLE CLAMP UNION Imagina la combinaci\u00f3n seductora de collar y abrazadera de placer y presi\u00f3n. El collar","og_url":"https:\/\/demoweb.info\/sexshop001\/producto\/collar-de-sumision-con-pinzas-para-pezones\/","og_site_name":"Tienda Er\u00f3tica","article_modified_time":"2022-01-22T14:56:22+00:00","og_image":[{"width":550,"height":550,"url":"https:\/\/demoweb.info\/sexshop001\/wp-content\/uploads\/2022\/01\/COLLAR-DE-SUMISION-CON-PINZAS-PARA-PEZONES.jpg","type":"image\/jpeg"}],"twitter_card":"summary_large_image","twitter_misc":{"Tiempo de lectura":"1 minuto"},"schema":{"@context":"https:\/\/schema.org","@graph":[{"@type":"WebPage","@id":"https:\/\/demoweb.info\/sexshop001\/producto\/collar-de-sumision-con-pinzas-para-pezones\/","url":"https:\/\/demoweb.info\/sexshop001\/producto\/collar-de-sumision-con-pinzas-para-pezones\/","name":"COLLAR DE SUMISI\u00d3N CON PINZAS PARA PEZONES - Tienda Er\u00f3tica","isPartOf":{"@id":"https:\/\/demoweb.info\/sexshop001\/#website"},"datePublished":"2022-01-22T14:56:16+00:00","dateModified":"2022-01-22T14:56:22+00:00","breadcrumb":{"@id":"https:\/\/demoweb.info\/sexshop001\/producto\/collar-de-sumision-con-pinzas-para-pezones\/#breadcrumb"},"inLanguage":"es","potentialAction":[{"@type":"ReadAction","target":["https:\/\/demoweb.info\/sexshop001\/producto\/collar-de-sumision-con-pinzas-para-pezones\/"]}]},{"@type":"BreadcrumbList","@id":"https:\/\/demoweb.info\/sexshop001\/producto\/collar-de-sumision-con-pinzas-para-pezones\/#breadcrumb","itemListElement":[{"@type":"ListItem","position":1,"name":"Portada","item":"https:\/\/demoweb.info\/sexshop001\/"},{"@type":"ListItem","position":2,"name":"Tienda","item":"https:\/\/demoweb.info\/sexshop001\/tienda\/"},{"@type":"ListItem","position":3,"name":"COLLAR DE SUMISI\u00d3N CON PINZAS PARA PEZONES"}]},{"@type":"WebSite","@id":"https:\/\/demoweb.info\/sexshop001\/#website","url":"https:\/\/demoweb.info\/sexshop001\/","name":"Tienda Er\u00f3tica","description":"DEMOWEB SL","potentialAction":[{"@type":"SearchAction","target":{"@type":"EntryPoint","urlTemplate":"https:\/\/demoweb.info\/sexshop001\/?s={search_term_string}"},"query-input":"required name=search_term_string"}],"inLanguage":"es"}]}},"_links":{"self":[{"href":"https:\/\/demoweb.info\/sexshop001\/wp-json\/wp\/v3\/product\/49612","targetHints":{"allow":["GET"]}}],"collection":[{"href":"https:\/\/demoweb.info\/sexshop001\/wp-json\/wp\/v3\/product"}],"about":[{"href":"https:\/\/demoweb.info\/sexshop001\/wp-json\/wp\/v2\/types\/product"}],"replies":[{"embeddable":true,"href":"https:\/\/demoweb.info\/sexshop001\/wp-json\/wp\/v2\/comments?post=49612"}],"wp:featuredmedia":[{"embeddable":true,"href":"https:\/\/demoweb.info\/sexshop001\/wp-json\/wp\/v2\/media\/49613"}],"wp:attachment":[{"href":"https:\/\/demoweb.info\/sexshop001\/wp-json\/wp\/v2\/media?parent=49612"}],"wp:term":[{"taxonomy":"product_cat","embeddable":true,"href":"https:\/\/demoweb.info\/sexshop001\/wp-json\/wp\/v2\/product_cat?post=49612"},{"taxonomy":"product_tag","embeddable":true,"href":"https:\/\/demoweb.info\/sexshop001\/wp-json\/wp\/v2\/product_tag?post=49612"}],"curies":[{"name":"wp","href":"https:\/\/api.w.org\/{rel}","templated":true}]}}