{"id":49602,"date":"2022-01-22T15:56:16","date_gmt":"2022-01-22T14:56:16","guid":{"rendered":"https:\/\/demoweb.info\/sexshop001\/producto\/intro-8-morado\/"},"modified":"2022-01-22T15:56:16","modified_gmt":"2022-01-22T14:56:16","slug":"intro-8-morado","status":"publish","type":"product","link":"https:\/\/demoweb.info\/sexshop001\/producto\/intro-8-morado\/","title":{"rendered":"INTRO 8 &#8211; MORADO"},"content":{"rendered":"<p><strong>INTRO 8 &#8211; PURPLE<\/strong><\/p>\n<p>Con tres potentes motores, INTRO 8 ofrece estimulaci\u00f3n din\u00e1mica y un placer que abarca todo. El cuello flexible es curvo para golpear el punto G, sin embargo, da el movimiento y los contornos de su cuerpo. Como el motor en la punta ofrece potente estimulaci\u00f3n del punto G y un motor en la punta de cada orejita rodea el cl\u00edtoris proporcionando sensaciones de m\u00e1ximo placer.<\/p>\n<p><strong>Caracteristicas:<\/strong><br \/>\n&bull; Creado para estimulaci\u00f3n simult\u00e1nea del punto G y del cl\u00edtoris<br \/>\n&bull; Los motores triples ofrecen el disfrute final<br \/>\n&bull; Creado para una versatilidad \u00f3ptima<br \/>\n&bull; Controles intuitivos sencillos \/ Vibraci\u00f3n potente pero silenciosa<br \/>\n&bull; Silicona suave<br \/>\n&bull; Bater\u00edas impermeables y lavables incluidas<\/p><\/p>\n","protected":false},"excerpt":{"rendered":"<p>INTRO 8 &#8211; PURPLE Con tres potentes motores, INTRO 8 ofrece estimulaci\u00f3n din\u00e1mica y un placer que abarca todo. El<\/p>\n","protected":false},"featured_media":49603,"comment_status":"open","ping_status":"open","template":"","meta":[],"product_cat":[434],"product_tag":[1327],"class_list":["post-49602","product","type-product","status-publish","has-post-thumbnail","hentry","product_cat-doble-estimulacion-vibradores-juguetes-xxx","product_tag-jimmyjane"],"bundled_by":[],"bundle_stock_status":"instock","bundle_stock_quantity":1,"bundle_virtual":false,"bundle_layout":"","bundle_add_to_cart_form_location":"","bundle_editable_in_cart":false,"bundle_sold_individually_context":"","bundle_item_grouping":"","bundle_min_size":"","bundle_max_size":"","bundled_items":[],"yoast_head":"<!-- This site is optimized with the Yoast SEO plugin v20.6 - https:\/\/yoast.com\/wordpress\/plugins\/seo\/ -->\n<title>INTRO 8 - MORADO - Tienda Er\u00f3tica<\/title>\n<meta name=\"robots\" content=\"noindex, follow, max-snippet:-1, max-image-preview:large, max-video-preview:-1\" \/>\n<meta property=\"og:locale\" content=\"es_ES\" \/>\n<meta property=\"og:type\" content=\"article\" \/>\n<meta property=\"og:title\" content=\"INTRO 8 - MORADO - Tienda Er\u00f3tica\" \/>\n<meta property=\"og:description\" content=\"INTRO 8 &#8211; PURPLE Con tres potentes motores, INTRO 8 ofrece estimulaci\u00f3n din\u00e1mica y un placer que abarca todo. El\" \/>\n<meta property=\"og:url\" content=\"https:\/\/demoweb.info\/sexshop001\/producto\/intro-8-morado\/\" \/>\n<meta property=\"og:site_name\" content=\"Tienda Er\u00f3tica\" \/>\n<meta property=\"og:image\" content=\"https:\/\/demoweb.info\/sexshop001\/wp-content\/uploads\/2022\/01\/INTRO-8-MORADO.jpg\" \/>\n\t<meta property=\"og:image:width\" content=\"550\" \/>\n\t<meta property=\"og:image:height\" content=\"550\" \/>\n\t<meta property=\"og:image:type\" content=\"image\/jpeg\" \/>\n<meta name=\"twitter:card\" content=\"summary_large_image\" \/>\n<meta name=\"twitter:label1\" content=\"Tiempo de lectura\" \/>\n\t<meta name=\"twitter:data1\" content=\"1 minuto\" \/>\n<script type=\"application\/ld+json\" class=\"yoast-schema-graph\">{\"@context\":\"https:\/\/schema.org\",\"@graph\":[{\"@type\":\"WebPage\",\"@id\":\"https:\/\/demoweb.info\/sexshop001\/producto\/intro-8-morado\/\",\"url\":\"https:\/\/demoweb.info\/sexshop001\/producto\/intro-8-morado\/\",\"name\":\"INTRO 8 - MORADO - Tienda Er\u00f3tica\",\"isPartOf\":{\"@id\":\"https:\/\/demoweb.info\/sexshop001\/#website\"},\"datePublished\":\"2022-01-22T14:56:16+00:00\",\"dateModified\":\"2022-01-22T14:56:16+00:00\",\"breadcrumb\":{\"@id\":\"https:\/\/demoweb.info\/sexshop001\/producto\/intro-8-morado\/#breadcrumb\"},\"inLanguage\":\"es\",\"potentialAction\":[{\"@type\":\"ReadAction\",\"target\":[\"https:\/\/demoweb.info\/sexshop001\/producto\/intro-8-morado\/\"]}]},{\"@type\":\"BreadcrumbList\",\"@id\":\"https:\/\/demoweb.info\/sexshop001\/producto\/intro-8-morado\/#breadcrumb\",\"itemListElement\":[{\"@type\":\"ListItem\",\"position\":1,\"name\":\"Portada\",\"item\":\"https:\/\/demoweb.info\/sexshop001\/\"},{\"@type\":\"ListItem\",\"position\":2,\"name\":\"Tienda\",\"item\":\"https:\/\/demoweb.info\/sexshop001\/tienda\/\"},{\"@type\":\"ListItem\",\"position\":3,\"name\":\"INTRO 8 &#8211; MORADO\"}]},{\"@type\":\"WebSite\",\"@id\":\"https:\/\/demoweb.info\/sexshop001\/#website\",\"url\":\"https:\/\/demoweb.info\/sexshop001\/\",\"name\":\"Tienda Er\u00f3tica\",\"description\":\"DEMOWEB SL\",\"potentialAction\":[{\"@type\":\"SearchAction\",\"target\":{\"@type\":\"EntryPoint\",\"urlTemplate\":\"https:\/\/demoweb.info\/sexshop001\/?s={search_term_string}\"},\"query-input\":\"required name=search_term_string\"}],\"inLanguage\":\"es\"}]}<\/script>\n<!-- \/ Yoast SEO plugin. -->","yoast_head_json":{"title":"INTRO 8 - MORADO - Tienda Er\u00f3tica","robots":{"index":"noindex","follow":"follow","max-snippet":"max-snippet:-1","max-image-preview":"max-image-preview:large","max-video-preview":"max-video-preview:-1"},"og_locale":"es_ES","og_type":"article","og_title":"INTRO 8 - MORADO - Tienda Er\u00f3tica","og_description":"INTRO 8 &#8211; PURPLE Con tres potentes motores, INTRO 8 ofrece estimulaci\u00f3n din\u00e1mica y un placer que abarca todo. El","og_url":"https:\/\/demoweb.info\/sexshop001\/producto\/intro-8-morado\/","og_site_name":"Tienda Er\u00f3tica","og_image":[{"width":550,"height":550,"url":"https:\/\/demoweb.info\/sexshop001\/wp-content\/uploads\/2022\/01\/INTRO-8-MORADO.jpg","type":"image\/jpeg"}],"twitter_card":"summary_large_image","twitter_misc":{"Tiempo de lectura":"1 minuto"},"schema":{"@context":"https:\/\/schema.org","@graph":[{"@type":"WebPage","@id":"https:\/\/demoweb.info\/sexshop001\/producto\/intro-8-morado\/","url":"https:\/\/demoweb.info\/sexshop001\/producto\/intro-8-morado\/","name":"INTRO 8 - MORADO - Tienda Er\u00f3tica","isPartOf":{"@id":"https:\/\/demoweb.info\/sexshop001\/#website"},"datePublished":"2022-01-22T14:56:16+00:00","dateModified":"2022-01-22T14:56:16+00:00","breadcrumb":{"@id":"https:\/\/demoweb.info\/sexshop001\/producto\/intro-8-morado\/#breadcrumb"},"inLanguage":"es","potentialAction":[{"@type":"ReadAction","target":["https:\/\/demoweb.info\/sexshop001\/producto\/intro-8-morado\/"]}]},{"@type":"BreadcrumbList","@id":"https:\/\/demoweb.info\/sexshop001\/producto\/intro-8-morado\/#breadcrumb","itemListElement":[{"@type":"ListItem","position":1,"name":"Portada","item":"https:\/\/demoweb.info\/sexshop001\/"},{"@type":"ListItem","position":2,"name":"Tienda","item":"https:\/\/demoweb.info\/sexshop001\/tienda\/"},{"@type":"ListItem","position":3,"name":"INTRO 8 &#8211; MORADO"}]},{"@type":"WebSite","@id":"https:\/\/demoweb.info\/sexshop001\/#website","url":"https:\/\/demoweb.info\/sexshop001\/","name":"Tienda Er\u00f3tica","description":"DEMOWEB SL","potentialAction":[{"@type":"SearchAction","target":{"@type":"EntryPoint","urlTemplate":"https:\/\/demoweb.info\/sexshop001\/?s={search_term_string}"},"query-input":"required name=search_term_string"}],"inLanguage":"es"}]}},"_links":{"self":[{"href":"https:\/\/demoweb.info\/sexshop001\/wp-json\/wp\/v3\/product\/49602","targetHints":{"allow":["GET"]}}],"collection":[{"href":"https:\/\/demoweb.info\/sexshop001\/wp-json\/wp\/v3\/product"}],"about":[{"href":"https:\/\/demoweb.info\/sexshop001\/wp-json\/wp\/v2\/types\/product"}],"replies":[{"embeddable":true,"href":"https:\/\/demoweb.info\/sexshop001\/wp-json\/wp\/v2\/comments?post=49602"}],"wp:featuredmedia":[{"embeddable":true,"href":"https:\/\/demoweb.info\/sexshop001\/wp-json\/wp\/v2\/media\/49603"}],"wp:attachment":[{"href":"https:\/\/demoweb.info\/sexshop001\/wp-json\/wp\/v2\/media?parent=49602"}],"wp:term":[{"taxonomy":"product_cat","embeddable":true,"href":"https:\/\/demoweb.info\/sexshop001\/wp-json\/wp\/v2\/product_cat?post=49602"},{"taxonomy":"product_tag","embeddable":true,"href":"https:\/\/demoweb.info\/sexshop001\/wp-json\/wp\/v2\/product_tag?post=49602"}],"curies":[{"name":"wp","href":"https:\/\/api.w.org\/{rel}","templated":true}]}}