{"id":49571,"date":"2022-01-22T15:55:50","date_gmt":"2022-01-22T14:55:50","guid":{"rendered":"https:\/\/demoweb.info\/sexshop001\/producto\/red-hot-ember\/"},"modified":"2022-01-22T15:55:57","modified_gmt":"2022-01-22T14:55:57","slug":"red-hot-ember","status":"publish","type":"product","link":"https:\/\/demoweb.info\/sexshop001\/producto\/red-hot-ember\/","title":{"rendered":"RED HOT EMBER"},"content":{"rendered":"<p><strong>RED HOT EMBER<\/strong><\/p>\n<p>CalExotics Red Hot Ember re\u00fane intensas vibraciones multifunci\u00f3n en un paquete \u00fanico y sexy. Siente c\u00f3mo aumenta el calor cuando la punta delgada y parpadeante apunta a tus puntos dulces favoritos y las 10 intensas funciones de vibraci\u00f3n, pulsaci\u00f3n y escalamiento encienden el placer.<\/p>\n<p>Este juguete pecaminosamente delicioso tiene un cuerpo de silicona compacto, impermeable y sedoso, para que puedas abrazar el placer radiante donde sea que te lleven tus fantas\u00edas. Comparte este placer hormigueante con tu compa\u00f1ero en la ducha o disfruta del ba\u00f1o con vibraciones potentes e impermeables.<\/p>\n<p>Disfrutar\u00e1s de hasta 3 horas de placer vibrante antes de que necesite recargarse. Para recargar, simplemente conecta el vibrador al cable USB provisto y espera 2.5 horas para una recarga completa.<\/p>\n<p>Ya sea que seas un principiante t\u00edmido o un experto ex\u00f3tico, puedes esperar avivar las llamas del puro placer al agregar este masajeador personal a tu caja de juguetes secreta.<\/p>\n<p>Caracter\u00edsticas:<\/p>\n<ul>\n<li>Vibrador de silicona con 10 funciones distintas de vibraci\u00f3n, pulsaci\u00f3n y escala.<\/li>\n<li>Perfecto para el juego de parejas.<\/li>\n<li>Compacto, podr\u00e1s llevarlo siempre contigo.<\/li>\n<li>Resistente al agua.<\/li>\n<li>Recargable con USB:<\/li>\n<\/ul>\n","protected":false},"excerpt":{"rendered":"<p>RED HOT EMBER CalExotics Red Hot Ember re\u00fane intensas vibraciones multifunci\u00f3n en un paquete \u00fanico y sexy. Siente c\u00f3mo aumenta<\/p>\n","protected":false},"featured_media":49572,"comment_status":"open","ping_status":"open","template":"","meta":[],"product_cat":[315],"product_tag":[660,973],"class_list":["post-49571","product","type-product","status-publish","has-post-thumbnail","hentry","product_cat-silicona-vibradores-juguetes-xxx","product_tag-calexotics","product_tag-red-hot"],"bundled_by":[],"bundle_stock_status":"outofstock","bundle_stock_quantity":0,"bundle_virtual":false,"bundle_layout":"","bundle_add_to_cart_form_location":"","bundle_editable_in_cart":false,"bundle_sold_individually_context":"","bundle_item_grouping":"","bundle_min_size":"","bundle_max_size":"","bundled_items":[],"yoast_head":"<!-- This site is optimized with the Yoast SEO plugin v20.6 - https:\/\/yoast.com\/wordpress\/plugins\/seo\/ -->\n<title>RED HOT EMBER - Tienda Er\u00f3tica<\/title>\n<meta name=\"robots\" content=\"noindex, follow, max-snippet:-1, max-image-preview:large, max-video-preview:-1\" \/>\n<meta property=\"og:locale\" content=\"es_ES\" \/>\n<meta property=\"og:type\" content=\"article\" \/>\n<meta property=\"og:title\" content=\"RED HOT EMBER - Tienda Er\u00f3tica\" \/>\n<meta property=\"og:description\" content=\"RED HOT EMBER CalExotics Red Hot Ember re\u00fane intensas vibraciones multifunci\u00f3n en un paquete \u00fanico y sexy. Siente c\u00f3mo aumenta\" \/>\n<meta property=\"og:url\" content=\"https:\/\/demoweb.info\/sexshop001\/producto\/red-hot-ember\/\" \/>\n<meta property=\"og:site_name\" content=\"Tienda Er\u00f3tica\" \/>\n<meta property=\"article:modified_time\" content=\"2022-01-22T14:55:57+00:00\" \/>\n<meta property=\"og:image\" content=\"https:\/\/demoweb.info\/sexshop001\/wp-content\/uploads\/2022\/01\/RED-HOT-EMBER.jpg\" \/>\n\t<meta property=\"og:image:width\" content=\"550\" \/>\n\t<meta property=\"og:image:height\" content=\"550\" \/>\n\t<meta property=\"og:image:type\" content=\"image\/jpeg\" \/>\n<meta name=\"twitter:card\" content=\"summary_large_image\" \/>\n<meta name=\"twitter:label1\" content=\"Tiempo de lectura\" \/>\n\t<meta name=\"twitter:data1\" content=\"1 minuto\" \/>\n<script type=\"application\/ld+json\" class=\"yoast-schema-graph\">{\"@context\":\"https:\/\/schema.org\",\"@graph\":[{\"@type\":\"WebPage\",\"@id\":\"https:\/\/demoweb.info\/sexshop001\/producto\/red-hot-ember\/\",\"url\":\"https:\/\/demoweb.info\/sexshop001\/producto\/red-hot-ember\/\",\"name\":\"RED HOT EMBER - Tienda Er\u00f3tica\",\"isPartOf\":{\"@id\":\"https:\/\/demoweb.info\/sexshop001\/#website\"},\"datePublished\":\"2022-01-22T14:55:50+00:00\",\"dateModified\":\"2022-01-22T14:55:57+00:00\",\"breadcrumb\":{\"@id\":\"https:\/\/demoweb.info\/sexshop001\/producto\/red-hot-ember\/#breadcrumb\"},\"inLanguage\":\"es\",\"potentialAction\":[{\"@type\":\"ReadAction\",\"target\":[\"https:\/\/demoweb.info\/sexshop001\/producto\/red-hot-ember\/\"]}]},{\"@type\":\"BreadcrumbList\",\"@id\":\"https:\/\/demoweb.info\/sexshop001\/producto\/red-hot-ember\/#breadcrumb\",\"itemListElement\":[{\"@type\":\"ListItem\",\"position\":1,\"name\":\"Portada\",\"item\":\"https:\/\/demoweb.info\/sexshop001\/\"},{\"@type\":\"ListItem\",\"position\":2,\"name\":\"Tienda\",\"item\":\"https:\/\/demoweb.info\/sexshop001\/tienda\/\"},{\"@type\":\"ListItem\",\"position\":3,\"name\":\"RED HOT EMBER\"}]},{\"@type\":\"WebSite\",\"@id\":\"https:\/\/demoweb.info\/sexshop001\/#website\",\"url\":\"https:\/\/demoweb.info\/sexshop001\/\",\"name\":\"Tienda Er\u00f3tica\",\"description\":\"DEMOWEB SL\",\"potentialAction\":[{\"@type\":\"SearchAction\",\"target\":{\"@type\":\"EntryPoint\",\"urlTemplate\":\"https:\/\/demoweb.info\/sexshop001\/?s={search_term_string}\"},\"query-input\":\"required name=search_term_string\"}],\"inLanguage\":\"es\"}]}<\/script>\n<!-- \/ Yoast SEO plugin. -->","yoast_head_json":{"title":"RED HOT EMBER - Tienda Er\u00f3tica","robots":{"index":"noindex","follow":"follow","max-snippet":"max-snippet:-1","max-image-preview":"max-image-preview:large","max-video-preview":"max-video-preview:-1"},"og_locale":"es_ES","og_type":"article","og_title":"RED HOT EMBER - Tienda Er\u00f3tica","og_description":"RED HOT EMBER CalExotics Red Hot Ember re\u00fane intensas vibraciones multifunci\u00f3n en un paquete \u00fanico y sexy. Siente c\u00f3mo aumenta","og_url":"https:\/\/demoweb.info\/sexshop001\/producto\/red-hot-ember\/","og_site_name":"Tienda Er\u00f3tica","article_modified_time":"2022-01-22T14:55:57+00:00","og_image":[{"width":550,"height":550,"url":"https:\/\/demoweb.info\/sexshop001\/wp-content\/uploads\/2022\/01\/RED-HOT-EMBER.jpg","type":"image\/jpeg"}],"twitter_card":"summary_large_image","twitter_misc":{"Tiempo de lectura":"1 minuto"},"schema":{"@context":"https:\/\/schema.org","@graph":[{"@type":"WebPage","@id":"https:\/\/demoweb.info\/sexshop001\/producto\/red-hot-ember\/","url":"https:\/\/demoweb.info\/sexshop001\/producto\/red-hot-ember\/","name":"RED HOT EMBER - Tienda Er\u00f3tica","isPartOf":{"@id":"https:\/\/demoweb.info\/sexshop001\/#website"},"datePublished":"2022-01-22T14:55:50+00:00","dateModified":"2022-01-22T14:55:57+00:00","breadcrumb":{"@id":"https:\/\/demoweb.info\/sexshop001\/producto\/red-hot-ember\/#breadcrumb"},"inLanguage":"es","potentialAction":[{"@type":"ReadAction","target":["https:\/\/demoweb.info\/sexshop001\/producto\/red-hot-ember\/"]}]},{"@type":"BreadcrumbList","@id":"https:\/\/demoweb.info\/sexshop001\/producto\/red-hot-ember\/#breadcrumb","itemListElement":[{"@type":"ListItem","position":1,"name":"Portada","item":"https:\/\/demoweb.info\/sexshop001\/"},{"@type":"ListItem","position":2,"name":"Tienda","item":"https:\/\/demoweb.info\/sexshop001\/tienda\/"},{"@type":"ListItem","position":3,"name":"RED HOT EMBER"}]},{"@type":"WebSite","@id":"https:\/\/demoweb.info\/sexshop001\/#website","url":"https:\/\/demoweb.info\/sexshop001\/","name":"Tienda Er\u00f3tica","description":"DEMOWEB SL","potentialAction":[{"@type":"SearchAction","target":{"@type":"EntryPoint","urlTemplate":"https:\/\/demoweb.info\/sexshop001\/?s={search_term_string}"},"query-input":"required name=search_term_string"}],"inLanguage":"es"}]}},"_links":{"self":[{"href":"https:\/\/demoweb.info\/sexshop001\/wp-json\/wp\/v3\/product\/49571","targetHints":{"allow":["GET"]}}],"collection":[{"href":"https:\/\/demoweb.info\/sexshop001\/wp-json\/wp\/v3\/product"}],"about":[{"href":"https:\/\/demoweb.info\/sexshop001\/wp-json\/wp\/v2\/types\/product"}],"replies":[{"embeddable":true,"href":"https:\/\/demoweb.info\/sexshop001\/wp-json\/wp\/v2\/comments?post=49571"}],"wp:featuredmedia":[{"embeddable":true,"href":"https:\/\/demoweb.info\/sexshop001\/wp-json\/wp\/v2\/media\/49572"}],"wp:attachment":[{"href":"https:\/\/demoweb.info\/sexshop001\/wp-json\/wp\/v2\/media?parent=49571"}],"wp:term":[{"taxonomy":"product_cat","embeddable":true,"href":"https:\/\/demoweb.info\/sexshop001\/wp-json\/wp\/v2\/product_cat?post=49571"},{"taxonomy":"product_tag","embeddable":true,"href":"https:\/\/demoweb.info\/sexshop001\/wp-json\/wp\/v2\/product_tag?post=49571"}],"curies":[{"name":"wp","href":"https:\/\/api.w.org\/{rel}","templated":true}]}}