{"id":49515,"date":"2022-01-22T15:55:02","date_gmt":"2022-01-22T14:55:02","guid":{"rendered":"https:\/\/demoweb.info\/sexshop001\/producto\/pdx-elite-ass-gasm-vibrating-kit\/"},"modified":"2022-01-22T15:55:20","modified_gmt":"2022-01-22T14:55:20","slug":"pdx-elite-ass-gasm-vibrating-kit","status":"publish","type":"product","link":"https:\/\/demoweb.info\/sexshop001\/producto\/pdx-elite-ass-gasm-vibrating-kit\/","title":{"rendered":"PDX ELITE ASS GASM VIBRATING KIT"},"content":{"rendered":"<p><strong>PDX ELITE ASS GASM VIBRATING KIT<\/strong><\/p>\n<p>El kit incluye:<\/p>\n<ul>\n<li>Air-Tight, masturbador con forma de vagina, su textura interior es suave y su forma te har\u00e1 disfrutar de la mayor experiencia.<\/li>\n<li>Ass-Gasm estimulador de pr\u00f3stata con anillo, es ergon\u00f3micamente curvado y funciona junto con la bala para aumentar el placer anal. S\u00f3lo tienes que introducir el anillo detr\u00e1s del pene y los test\u00edculos para una erecci\u00f3n mejorada.<\/li>\n<li>Dos balas vibradoras de gran potencia.<\/li>\n<li>Tres C-Anillos de silicona para el pene.<\/li>\n<li>Kit de Preparaci\u00f3n GRATIS: Loci\u00f3n para el cuerpo hidratada h\u00fameda, lubricante anal h\u00famedo, limpiador de juguete para refrescar y polvo fresco para revivir Fanta.<\/li>\n<\/ul>\n","protected":false},"excerpt":{"rendered":"<p>PDX ELITE ASS GASM VIBRATING KIT El kit incluye: Air-Tight, masturbador con forma de vagina, su textura interior es suave<\/p>\n","protected":false},"featured_media":49516,"comment_status":"open","ping_status":"open","template":"","meta":[],"product_cat":[541],"product_tag":[561,259],"class_list":["post-49515","product","type-product","status-publish","has-post-thumbnail","hentry","product_cat-vaginas","product_tag-extreme-toyz","product_tag-pipedream"],"bundled_by":[],"bundle_stock_status":"instock","bundle_stock_quantity":1,"bundle_virtual":false,"bundle_layout":"","bundle_add_to_cart_form_location":"","bundle_editable_in_cart":false,"bundle_sold_individually_context":"","bundle_item_grouping":"","bundle_min_size":"","bundle_max_size":"","bundled_items":[],"yoast_head":"<!-- This site is optimized with the Yoast SEO plugin v20.6 - https:\/\/yoast.com\/wordpress\/plugins\/seo\/ -->\n<title>PDX ELITE ASS GASM VIBRATING KIT - Tienda Er\u00f3tica<\/title>\n<meta name=\"robots\" content=\"noindex, follow, max-snippet:-1, max-image-preview:large, max-video-preview:-1\" \/>\n<meta property=\"og:locale\" content=\"es_ES\" \/>\n<meta property=\"og:type\" content=\"article\" \/>\n<meta property=\"og:title\" content=\"PDX ELITE ASS GASM VIBRATING KIT - Tienda Er\u00f3tica\" \/>\n<meta property=\"og:description\" content=\"PDX ELITE ASS GASM VIBRATING KIT El kit incluye: Air-Tight, masturbador con forma de vagina, su textura interior es suave\" \/>\n<meta property=\"og:url\" content=\"https:\/\/demoweb.info\/sexshop001\/producto\/pdx-elite-ass-gasm-vibrating-kit\/\" \/>\n<meta property=\"og:site_name\" content=\"Tienda Er\u00f3tica\" \/>\n<meta property=\"article:modified_time\" content=\"2022-01-22T14:55:20+00:00\" \/>\n<meta property=\"og:image\" content=\"https:\/\/demoweb.info\/sexshop001\/wp-content\/uploads\/2022\/01\/PDX-ELITE-ASS-GASM-VIBRATING-KIT.jpg\" \/>\n\t<meta property=\"og:image:width\" content=\"550\" \/>\n\t<meta property=\"og:image:height\" content=\"550\" \/>\n\t<meta property=\"og:image:type\" content=\"image\/jpeg\" \/>\n<meta name=\"twitter:card\" content=\"summary_large_image\" \/>\n<meta name=\"twitter:label1\" content=\"Tiempo de lectura\" \/>\n\t<meta name=\"twitter:data1\" content=\"1 minuto\" \/>\n<script type=\"application\/ld+json\" class=\"yoast-schema-graph\">{\"@context\":\"https:\/\/schema.org\",\"@graph\":[{\"@type\":\"WebPage\",\"@id\":\"https:\/\/demoweb.info\/sexshop001\/producto\/pdx-elite-ass-gasm-vibrating-kit\/\",\"url\":\"https:\/\/demoweb.info\/sexshop001\/producto\/pdx-elite-ass-gasm-vibrating-kit\/\",\"name\":\"PDX ELITE ASS GASM VIBRATING KIT - Tienda Er\u00f3tica\",\"isPartOf\":{\"@id\":\"https:\/\/demoweb.info\/sexshop001\/#website\"},\"datePublished\":\"2022-01-22T14:55:02+00:00\",\"dateModified\":\"2022-01-22T14:55:20+00:00\",\"breadcrumb\":{\"@id\":\"https:\/\/demoweb.info\/sexshop001\/producto\/pdx-elite-ass-gasm-vibrating-kit\/#breadcrumb\"},\"inLanguage\":\"es\",\"potentialAction\":[{\"@type\":\"ReadAction\",\"target\":[\"https:\/\/demoweb.info\/sexshop001\/producto\/pdx-elite-ass-gasm-vibrating-kit\/\"]}]},{\"@type\":\"BreadcrumbList\",\"@id\":\"https:\/\/demoweb.info\/sexshop001\/producto\/pdx-elite-ass-gasm-vibrating-kit\/#breadcrumb\",\"itemListElement\":[{\"@type\":\"ListItem\",\"position\":1,\"name\":\"Portada\",\"item\":\"https:\/\/demoweb.info\/sexshop001\/\"},{\"@type\":\"ListItem\",\"position\":2,\"name\":\"Tienda\",\"item\":\"https:\/\/demoweb.info\/sexshop001\/tienda\/\"},{\"@type\":\"ListItem\",\"position\":3,\"name\":\"PDX ELITE ASS GASM VIBRATING KIT\"}]},{\"@type\":\"WebSite\",\"@id\":\"https:\/\/demoweb.info\/sexshop001\/#website\",\"url\":\"https:\/\/demoweb.info\/sexshop001\/\",\"name\":\"Tienda Er\u00f3tica\",\"description\":\"DEMOWEB SL\",\"potentialAction\":[{\"@type\":\"SearchAction\",\"target\":{\"@type\":\"EntryPoint\",\"urlTemplate\":\"https:\/\/demoweb.info\/sexshop001\/?s={search_term_string}\"},\"query-input\":\"required name=search_term_string\"}],\"inLanguage\":\"es\"}]}<\/script>\n<!-- \/ Yoast SEO plugin. -->","yoast_head_json":{"title":"PDX ELITE ASS GASM VIBRATING KIT - Tienda Er\u00f3tica","robots":{"index":"noindex","follow":"follow","max-snippet":"max-snippet:-1","max-image-preview":"max-image-preview:large","max-video-preview":"max-video-preview:-1"},"og_locale":"es_ES","og_type":"article","og_title":"PDX ELITE ASS GASM VIBRATING KIT - Tienda Er\u00f3tica","og_description":"PDX ELITE ASS GASM VIBRATING KIT El kit incluye: Air-Tight, masturbador con forma de vagina, su textura interior es suave","og_url":"https:\/\/demoweb.info\/sexshop001\/producto\/pdx-elite-ass-gasm-vibrating-kit\/","og_site_name":"Tienda Er\u00f3tica","article_modified_time":"2022-01-22T14:55:20+00:00","og_image":[{"width":550,"height":550,"url":"https:\/\/demoweb.info\/sexshop001\/wp-content\/uploads\/2022\/01\/PDX-ELITE-ASS-GASM-VIBRATING-KIT.jpg","type":"image\/jpeg"}],"twitter_card":"summary_large_image","twitter_misc":{"Tiempo de lectura":"1 minuto"},"schema":{"@context":"https:\/\/schema.org","@graph":[{"@type":"WebPage","@id":"https:\/\/demoweb.info\/sexshop001\/producto\/pdx-elite-ass-gasm-vibrating-kit\/","url":"https:\/\/demoweb.info\/sexshop001\/producto\/pdx-elite-ass-gasm-vibrating-kit\/","name":"PDX ELITE ASS GASM VIBRATING KIT - Tienda Er\u00f3tica","isPartOf":{"@id":"https:\/\/demoweb.info\/sexshop001\/#website"},"datePublished":"2022-01-22T14:55:02+00:00","dateModified":"2022-01-22T14:55:20+00:00","breadcrumb":{"@id":"https:\/\/demoweb.info\/sexshop001\/producto\/pdx-elite-ass-gasm-vibrating-kit\/#breadcrumb"},"inLanguage":"es","potentialAction":[{"@type":"ReadAction","target":["https:\/\/demoweb.info\/sexshop001\/producto\/pdx-elite-ass-gasm-vibrating-kit\/"]}]},{"@type":"BreadcrumbList","@id":"https:\/\/demoweb.info\/sexshop001\/producto\/pdx-elite-ass-gasm-vibrating-kit\/#breadcrumb","itemListElement":[{"@type":"ListItem","position":1,"name":"Portada","item":"https:\/\/demoweb.info\/sexshop001\/"},{"@type":"ListItem","position":2,"name":"Tienda","item":"https:\/\/demoweb.info\/sexshop001\/tienda\/"},{"@type":"ListItem","position":3,"name":"PDX ELITE ASS GASM VIBRATING KIT"}]},{"@type":"WebSite","@id":"https:\/\/demoweb.info\/sexshop001\/#website","url":"https:\/\/demoweb.info\/sexshop001\/","name":"Tienda Er\u00f3tica","description":"DEMOWEB SL","potentialAction":[{"@type":"SearchAction","target":{"@type":"EntryPoint","urlTemplate":"https:\/\/demoweb.info\/sexshop001\/?s={search_term_string}"},"query-input":"required name=search_term_string"}],"inLanguage":"es"}]}},"_links":{"self":[{"href":"https:\/\/demoweb.info\/sexshop001\/wp-json\/wp\/v3\/product\/49515","targetHints":{"allow":["GET"]}}],"collection":[{"href":"https:\/\/demoweb.info\/sexshop001\/wp-json\/wp\/v3\/product"}],"about":[{"href":"https:\/\/demoweb.info\/sexshop001\/wp-json\/wp\/v2\/types\/product"}],"replies":[{"embeddable":true,"href":"https:\/\/demoweb.info\/sexshop001\/wp-json\/wp\/v2\/comments?post=49515"}],"wp:featuredmedia":[{"embeddable":true,"href":"https:\/\/demoweb.info\/sexshop001\/wp-json\/wp\/v2\/media\/49516"}],"wp:attachment":[{"href":"https:\/\/demoweb.info\/sexshop001\/wp-json\/wp\/v2\/media?parent=49515"}],"wp:term":[{"taxonomy":"product_cat","embeddable":true,"href":"https:\/\/demoweb.info\/sexshop001\/wp-json\/wp\/v2\/product_cat?post=49515"},{"taxonomy":"product_tag","embeddable":true,"href":"https:\/\/demoweb.info\/sexshop001\/wp-json\/wp\/v2\/product_tag?post=49515"}],"curies":[{"name":"wp","href":"https:\/\/api.w.org\/{rel}","templated":true}]}}