{"id":49455,"date":"2022-01-22T15:54:32","date_gmt":"2022-01-22T14:54:32","guid":{"rendered":"https:\/\/demoweb.info\/sexshop001\/producto\/mi-isla-2\/"},"modified":"2022-01-22T15:54:43","modified_gmt":"2022-01-22T14:54:43","slug":"mi-isla-2","status":"publish","type":"product","link":"https:\/\/demoweb.info\/sexshop001\/producto\/mi-isla-2\/","title":{"rendered":"MI ISLA"},"content":{"rendered":"<p><strong>MI ISLA.<\/strong><\/p>\n<p>Elisabeth Benavent.<\/p>\n<p><strong>@BetaCoqueta, autora de \u00abSaga Valeria\u00bb, \u00abSaga Silvia\u00bb, la trilog\u00eda \u00abMi elecci\u00f3n\u00bb y la bilog\u00eda \u00abHorizonte Martina\u00bb, regresa con una novela en la que lleva trabajando desde hace varios a\u00f1os. Una historia especial, diferente y arriesgada,<em>Mi isla<\/em>habla de l\u00edmites, de sue\u00f1os, remordimientos, cambios y sobre todo de amor, mucho amor.<\/strong><\/p>\n<p>Maggie vive en una isla y regenta una casa de hu\u00e9spedes&#8230;<br \/>\nMaggie tiene un huerto y casi siempre va descalza&#8230;<br \/>\nMaggie no quiere recordar por qu\u00e9 est\u00e1 all\u00ed; duele demasiado&#8230;<br \/>\nMaggie ha renunciado al amor y es complicado explicar los motivos&#8230;<br \/>\nhasta que conoce a Alejandro&#8230;<br \/>\ny la calma da paso a una tormenta de sensaciones&#8230;<br \/>\ny a la posibilidad de que tal vez s\u00ed se puede empezar de nuevo.<\/p>\n<p>Tras los enormes \u00e9xitos cosechados con sus <strong>\u00abSaga Valeria\u00bb<\/strong>,<strong>\u00abSaga Silvia\u00bb<\/strong>,<strong>\u00abMi elecci\u00f3n\u00bb <\/strong>y <strong>\u00abHorizonte Martina\u00bb<\/strong>, <strong>El\u00edsabet Benavent<\/strong>, tambi\u00e9n conocida por sus fans como<strong>@BetaCoqueta<\/strong>, vuelve a la carga con una historia de amor diferente que reflexiona acerca de c\u00f3mo lo vivido condiciona muchas veces el futuro.<\/p>\n<p>Una novela que ha ido escribiendo a lo lago de los a\u00f1os y que a\u00fana todos los elementos que la caracterizan: frescura, inocencia, cercan\u00eda, ingenio y simpat\u00eda.<\/p>\n<ul>\n<li>N&ordm; de p\u00e1ginas: 536 p\u00e1gs.<\/li>\n<li>Encuadernaci\u00f3n: Tapa blanda bolsillo<\/li>\n<\/ul>\n","protected":false},"excerpt":{"rendered":"<p>MI ISLA. Elisabeth Benavent. @BetaCoqueta, autora de \u00abSaga Valeria\u00bb, \u00abSaga Silvia\u00bb, la trilog\u00eda \u00abMi elecci\u00f3n\u00bb y la bilog\u00eda \u00abHorizonte Martina\u00bb,<\/p>\n","protected":false},"featured_media":49456,"comment_status":"open","ping_status":"open","template":"","meta":[],"product_cat":[684],"product_tag":[1346,415],"class_list":["post-49455","product","type-product","status-publish","has-post-thumbnail","hentry","product_cat-san-valentin-regalos","product_tag-punto-de-lectura","product_tag-random-house"],"bundled_by":[],"bundle_stock_status":"instock","bundle_stock_quantity":3,"bundle_virtual":false,"bundle_layout":"","bundle_add_to_cart_form_location":"","bundle_editable_in_cart":false,"bundle_sold_individually_context":"","bundle_item_grouping":"","bundle_min_size":"","bundle_max_size":"","bundled_items":[],"yoast_head":"<!-- This site is optimized with the Yoast SEO plugin v20.6 - https:\/\/yoast.com\/wordpress\/plugins\/seo\/ -->\n<title>MI ISLA - Tienda Er\u00f3tica<\/title>\n<meta name=\"robots\" content=\"noindex, follow, max-snippet:-1, max-image-preview:large, max-video-preview:-1\" \/>\n<meta property=\"og:locale\" content=\"es_ES\" \/>\n<meta property=\"og:type\" content=\"article\" \/>\n<meta property=\"og:title\" content=\"MI ISLA - Tienda Er\u00f3tica\" \/>\n<meta property=\"og:description\" content=\"MI ISLA. Elisabeth Benavent. @BetaCoqueta, autora de \u00abSaga Valeria\u00bb, \u00abSaga Silvia\u00bb, la trilog\u00eda \u00abMi elecci\u00f3n\u00bb y la bilog\u00eda \u00abHorizonte Martina\u00bb,\" \/>\n<meta property=\"og:url\" content=\"https:\/\/demoweb.info\/sexshop001\/producto\/mi-isla-2\/\" \/>\n<meta property=\"og:site_name\" content=\"Tienda Er\u00f3tica\" \/>\n<meta property=\"article:modified_time\" content=\"2022-01-22T14:54:43+00:00\" \/>\n<meta property=\"og:image\" content=\"https:\/\/demoweb.info\/sexshop001\/wp-content\/uploads\/2022\/01\/MI-ISLA-1.jpg\" \/>\n\t<meta property=\"og:image:width\" content=\"550\" \/>\n\t<meta property=\"og:image:height\" content=\"550\" \/>\n\t<meta property=\"og:image:type\" content=\"image\/jpeg\" \/>\n<meta name=\"twitter:card\" content=\"summary_large_image\" \/>\n<meta name=\"twitter:label1\" content=\"Tiempo de lectura\" \/>\n\t<meta name=\"twitter:data1\" content=\"1 minuto\" \/>\n<script type=\"application\/ld+json\" class=\"yoast-schema-graph\">{\"@context\":\"https:\/\/schema.org\",\"@graph\":[{\"@type\":\"WebPage\",\"@id\":\"https:\/\/demoweb.info\/sexshop001\/producto\/mi-isla-2\/\",\"url\":\"https:\/\/demoweb.info\/sexshop001\/producto\/mi-isla-2\/\",\"name\":\"MI ISLA - Tienda Er\u00f3tica\",\"isPartOf\":{\"@id\":\"https:\/\/demoweb.info\/sexshop001\/#website\"},\"datePublished\":\"2022-01-22T14:54:32+00:00\",\"dateModified\":\"2022-01-22T14:54:43+00:00\",\"breadcrumb\":{\"@id\":\"https:\/\/demoweb.info\/sexshop001\/producto\/mi-isla-2\/#breadcrumb\"},\"inLanguage\":\"es\",\"potentialAction\":[{\"@type\":\"ReadAction\",\"target\":[\"https:\/\/demoweb.info\/sexshop001\/producto\/mi-isla-2\/\"]}]},{\"@type\":\"BreadcrumbList\",\"@id\":\"https:\/\/demoweb.info\/sexshop001\/producto\/mi-isla-2\/#breadcrumb\",\"itemListElement\":[{\"@type\":\"ListItem\",\"position\":1,\"name\":\"Portada\",\"item\":\"https:\/\/demoweb.info\/sexshop001\/\"},{\"@type\":\"ListItem\",\"position\":2,\"name\":\"Tienda\",\"item\":\"https:\/\/demoweb.info\/sexshop001\/tienda\/\"},{\"@type\":\"ListItem\",\"position\":3,\"name\":\"MI ISLA\"}]},{\"@type\":\"WebSite\",\"@id\":\"https:\/\/demoweb.info\/sexshop001\/#website\",\"url\":\"https:\/\/demoweb.info\/sexshop001\/\",\"name\":\"Tienda Er\u00f3tica\",\"description\":\"DEMOWEB SL\",\"potentialAction\":[{\"@type\":\"SearchAction\",\"target\":{\"@type\":\"EntryPoint\",\"urlTemplate\":\"https:\/\/demoweb.info\/sexshop001\/?s={search_term_string}\"},\"query-input\":\"required name=search_term_string\"}],\"inLanguage\":\"es\"}]}<\/script>\n<!-- \/ Yoast SEO plugin. -->","yoast_head_json":{"title":"MI ISLA - Tienda Er\u00f3tica","robots":{"index":"noindex","follow":"follow","max-snippet":"max-snippet:-1","max-image-preview":"max-image-preview:large","max-video-preview":"max-video-preview:-1"},"og_locale":"es_ES","og_type":"article","og_title":"MI ISLA - Tienda Er\u00f3tica","og_description":"MI ISLA. Elisabeth Benavent. @BetaCoqueta, autora de \u00abSaga Valeria\u00bb, \u00abSaga Silvia\u00bb, la trilog\u00eda \u00abMi elecci\u00f3n\u00bb y la bilog\u00eda \u00abHorizonte Martina\u00bb,","og_url":"https:\/\/demoweb.info\/sexshop001\/producto\/mi-isla-2\/","og_site_name":"Tienda Er\u00f3tica","article_modified_time":"2022-01-22T14:54:43+00:00","og_image":[{"width":550,"height":550,"url":"https:\/\/demoweb.info\/sexshop001\/wp-content\/uploads\/2022\/01\/MI-ISLA-1.jpg","type":"image\/jpeg"}],"twitter_card":"summary_large_image","twitter_misc":{"Tiempo de lectura":"1 minuto"},"schema":{"@context":"https:\/\/schema.org","@graph":[{"@type":"WebPage","@id":"https:\/\/demoweb.info\/sexshop001\/producto\/mi-isla-2\/","url":"https:\/\/demoweb.info\/sexshop001\/producto\/mi-isla-2\/","name":"MI ISLA - Tienda Er\u00f3tica","isPartOf":{"@id":"https:\/\/demoweb.info\/sexshop001\/#website"},"datePublished":"2022-01-22T14:54:32+00:00","dateModified":"2022-01-22T14:54:43+00:00","breadcrumb":{"@id":"https:\/\/demoweb.info\/sexshop001\/producto\/mi-isla-2\/#breadcrumb"},"inLanguage":"es","potentialAction":[{"@type":"ReadAction","target":["https:\/\/demoweb.info\/sexshop001\/producto\/mi-isla-2\/"]}]},{"@type":"BreadcrumbList","@id":"https:\/\/demoweb.info\/sexshop001\/producto\/mi-isla-2\/#breadcrumb","itemListElement":[{"@type":"ListItem","position":1,"name":"Portada","item":"https:\/\/demoweb.info\/sexshop001\/"},{"@type":"ListItem","position":2,"name":"Tienda","item":"https:\/\/demoweb.info\/sexshop001\/tienda\/"},{"@type":"ListItem","position":3,"name":"MI ISLA"}]},{"@type":"WebSite","@id":"https:\/\/demoweb.info\/sexshop001\/#website","url":"https:\/\/demoweb.info\/sexshop001\/","name":"Tienda Er\u00f3tica","description":"DEMOWEB SL","potentialAction":[{"@type":"SearchAction","target":{"@type":"EntryPoint","urlTemplate":"https:\/\/demoweb.info\/sexshop001\/?s={search_term_string}"},"query-input":"required name=search_term_string"}],"inLanguage":"es"}]}},"_links":{"self":[{"href":"https:\/\/demoweb.info\/sexshop001\/wp-json\/wp\/v3\/product\/49455","targetHints":{"allow":["GET"]}}],"collection":[{"href":"https:\/\/demoweb.info\/sexshop001\/wp-json\/wp\/v3\/product"}],"about":[{"href":"https:\/\/demoweb.info\/sexshop001\/wp-json\/wp\/v2\/types\/product"}],"replies":[{"embeddable":true,"href":"https:\/\/demoweb.info\/sexshop001\/wp-json\/wp\/v2\/comments?post=49455"}],"wp:featuredmedia":[{"embeddable":true,"href":"https:\/\/demoweb.info\/sexshop001\/wp-json\/wp\/v2\/media\/49456"}],"wp:attachment":[{"href":"https:\/\/demoweb.info\/sexshop001\/wp-json\/wp\/v2\/media?parent=49455"}],"wp:term":[{"taxonomy":"product_cat","embeddable":true,"href":"https:\/\/demoweb.info\/sexshop001\/wp-json\/wp\/v2\/product_cat?post=49455"},{"taxonomy":"product_tag","embeddable":true,"href":"https:\/\/demoweb.info\/sexshop001\/wp-json\/wp\/v2\/product_tag?post=49455"}],"curies":[{"name":"wp","href":"https:\/\/api.w.org\/{rel}","templated":true}]}}