{"id":49326,"date":"2022-01-22T15:53:19","date_gmt":"2022-01-22T14:53:19","guid":{"rendered":"https:\/\/demoweb.info\/sexshop001\/producto\/adonis-ares-leather-cockring\/"},"modified":"2022-01-22T15:53:21","modified_gmt":"2022-01-22T14:53:21","slug":"adonis-ares-leather-cockring","status":"publish","type":"product","link":"https:\/\/demoweb.info\/sexshop001\/producto\/adonis-ares-leather-cockring\/","title":{"rendered":"ADONIS ARES LEATHER COCKRING"},"content":{"rendered":"<p><strong>ADONIS ARES LEATHER COCKRING<\/strong><\/p>\n<p>Alarga tu placer y resistencia con este f\u00e1cil y ajustable anillo de piel. Con 5 diferentes ajustes esta dise\u00f1ado para proporcionar una erecci\u00f3n duradera y conseguir la mayor satisfacci\u00f3n sexual.<\/p>\n","protected":false},"excerpt":{"rendered":"<p>ADONIS ARES LEATHER COCKRING Alarga tu placer y resistencia con este f\u00e1cil y ajustable anillo de piel. Con 5 diferentes<\/p>\n","protected":false},"featured_media":49327,"comment_status":"open","ping_status":"open","template":"","meta":[],"product_cat":[976],"product_tag":[660],"class_list":["post-49326","product","type-product","status-publish","has-post-thumbnail","hentry","product_cat-cuero-anillos","product_tag-calexotics"],"bundled_by":[],"bundle_stock_status":"instock","bundle_stock_quantity":1,"bundle_virtual":false,"bundle_layout":"","bundle_add_to_cart_form_location":"","bundle_editable_in_cart":false,"bundle_sold_individually_context":"","bundle_item_grouping":"","bundle_min_size":"","bundle_max_size":"","bundled_items":[],"yoast_head":"<!-- This site is optimized with the Yoast SEO plugin v20.6 - https:\/\/yoast.com\/wordpress\/plugins\/seo\/ -->\n<title>ADONIS ARES LEATHER COCKRING - Tienda Er\u00f3tica<\/title>\n<meta name=\"robots\" content=\"noindex, follow, max-snippet:-1, max-image-preview:large, max-video-preview:-1\" \/>\n<meta property=\"og:locale\" content=\"es_ES\" \/>\n<meta property=\"og:type\" content=\"article\" \/>\n<meta property=\"og:title\" content=\"ADONIS ARES LEATHER COCKRING - Tienda Er\u00f3tica\" \/>\n<meta property=\"og:description\" content=\"ADONIS ARES LEATHER COCKRING Alarga tu placer y resistencia con este f\u00e1cil y ajustable anillo de piel. Con 5 diferentes\" \/>\n<meta property=\"og:url\" content=\"https:\/\/demoweb.info\/sexshop001\/producto\/adonis-ares-leather-cockring\/\" \/>\n<meta property=\"og:site_name\" content=\"Tienda Er\u00f3tica\" \/>\n<meta property=\"article:modified_time\" content=\"2022-01-22T14:53:21+00:00\" \/>\n<meta property=\"og:image\" content=\"https:\/\/demoweb.info\/sexshop001\/wp-content\/uploads\/2022\/01\/ADONIS-ARES-LEATHER-COCKRING.jpg\" \/>\n\t<meta property=\"og:image:width\" content=\"550\" \/>\n\t<meta property=\"og:image:height\" content=\"550\" \/>\n\t<meta property=\"og:image:type\" content=\"image\/jpeg\" \/>\n<meta name=\"twitter:card\" content=\"summary_large_image\" \/>\n<script type=\"application\/ld+json\" class=\"yoast-schema-graph\">{\"@context\":\"https:\/\/schema.org\",\"@graph\":[{\"@type\":\"WebPage\",\"@id\":\"https:\/\/demoweb.info\/sexshop001\/producto\/adonis-ares-leather-cockring\/\",\"url\":\"https:\/\/demoweb.info\/sexshop001\/producto\/adonis-ares-leather-cockring\/\",\"name\":\"ADONIS ARES LEATHER COCKRING - Tienda Er\u00f3tica\",\"isPartOf\":{\"@id\":\"https:\/\/demoweb.info\/sexshop001\/#website\"},\"datePublished\":\"2022-01-22T14:53:19+00:00\",\"dateModified\":\"2022-01-22T14:53:21+00:00\",\"breadcrumb\":{\"@id\":\"https:\/\/demoweb.info\/sexshop001\/producto\/adonis-ares-leather-cockring\/#breadcrumb\"},\"inLanguage\":\"es\",\"potentialAction\":[{\"@type\":\"ReadAction\",\"target\":[\"https:\/\/demoweb.info\/sexshop001\/producto\/adonis-ares-leather-cockring\/\"]}]},{\"@type\":\"BreadcrumbList\",\"@id\":\"https:\/\/demoweb.info\/sexshop001\/producto\/adonis-ares-leather-cockring\/#breadcrumb\",\"itemListElement\":[{\"@type\":\"ListItem\",\"position\":1,\"name\":\"Portada\",\"item\":\"https:\/\/demoweb.info\/sexshop001\/\"},{\"@type\":\"ListItem\",\"position\":2,\"name\":\"Tienda\",\"item\":\"https:\/\/demoweb.info\/sexshop001\/tienda\/\"},{\"@type\":\"ListItem\",\"position\":3,\"name\":\"ADONIS ARES LEATHER COCKRING\"}]},{\"@type\":\"WebSite\",\"@id\":\"https:\/\/demoweb.info\/sexshop001\/#website\",\"url\":\"https:\/\/demoweb.info\/sexshop001\/\",\"name\":\"Tienda Er\u00f3tica\",\"description\":\"DEMOWEB SL\",\"potentialAction\":[{\"@type\":\"SearchAction\",\"target\":{\"@type\":\"EntryPoint\",\"urlTemplate\":\"https:\/\/demoweb.info\/sexshop001\/?s={search_term_string}\"},\"query-input\":\"required name=search_term_string\"}],\"inLanguage\":\"es\"}]}<\/script>\n<!-- \/ Yoast SEO plugin. -->","yoast_head_json":{"title":"ADONIS ARES LEATHER COCKRING - Tienda Er\u00f3tica","robots":{"index":"noindex","follow":"follow","max-snippet":"max-snippet:-1","max-image-preview":"max-image-preview:large","max-video-preview":"max-video-preview:-1"},"og_locale":"es_ES","og_type":"article","og_title":"ADONIS ARES LEATHER COCKRING - Tienda Er\u00f3tica","og_description":"ADONIS ARES LEATHER COCKRING Alarga tu placer y resistencia con este f\u00e1cil y ajustable anillo de piel. Con 5 diferentes","og_url":"https:\/\/demoweb.info\/sexshop001\/producto\/adonis-ares-leather-cockring\/","og_site_name":"Tienda Er\u00f3tica","article_modified_time":"2022-01-22T14:53:21+00:00","og_image":[{"width":550,"height":550,"url":"https:\/\/demoweb.info\/sexshop001\/wp-content\/uploads\/2022\/01\/ADONIS-ARES-LEATHER-COCKRING.jpg","type":"image\/jpeg"}],"twitter_card":"summary_large_image","schema":{"@context":"https:\/\/schema.org","@graph":[{"@type":"WebPage","@id":"https:\/\/demoweb.info\/sexshop001\/producto\/adonis-ares-leather-cockring\/","url":"https:\/\/demoweb.info\/sexshop001\/producto\/adonis-ares-leather-cockring\/","name":"ADONIS ARES LEATHER COCKRING - Tienda Er\u00f3tica","isPartOf":{"@id":"https:\/\/demoweb.info\/sexshop001\/#website"},"datePublished":"2022-01-22T14:53:19+00:00","dateModified":"2022-01-22T14:53:21+00:00","breadcrumb":{"@id":"https:\/\/demoweb.info\/sexshop001\/producto\/adonis-ares-leather-cockring\/#breadcrumb"},"inLanguage":"es","potentialAction":[{"@type":"ReadAction","target":["https:\/\/demoweb.info\/sexshop001\/producto\/adonis-ares-leather-cockring\/"]}]},{"@type":"BreadcrumbList","@id":"https:\/\/demoweb.info\/sexshop001\/producto\/adonis-ares-leather-cockring\/#breadcrumb","itemListElement":[{"@type":"ListItem","position":1,"name":"Portada","item":"https:\/\/demoweb.info\/sexshop001\/"},{"@type":"ListItem","position":2,"name":"Tienda","item":"https:\/\/demoweb.info\/sexshop001\/tienda\/"},{"@type":"ListItem","position":3,"name":"ADONIS ARES LEATHER COCKRING"}]},{"@type":"WebSite","@id":"https:\/\/demoweb.info\/sexshop001\/#website","url":"https:\/\/demoweb.info\/sexshop001\/","name":"Tienda Er\u00f3tica","description":"DEMOWEB SL","potentialAction":[{"@type":"SearchAction","target":{"@type":"EntryPoint","urlTemplate":"https:\/\/demoweb.info\/sexshop001\/?s={search_term_string}"},"query-input":"required name=search_term_string"}],"inLanguage":"es"}]}},"_links":{"self":[{"href":"https:\/\/demoweb.info\/sexshop001\/wp-json\/wp\/v3\/product\/49326","targetHints":{"allow":["GET"]}}],"collection":[{"href":"https:\/\/demoweb.info\/sexshop001\/wp-json\/wp\/v3\/product"}],"about":[{"href":"https:\/\/demoweb.info\/sexshop001\/wp-json\/wp\/v2\/types\/product"}],"replies":[{"embeddable":true,"href":"https:\/\/demoweb.info\/sexshop001\/wp-json\/wp\/v2\/comments?post=49326"}],"wp:featuredmedia":[{"embeddable":true,"href":"https:\/\/demoweb.info\/sexshop001\/wp-json\/wp\/v2\/media\/49327"}],"wp:attachment":[{"href":"https:\/\/demoweb.info\/sexshop001\/wp-json\/wp\/v2\/media?parent=49326"}],"wp:term":[{"taxonomy":"product_cat","embeddable":true,"href":"https:\/\/demoweb.info\/sexshop001\/wp-json\/wp\/v2\/product_cat?post=49326"},{"taxonomy":"product_tag","embeddable":true,"href":"https:\/\/demoweb.info\/sexshop001\/wp-json\/wp\/v2\/product_tag?post=49326"}],"curies":[{"name":"wp","href":"https:\/\/api.w.org\/{rel}","templated":true}]}}