{"id":49282,"date":"2022-01-22T15:52:43","date_gmt":"2022-01-22T14:52:43","guid":{"rendered":"https:\/\/demoweb.info\/sexshop001\/producto\/her-royal-arnes-sin-sujecion-me2-probe\/"},"modified":"2022-01-22T15:52:54","modified_gmt":"2022-01-22T14:52:54","slug":"her-royal-arnes-sin-sujecion-me2-probe","status":"publish","type":"product","link":"https:\/\/demoweb.info\/sexshop001\/producto\/her-royal-arnes-sin-sujecion-me2-probe\/","title":{"rendered":"HER ROYAL ARN\u00c9S SIN SUJECI\u00d3N ME2 PROBE"},"content":{"rendered":"<p><strong>HER ROYAL HARNESS ME2 PROBE<\/strong><\/p>\n<p>Dise\u00f1ado ergon\u00f3micamente para adaptarse tanto a su mano como a su cuerpo, encontrar\u00e1 el placer y la facilidad son todos los suyos. Disfrute lo \u00faltimo en satisfacci\u00f3n sensual.<\/p>\n<p>Perfecto para el placer m\u00fatuo.<\/p>\n","protected":false},"excerpt":{"rendered":"<p>HER ROYAL HARNESS ME2 PROBE Dise\u00f1ado ergon\u00f3micamente para adaptarse tanto a su mano como a su cuerpo, encontrar\u00e1 el placer<\/p>\n","protected":false},"featured_media":49283,"comment_status":"open","ping_status":"open","template":"","meta":[],"product_cat":[273],"product_tag":[660,807],"class_list":["post-49282","product","type-product","status-publish","has-post-thumbnail","hentry","product_cat-silicona-sin-sujecion","product_tag-calexotics","product_tag-her-royal"],"bundled_by":[],"bundle_stock_status":"outofstock","bundle_stock_quantity":0,"bundle_virtual":false,"bundle_layout":"","bundle_add_to_cart_form_location":"","bundle_editable_in_cart":false,"bundle_sold_individually_context":"","bundle_item_grouping":"","bundle_min_size":"","bundle_max_size":"","bundled_items":[],"yoast_head":"<!-- This site is optimized with the Yoast SEO plugin v20.6 - https:\/\/yoast.com\/wordpress\/plugins\/seo\/ -->\n<title>HER ROYAL ARN\u00c9S SIN SUJECI\u00d3N ME2 PROBE - Tienda Er\u00f3tica<\/title>\n<meta name=\"robots\" content=\"noindex, follow, max-snippet:-1, max-image-preview:large, max-video-preview:-1\" \/>\n<meta property=\"og:locale\" content=\"es_ES\" \/>\n<meta property=\"og:type\" content=\"article\" \/>\n<meta property=\"og:title\" content=\"HER ROYAL ARN\u00c9S SIN SUJECI\u00d3N ME2 PROBE - Tienda Er\u00f3tica\" \/>\n<meta property=\"og:description\" content=\"HER ROYAL HARNESS ME2 PROBE Dise\u00f1ado ergon\u00f3micamente para adaptarse tanto a su mano como a su cuerpo, encontrar\u00e1 el placer\" \/>\n<meta property=\"og:url\" content=\"https:\/\/demoweb.info\/sexshop001\/producto\/her-royal-arnes-sin-sujecion-me2-probe\/\" \/>\n<meta property=\"og:site_name\" content=\"Tienda Er\u00f3tica\" \/>\n<meta property=\"article:modified_time\" content=\"2022-01-22T14:52:54+00:00\" \/>\n<meta property=\"og:image\" content=\"https:\/\/demoweb.info\/sexshop001\/wp-content\/uploads\/2022\/01\/HER-ROYAL-ARNES-SIN-SUJECION-ME2-PROBE.jpg\" \/>\n\t<meta property=\"og:image:width\" content=\"550\" \/>\n\t<meta property=\"og:image:height\" content=\"550\" \/>\n\t<meta property=\"og:image:type\" content=\"image\/jpeg\" \/>\n<meta name=\"twitter:card\" content=\"summary_large_image\" \/>\n<script type=\"application\/ld+json\" class=\"yoast-schema-graph\">{\"@context\":\"https:\/\/schema.org\",\"@graph\":[{\"@type\":\"WebPage\",\"@id\":\"https:\/\/demoweb.info\/sexshop001\/producto\/her-royal-arnes-sin-sujecion-me2-probe\/\",\"url\":\"https:\/\/demoweb.info\/sexshop001\/producto\/her-royal-arnes-sin-sujecion-me2-probe\/\",\"name\":\"HER ROYAL ARN\u00c9S SIN SUJECI\u00d3N ME2 PROBE - Tienda Er\u00f3tica\",\"isPartOf\":{\"@id\":\"https:\/\/demoweb.info\/sexshop001\/#website\"},\"datePublished\":\"2022-01-22T14:52:43+00:00\",\"dateModified\":\"2022-01-22T14:52:54+00:00\",\"breadcrumb\":{\"@id\":\"https:\/\/demoweb.info\/sexshop001\/producto\/her-royal-arnes-sin-sujecion-me2-probe\/#breadcrumb\"},\"inLanguage\":\"es\",\"potentialAction\":[{\"@type\":\"ReadAction\",\"target\":[\"https:\/\/demoweb.info\/sexshop001\/producto\/her-royal-arnes-sin-sujecion-me2-probe\/\"]}]},{\"@type\":\"BreadcrumbList\",\"@id\":\"https:\/\/demoweb.info\/sexshop001\/producto\/her-royal-arnes-sin-sujecion-me2-probe\/#breadcrumb\",\"itemListElement\":[{\"@type\":\"ListItem\",\"position\":1,\"name\":\"Portada\",\"item\":\"https:\/\/demoweb.info\/sexshop001\/\"},{\"@type\":\"ListItem\",\"position\":2,\"name\":\"Tienda\",\"item\":\"https:\/\/demoweb.info\/sexshop001\/tienda\/\"},{\"@type\":\"ListItem\",\"position\":3,\"name\":\"HER ROYAL ARN\u00c9S SIN SUJECI\u00d3N ME2 PROBE\"}]},{\"@type\":\"WebSite\",\"@id\":\"https:\/\/demoweb.info\/sexshop001\/#website\",\"url\":\"https:\/\/demoweb.info\/sexshop001\/\",\"name\":\"Tienda Er\u00f3tica\",\"description\":\"DEMOWEB SL\",\"potentialAction\":[{\"@type\":\"SearchAction\",\"target\":{\"@type\":\"EntryPoint\",\"urlTemplate\":\"https:\/\/demoweb.info\/sexshop001\/?s={search_term_string}\"},\"query-input\":\"required name=search_term_string\"}],\"inLanguage\":\"es\"}]}<\/script>\n<!-- \/ Yoast SEO plugin. -->","yoast_head_json":{"title":"HER ROYAL ARN\u00c9S SIN SUJECI\u00d3N ME2 PROBE - Tienda Er\u00f3tica","robots":{"index":"noindex","follow":"follow","max-snippet":"max-snippet:-1","max-image-preview":"max-image-preview:large","max-video-preview":"max-video-preview:-1"},"og_locale":"es_ES","og_type":"article","og_title":"HER ROYAL ARN\u00c9S SIN SUJECI\u00d3N ME2 PROBE - Tienda Er\u00f3tica","og_description":"HER ROYAL HARNESS ME2 PROBE Dise\u00f1ado ergon\u00f3micamente para adaptarse tanto a su mano como a su cuerpo, encontrar\u00e1 el placer","og_url":"https:\/\/demoweb.info\/sexshop001\/producto\/her-royal-arnes-sin-sujecion-me2-probe\/","og_site_name":"Tienda Er\u00f3tica","article_modified_time":"2022-01-22T14:52:54+00:00","og_image":[{"width":550,"height":550,"url":"https:\/\/demoweb.info\/sexshop001\/wp-content\/uploads\/2022\/01\/HER-ROYAL-ARNES-SIN-SUJECION-ME2-PROBE.jpg","type":"image\/jpeg"}],"twitter_card":"summary_large_image","schema":{"@context":"https:\/\/schema.org","@graph":[{"@type":"WebPage","@id":"https:\/\/demoweb.info\/sexshop001\/producto\/her-royal-arnes-sin-sujecion-me2-probe\/","url":"https:\/\/demoweb.info\/sexshop001\/producto\/her-royal-arnes-sin-sujecion-me2-probe\/","name":"HER ROYAL ARN\u00c9S SIN SUJECI\u00d3N ME2 PROBE - Tienda Er\u00f3tica","isPartOf":{"@id":"https:\/\/demoweb.info\/sexshop001\/#website"},"datePublished":"2022-01-22T14:52:43+00:00","dateModified":"2022-01-22T14:52:54+00:00","breadcrumb":{"@id":"https:\/\/demoweb.info\/sexshop001\/producto\/her-royal-arnes-sin-sujecion-me2-probe\/#breadcrumb"},"inLanguage":"es","potentialAction":[{"@type":"ReadAction","target":["https:\/\/demoweb.info\/sexshop001\/producto\/her-royal-arnes-sin-sujecion-me2-probe\/"]}]},{"@type":"BreadcrumbList","@id":"https:\/\/demoweb.info\/sexshop001\/producto\/her-royal-arnes-sin-sujecion-me2-probe\/#breadcrumb","itemListElement":[{"@type":"ListItem","position":1,"name":"Portada","item":"https:\/\/demoweb.info\/sexshop001\/"},{"@type":"ListItem","position":2,"name":"Tienda","item":"https:\/\/demoweb.info\/sexshop001\/tienda\/"},{"@type":"ListItem","position":3,"name":"HER ROYAL ARN\u00c9S SIN SUJECI\u00d3N ME2 PROBE"}]},{"@type":"WebSite","@id":"https:\/\/demoweb.info\/sexshop001\/#website","url":"https:\/\/demoweb.info\/sexshop001\/","name":"Tienda Er\u00f3tica","description":"DEMOWEB SL","potentialAction":[{"@type":"SearchAction","target":{"@type":"EntryPoint","urlTemplate":"https:\/\/demoweb.info\/sexshop001\/?s={search_term_string}"},"query-input":"required name=search_term_string"}],"inLanguage":"es"}]}},"_links":{"self":[{"href":"https:\/\/demoweb.info\/sexshop001\/wp-json\/wp\/v3\/product\/49282","targetHints":{"allow":["GET"]}}],"collection":[{"href":"https:\/\/demoweb.info\/sexshop001\/wp-json\/wp\/v3\/product"}],"about":[{"href":"https:\/\/demoweb.info\/sexshop001\/wp-json\/wp\/v2\/types\/product"}],"replies":[{"embeddable":true,"href":"https:\/\/demoweb.info\/sexshop001\/wp-json\/wp\/v2\/comments?post=49282"}],"wp:featuredmedia":[{"embeddable":true,"href":"https:\/\/demoweb.info\/sexshop001\/wp-json\/wp\/v2\/media\/49283"}],"wp:attachment":[{"href":"https:\/\/demoweb.info\/sexshop001\/wp-json\/wp\/v2\/media?parent=49282"}],"wp:term":[{"taxonomy":"product_cat","embeddable":true,"href":"https:\/\/demoweb.info\/sexshop001\/wp-json\/wp\/v2\/product_cat?post=49282"},{"taxonomy":"product_tag","embeddable":true,"href":"https:\/\/demoweb.info\/sexshop001\/wp-json\/wp\/v2\/product_tag?post=49282"}],"curies":[{"name":"wp","href":"https:\/\/api.w.org\/{rel}","templated":true}]}}