{"id":49275,"date":"2022-01-22T15:52:43","date_gmt":"2022-01-22T14:52:43","guid":{"rendered":"https:\/\/demoweb.info\/sexshop001\/producto\/tenga-masturbador-tubo-blando-efecto-frio\/"},"modified":"2022-01-22T15:52:49","modified_gmt":"2022-01-22T14:52:49","slug":"tenga-masturbador-tubo-blando-efecto-frio","status":"publish","type":"product","link":"https:\/\/demoweb.info\/sexshop001\/producto\/tenga-masturbador-tubo-blando-efecto-frio\/","title":{"rendered":"TENGA MASTURBADOR TUBO BLANDO &#8211; EFECTO FR\u00cdO"},"content":{"rendered":"<p><strong>COOL TENGA &#8211; SOFT TUBE CUP<\/strong><\/p>\n<p>\u00a1Combate el calor con COOL TENGA!<\/p>\n<p>Los COOL TENGA CUP cuentan con un refrescante lubricante mentolado que provoca una estimulaci\u00f3n fresca y calmante en el momento de la inserci\u00f3n. \u00a1COOL TENGA est\u00e1 disponible para el Original Vacuum CUP y para Soft Tube CUP!<\/p>\n<p>Caracter\u00edsticas:<\/p>\n<ul>\n<li>Desechable<\/li>\n<li>Prelubricado<\/li>\n<li>Lubricante refrescante<\/li>\n<\/ul>\n<p>Modelo para <strong>penetraci\u00f3n holgada o estrecha<\/strong>.<\/p>\n<p>Encuentra tu punto simplemente apretando o soltando el flexible <strong>Soft Tube Cup<\/strong>. Aplicando presi\u00f3n sobre la cubierta exterior produce distintos niveles de sensaci\u00f3n, m\u00e1s ajustado o m\u00e1s suave.<\/p>\n<p>Disfruta de una amplia variedad de sensaciones sensuales como frotar, acariciar, presionar&#8230;<\/p>\n<p>Producto prelubricado.<\/p>\n<p>Dise\u00f1ado para un solo uso.<\/p>\n<p><strong>Atr\u00e9vete a descubrir el otro lado de la masturbaci\u00f3n. <\/strong><\/p>\n","protected":false},"excerpt":{"rendered":"<p>COOL TENGA &#8211; SOFT TUBE CUP \u00a1Combate el calor con COOL TENGA! Los COOL TENGA CUP cuentan con un refrescante<\/p>\n","protected":false},"featured_media":49276,"comment_status":"open","ping_status":"open","template":"","meta":[],"product_cat":[542],"product_tag":[681,584],"class_list":["post-49275","product","type-product","status-publish","has-post-thumbnail","hentry","product_cat-clasicos","product_tag-cup","product_tag-tenga"],"bundled_by":[],"bundle_stock_status":"outofstock","bundle_stock_quantity":0,"bundle_virtual":false,"bundle_layout":"","bundle_add_to_cart_form_location":"","bundle_editable_in_cart":false,"bundle_sold_individually_context":"","bundle_item_grouping":"","bundle_min_size":"","bundle_max_size":"","bundled_items":[],"yoast_head":"<!-- This site is optimized with the Yoast SEO plugin v20.6 - https:\/\/yoast.com\/wordpress\/plugins\/seo\/ -->\n<title>TENGA MASTURBADOR TUBO BLANDO - EFECTO FR\u00cdO - Tienda Er\u00f3tica<\/title>\n<meta name=\"robots\" content=\"noindex, follow, max-snippet:-1, max-image-preview:large, max-video-preview:-1\" \/>\n<meta property=\"og:locale\" content=\"es_ES\" \/>\n<meta property=\"og:type\" content=\"article\" \/>\n<meta property=\"og:title\" content=\"TENGA MASTURBADOR TUBO BLANDO - EFECTO FR\u00cdO - Tienda Er\u00f3tica\" \/>\n<meta property=\"og:description\" content=\"COOL TENGA &#8211; SOFT TUBE CUP \u00a1Combate el calor con COOL TENGA! Los COOL TENGA CUP cuentan con un refrescante\" \/>\n<meta property=\"og:url\" content=\"https:\/\/demoweb.info\/sexshop001\/producto\/tenga-masturbador-tubo-blando-efecto-frio\/\" \/>\n<meta property=\"og:site_name\" content=\"Tienda Er\u00f3tica\" \/>\n<meta property=\"article:modified_time\" content=\"2022-01-22T14:52:49+00:00\" \/>\n<meta property=\"og:image\" content=\"https:\/\/demoweb.info\/sexshop001\/wp-content\/uploads\/2022\/01\/TENGA-MASTURBADOR-TUBO-BLANDO-EFECTO-FRIO.jpg\" \/>\n\t<meta property=\"og:image:width\" content=\"550\" \/>\n\t<meta property=\"og:image:height\" content=\"550\" \/>\n\t<meta property=\"og:image:type\" content=\"image\/jpeg\" \/>\n<meta name=\"twitter:card\" content=\"summary_large_image\" \/>\n<meta name=\"twitter:label1\" content=\"Tiempo de lectura\" \/>\n\t<meta name=\"twitter:data1\" content=\"1 minuto\" \/>\n<script type=\"application\/ld+json\" class=\"yoast-schema-graph\">{\"@context\":\"https:\/\/schema.org\",\"@graph\":[{\"@type\":\"WebPage\",\"@id\":\"https:\/\/demoweb.info\/sexshop001\/producto\/tenga-masturbador-tubo-blando-efecto-frio\/\",\"url\":\"https:\/\/demoweb.info\/sexshop001\/producto\/tenga-masturbador-tubo-blando-efecto-frio\/\",\"name\":\"TENGA MASTURBADOR TUBO BLANDO - EFECTO FR\u00cdO - Tienda Er\u00f3tica\",\"isPartOf\":{\"@id\":\"https:\/\/demoweb.info\/sexshop001\/#website\"},\"datePublished\":\"2022-01-22T14:52:43+00:00\",\"dateModified\":\"2022-01-22T14:52:49+00:00\",\"breadcrumb\":{\"@id\":\"https:\/\/demoweb.info\/sexshop001\/producto\/tenga-masturbador-tubo-blando-efecto-frio\/#breadcrumb\"},\"inLanguage\":\"es\",\"potentialAction\":[{\"@type\":\"ReadAction\",\"target\":[\"https:\/\/demoweb.info\/sexshop001\/producto\/tenga-masturbador-tubo-blando-efecto-frio\/\"]}]},{\"@type\":\"BreadcrumbList\",\"@id\":\"https:\/\/demoweb.info\/sexshop001\/producto\/tenga-masturbador-tubo-blando-efecto-frio\/#breadcrumb\",\"itemListElement\":[{\"@type\":\"ListItem\",\"position\":1,\"name\":\"Portada\",\"item\":\"https:\/\/demoweb.info\/sexshop001\/\"},{\"@type\":\"ListItem\",\"position\":2,\"name\":\"Tienda\",\"item\":\"https:\/\/demoweb.info\/sexshop001\/tienda\/\"},{\"@type\":\"ListItem\",\"position\":3,\"name\":\"TENGA MASTURBADOR TUBO BLANDO &#8211; EFECTO FR\u00cdO\"}]},{\"@type\":\"WebSite\",\"@id\":\"https:\/\/demoweb.info\/sexshop001\/#website\",\"url\":\"https:\/\/demoweb.info\/sexshop001\/\",\"name\":\"Tienda Er\u00f3tica\",\"description\":\"DEMOWEB SL\",\"potentialAction\":[{\"@type\":\"SearchAction\",\"target\":{\"@type\":\"EntryPoint\",\"urlTemplate\":\"https:\/\/demoweb.info\/sexshop001\/?s={search_term_string}\"},\"query-input\":\"required name=search_term_string\"}],\"inLanguage\":\"es\"}]}<\/script>\n<!-- \/ Yoast SEO plugin. -->","yoast_head_json":{"title":"TENGA MASTURBADOR TUBO BLANDO - EFECTO FR\u00cdO - Tienda Er\u00f3tica","robots":{"index":"noindex","follow":"follow","max-snippet":"max-snippet:-1","max-image-preview":"max-image-preview:large","max-video-preview":"max-video-preview:-1"},"og_locale":"es_ES","og_type":"article","og_title":"TENGA MASTURBADOR TUBO BLANDO - EFECTO FR\u00cdO - Tienda Er\u00f3tica","og_description":"COOL TENGA &#8211; SOFT TUBE CUP \u00a1Combate el calor con COOL TENGA! Los COOL TENGA CUP cuentan con un refrescante","og_url":"https:\/\/demoweb.info\/sexshop001\/producto\/tenga-masturbador-tubo-blando-efecto-frio\/","og_site_name":"Tienda Er\u00f3tica","article_modified_time":"2022-01-22T14:52:49+00:00","og_image":[{"width":550,"height":550,"url":"https:\/\/demoweb.info\/sexshop001\/wp-content\/uploads\/2022\/01\/TENGA-MASTURBADOR-TUBO-BLANDO-EFECTO-FRIO.jpg","type":"image\/jpeg"}],"twitter_card":"summary_large_image","twitter_misc":{"Tiempo de lectura":"1 minuto"},"schema":{"@context":"https:\/\/schema.org","@graph":[{"@type":"WebPage","@id":"https:\/\/demoweb.info\/sexshop001\/producto\/tenga-masturbador-tubo-blando-efecto-frio\/","url":"https:\/\/demoweb.info\/sexshop001\/producto\/tenga-masturbador-tubo-blando-efecto-frio\/","name":"TENGA MASTURBADOR TUBO BLANDO - EFECTO FR\u00cdO - Tienda Er\u00f3tica","isPartOf":{"@id":"https:\/\/demoweb.info\/sexshop001\/#website"},"datePublished":"2022-01-22T14:52:43+00:00","dateModified":"2022-01-22T14:52:49+00:00","breadcrumb":{"@id":"https:\/\/demoweb.info\/sexshop001\/producto\/tenga-masturbador-tubo-blando-efecto-frio\/#breadcrumb"},"inLanguage":"es","potentialAction":[{"@type":"ReadAction","target":["https:\/\/demoweb.info\/sexshop001\/producto\/tenga-masturbador-tubo-blando-efecto-frio\/"]}]},{"@type":"BreadcrumbList","@id":"https:\/\/demoweb.info\/sexshop001\/producto\/tenga-masturbador-tubo-blando-efecto-frio\/#breadcrumb","itemListElement":[{"@type":"ListItem","position":1,"name":"Portada","item":"https:\/\/demoweb.info\/sexshop001\/"},{"@type":"ListItem","position":2,"name":"Tienda","item":"https:\/\/demoweb.info\/sexshop001\/tienda\/"},{"@type":"ListItem","position":3,"name":"TENGA MASTURBADOR TUBO BLANDO &#8211; EFECTO FR\u00cdO"}]},{"@type":"WebSite","@id":"https:\/\/demoweb.info\/sexshop001\/#website","url":"https:\/\/demoweb.info\/sexshop001\/","name":"Tienda Er\u00f3tica","description":"DEMOWEB SL","potentialAction":[{"@type":"SearchAction","target":{"@type":"EntryPoint","urlTemplate":"https:\/\/demoweb.info\/sexshop001\/?s={search_term_string}"},"query-input":"required name=search_term_string"}],"inLanguage":"es"}]}},"_links":{"self":[{"href":"https:\/\/demoweb.info\/sexshop001\/wp-json\/wp\/v3\/product\/49275","targetHints":{"allow":["GET"]}}],"collection":[{"href":"https:\/\/demoweb.info\/sexshop001\/wp-json\/wp\/v3\/product"}],"about":[{"href":"https:\/\/demoweb.info\/sexshop001\/wp-json\/wp\/v2\/types\/product"}],"replies":[{"embeddable":true,"href":"https:\/\/demoweb.info\/sexshop001\/wp-json\/wp\/v2\/comments?post=49275"}],"wp:featuredmedia":[{"embeddable":true,"href":"https:\/\/demoweb.info\/sexshop001\/wp-json\/wp\/v2\/media\/49276"}],"wp:attachment":[{"href":"https:\/\/demoweb.info\/sexshop001\/wp-json\/wp\/v2\/media?parent=49275"}],"wp:term":[{"taxonomy":"product_cat","embeddable":true,"href":"https:\/\/demoweb.info\/sexshop001\/wp-json\/wp\/v2\/product_cat?post=49275"},{"taxonomy":"product_tag","embeddable":true,"href":"https:\/\/demoweb.info\/sexshop001\/wp-json\/wp\/v2\/product_tag?post=49275"}],"curies":[{"name":"wp","href":"https:\/\/api.w.org\/{rel}","templated":true}]}}