{"id":49268,"date":"2022-01-22T15:52:43","date_gmt":"2022-01-22T14:52:43","guid":{"rendered":"https:\/\/demoweb.info\/sexshop001\/producto\/tenga-garganta-profunda-efecto-frio\/"},"modified":"2022-01-22T15:52:44","modified_gmt":"2022-01-22T14:52:44","slug":"tenga-garganta-profunda-efecto-frio","status":"publish","type":"product","link":"https:\/\/demoweb.info\/sexshop001\/producto\/tenga-garganta-profunda-efecto-frio\/","title":{"rendered":"TENGA GARGANTA PROFUNDA &#8211; EFECTO FR\u00cdO"},"content":{"rendered":"<p><strong>COOL TENGA &#8211; ORIGINAL VACUUM CUP<\/strong><\/p>\n<p>\u00a1Combate el calor con COOL TENGA!<\/p>\n<p>Los COOL TENGA CUP cuentan con un refrescante lubricante mentolado que provoca una estimulaci\u00f3n fresca y calmante en el momento de la inserci\u00f3n. \u00a1COOL TENGA est\u00e1 disponible para el Original Vacuum CUP y para Soft Tube CUP!<\/p>\n<p>Caracter\u00edsticas:<\/p>\n<ul>\n<li>Desechable<\/li>\n<li>Prelubricado<\/li>\n<li>Lubricante refrescante<\/li>\n<\/ul>\n<p>Modelo para <strong>experiencia de felaci\u00f3n profunda<\/strong>.<\/p>\n<p>Su forma de reloj de arena proporciona un ajuste sublime. Una v\u00e1lvula de vac\u00edo y una salida de aire en su extremo para regular el nivel de succi\u00f3n, producen una experiencia dulcemente pegajosa. Una experiencia de felaci\u00f3n completamente real. Adem\u00e1s su realista sonido aporta un plus de est\u00edmulo.<\/p>\n<p>Producto prelubricado.<\/p>\n<p>Dise\u00f1ado para un solo uso.<\/p>\n<p><strong>Atr\u00e9vete a descubrir el otro lado de la masturbaci\u00f3n.<\/strong><\/p>\n","protected":false},"excerpt":{"rendered":"<p>COOL TENGA &#8211; ORIGINAL VACUUM CUP \u00a1Combate el calor con COOL TENGA! Los COOL TENGA CUP cuentan con un refrescante<\/p>\n","protected":false},"featured_media":49269,"comment_status":"open","ping_status":"open","template":"","meta":[],"product_cat":[542],"product_tag":[681,584],"class_list":["post-49268","product","type-product","status-publish","has-post-thumbnail","hentry","product_cat-clasicos","product_tag-cup","product_tag-tenga"],"bundled_by":[],"bundle_stock_status":"instock","bundle_stock_quantity":3,"bundle_virtual":false,"bundle_layout":"","bundle_add_to_cart_form_location":"","bundle_editable_in_cart":false,"bundle_sold_individually_context":"","bundle_item_grouping":"","bundle_min_size":"","bundle_max_size":"","bundled_items":[],"yoast_head":"<!-- This site is optimized with the Yoast SEO plugin v20.6 - https:\/\/yoast.com\/wordpress\/plugins\/seo\/ -->\n<title>TENGA GARGANTA PROFUNDA - EFECTO FR\u00cdO - Tienda Er\u00f3tica<\/title>\n<meta name=\"robots\" content=\"noindex, follow, max-snippet:-1, max-image-preview:large, max-video-preview:-1\" \/>\n<meta property=\"og:locale\" content=\"es_ES\" \/>\n<meta property=\"og:type\" content=\"article\" \/>\n<meta property=\"og:title\" content=\"TENGA GARGANTA PROFUNDA - EFECTO FR\u00cdO - Tienda Er\u00f3tica\" \/>\n<meta property=\"og:description\" content=\"COOL TENGA &#8211; ORIGINAL VACUUM CUP \u00a1Combate el calor con COOL TENGA! Los COOL TENGA CUP cuentan con un refrescante\" \/>\n<meta property=\"og:url\" content=\"https:\/\/demoweb.info\/sexshop001\/producto\/tenga-garganta-profunda-efecto-frio\/\" \/>\n<meta property=\"og:site_name\" content=\"Tienda Er\u00f3tica\" \/>\n<meta property=\"article:modified_time\" content=\"2022-01-22T14:52:44+00:00\" \/>\n<meta property=\"og:image\" content=\"https:\/\/demoweb.info\/sexshop001\/wp-content\/uploads\/2022\/01\/TENGA-GARGANTA-PROFUNDA-EFECTO-FRIO.jpg\" \/>\n\t<meta property=\"og:image:width\" content=\"550\" \/>\n\t<meta property=\"og:image:height\" content=\"550\" \/>\n\t<meta property=\"og:image:type\" content=\"image\/jpeg\" \/>\n<meta name=\"twitter:card\" content=\"summary_large_image\" \/>\n<meta name=\"twitter:label1\" content=\"Tiempo de lectura\" \/>\n\t<meta name=\"twitter:data1\" content=\"1 minuto\" \/>\n<script type=\"application\/ld+json\" class=\"yoast-schema-graph\">{\"@context\":\"https:\/\/schema.org\",\"@graph\":[{\"@type\":\"WebPage\",\"@id\":\"https:\/\/demoweb.info\/sexshop001\/producto\/tenga-garganta-profunda-efecto-frio\/\",\"url\":\"https:\/\/demoweb.info\/sexshop001\/producto\/tenga-garganta-profunda-efecto-frio\/\",\"name\":\"TENGA GARGANTA PROFUNDA - EFECTO FR\u00cdO - Tienda Er\u00f3tica\",\"isPartOf\":{\"@id\":\"https:\/\/demoweb.info\/sexshop001\/#website\"},\"datePublished\":\"2022-01-22T14:52:43+00:00\",\"dateModified\":\"2022-01-22T14:52:44+00:00\",\"breadcrumb\":{\"@id\":\"https:\/\/demoweb.info\/sexshop001\/producto\/tenga-garganta-profunda-efecto-frio\/#breadcrumb\"},\"inLanguage\":\"es\",\"potentialAction\":[{\"@type\":\"ReadAction\",\"target\":[\"https:\/\/demoweb.info\/sexshop001\/producto\/tenga-garganta-profunda-efecto-frio\/\"]}]},{\"@type\":\"BreadcrumbList\",\"@id\":\"https:\/\/demoweb.info\/sexshop001\/producto\/tenga-garganta-profunda-efecto-frio\/#breadcrumb\",\"itemListElement\":[{\"@type\":\"ListItem\",\"position\":1,\"name\":\"Portada\",\"item\":\"https:\/\/demoweb.info\/sexshop001\/\"},{\"@type\":\"ListItem\",\"position\":2,\"name\":\"Tienda\",\"item\":\"https:\/\/demoweb.info\/sexshop001\/tienda\/\"},{\"@type\":\"ListItem\",\"position\":3,\"name\":\"TENGA GARGANTA PROFUNDA &#8211; EFECTO FR\u00cdO\"}]},{\"@type\":\"WebSite\",\"@id\":\"https:\/\/demoweb.info\/sexshop001\/#website\",\"url\":\"https:\/\/demoweb.info\/sexshop001\/\",\"name\":\"Tienda Er\u00f3tica\",\"description\":\"DEMOWEB SL\",\"potentialAction\":[{\"@type\":\"SearchAction\",\"target\":{\"@type\":\"EntryPoint\",\"urlTemplate\":\"https:\/\/demoweb.info\/sexshop001\/?s={search_term_string}\"},\"query-input\":\"required name=search_term_string\"}],\"inLanguage\":\"es\"}]}<\/script>\n<!-- \/ Yoast SEO plugin. -->","yoast_head_json":{"title":"TENGA GARGANTA PROFUNDA - EFECTO FR\u00cdO - Tienda Er\u00f3tica","robots":{"index":"noindex","follow":"follow","max-snippet":"max-snippet:-1","max-image-preview":"max-image-preview:large","max-video-preview":"max-video-preview:-1"},"og_locale":"es_ES","og_type":"article","og_title":"TENGA GARGANTA PROFUNDA - EFECTO FR\u00cdO - Tienda Er\u00f3tica","og_description":"COOL TENGA &#8211; ORIGINAL VACUUM CUP \u00a1Combate el calor con COOL TENGA! Los COOL TENGA CUP cuentan con un refrescante","og_url":"https:\/\/demoweb.info\/sexshop001\/producto\/tenga-garganta-profunda-efecto-frio\/","og_site_name":"Tienda Er\u00f3tica","article_modified_time":"2022-01-22T14:52:44+00:00","og_image":[{"width":550,"height":550,"url":"https:\/\/demoweb.info\/sexshop001\/wp-content\/uploads\/2022\/01\/TENGA-GARGANTA-PROFUNDA-EFECTO-FRIO.jpg","type":"image\/jpeg"}],"twitter_card":"summary_large_image","twitter_misc":{"Tiempo de lectura":"1 minuto"},"schema":{"@context":"https:\/\/schema.org","@graph":[{"@type":"WebPage","@id":"https:\/\/demoweb.info\/sexshop001\/producto\/tenga-garganta-profunda-efecto-frio\/","url":"https:\/\/demoweb.info\/sexshop001\/producto\/tenga-garganta-profunda-efecto-frio\/","name":"TENGA GARGANTA PROFUNDA - EFECTO FR\u00cdO - Tienda Er\u00f3tica","isPartOf":{"@id":"https:\/\/demoweb.info\/sexshop001\/#website"},"datePublished":"2022-01-22T14:52:43+00:00","dateModified":"2022-01-22T14:52:44+00:00","breadcrumb":{"@id":"https:\/\/demoweb.info\/sexshop001\/producto\/tenga-garganta-profunda-efecto-frio\/#breadcrumb"},"inLanguage":"es","potentialAction":[{"@type":"ReadAction","target":["https:\/\/demoweb.info\/sexshop001\/producto\/tenga-garganta-profunda-efecto-frio\/"]}]},{"@type":"BreadcrumbList","@id":"https:\/\/demoweb.info\/sexshop001\/producto\/tenga-garganta-profunda-efecto-frio\/#breadcrumb","itemListElement":[{"@type":"ListItem","position":1,"name":"Portada","item":"https:\/\/demoweb.info\/sexshop001\/"},{"@type":"ListItem","position":2,"name":"Tienda","item":"https:\/\/demoweb.info\/sexshop001\/tienda\/"},{"@type":"ListItem","position":3,"name":"TENGA GARGANTA PROFUNDA &#8211; EFECTO FR\u00cdO"}]},{"@type":"WebSite","@id":"https:\/\/demoweb.info\/sexshop001\/#website","url":"https:\/\/demoweb.info\/sexshop001\/","name":"Tienda Er\u00f3tica","description":"DEMOWEB SL","potentialAction":[{"@type":"SearchAction","target":{"@type":"EntryPoint","urlTemplate":"https:\/\/demoweb.info\/sexshop001\/?s={search_term_string}"},"query-input":"required name=search_term_string"}],"inLanguage":"es"}]}},"_links":{"self":[{"href":"https:\/\/demoweb.info\/sexshop001\/wp-json\/wp\/v3\/product\/49268","targetHints":{"allow":["GET"]}}],"collection":[{"href":"https:\/\/demoweb.info\/sexshop001\/wp-json\/wp\/v3\/product"}],"about":[{"href":"https:\/\/demoweb.info\/sexshop001\/wp-json\/wp\/v2\/types\/product"}],"replies":[{"embeddable":true,"href":"https:\/\/demoweb.info\/sexshop001\/wp-json\/wp\/v2\/comments?post=49268"}],"wp:featuredmedia":[{"embeddable":true,"href":"https:\/\/demoweb.info\/sexshop001\/wp-json\/wp\/v2\/media\/49269"}],"wp:attachment":[{"href":"https:\/\/demoweb.info\/sexshop001\/wp-json\/wp\/v2\/media?parent=49268"}],"wp:term":[{"taxonomy":"product_cat","embeddable":true,"href":"https:\/\/demoweb.info\/sexshop001\/wp-json\/wp\/v2\/product_cat?post=49268"},{"taxonomy":"product_tag","embeddable":true,"href":"https:\/\/demoweb.info\/sexshop001\/wp-json\/wp\/v2\/product_tag?post=49268"}],"curies":[{"name":"wp","href":"https:\/\/api.w.org\/{rel}","templated":true}]}}