{"id":49229,"date":"2022-01-22T15:51:57","date_gmt":"2022-01-22T14:51:57","guid":{"rendered":"https:\/\/demoweb.info\/sexshop001\/producto\/sr-command-bicep-binder-arnes\/"},"modified":"2022-01-22T15:52:18","modified_gmt":"2022-01-22T14:52:18","slug":"sr-command-bicep-binder-arnes","status":"publish","type":"product","link":"https:\/\/demoweb.info\/sexshop001\/producto\/sr-command-bicep-binder-arnes\/","title":{"rendered":"SR COMMAND BICEP BINDER ARN\u00c9S"},"content":{"rendered":"<p><strong>SR COMMAND BICEP BINDER<\/strong><\/p>\n<p>COMMAND. Hecho para jugar duro. El arn\u00e9s Bicep Binder ofrece una retenci\u00f3n efectiva. El dise\u00f1o vers\u00e1til asegura firmemente el b\u00edceps por detr\u00e1s o por delante. El arn\u00e9s envuelve cada b\u00edceps con las gruesas correas de nylon de resistencia industrial que incluyen anillos de bloqueo de acero inoxidable totalmente ajustables, lo que permite un ajuste controlado y personalizado cada vez.<\/p>\n","protected":false},"excerpt":{"rendered":"<p>SR COMMAND BICEP BINDER COMMAND. Hecho para jugar duro. El arn\u00e9s Bicep Binder ofrece una retenci\u00f3n efectiva. El dise\u00f1o vers\u00e1til<\/p>\n","protected":false},"featured_media":49230,"comment_status":"open","ping_status":"open","template":"","meta":[],"product_cat":[507],"product_tag":[259,490],"class_list":["post-49229","product","type-product","status-publish","has-post-thumbnail","hentry","product_cat-basicas","product_tag-pipedream","product_tag-sir-richards"],"bundled_by":[],"bundle_stock_status":"instock","bundle_stock_quantity":1,"bundle_virtual":false,"bundle_layout":"","bundle_add_to_cart_form_location":"","bundle_editable_in_cart":false,"bundle_sold_individually_context":"","bundle_item_grouping":"","bundle_min_size":"","bundle_max_size":"","bundled_items":[],"yoast_head":"<!-- This site is optimized with the Yoast SEO plugin v20.6 - https:\/\/yoast.com\/wordpress\/plugins\/seo\/ -->\n<title>SR COMMAND BICEP BINDER ARN\u00c9S - Tienda Er\u00f3tica<\/title>\n<meta name=\"robots\" content=\"noindex, follow, max-snippet:-1, max-image-preview:large, max-video-preview:-1\" \/>\n<meta property=\"og:locale\" content=\"es_ES\" \/>\n<meta property=\"og:type\" content=\"article\" \/>\n<meta property=\"og:title\" content=\"SR COMMAND BICEP BINDER ARN\u00c9S - Tienda Er\u00f3tica\" \/>\n<meta property=\"og:description\" content=\"SR COMMAND BICEP BINDER COMMAND. Hecho para jugar duro. El arn\u00e9s Bicep Binder ofrece una retenci\u00f3n efectiva. El dise\u00f1o vers\u00e1til\" \/>\n<meta property=\"og:url\" content=\"https:\/\/demoweb.info\/sexshop001\/producto\/sr-command-bicep-binder-arnes\/\" \/>\n<meta property=\"og:site_name\" content=\"Tienda Er\u00f3tica\" \/>\n<meta property=\"article:modified_time\" content=\"2022-01-22T14:52:18+00:00\" \/>\n<meta property=\"og:image\" content=\"https:\/\/demoweb.info\/sexshop001\/wp-content\/uploads\/2022\/01\/SR-COMMAND-BICEP-BINDER-ARNES.jpg\" \/>\n\t<meta property=\"og:image:width\" content=\"550\" \/>\n\t<meta property=\"og:image:height\" content=\"550\" \/>\n\t<meta property=\"og:image:type\" content=\"image\/jpeg\" \/>\n<meta name=\"twitter:card\" content=\"summary_large_image\" \/>\n<script type=\"application\/ld+json\" class=\"yoast-schema-graph\">{\"@context\":\"https:\/\/schema.org\",\"@graph\":[{\"@type\":\"WebPage\",\"@id\":\"https:\/\/demoweb.info\/sexshop001\/producto\/sr-command-bicep-binder-arnes\/\",\"url\":\"https:\/\/demoweb.info\/sexshop001\/producto\/sr-command-bicep-binder-arnes\/\",\"name\":\"SR COMMAND BICEP BINDER ARN\u00c9S - Tienda Er\u00f3tica\",\"isPartOf\":{\"@id\":\"https:\/\/demoweb.info\/sexshop001\/#website\"},\"datePublished\":\"2022-01-22T14:51:57+00:00\",\"dateModified\":\"2022-01-22T14:52:18+00:00\",\"breadcrumb\":{\"@id\":\"https:\/\/demoweb.info\/sexshop001\/producto\/sr-command-bicep-binder-arnes\/#breadcrumb\"},\"inLanguage\":\"es\",\"potentialAction\":[{\"@type\":\"ReadAction\",\"target\":[\"https:\/\/demoweb.info\/sexshop001\/producto\/sr-command-bicep-binder-arnes\/\"]}]},{\"@type\":\"BreadcrumbList\",\"@id\":\"https:\/\/demoweb.info\/sexshop001\/producto\/sr-command-bicep-binder-arnes\/#breadcrumb\",\"itemListElement\":[{\"@type\":\"ListItem\",\"position\":1,\"name\":\"Portada\",\"item\":\"https:\/\/demoweb.info\/sexshop001\/\"},{\"@type\":\"ListItem\",\"position\":2,\"name\":\"Tienda\",\"item\":\"https:\/\/demoweb.info\/sexshop001\/tienda\/\"},{\"@type\":\"ListItem\",\"position\":3,\"name\":\"SR COMMAND BICEP BINDER ARN\u00c9S\"}]},{\"@type\":\"WebSite\",\"@id\":\"https:\/\/demoweb.info\/sexshop001\/#website\",\"url\":\"https:\/\/demoweb.info\/sexshop001\/\",\"name\":\"Tienda Er\u00f3tica\",\"description\":\"DEMOWEB SL\",\"potentialAction\":[{\"@type\":\"SearchAction\",\"target\":{\"@type\":\"EntryPoint\",\"urlTemplate\":\"https:\/\/demoweb.info\/sexshop001\/?s={search_term_string}\"},\"query-input\":\"required name=search_term_string\"}],\"inLanguage\":\"es\"}]}<\/script>\n<!-- \/ Yoast SEO plugin. -->","yoast_head_json":{"title":"SR COMMAND BICEP BINDER ARN\u00c9S - Tienda Er\u00f3tica","robots":{"index":"noindex","follow":"follow","max-snippet":"max-snippet:-1","max-image-preview":"max-image-preview:large","max-video-preview":"max-video-preview:-1"},"og_locale":"es_ES","og_type":"article","og_title":"SR COMMAND BICEP BINDER ARN\u00c9S - Tienda Er\u00f3tica","og_description":"SR COMMAND BICEP BINDER COMMAND. Hecho para jugar duro. El arn\u00e9s Bicep Binder ofrece una retenci\u00f3n efectiva. El dise\u00f1o vers\u00e1til","og_url":"https:\/\/demoweb.info\/sexshop001\/producto\/sr-command-bicep-binder-arnes\/","og_site_name":"Tienda Er\u00f3tica","article_modified_time":"2022-01-22T14:52:18+00:00","og_image":[{"width":550,"height":550,"url":"https:\/\/demoweb.info\/sexshop001\/wp-content\/uploads\/2022\/01\/SR-COMMAND-BICEP-BINDER-ARNES.jpg","type":"image\/jpeg"}],"twitter_card":"summary_large_image","schema":{"@context":"https:\/\/schema.org","@graph":[{"@type":"WebPage","@id":"https:\/\/demoweb.info\/sexshop001\/producto\/sr-command-bicep-binder-arnes\/","url":"https:\/\/demoweb.info\/sexshop001\/producto\/sr-command-bicep-binder-arnes\/","name":"SR COMMAND BICEP BINDER ARN\u00c9S - Tienda Er\u00f3tica","isPartOf":{"@id":"https:\/\/demoweb.info\/sexshop001\/#website"},"datePublished":"2022-01-22T14:51:57+00:00","dateModified":"2022-01-22T14:52:18+00:00","breadcrumb":{"@id":"https:\/\/demoweb.info\/sexshop001\/producto\/sr-command-bicep-binder-arnes\/#breadcrumb"},"inLanguage":"es","potentialAction":[{"@type":"ReadAction","target":["https:\/\/demoweb.info\/sexshop001\/producto\/sr-command-bicep-binder-arnes\/"]}]},{"@type":"BreadcrumbList","@id":"https:\/\/demoweb.info\/sexshop001\/producto\/sr-command-bicep-binder-arnes\/#breadcrumb","itemListElement":[{"@type":"ListItem","position":1,"name":"Portada","item":"https:\/\/demoweb.info\/sexshop001\/"},{"@type":"ListItem","position":2,"name":"Tienda","item":"https:\/\/demoweb.info\/sexshop001\/tienda\/"},{"@type":"ListItem","position":3,"name":"SR COMMAND BICEP BINDER ARN\u00c9S"}]},{"@type":"WebSite","@id":"https:\/\/demoweb.info\/sexshop001\/#website","url":"https:\/\/demoweb.info\/sexshop001\/","name":"Tienda Er\u00f3tica","description":"DEMOWEB SL","potentialAction":[{"@type":"SearchAction","target":{"@type":"EntryPoint","urlTemplate":"https:\/\/demoweb.info\/sexshop001\/?s={search_term_string}"},"query-input":"required name=search_term_string"}],"inLanguage":"es"}]}},"_links":{"self":[{"href":"https:\/\/demoweb.info\/sexshop001\/wp-json\/wp\/v3\/product\/49229","targetHints":{"allow":["GET"]}}],"collection":[{"href":"https:\/\/demoweb.info\/sexshop001\/wp-json\/wp\/v3\/product"}],"about":[{"href":"https:\/\/demoweb.info\/sexshop001\/wp-json\/wp\/v2\/types\/product"}],"replies":[{"embeddable":true,"href":"https:\/\/demoweb.info\/sexshop001\/wp-json\/wp\/v2\/comments?post=49229"}],"wp:featuredmedia":[{"embeddable":true,"href":"https:\/\/demoweb.info\/sexshop001\/wp-json\/wp\/v2\/media\/49230"}],"wp:attachment":[{"href":"https:\/\/demoweb.info\/sexshop001\/wp-json\/wp\/v2\/media?parent=49229"}],"wp:term":[{"taxonomy":"product_cat","embeddable":true,"href":"https:\/\/demoweb.info\/sexshop001\/wp-json\/wp\/v2\/product_cat?post=49229"},{"taxonomy":"product_tag","embeddable":true,"href":"https:\/\/demoweb.info\/sexshop001\/wp-json\/wp\/v2\/product_tag?post=49229"}],"curies":[{"name":"wp","href":"https:\/\/api.w.org\/{rel}","templated":true}]}}