{"id":49194,"date":"2022-01-22T15:51:33","date_gmt":"2022-01-22T14:51:33","guid":{"rendered":"https:\/\/demoweb.info\/sexshop001\/producto\/potenz-duo-anillos-pene-mediano-transparente\/"},"modified":"2022-01-22T15:51:53","modified_gmt":"2022-01-22T14:51:53","slug":"potenz-duo-anillos-pene-mediano-transparente","status":"publish","type":"product","link":"https:\/\/demoweb.info\/sexshop001\/producto\/potenz-duo-anillos-pene-mediano-transparente\/","title":{"rendered":"POTENZ DUO ANILLOS PENE MEDIANO- TRANSPARENTE"},"content":{"rendered":"<p><strong>POTENZ DUO RINGS MEDIUM TRANSPARENT<\/strong><\/p>\n<p>Anillos del pene, tambi\u00e9n llamados anillos de constricci\u00f3n se utilizan para la salida prematura de la sangre desde el pene (llamado derrame venoso o disfunci\u00f3n veno-oclusiva). Requisito es que una erecci\u00f3n es todav\u00eda posible. Si esto juntos antes de tiempo, se puede crear con la ayuda del anillo del pene. La compresi\u00f3n uniforme en el campo de la base del pene contrarresta la descarga de sangre prematuro. La aplicaci\u00f3n realiza obstrucci\u00f3n del flujo de sangre a una erecci\u00f3n considerable fortalecimiento y estiramiento.<\/p>\n<p>Una palabra sobre el tama\u00f1o de los anillos del pene: Usted debe comenzar con el tama\u00f1o m\u00e1s grande y reducir gradualmente el tama\u00f1o en funci\u00f3n del efecto. Tenga en cuenta que los anillos pueden ser usados no m\u00e1s de 30 minutos, ya que puede conducir a trastornos circulatorios.<\/p>\n<p><strong>Incluye 2 anillos.<br \/>\nTalla M.<\/strong><\/p>\n<p>Contiene un sobre de lubricante monodosis Aquaglide.<\/p>\n","protected":false},"excerpt":{"rendered":"<p>POTENZ DUO RINGS MEDIUM TRANSPARENT Anillos del pene, tambi\u00e9n llamados anillos de constricci\u00f3n se utilizan para la salida prematura de<\/p>\n","protected":false},"featured_media":49195,"comment_status":"open","ping_status":"open","template":"","meta":[],"product_cat":[323],"product_tag":[725,1159],"class_list":["post-49194","product","type-product","status-publish","has-post-thumbnail","hentry","product_cat-silicona-anillos","product_tag-joydivision","product_tag-potenz"],"bundled_by":[],"bundle_stock_status":"instock","bundle_stock_quantity":3,"bundle_virtual":false,"bundle_layout":"","bundle_add_to_cart_form_location":"","bundle_editable_in_cart":false,"bundle_sold_individually_context":"","bundle_item_grouping":"","bundle_min_size":"","bundle_max_size":"","bundled_items":[],"yoast_head":"<!-- This site is optimized with the Yoast SEO plugin v20.6 - https:\/\/yoast.com\/wordpress\/plugins\/seo\/ -->\n<title>POTENZ DUO ANILLOS PENE MEDIANO- TRANSPARENTE - Tienda Er\u00f3tica<\/title>\n<meta name=\"robots\" content=\"noindex, follow, max-snippet:-1, max-image-preview:large, max-video-preview:-1\" \/>\n<meta property=\"og:locale\" content=\"es_ES\" \/>\n<meta property=\"og:type\" content=\"article\" \/>\n<meta property=\"og:title\" content=\"POTENZ DUO ANILLOS PENE MEDIANO- TRANSPARENTE - Tienda Er\u00f3tica\" \/>\n<meta property=\"og:description\" content=\"POTENZ DUO RINGS MEDIUM TRANSPARENT Anillos del pene, tambi\u00e9n llamados anillos de constricci\u00f3n se utilizan para la salida prematura de\" \/>\n<meta property=\"og:url\" content=\"https:\/\/demoweb.info\/sexshop001\/producto\/potenz-duo-anillos-pene-mediano-transparente\/\" \/>\n<meta property=\"og:site_name\" content=\"Tienda Er\u00f3tica\" \/>\n<meta property=\"article:modified_time\" content=\"2022-01-22T14:51:53+00:00\" \/>\n<meta property=\"og:image\" content=\"https:\/\/demoweb.info\/sexshop001\/wp-content\/uploads\/2022\/01\/POTENZ-DUO-ANILLOS-PENE-MEDIANO-TRANSPARENTE.jpg\" \/>\n\t<meta property=\"og:image:width\" content=\"550\" \/>\n\t<meta property=\"og:image:height\" content=\"550\" \/>\n\t<meta property=\"og:image:type\" content=\"image\/jpeg\" \/>\n<meta name=\"twitter:card\" content=\"summary_large_image\" \/>\n<meta name=\"twitter:label1\" content=\"Tiempo de lectura\" \/>\n\t<meta name=\"twitter:data1\" content=\"1 minuto\" \/>\n<script type=\"application\/ld+json\" class=\"yoast-schema-graph\">{\"@context\":\"https:\/\/schema.org\",\"@graph\":[{\"@type\":\"WebPage\",\"@id\":\"https:\/\/demoweb.info\/sexshop001\/producto\/potenz-duo-anillos-pene-mediano-transparente\/\",\"url\":\"https:\/\/demoweb.info\/sexshop001\/producto\/potenz-duo-anillos-pene-mediano-transparente\/\",\"name\":\"POTENZ DUO ANILLOS PENE MEDIANO- TRANSPARENTE - Tienda Er\u00f3tica\",\"isPartOf\":{\"@id\":\"https:\/\/demoweb.info\/sexshop001\/#website\"},\"datePublished\":\"2022-01-22T14:51:33+00:00\",\"dateModified\":\"2022-01-22T14:51:53+00:00\",\"breadcrumb\":{\"@id\":\"https:\/\/demoweb.info\/sexshop001\/producto\/potenz-duo-anillos-pene-mediano-transparente\/#breadcrumb\"},\"inLanguage\":\"es\",\"potentialAction\":[{\"@type\":\"ReadAction\",\"target\":[\"https:\/\/demoweb.info\/sexshop001\/producto\/potenz-duo-anillos-pene-mediano-transparente\/\"]}]},{\"@type\":\"BreadcrumbList\",\"@id\":\"https:\/\/demoweb.info\/sexshop001\/producto\/potenz-duo-anillos-pene-mediano-transparente\/#breadcrumb\",\"itemListElement\":[{\"@type\":\"ListItem\",\"position\":1,\"name\":\"Portada\",\"item\":\"https:\/\/demoweb.info\/sexshop001\/\"},{\"@type\":\"ListItem\",\"position\":2,\"name\":\"Tienda\",\"item\":\"https:\/\/demoweb.info\/sexshop001\/tienda\/\"},{\"@type\":\"ListItem\",\"position\":3,\"name\":\"POTENZ DUO ANILLOS PENE MEDIANO- TRANSPARENTE\"}]},{\"@type\":\"WebSite\",\"@id\":\"https:\/\/demoweb.info\/sexshop001\/#website\",\"url\":\"https:\/\/demoweb.info\/sexshop001\/\",\"name\":\"Tienda Er\u00f3tica\",\"description\":\"DEMOWEB SL\",\"potentialAction\":[{\"@type\":\"SearchAction\",\"target\":{\"@type\":\"EntryPoint\",\"urlTemplate\":\"https:\/\/demoweb.info\/sexshop001\/?s={search_term_string}\"},\"query-input\":\"required name=search_term_string\"}],\"inLanguage\":\"es\"}]}<\/script>\n<!-- \/ Yoast SEO plugin. -->","yoast_head_json":{"title":"POTENZ DUO ANILLOS PENE MEDIANO- TRANSPARENTE - Tienda Er\u00f3tica","robots":{"index":"noindex","follow":"follow","max-snippet":"max-snippet:-1","max-image-preview":"max-image-preview:large","max-video-preview":"max-video-preview:-1"},"og_locale":"es_ES","og_type":"article","og_title":"POTENZ DUO ANILLOS PENE MEDIANO- TRANSPARENTE - Tienda Er\u00f3tica","og_description":"POTENZ DUO RINGS MEDIUM TRANSPARENT Anillos del pene, tambi\u00e9n llamados anillos de constricci\u00f3n se utilizan para la salida prematura de","og_url":"https:\/\/demoweb.info\/sexshop001\/producto\/potenz-duo-anillos-pene-mediano-transparente\/","og_site_name":"Tienda Er\u00f3tica","article_modified_time":"2022-01-22T14:51:53+00:00","og_image":[{"width":550,"height":550,"url":"https:\/\/demoweb.info\/sexshop001\/wp-content\/uploads\/2022\/01\/POTENZ-DUO-ANILLOS-PENE-MEDIANO-TRANSPARENTE.jpg","type":"image\/jpeg"}],"twitter_card":"summary_large_image","twitter_misc":{"Tiempo de lectura":"1 minuto"},"schema":{"@context":"https:\/\/schema.org","@graph":[{"@type":"WebPage","@id":"https:\/\/demoweb.info\/sexshop001\/producto\/potenz-duo-anillos-pene-mediano-transparente\/","url":"https:\/\/demoweb.info\/sexshop001\/producto\/potenz-duo-anillos-pene-mediano-transparente\/","name":"POTENZ DUO ANILLOS PENE MEDIANO- TRANSPARENTE - Tienda Er\u00f3tica","isPartOf":{"@id":"https:\/\/demoweb.info\/sexshop001\/#website"},"datePublished":"2022-01-22T14:51:33+00:00","dateModified":"2022-01-22T14:51:53+00:00","breadcrumb":{"@id":"https:\/\/demoweb.info\/sexshop001\/producto\/potenz-duo-anillos-pene-mediano-transparente\/#breadcrumb"},"inLanguage":"es","potentialAction":[{"@type":"ReadAction","target":["https:\/\/demoweb.info\/sexshop001\/producto\/potenz-duo-anillos-pene-mediano-transparente\/"]}]},{"@type":"BreadcrumbList","@id":"https:\/\/demoweb.info\/sexshop001\/producto\/potenz-duo-anillos-pene-mediano-transparente\/#breadcrumb","itemListElement":[{"@type":"ListItem","position":1,"name":"Portada","item":"https:\/\/demoweb.info\/sexshop001\/"},{"@type":"ListItem","position":2,"name":"Tienda","item":"https:\/\/demoweb.info\/sexshop001\/tienda\/"},{"@type":"ListItem","position":3,"name":"POTENZ DUO ANILLOS PENE MEDIANO- TRANSPARENTE"}]},{"@type":"WebSite","@id":"https:\/\/demoweb.info\/sexshop001\/#website","url":"https:\/\/demoweb.info\/sexshop001\/","name":"Tienda Er\u00f3tica","description":"DEMOWEB SL","potentialAction":[{"@type":"SearchAction","target":{"@type":"EntryPoint","urlTemplate":"https:\/\/demoweb.info\/sexshop001\/?s={search_term_string}"},"query-input":"required name=search_term_string"}],"inLanguage":"es"}]}},"_links":{"self":[{"href":"https:\/\/demoweb.info\/sexshop001\/wp-json\/wp\/v3\/product\/49194","targetHints":{"allow":["GET"]}}],"collection":[{"href":"https:\/\/demoweb.info\/sexshop001\/wp-json\/wp\/v3\/product"}],"about":[{"href":"https:\/\/demoweb.info\/sexshop001\/wp-json\/wp\/v2\/types\/product"}],"replies":[{"embeddable":true,"href":"https:\/\/demoweb.info\/sexshop001\/wp-json\/wp\/v2\/comments?post=49194"}],"wp:featuredmedia":[{"embeddable":true,"href":"https:\/\/demoweb.info\/sexshop001\/wp-json\/wp\/v2\/media\/49195"}],"wp:attachment":[{"href":"https:\/\/demoweb.info\/sexshop001\/wp-json\/wp\/v2\/media?parent=49194"}],"wp:term":[{"taxonomy":"product_cat","embeddable":true,"href":"https:\/\/demoweb.info\/sexshop001\/wp-json\/wp\/v2\/product_cat?post=49194"},{"taxonomy":"product_tag","embeddable":true,"href":"https:\/\/demoweb.info\/sexshop001\/wp-json\/wp\/v2\/product_tag?post=49194"}],"curies":[{"name":"wp","href":"https:\/\/api.w.org\/{rel}","templated":true}]}}