{"id":49171,"date":"2022-01-22T15:51:33","date_gmt":"2022-01-22T14:51:33","guid":{"rendered":"https:\/\/demoweb.info\/sexshop001\/producto\/fleshlight-turbo-ignition-blue-ice\/"},"modified":"2022-01-22T15:51:40","modified_gmt":"2022-01-22T14:51:40","slug":"fleshlight-turbo-ignition-blue-ice","status":"publish","type":"product","link":"https:\/\/demoweb.info\/sexshop001\/producto\/fleshlight-turbo-ignition-blue-ice\/","title":{"rendered":"FLESHLIGHT TURBO IGNITION BLUE ICE"},"content":{"rendered":"<p><strong>FLESHLIGHT TURBO IGNITION BLUE ICE<\/strong><\/p>\n<p><strong>El Fleshlight Turbo\u2122 te ofrece la alternativa m\u00e1s realista y satisfactoria al sexo oral<\/strong>. Dise\u00f1ado exclusivamente con tres puntos de inserci\u00f3n inicial, el Turbo proporciona sensaciones alucinantes sin\u00f3nimo de conseguir una sensaci\u00f3n estelar cada vez que la uses. Si le gusta estimular s\u00f3lo la punta o prefieres la sensaci\u00f3n de estrechez, cosquilleo-hormigueo de la garganta profunda, el Turbo le proporciona lla emoci\u00f3n para llegar a la l\u00ednea de meta.<\/p>\n<p>TURBO CARGA TU ORGASMO.<\/p>\n<p>Completo con un orificio no anat\u00f3mico y una textura exclusiva, el Fleshlight Turbo est\u00e1 a punto de llevarte a nuevos niveles de satisfacci\u00f3n sexual.<\/p>\n<p>Medidas:<\/p>\n<ul>\n<li>Longitud total: 24,7 cm<\/li>\n<li>Longitud Insertable: 21,5 cm<\/li>\n<\/ul>\n","protected":false},"excerpt":{"rendered":"<p>FLESHLIGHT TURBO IGNITION BLUE ICE El Fleshlight Turbo\u2122 te ofrece la alternativa m\u00e1s realista y satisfactoria al sexo oral. Dise\u00f1ado<\/p>\n","protected":false},"featured_media":49172,"comment_status":"open","ping_status":"open","template":"","meta":[],"product_cat":[541],"product_tag":[576,1489],"class_list":["post-49171","product","type-product","status-publish","has-post-thumbnail","hentry","product_cat-vaginas","product_tag-fleshlight","product_tag-fleshlight-turbo"],"bundled_by":[],"bundle_stock_status":"instock","bundle_stock_quantity":3,"bundle_virtual":false,"bundle_layout":"","bundle_add_to_cart_form_location":"","bundle_editable_in_cart":false,"bundle_sold_individually_context":"","bundle_item_grouping":"","bundle_min_size":"","bundle_max_size":"","bundled_items":[],"yoast_head":"<!-- This site is optimized with the Yoast SEO plugin v20.6 - https:\/\/yoast.com\/wordpress\/plugins\/seo\/ -->\n<title>FLESHLIGHT TURBO IGNITION BLUE ICE - Tienda Er\u00f3tica<\/title>\n<meta name=\"robots\" content=\"noindex, follow, max-snippet:-1, max-image-preview:large, max-video-preview:-1\" \/>\n<meta property=\"og:locale\" content=\"es_ES\" \/>\n<meta property=\"og:type\" content=\"article\" \/>\n<meta property=\"og:title\" content=\"FLESHLIGHT TURBO IGNITION BLUE ICE - Tienda Er\u00f3tica\" \/>\n<meta property=\"og:description\" content=\"FLESHLIGHT TURBO IGNITION BLUE ICE El Fleshlight Turbo\u2122 te ofrece la alternativa m\u00e1s realista y satisfactoria al sexo oral. Dise\u00f1ado\" \/>\n<meta property=\"og:url\" content=\"https:\/\/demoweb.info\/sexshop001\/producto\/fleshlight-turbo-ignition-blue-ice\/\" \/>\n<meta property=\"og:site_name\" content=\"Tienda Er\u00f3tica\" \/>\n<meta property=\"article:modified_time\" content=\"2022-01-22T14:51:40+00:00\" \/>\n<meta property=\"og:image\" content=\"https:\/\/demoweb.info\/sexshop001\/wp-content\/uploads\/2022\/01\/FLESHLIGHT-TURBO-IGNITION-BLUE-ICE.jpg\" \/>\n\t<meta property=\"og:image:width\" content=\"550\" \/>\n\t<meta property=\"og:image:height\" content=\"550\" \/>\n\t<meta property=\"og:image:type\" content=\"image\/jpeg\" \/>\n<meta name=\"twitter:card\" content=\"summary_large_image\" \/>\n<meta name=\"twitter:label1\" content=\"Tiempo de lectura\" \/>\n\t<meta name=\"twitter:data1\" content=\"1 minuto\" \/>\n<script type=\"application\/ld+json\" class=\"yoast-schema-graph\">{\"@context\":\"https:\/\/schema.org\",\"@graph\":[{\"@type\":\"WebPage\",\"@id\":\"https:\/\/demoweb.info\/sexshop001\/producto\/fleshlight-turbo-ignition-blue-ice\/\",\"url\":\"https:\/\/demoweb.info\/sexshop001\/producto\/fleshlight-turbo-ignition-blue-ice\/\",\"name\":\"FLESHLIGHT TURBO IGNITION BLUE ICE - Tienda Er\u00f3tica\",\"isPartOf\":{\"@id\":\"https:\/\/demoweb.info\/sexshop001\/#website\"},\"datePublished\":\"2022-01-22T14:51:33+00:00\",\"dateModified\":\"2022-01-22T14:51:40+00:00\",\"breadcrumb\":{\"@id\":\"https:\/\/demoweb.info\/sexshop001\/producto\/fleshlight-turbo-ignition-blue-ice\/#breadcrumb\"},\"inLanguage\":\"es\",\"potentialAction\":[{\"@type\":\"ReadAction\",\"target\":[\"https:\/\/demoweb.info\/sexshop001\/producto\/fleshlight-turbo-ignition-blue-ice\/\"]}]},{\"@type\":\"BreadcrumbList\",\"@id\":\"https:\/\/demoweb.info\/sexshop001\/producto\/fleshlight-turbo-ignition-blue-ice\/#breadcrumb\",\"itemListElement\":[{\"@type\":\"ListItem\",\"position\":1,\"name\":\"Portada\",\"item\":\"https:\/\/demoweb.info\/sexshop001\/\"},{\"@type\":\"ListItem\",\"position\":2,\"name\":\"Tienda\",\"item\":\"https:\/\/demoweb.info\/sexshop001\/tienda\/\"},{\"@type\":\"ListItem\",\"position\":3,\"name\":\"FLESHLIGHT TURBO IGNITION BLUE ICE\"}]},{\"@type\":\"WebSite\",\"@id\":\"https:\/\/demoweb.info\/sexshop001\/#website\",\"url\":\"https:\/\/demoweb.info\/sexshop001\/\",\"name\":\"Tienda Er\u00f3tica\",\"description\":\"DEMOWEB SL\",\"potentialAction\":[{\"@type\":\"SearchAction\",\"target\":{\"@type\":\"EntryPoint\",\"urlTemplate\":\"https:\/\/demoweb.info\/sexshop001\/?s={search_term_string}\"},\"query-input\":\"required name=search_term_string\"}],\"inLanguage\":\"es\"}]}<\/script>\n<!-- \/ Yoast SEO plugin. -->","yoast_head_json":{"title":"FLESHLIGHT TURBO IGNITION BLUE ICE - Tienda Er\u00f3tica","robots":{"index":"noindex","follow":"follow","max-snippet":"max-snippet:-1","max-image-preview":"max-image-preview:large","max-video-preview":"max-video-preview:-1"},"og_locale":"es_ES","og_type":"article","og_title":"FLESHLIGHT TURBO IGNITION BLUE ICE - Tienda Er\u00f3tica","og_description":"FLESHLIGHT TURBO IGNITION BLUE ICE El Fleshlight Turbo\u2122 te ofrece la alternativa m\u00e1s realista y satisfactoria al sexo oral. Dise\u00f1ado","og_url":"https:\/\/demoweb.info\/sexshop001\/producto\/fleshlight-turbo-ignition-blue-ice\/","og_site_name":"Tienda Er\u00f3tica","article_modified_time":"2022-01-22T14:51:40+00:00","og_image":[{"width":550,"height":550,"url":"https:\/\/demoweb.info\/sexshop001\/wp-content\/uploads\/2022\/01\/FLESHLIGHT-TURBO-IGNITION-BLUE-ICE.jpg","type":"image\/jpeg"}],"twitter_card":"summary_large_image","twitter_misc":{"Tiempo de lectura":"1 minuto"},"schema":{"@context":"https:\/\/schema.org","@graph":[{"@type":"WebPage","@id":"https:\/\/demoweb.info\/sexshop001\/producto\/fleshlight-turbo-ignition-blue-ice\/","url":"https:\/\/demoweb.info\/sexshop001\/producto\/fleshlight-turbo-ignition-blue-ice\/","name":"FLESHLIGHT TURBO IGNITION BLUE ICE - Tienda Er\u00f3tica","isPartOf":{"@id":"https:\/\/demoweb.info\/sexshop001\/#website"},"datePublished":"2022-01-22T14:51:33+00:00","dateModified":"2022-01-22T14:51:40+00:00","breadcrumb":{"@id":"https:\/\/demoweb.info\/sexshop001\/producto\/fleshlight-turbo-ignition-blue-ice\/#breadcrumb"},"inLanguage":"es","potentialAction":[{"@type":"ReadAction","target":["https:\/\/demoweb.info\/sexshop001\/producto\/fleshlight-turbo-ignition-blue-ice\/"]}]},{"@type":"BreadcrumbList","@id":"https:\/\/demoweb.info\/sexshop001\/producto\/fleshlight-turbo-ignition-blue-ice\/#breadcrumb","itemListElement":[{"@type":"ListItem","position":1,"name":"Portada","item":"https:\/\/demoweb.info\/sexshop001\/"},{"@type":"ListItem","position":2,"name":"Tienda","item":"https:\/\/demoweb.info\/sexshop001\/tienda\/"},{"@type":"ListItem","position":3,"name":"FLESHLIGHT TURBO IGNITION BLUE ICE"}]},{"@type":"WebSite","@id":"https:\/\/demoweb.info\/sexshop001\/#website","url":"https:\/\/demoweb.info\/sexshop001\/","name":"Tienda Er\u00f3tica","description":"DEMOWEB SL","potentialAction":[{"@type":"SearchAction","target":{"@type":"EntryPoint","urlTemplate":"https:\/\/demoweb.info\/sexshop001\/?s={search_term_string}"},"query-input":"required name=search_term_string"}],"inLanguage":"es"}]}},"_links":{"self":[{"href":"https:\/\/demoweb.info\/sexshop001\/wp-json\/wp\/v3\/product\/49171","targetHints":{"allow":["GET"]}}],"collection":[{"href":"https:\/\/demoweb.info\/sexshop001\/wp-json\/wp\/v3\/product"}],"about":[{"href":"https:\/\/demoweb.info\/sexshop001\/wp-json\/wp\/v2\/types\/product"}],"replies":[{"embeddable":true,"href":"https:\/\/demoweb.info\/sexshop001\/wp-json\/wp\/v2\/comments?post=49171"}],"wp:featuredmedia":[{"embeddable":true,"href":"https:\/\/demoweb.info\/sexshop001\/wp-json\/wp\/v2\/media\/49172"}],"wp:attachment":[{"href":"https:\/\/demoweb.info\/sexshop001\/wp-json\/wp\/v2\/media?parent=49171"}],"wp:term":[{"taxonomy":"product_cat","embeddable":true,"href":"https:\/\/demoweb.info\/sexshop001\/wp-json\/wp\/v2\/product_cat?post=49171"},{"taxonomy":"product_tag","embeddable":true,"href":"https:\/\/demoweb.info\/sexshop001\/wp-json\/wp\/v2\/product_tag?post=49171"}],"curies":[{"name":"wp","href":"https:\/\/api.w.org\/{rel}","templated":true}]}}