{"id":49168,"date":"2022-01-22T15:51:33","date_gmt":"2022-01-22T14:51:33","guid":{"rendered":"https:\/\/demoweb.info\/sexshop001\/producto\/fleshlight-signature-collection-dillion-harper-crush\/"},"modified":"2022-01-22T15:51:38","modified_gmt":"2022-01-22T14:51:38","slug":"fleshlight-signature-collection-dillion-harper-crush","status":"publish","type":"product","link":"https:\/\/demoweb.info\/sexshop001\/producto\/fleshlight-signature-collection-dillion-harper-crush\/","title":{"rendered":"FLESHLIGHT SIGNATURE COLLECTION DILLION HARPER CRUSH"},"content":{"rendered":"<p><strong>FLESHLIGHT GIRLS DILLION HARPER CRUSH<\/strong><\/p>\n<p><strong>Crush<\/strong> cuenta con los mejores componentes de algunas de nuestras sensaciones m\u00e1s populares de todos los tiempos! Al entrar en su peque\u00f1o y estrecho orificio, encontrar\u00e1s cinco c\u00e1maras \u00fanicas y emocionantes que pondr\u00e1n a prueba tu fuerza de voluntad sexual. Dillion Harper te llevar\u00e1 a un viaje salvaje de placer que no cre\u00edas posible.<\/p>\n<p><strong>Crush<\/strong> es la textura \u00fanica de Fleshlight de Dillion Harper. Se present\u00f3 por primera vez el 24 de noviembre de 2016. Ese d\u00eda fue tambi\u00e9n el Viernes Negro de 2016. La \u00faltima chica de al lado recibi\u00f3 una textura muy especial para su Fleshlight exclusivo. Es atractivo gracias a su espectacular inicio, que cuenta con la mayor\u00eda de los topetones, y la extraordinaria parte central. Hacia el final la textura empieza a ser muy intensa. Debido a la c\u00e1mara principal temprana, <strong>Crush<\/strong> es una textura Fleshlight Girls que es muy adecuado para los hombres con un pene m\u00e1s corto.<\/p>\n<p><strong>Fleshlight\u00ae es 100% seguro y muy f\u00e1cil de utilizar y limpiar.<\/strong><\/p>\n<p>Usando <strong>Fleshlight\u00ae<\/strong> con frecuencia, fortalecer\u00e1s tus erecciones y aumentar\u00e1s la fortaleza del pene, debido al entrenamiento de los tejidos del miembro. Notar\u00e1s una mejora en pocos meses. <\/p>\n<p>Fleshlight\u00ae es l\u00edder mundial en la fabricaci\u00f3n de masturbadores masculinos utilizando moldes de personas reales, sus grandes calidades y cualidades han dado lugar a una marca pensada para el hombre  y su placer \u00fanica en el Mundo!!<\/p>\n<p><strong>CARACTER\u00cdSTICAS<\/strong>:<\/p>\n<ul>\n<li>Di\u00e1metro: 10cm<\/li>\n<li>Longitud: 25.5cm<\/li>\n<li>Material garantizado, no t\u00f3xico y libre de ftalatos<\/li>\n<li>No vibra<\/li>\n<li>Textura interior ultra realista<\/li>\n<li>Parte interior (la funda) extra\u00edble y lavable.<\/li>\n<li>Grabado con la firma de la actriz sobre el orificio<\/li>\n<li>Orificio perfectamente moldeado sobre la actriz<\/li>\n<li>Un realismo incre\u00edble durante las relaciones sexuales y la masturbaci\u00f3n<\/li>\n<\/ul>\n<p><strong>USO<\/strong>:<\/p>\n<p>Basta con retirar la tapa en la parte posterior de la caja, a continuaci\u00f3n la parte inferior (la funda) se retira para facilitar la limpieza, esta debe ir bajo el agua, se limpia con jab\u00f3n neutro y se seca.<\/p>\n<p>Utiliza lubricante a base agua para mejorar la experiencia y comodidad.<\/p>\n","protected":false},"excerpt":{"rendered":"<p>FLESHLIGHT GIRLS DILLION HARPER CRUSH Crush cuenta con los mejores componentes de algunas de nuestras sensaciones m\u00e1s populares de todos<\/p>\n","protected":false},"featured_media":49169,"comment_status":"open","ping_status":"open","template":"","meta":[],"product_cat":[541],"product_tag":[576,1456],"class_list":["post-49168","product","type-product","status-publish","has-post-thumbnail","hentry","product_cat-vaginas","product_tag-fleshlight","product_tag-signature-collection"],"bundled_by":[],"bundle_stock_status":"instock","bundle_stock_quantity":4,"bundle_virtual":false,"bundle_layout":"","bundle_add_to_cart_form_location":"","bundle_editable_in_cart":false,"bundle_sold_individually_context":"","bundle_item_grouping":"","bundle_min_size":"","bundle_max_size":"","bundled_items":[],"yoast_head":"<!-- This site is optimized with the Yoast SEO plugin v20.6 - https:\/\/yoast.com\/wordpress\/plugins\/seo\/ -->\n<title>FLESHLIGHT SIGNATURE COLLECTION DILLION HARPER CRUSH - Tienda Er\u00f3tica<\/title>\n<meta name=\"robots\" content=\"noindex, follow, max-snippet:-1, max-image-preview:large, max-video-preview:-1\" \/>\n<meta property=\"og:locale\" content=\"es_ES\" \/>\n<meta property=\"og:type\" content=\"article\" \/>\n<meta property=\"og:title\" content=\"FLESHLIGHT SIGNATURE COLLECTION DILLION HARPER CRUSH - Tienda Er\u00f3tica\" \/>\n<meta property=\"og:description\" content=\"FLESHLIGHT GIRLS DILLION HARPER CRUSH Crush cuenta con los mejores componentes de algunas de nuestras sensaciones m\u00e1s populares de todos\" \/>\n<meta property=\"og:url\" content=\"https:\/\/demoweb.info\/sexshop001\/producto\/fleshlight-signature-collection-dillion-harper-crush\/\" \/>\n<meta property=\"og:site_name\" content=\"Tienda Er\u00f3tica\" \/>\n<meta property=\"article:modified_time\" content=\"2022-01-22T14:51:38+00:00\" \/>\n<meta property=\"og:image\" content=\"https:\/\/demoweb.info\/sexshop001\/wp-content\/uploads\/2022\/01\/FLESHLIGHT-SIGNATURE-COLLECTION-DILLION-HARPER-CRUSH.jpg\" \/>\n\t<meta property=\"og:image:width\" content=\"550\" \/>\n\t<meta property=\"og:image:height\" content=\"550\" \/>\n\t<meta property=\"og:image:type\" content=\"image\/jpeg\" \/>\n<meta name=\"twitter:card\" content=\"summary_large_image\" \/>\n<meta name=\"twitter:label1\" content=\"Tiempo de lectura\" \/>\n\t<meta name=\"twitter:data1\" content=\"2 minutos\" \/>\n<script type=\"application\/ld+json\" class=\"yoast-schema-graph\">{\"@context\":\"https:\/\/schema.org\",\"@graph\":[{\"@type\":\"WebPage\",\"@id\":\"https:\/\/demoweb.info\/sexshop001\/producto\/fleshlight-signature-collection-dillion-harper-crush\/\",\"url\":\"https:\/\/demoweb.info\/sexshop001\/producto\/fleshlight-signature-collection-dillion-harper-crush\/\",\"name\":\"FLESHLIGHT SIGNATURE COLLECTION DILLION HARPER CRUSH - Tienda Er\u00f3tica\",\"isPartOf\":{\"@id\":\"https:\/\/demoweb.info\/sexshop001\/#website\"},\"datePublished\":\"2022-01-22T14:51:33+00:00\",\"dateModified\":\"2022-01-22T14:51:38+00:00\",\"breadcrumb\":{\"@id\":\"https:\/\/demoweb.info\/sexshop001\/producto\/fleshlight-signature-collection-dillion-harper-crush\/#breadcrumb\"},\"inLanguage\":\"es\",\"potentialAction\":[{\"@type\":\"ReadAction\",\"target\":[\"https:\/\/demoweb.info\/sexshop001\/producto\/fleshlight-signature-collection-dillion-harper-crush\/\"]}]},{\"@type\":\"BreadcrumbList\",\"@id\":\"https:\/\/demoweb.info\/sexshop001\/producto\/fleshlight-signature-collection-dillion-harper-crush\/#breadcrumb\",\"itemListElement\":[{\"@type\":\"ListItem\",\"position\":1,\"name\":\"Portada\",\"item\":\"https:\/\/demoweb.info\/sexshop001\/\"},{\"@type\":\"ListItem\",\"position\":2,\"name\":\"Tienda\",\"item\":\"https:\/\/demoweb.info\/sexshop001\/tienda\/\"},{\"@type\":\"ListItem\",\"position\":3,\"name\":\"FLESHLIGHT SIGNATURE COLLECTION DILLION HARPER CRUSH\"}]},{\"@type\":\"WebSite\",\"@id\":\"https:\/\/demoweb.info\/sexshop001\/#website\",\"url\":\"https:\/\/demoweb.info\/sexshop001\/\",\"name\":\"Tienda Er\u00f3tica\",\"description\":\"DEMOWEB SL\",\"potentialAction\":[{\"@type\":\"SearchAction\",\"target\":{\"@type\":\"EntryPoint\",\"urlTemplate\":\"https:\/\/demoweb.info\/sexshop001\/?s={search_term_string}\"},\"query-input\":\"required name=search_term_string\"}],\"inLanguage\":\"es\"}]}<\/script>\n<!-- \/ Yoast SEO plugin. -->","yoast_head_json":{"title":"FLESHLIGHT SIGNATURE COLLECTION DILLION HARPER CRUSH - Tienda Er\u00f3tica","robots":{"index":"noindex","follow":"follow","max-snippet":"max-snippet:-1","max-image-preview":"max-image-preview:large","max-video-preview":"max-video-preview:-1"},"og_locale":"es_ES","og_type":"article","og_title":"FLESHLIGHT SIGNATURE COLLECTION DILLION HARPER CRUSH - Tienda Er\u00f3tica","og_description":"FLESHLIGHT GIRLS DILLION HARPER CRUSH Crush cuenta con los mejores componentes de algunas de nuestras sensaciones m\u00e1s populares de todos","og_url":"https:\/\/demoweb.info\/sexshop001\/producto\/fleshlight-signature-collection-dillion-harper-crush\/","og_site_name":"Tienda Er\u00f3tica","article_modified_time":"2022-01-22T14:51:38+00:00","og_image":[{"width":550,"height":550,"url":"https:\/\/demoweb.info\/sexshop001\/wp-content\/uploads\/2022\/01\/FLESHLIGHT-SIGNATURE-COLLECTION-DILLION-HARPER-CRUSH.jpg","type":"image\/jpeg"}],"twitter_card":"summary_large_image","twitter_misc":{"Tiempo de lectura":"2 minutos"},"schema":{"@context":"https:\/\/schema.org","@graph":[{"@type":"WebPage","@id":"https:\/\/demoweb.info\/sexshop001\/producto\/fleshlight-signature-collection-dillion-harper-crush\/","url":"https:\/\/demoweb.info\/sexshop001\/producto\/fleshlight-signature-collection-dillion-harper-crush\/","name":"FLESHLIGHT SIGNATURE COLLECTION DILLION HARPER CRUSH - Tienda Er\u00f3tica","isPartOf":{"@id":"https:\/\/demoweb.info\/sexshop001\/#website"},"datePublished":"2022-01-22T14:51:33+00:00","dateModified":"2022-01-22T14:51:38+00:00","breadcrumb":{"@id":"https:\/\/demoweb.info\/sexshop001\/producto\/fleshlight-signature-collection-dillion-harper-crush\/#breadcrumb"},"inLanguage":"es","potentialAction":[{"@type":"ReadAction","target":["https:\/\/demoweb.info\/sexshop001\/producto\/fleshlight-signature-collection-dillion-harper-crush\/"]}]},{"@type":"BreadcrumbList","@id":"https:\/\/demoweb.info\/sexshop001\/producto\/fleshlight-signature-collection-dillion-harper-crush\/#breadcrumb","itemListElement":[{"@type":"ListItem","position":1,"name":"Portada","item":"https:\/\/demoweb.info\/sexshop001\/"},{"@type":"ListItem","position":2,"name":"Tienda","item":"https:\/\/demoweb.info\/sexshop001\/tienda\/"},{"@type":"ListItem","position":3,"name":"FLESHLIGHT SIGNATURE COLLECTION DILLION HARPER CRUSH"}]},{"@type":"WebSite","@id":"https:\/\/demoweb.info\/sexshop001\/#website","url":"https:\/\/demoweb.info\/sexshop001\/","name":"Tienda Er\u00f3tica","description":"DEMOWEB SL","potentialAction":[{"@type":"SearchAction","target":{"@type":"EntryPoint","urlTemplate":"https:\/\/demoweb.info\/sexshop001\/?s={search_term_string}"},"query-input":"required name=search_term_string"}],"inLanguage":"es"}]}},"_links":{"self":[{"href":"https:\/\/demoweb.info\/sexshop001\/wp-json\/wp\/v3\/product\/49168","targetHints":{"allow":["GET"]}}],"collection":[{"href":"https:\/\/demoweb.info\/sexshop001\/wp-json\/wp\/v3\/product"}],"about":[{"href":"https:\/\/demoweb.info\/sexshop001\/wp-json\/wp\/v2\/types\/product"}],"replies":[{"embeddable":true,"href":"https:\/\/demoweb.info\/sexshop001\/wp-json\/wp\/v2\/comments?post=49168"}],"wp:featuredmedia":[{"embeddable":true,"href":"https:\/\/demoweb.info\/sexshop001\/wp-json\/wp\/v2\/media\/49169"}],"wp:attachment":[{"href":"https:\/\/demoweb.info\/sexshop001\/wp-json\/wp\/v2\/media?parent=49168"}],"wp:term":[{"taxonomy":"product_cat","embeddable":true,"href":"https:\/\/demoweb.info\/sexshop001\/wp-json\/wp\/v2\/product_cat?post=49168"},{"taxonomy":"product_tag","embeddable":true,"href":"https:\/\/demoweb.info\/sexshop001\/wp-json\/wp\/v2\/product_tag?post=49168"}],"curies":[{"name":"wp","href":"https:\/\/api.w.org\/{rel}","templated":true}]}}