{"id":49092,"date":"2022-01-22T15:50:32","date_gmt":"2022-01-22T14:50:32","guid":{"rendered":"https:\/\/demoweb.info\/sexshop001\/producto\/colt-deep-vibrador-anal-flexible-negro\/"},"modified":"2022-01-22T15:50:49","modified_gmt":"2022-01-22T14:50:49","slug":"colt-deep-vibrador-anal-flexible-negro","status":"publish","type":"product","link":"https:\/\/demoweb.info\/sexshop001\/producto\/colt-deep-vibrador-anal-flexible-negro\/","title":{"rendered":"COLT DEEP VIBRADOR ANAL FLEXIBLE NEGRO"},"content":{"rendered":"<p><strong>COLT DEEP FLEXER BLACK<\/strong><\/p>\n<p>Vibrador anal emocionante que te sorprender\u00e1 con sus habilidades de gran alcance. Tiene un eje flexible con una circunferencia que permite la m\u00e1xima estimulaci\u00f3n anal. El vibrador tiene una superficie veteada real\u00edsta de alta calidad con tacto suave de silicona. 8 funciones de vibraci\u00f3n, pulsaci\u00f3n y escalada (vibraci\u00f3n de menor intensidad a mayor). De f\u00e1cil uso gracias al pulsador con iluminaci\u00f3n LED. Fabricado en silicona.<\/p>\n<ul>\n<li>Di\u00e1metro Exterior: 2.5 cm<\/li>\n<li>Longitud Total: 10 cm<\/li>\n<li>Longitud del Eje: 7.5 cm<\/li>\n<li>Tipo de Pila: 2 pilas AAA (no incluidas)<\/li>\n<\/ul>\n","protected":false},"excerpt":{"rendered":"<p>COLT DEEP FLEXER BLACK Vibrador anal emocionante que te sorprender\u00e1 con sus habilidades de gran alcance. Tiene un eje flexible<\/p>\n","protected":false},"featured_media":49093,"comment_status":"open","ping_status":"open","template":"","meta":[],"product_cat":[301],"product_tag":[660,724],"class_list":["post-49092","product","type-product","status-publish","has-post-thumbnail","hentry","product_cat-punto-p","product_tag-calexotics","product_tag-colt-gear"],"bundled_by":[],"bundle_stock_status":"instock","bundle_stock_quantity":1,"bundle_virtual":false,"bundle_layout":"","bundle_add_to_cart_form_location":"","bundle_editable_in_cart":false,"bundle_sold_individually_context":"","bundle_item_grouping":"","bundle_min_size":"","bundle_max_size":"","bundled_items":[],"yoast_head":"<!-- This site is optimized with the Yoast SEO plugin v20.6 - https:\/\/yoast.com\/wordpress\/plugins\/seo\/ -->\n<title>COLT DEEP VIBRADOR ANAL FLEXIBLE NEGRO - Tienda Er\u00f3tica<\/title>\n<meta name=\"robots\" content=\"noindex, follow, max-snippet:-1, max-image-preview:large, max-video-preview:-1\" \/>\n<meta property=\"og:locale\" content=\"es_ES\" \/>\n<meta property=\"og:type\" content=\"article\" \/>\n<meta property=\"og:title\" content=\"COLT DEEP VIBRADOR ANAL FLEXIBLE NEGRO - Tienda Er\u00f3tica\" \/>\n<meta property=\"og:description\" content=\"COLT DEEP FLEXER BLACK Vibrador anal emocionante que te sorprender\u00e1 con sus habilidades de gran alcance. Tiene un eje flexible\" \/>\n<meta property=\"og:url\" content=\"https:\/\/demoweb.info\/sexshop001\/producto\/colt-deep-vibrador-anal-flexible-negro\/\" \/>\n<meta property=\"og:site_name\" content=\"Tienda Er\u00f3tica\" \/>\n<meta property=\"article:modified_time\" content=\"2022-01-22T14:50:49+00:00\" \/>\n<meta property=\"og:image\" content=\"https:\/\/demoweb.info\/sexshop001\/wp-content\/uploads\/2022\/01\/COLT-DEEP-VIBRADOR-ANAL-FLEXIBLE-NEGRO.jpg\" \/>\n\t<meta property=\"og:image:width\" content=\"550\" \/>\n\t<meta property=\"og:image:height\" content=\"550\" \/>\n\t<meta property=\"og:image:type\" content=\"image\/jpeg\" \/>\n<meta name=\"twitter:card\" content=\"summary_large_image\" \/>\n<script type=\"application\/ld+json\" class=\"yoast-schema-graph\">{\"@context\":\"https:\/\/schema.org\",\"@graph\":[{\"@type\":\"WebPage\",\"@id\":\"https:\/\/demoweb.info\/sexshop001\/producto\/colt-deep-vibrador-anal-flexible-negro\/\",\"url\":\"https:\/\/demoweb.info\/sexshop001\/producto\/colt-deep-vibrador-anal-flexible-negro\/\",\"name\":\"COLT DEEP VIBRADOR ANAL FLEXIBLE NEGRO - Tienda Er\u00f3tica\",\"isPartOf\":{\"@id\":\"https:\/\/demoweb.info\/sexshop001\/#website\"},\"datePublished\":\"2022-01-22T14:50:32+00:00\",\"dateModified\":\"2022-01-22T14:50:49+00:00\",\"breadcrumb\":{\"@id\":\"https:\/\/demoweb.info\/sexshop001\/producto\/colt-deep-vibrador-anal-flexible-negro\/#breadcrumb\"},\"inLanguage\":\"es\",\"potentialAction\":[{\"@type\":\"ReadAction\",\"target\":[\"https:\/\/demoweb.info\/sexshop001\/producto\/colt-deep-vibrador-anal-flexible-negro\/\"]}]},{\"@type\":\"BreadcrumbList\",\"@id\":\"https:\/\/demoweb.info\/sexshop001\/producto\/colt-deep-vibrador-anal-flexible-negro\/#breadcrumb\",\"itemListElement\":[{\"@type\":\"ListItem\",\"position\":1,\"name\":\"Portada\",\"item\":\"https:\/\/demoweb.info\/sexshop001\/\"},{\"@type\":\"ListItem\",\"position\":2,\"name\":\"Tienda\",\"item\":\"https:\/\/demoweb.info\/sexshop001\/tienda\/\"},{\"@type\":\"ListItem\",\"position\":3,\"name\":\"COLT DEEP VIBRADOR ANAL FLEXIBLE NEGRO\"}]},{\"@type\":\"WebSite\",\"@id\":\"https:\/\/demoweb.info\/sexshop001\/#website\",\"url\":\"https:\/\/demoweb.info\/sexshop001\/\",\"name\":\"Tienda Er\u00f3tica\",\"description\":\"DEMOWEB SL\",\"potentialAction\":[{\"@type\":\"SearchAction\",\"target\":{\"@type\":\"EntryPoint\",\"urlTemplate\":\"https:\/\/demoweb.info\/sexshop001\/?s={search_term_string}\"},\"query-input\":\"required name=search_term_string\"}],\"inLanguage\":\"es\"}]}<\/script>\n<!-- \/ Yoast SEO plugin. -->","yoast_head_json":{"title":"COLT DEEP VIBRADOR ANAL FLEXIBLE NEGRO - Tienda Er\u00f3tica","robots":{"index":"noindex","follow":"follow","max-snippet":"max-snippet:-1","max-image-preview":"max-image-preview:large","max-video-preview":"max-video-preview:-1"},"og_locale":"es_ES","og_type":"article","og_title":"COLT DEEP VIBRADOR ANAL FLEXIBLE NEGRO - Tienda Er\u00f3tica","og_description":"COLT DEEP FLEXER BLACK Vibrador anal emocionante que te sorprender\u00e1 con sus habilidades de gran alcance. Tiene un eje flexible","og_url":"https:\/\/demoweb.info\/sexshop001\/producto\/colt-deep-vibrador-anal-flexible-negro\/","og_site_name":"Tienda Er\u00f3tica","article_modified_time":"2022-01-22T14:50:49+00:00","og_image":[{"width":550,"height":550,"url":"https:\/\/demoweb.info\/sexshop001\/wp-content\/uploads\/2022\/01\/COLT-DEEP-VIBRADOR-ANAL-FLEXIBLE-NEGRO.jpg","type":"image\/jpeg"}],"twitter_card":"summary_large_image","schema":{"@context":"https:\/\/schema.org","@graph":[{"@type":"WebPage","@id":"https:\/\/demoweb.info\/sexshop001\/producto\/colt-deep-vibrador-anal-flexible-negro\/","url":"https:\/\/demoweb.info\/sexshop001\/producto\/colt-deep-vibrador-anal-flexible-negro\/","name":"COLT DEEP VIBRADOR ANAL FLEXIBLE NEGRO - Tienda Er\u00f3tica","isPartOf":{"@id":"https:\/\/demoweb.info\/sexshop001\/#website"},"datePublished":"2022-01-22T14:50:32+00:00","dateModified":"2022-01-22T14:50:49+00:00","breadcrumb":{"@id":"https:\/\/demoweb.info\/sexshop001\/producto\/colt-deep-vibrador-anal-flexible-negro\/#breadcrumb"},"inLanguage":"es","potentialAction":[{"@type":"ReadAction","target":["https:\/\/demoweb.info\/sexshop001\/producto\/colt-deep-vibrador-anal-flexible-negro\/"]}]},{"@type":"BreadcrumbList","@id":"https:\/\/demoweb.info\/sexshop001\/producto\/colt-deep-vibrador-anal-flexible-negro\/#breadcrumb","itemListElement":[{"@type":"ListItem","position":1,"name":"Portada","item":"https:\/\/demoweb.info\/sexshop001\/"},{"@type":"ListItem","position":2,"name":"Tienda","item":"https:\/\/demoweb.info\/sexshop001\/tienda\/"},{"@type":"ListItem","position":3,"name":"COLT DEEP VIBRADOR ANAL FLEXIBLE NEGRO"}]},{"@type":"WebSite","@id":"https:\/\/demoweb.info\/sexshop001\/#website","url":"https:\/\/demoweb.info\/sexshop001\/","name":"Tienda Er\u00f3tica","description":"DEMOWEB SL","potentialAction":[{"@type":"SearchAction","target":{"@type":"EntryPoint","urlTemplate":"https:\/\/demoweb.info\/sexshop001\/?s={search_term_string}"},"query-input":"required name=search_term_string"}],"inLanguage":"es"}]}},"_links":{"self":[{"href":"https:\/\/demoweb.info\/sexshop001\/wp-json\/wp\/v3\/product\/49092","targetHints":{"allow":["GET"]}}],"collection":[{"href":"https:\/\/demoweb.info\/sexshop001\/wp-json\/wp\/v3\/product"}],"about":[{"href":"https:\/\/demoweb.info\/sexshop001\/wp-json\/wp\/v2\/types\/product"}],"replies":[{"embeddable":true,"href":"https:\/\/demoweb.info\/sexshop001\/wp-json\/wp\/v2\/comments?post=49092"}],"wp:featuredmedia":[{"embeddable":true,"href":"https:\/\/demoweb.info\/sexshop001\/wp-json\/wp\/v2\/media\/49093"}],"wp:attachment":[{"href":"https:\/\/demoweb.info\/sexshop001\/wp-json\/wp\/v2\/media?parent=49092"}],"wp:term":[{"taxonomy":"product_cat","embeddable":true,"href":"https:\/\/demoweb.info\/sexshop001\/wp-json\/wp\/v2\/product_cat?post=49092"},{"taxonomy":"product_tag","embeddable":true,"href":"https:\/\/demoweb.info\/sexshop001\/wp-json\/wp\/v2\/product_tag?post=49092"}],"curies":[{"name":"wp","href":"https:\/\/api.w.org\/{rel}","templated":true}]}}