{"id":48779,"date":"2022-01-22T15:47:26","date_gmt":"2022-01-22T14:47:26","guid":{"rendered":"https:\/\/demoweb.info\/sexshop001\/producto\/vibrador-punto-g-y-clitoris-azul\/"},"modified":"2022-01-22T15:47:36","modified_gmt":"2022-01-22T14:47:36","slug":"vibrador-punto-g-y-clitoris-azul","status":"publish","type":"product","link":"https:\/\/demoweb.info\/sexshop001\/producto\/vibrador-punto-g-y-clitoris-azul\/","title":{"rendered":"VIBRADOR PUNTO G Y CLITORIS AZUL"},"content":{"rendered":"<p><strong>CLIT EXCITER BLUE<\/strong><\/p>\n<p>\u00bfNecesitas un poco m\u00e1s de emoci\u00f3n en tu vida? Bueno, ahora eso es posible con el Clit Exciter de CalExotics. Este vibrador \u00fanico en forma de cuchara tiene todo lo que necesitas para llevar tu placer al siguiente nivel, prep\u00e1rate para orgasmos alucinantes con este fant\u00e1stico juguete.<\/p>\n<p>La punta especialmente formada significa que puedes concentrar toda tu atenci\u00f3n en el cl\u00edtoris, ya sea jugando solo o con tu pareja.<\/p>\n<p>Material: ABS<\/p>\n<p>Di\u00e1metro Exterior: 3 cm<\/p>\n<p>Longitud Total: 17 cm<\/p>\n<p>Tipo de Pila: 2 pilas AAA<\/p>\n","protected":false},"excerpt":{"rendered":"<p>CLIT EXCITER BLUE \u00bfNecesitas un poco m\u00e1s de emoci\u00f3n en tu vida? Bueno, ahora eso es posible con el Clit<\/p>\n","protected":false},"featured_media":48780,"comment_status":"open","ping_status":"open","template":"","meta":[],"product_cat":[639],"product_tag":[660,1485],"class_list":["post-48779","product","type-product","status-publish","has-post-thumbnail","hentry","product_cat-punto-g","product_tag-calexotics","product_tag-slimline"],"bundled_by":[],"bundle_stock_status":"instock","bundle_stock_quantity":1,"bundle_virtual":false,"bundle_layout":"","bundle_add_to_cart_form_location":"","bundle_editable_in_cart":false,"bundle_sold_individually_context":"","bundle_item_grouping":"","bundle_min_size":"","bundle_max_size":"","bundled_items":[],"yoast_head":"<!-- This site is optimized with the Yoast SEO plugin v20.6 - https:\/\/yoast.com\/wordpress\/plugins\/seo\/ -->\n<title>VIBRADOR PUNTO G Y CLITORIS AZUL - Tienda Er\u00f3tica<\/title>\n<meta name=\"robots\" content=\"noindex, follow, max-snippet:-1, max-image-preview:large, max-video-preview:-1\" \/>\n<meta property=\"og:locale\" content=\"es_ES\" \/>\n<meta property=\"og:type\" content=\"article\" \/>\n<meta property=\"og:title\" content=\"VIBRADOR PUNTO G Y CLITORIS AZUL - Tienda Er\u00f3tica\" \/>\n<meta property=\"og:description\" content=\"CLIT EXCITER BLUE \u00bfNecesitas un poco m\u00e1s de emoci\u00f3n en tu vida? Bueno, ahora eso es posible con el Clit\" \/>\n<meta property=\"og:url\" content=\"https:\/\/demoweb.info\/sexshop001\/producto\/vibrador-punto-g-y-clitoris-azul\/\" \/>\n<meta property=\"og:site_name\" content=\"Tienda Er\u00f3tica\" \/>\n<meta property=\"article:modified_time\" content=\"2022-01-22T14:47:36+00:00\" \/>\n<meta property=\"og:image\" content=\"https:\/\/demoweb.info\/sexshop001\/wp-content\/uploads\/2022\/01\/VIBRADOR-PUNTO-G-Y-CLITORIS-AZUL.jpg\" \/>\n\t<meta property=\"og:image:width\" content=\"550\" \/>\n\t<meta property=\"og:image:height\" content=\"550\" \/>\n\t<meta property=\"og:image:type\" content=\"image\/jpeg\" \/>\n<meta name=\"twitter:card\" content=\"summary_large_image\" \/>\n<script type=\"application\/ld+json\" class=\"yoast-schema-graph\">{\"@context\":\"https:\/\/schema.org\",\"@graph\":[{\"@type\":\"WebPage\",\"@id\":\"https:\/\/demoweb.info\/sexshop001\/producto\/vibrador-punto-g-y-clitoris-azul\/\",\"url\":\"https:\/\/demoweb.info\/sexshop001\/producto\/vibrador-punto-g-y-clitoris-azul\/\",\"name\":\"VIBRADOR PUNTO G Y CLITORIS AZUL - Tienda Er\u00f3tica\",\"isPartOf\":{\"@id\":\"https:\/\/demoweb.info\/sexshop001\/#website\"},\"datePublished\":\"2022-01-22T14:47:26+00:00\",\"dateModified\":\"2022-01-22T14:47:36+00:00\",\"breadcrumb\":{\"@id\":\"https:\/\/demoweb.info\/sexshop001\/producto\/vibrador-punto-g-y-clitoris-azul\/#breadcrumb\"},\"inLanguage\":\"es\",\"potentialAction\":[{\"@type\":\"ReadAction\",\"target\":[\"https:\/\/demoweb.info\/sexshop001\/producto\/vibrador-punto-g-y-clitoris-azul\/\"]}]},{\"@type\":\"BreadcrumbList\",\"@id\":\"https:\/\/demoweb.info\/sexshop001\/producto\/vibrador-punto-g-y-clitoris-azul\/#breadcrumb\",\"itemListElement\":[{\"@type\":\"ListItem\",\"position\":1,\"name\":\"Portada\",\"item\":\"https:\/\/demoweb.info\/sexshop001\/\"},{\"@type\":\"ListItem\",\"position\":2,\"name\":\"Tienda\",\"item\":\"https:\/\/demoweb.info\/sexshop001\/tienda\/\"},{\"@type\":\"ListItem\",\"position\":3,\"name\":\"VIBRADOR PUNTO G Y CLITORIS AZUL\"}]},{\"@type\":\"WebSite\",\"@id\":\"https:\/\/demoweb.info\/sexshop001\/#website\",\"url\":\"https:\/\/demoweb.info\/sexshop001\/\",\"name\":\"Tienda Er\u00f3tica\",\"description\":\"DEMOWEB SL\",\"potentialAction\":[{\"@type\":\"SearchAction\",\"target\":{\"@type\":\"EntryPoint\",\"urlTemplate\":\"https:\/\/demoweb.info\/sexshop001\/?s={search_term_string}\"},\"query-input\":\"required name=search_term_string\"}],\"inLanguage\":\"es\"}]}<\/script>\n<!-- \/ Yoast SEO plugin. -->","yoast_head_json":{"title":"VIBRADOR PUNTO G Y CLITORIS AZUL - Tienda Er\u00f3tica","robots":{"index":"noindex","follow":"follow","max-snippet":"max-snippet:-1","max-image-preview":"max-image-preview:large","max-video-preview":"max-video-preview:-1"},"og_locale":"es_ES","og_type":"article","og_title":"VIBRADOR PUNTO G Y CLITORIS AZUL - Tienda Er\u00f3tica","og_description":"CLIT EXCITER BLUE \u00bfNecesitas un poco m\u00e1s de emoci\u00f3n en tu vida? Bueno, ahora eso es posible con el Clit","og_url":"https:\/\/demoweb.info\/sexshop001\/producto\/vibrador-punto-g-y-clitoris-azul\/","og_site_name":"Tienda Er\u00f3tica","article_modified_time":"2022-01-22T14:47:36+00:00","og_image":[{"width":550,"height":550,"url":"https:\/\/demoweb.info\/sexshop001\/wp-content\/uploads\/2022\/01\/VIBRADOR-PUNTO-G-Y-CLITORIS-AZUL.jpg","type":"image\/jpeg"}],"twitter_card":"summary_large_image","schema":{"@context":"https:\/\/schema.org","@graph":[{"@type":"WebPage","@id":"https:\/\/demoweb.info\/sexshop001\/producto\/vibrador-punto-g-y-clitoris-azul\/","url":"https:\/\/demoweb.info\/sexshop001\/producto\/vibrador-punto-g-y-clitoris-azul\/","name":"VIBRADOR PUNTO G Y CLITORIS AZUL - Tienda Er\u00f3tica","isPartOf":{"@id":"https:\/\/demoweb.info\/sexshop001\/#website"},"datePublished":"2022-01-22T14:47:26+00:00","dateModified":"2022-01-22T14:47:36+00:00","breadcrumb":{"@id":"https:\/\/demoweb.info\/sexshop001\/producto\/vibrador-punto-g-y-clitoris-azul\/#breadcrumb"},"inLanguage":"es","potentialAction":[{"@type":"ReadAction","target":["https:\/\/demoweb.info\/sexshop001\/producto\/vibrador-punto-g-y-clitoris-azul\/"]}]},{"@type":"BreadcrumbList","@id":"https:\/\/demoweb.info\/sexshop001\/producto\/vibrador-punto-g-y-clitoris-azul\/#breadcrumb","itemListElement":[{"@type":"ListItem","position":1,"name":"Portada","item":"https:\/\/demoweb.info\/sexshop001\/"},{"@type":"ListItem","position":2,"name":"Tienda","item":"https:\/\/demoweb.info\/sexshop001\/tienda\/"},{"@type":"ListItem","position":3,"name":"VIBRADOR PUNTO G Y CLITORIS AZUL"}]},{"@type":"WebSite","@id":"https:\/\/demoweb.info\/sexshop001\/#website","url":"https:\/\/demoweb.info\/sexshop001\/","name":"Tienda Er\u00f3tica","description":"DEMOWEB SL","potentialAction":[{"@type":"SearchAction","target":{"@type":"EntryPoint","urlTemplate":"https:\/\/demoweb.info\/sexshop001\/?s={search_term_string}"},"query-input":"required name=search_term_string"}],"inLanguage":"es"}]}},"_links":{"self":[{"href":"https:\/\/demoweb.info\/sexshop001\/wp-json\/wp\/v3\/product\/48779","targetHints":{"allow":["GET"]}}],"collection":[{"href":"https:\/\/demoweb.info\/sexshop001\/wp-json\/wp\/v3\/product"}],"about":[{"href":"https:\/\/demoweb.info\/sexshop001\/wp-json\/wp\/v2\/types\/product"}],"replies":[{"embeddable":true,"href":"https:\/\/demoweb.info\/sexshop001\/wp-json\/wp\/v2\/comments?post=48779"}],"wp:featuredmedia":[{"embeddable":true,"href":"https:\/\/demoweb.info\/sexshop001\/wp-json\/wp\/v2\/media\/48780"}],"wp:attachment":[{"href":"https:\/\/demoweb.info\/sexshop001\/wp-json\/wp\/v2\/media?parent=48779"}],"wp:term":[{"taxonomy":"product_cat","embeddable":true,"href":"https:\/\/demoweb.info\/sexshop001\/wp-json\/wp\/v2\/product_cat?post=48779"},{"taxonomy":"product_tag","embeddable":true,"href":"https:\/\/demoweb.info\/sexshop001\/wp-json\/wp\/v2\/product_tag?post=48779"}],"curies":[{"name":"wp","href":"https:\/\/api.w.org\/{rel}","templated":true}]}}