{"id":48760,"date":"2022-01-22T15:47:26","date_gmt":"2022-01-22T14:47:26","guid":{"rendered":"https:\/\/demoweb.info\/sexshop001\/producto\/fleshlight-signature-collection-vagina-angela-white-indulgence\/"},"modified":"2022-01-22T15:47:26","modified_gmt":"2022-01-22T14:47:26","slug":"fleshlight-signature-collection-vagina-angela-white-indulgence","status":"publish","type":"product","link":"https:\/\/demoweb.info\/sexshop001\/producto\/fleshlight-signature-collection-vagina-angela-white-indulgence\/","title":{"rendered":"FLESHLIGHT SIGNATURE COLLECTION VAGINA ANGELA WHITE INDULGENCE"},"content":{"rendered":"<p><strong>FLESHLIGHT SIGNATURE COLLECTION ANGELA WHITE INDULGE <\/strong><\/p>\n<p>Podr\u00e1s sentir cada uno de los pliegues y las curvas \u00edntimas de Angela White en la version Signature Collection textura indulge. Tiene una suavidad incre\u00edble, es como si estuvieras introduciendo tu pene en una vagina real, de gran calidad y con un tama\u00f1o perfecto<\/p>\n<p>Tiene un dise\u00f1o \u00fanico y exclusivo ya que cuando se ve cerrado nadie si imaginar\u00eda que eso pudiera ser un masturbador masculino.<\/p>\n<ul>\n<li>Fleshlight\u00ae es 100% seguro y muy f\u00e1cil de utilizar y limpiar.<\/li>\n<\/ul>\n<p>Usando Fleshlight\u00ae con frecuencia, fortalecer\u00e1s tus erecciones y aumentar\u00e1s la fortaleza del pene, debido al entrenamiento de los tejidos del miembro. Notar\u00e1s una mejora en pocos meses.<\/p>\n<p>Incluye<\/p>\n<ul>\n<li>Manga Angela White<\/li>\n<li>Vagina con la textura interior Indulgence<\/li>\n<li>Material:silicona de grado medicinal, firme pero flexible.<\/li>\n<li>Color realista como la piel.<\/li>\n<li>Se adapta a todos los tama\u00f1os de pene.<\/li>\n<\/ul>\n<p>Fleshlight\u00ae es l\u00edder mundial en la fabricacion de masturbadores masculinos utilizando moldes de personas reales, sus grandes calidades y cualidades han dado lugar a una marca pensada para el hombre y su placer \u00fanica en el mundo.<\/p>\n<p>Incluye una pr\u00e1ctica tapa, para poder guardarlo y protegerlo, una vez utilizado.<\/p>\n","protected":false},"excerpt":{"rendered":"<p>FLESHLIGHT SIGNATURE COLLECTION ANGELA WHITE INDULGE Podr\u00e1s sentir cada uno de los pliegues y las curvas \u00edntimas de Angela White<\/p>\n","protected":false},"featured_media":48761,"comment_status":"open","ping_status":"open","template":"","meta":[],"product_cat":[541],"product_tag":[576,1456],"class_list":["post-48760","product","type-product","status-publish","has-post-thumbnail","hentry","product_cat-vaginas","product_tag-fleshlight","product_tag-signature-collection"],"bundled_by":[],"bundle_stock_status":"instock","bundle_stock_quantity":3,"bundle_virtual":false,"bundle_layout":"","bundle_add_to_cart_form_location":"","bundle_editable_in_cart":false,"bundle_sold_individually_context":"","bundle_item_grouping":"","bundle_min_size":"","bundle_max_size":"","bundled_items":[],"yoast_head":"<!-- This site is optimized with the Yoast SEO plugin v20.6 - https:\/\/yoast.com\/wordpress\/plugins\/seo\/ -->\n<title>FLESHLIGHT SIGNATURE COLLECTION VAGINA ANGELA WHITE INDULGENCE - Tienda Er\u00f3tica<\/title>\n<meta name=\"robots\" content=\"noindex, follow, max-snippet:-1, max-image-preview:large, max-video-preview:-1\" \/>\n<meta property=\"og:locale\" content=\"es_ES\" \/>\n<meta property=\"og:type\" content=\"article\" \/>\n<meta property=\"og:title\" content=\"FLESHLIGHT SIGNATURE COLLECTION VAGINA ANGELA WHITE INDULGENCE - Tienda Er\u00f3tica\" \/>\n<meta property=\"og:description\" content=\"FLESHLIGHT SIGNATURE COLLECTION ANGELA WHITE INDULGE Podr\u00e1s sentir cada uno de los pliegues y las curvas \u00edntimas de Angela White\" \/>\n<meta property=\"og:url\" content=\"https:\/\/demoweb.info\/sexshop001\/producto\/fleshlight-signature-collection-vagina-angela-white-indulgence\/\" \/>\n<meta property=\"og:site_name\" content=\"Tienda Er\u00f3tica\" \/>\n<meta property=\"og:image\" content=\"https:\/\/demoweb.info\/sexshop001\/wp-content\/uploads\/2022\/01\/FLESHLIGHT-SIGNATURE-COLLECTION-VAGINA-ANGELA-WHITE-INDULGENCE.jpg\" \/>\n\t<meta property=\"og:image:width\" content=\"550\" \/>\n\t<meta property=\"og:image:height\" content=\"550\" \/>\n\t<meta property=\"og:image:type\" content=\"image\/jpeg\" \/>\n<meta name=\"twitter:card\" content=\"summary_large_image\" \/>\n<meta name=\"twitter:label1\" content=\"Tiempo de lectura\" \/>\n\t<meta name=\"twitter:data1\" content=\"1 minuto\" \/>\n<script type=\"application\/ld+json\" class=\"yoast-schema-graph\">{\"@context\":\"https:\/\/schema.org\",\"@graph\":[{\"@type\":\"WebPage\",\"@id\":\"https:\/\/demoweb.info\/sexshop001\/producto\/fleshlight-signature-collection-vagina-angela-white-indulgence\/\",\"url\":\"https:\/\/demoweb.info\/sexshop001\/producto\/fleshlight-signature-collection-vagina-angela-white-indulgence\/\",\"name\":\"FLESHLIGHT SIGNATURE COLLECTION VAGINA ANGELA WHITE INDULGENCE - Tienda Er\u00f3tica\",\"isPartOf\":{\"@id\":\"https:\/\/demoweb.info\/sexshop001\/#website\"},\"datePublished\":\"2022-01-22T14:47:26+00:00\",\"dateModified\":\"2022-01-22T14:47:26+00:00\",\"breadcrumb\":{\"@id\":\"https:\/\/demoweb.info\/sexshop001\/producto\/fleshlight-signature-collection-vagina-angela-white-indulgence\/#breadcrumb\"},\"inLanguage\":\"es\",\"potentialAction\":[{\"@type\":\"ReadAction\",\"target\":[\"https:\/\/demoweb.info\/sexshop001\/producto\/fleshlight-signature-collection-vagina-angela-white-indulgence\/\"]}]},{\"@type\":\"BreadcrumbList\",\"@id\":\"https:\/\/demoweb.info\/sexshop001\/producto\/fleshlight-signature-collection-vagina-angela-white-indulgence\/#breadcrumb\",\"itemListElement\":[{\"@type\":\"ListItem\",\"position\":1,\"name\":\"Portada\",\"item\":\"https:\/\/demoweb.info\/sexshop001\/\"},{\"@type\":\"ListItem\",\"position\":2,\"name\":\"Tienda\",\"item\":\"https:\/\/demoweb.info\/sexshop001\/tienda\/\"},{\"@type\":\"ListItem\",\"position\":3,\"name\":\"FLESHLIGHT SIGNATURE COLLECTION VAGINA ANGELA WHITE INDULGENCE\"}]},{\"@type\":\"WebSite\",\"@id\":\"https:\/\/demoweb.info\/sexshop001\/#website\",\"url\":\"https:\/\/demoweb.info\/sexshop001\/\",\"name\":\"Tienda Er\u00f3tica\",\"description\":\"DEMOWEB SL\",\"potentialAction\":[{\"@type\":\"SearchAction\",\"target\":{\"@type\":\"EntryPoint\",\"urlTemplate\":\"https:\/\/demoweb.info\/sexshop001\/?s={search_term_string}\"},\"query-input\":\"required name=search_term_string\"}],\"inLanguage\":\"es\"}]}<\/script>\n<!-- \/ Yoast SEO plugin. -->","yoast_head_json":{"title":"FLESHLIGHT SIGNATURE COLLECTION VAGINA ANGELA WHITE INDULGENCE - Tienda Er\u00f3tica","robots":{"index":"noindex","follow":"follow","max-snippet":"max-snippet:-1","max-image-preview":"max-image-preview:large","max-video-preview":"max-video-preview:-1"},"og_locale":"es_ES","og_type":"article","og_title":"FLESHLIGHT SIGNATURE COLLECTION VAGINA ANGELA WHITE INDULGENCE - Tienda Er\u00f3tica","og_description":"FLESHLIGHT SIGNATURE COLLECTION ANGELA WHITE INDULGE Podr\u00e1s sentir cada uno de los pliegues y las curvas \u00edntimas de Angela White","og_url":"https:\/\/demoweb.info\/sexshop001\/producto\/fleshlight-signature-collection-vagina-angela-white-indulgence\/","og_site_name":"Tienda Er\u00f3tica","og_image":[{"width":550,"height":550,"url":"https:\/\/demoweb.info\/sexshop001\/wp-content\/uploads\/2022\/01\/FLESHLIGHT-SIGNATURE-COLLECTION-VAGINA-ANGELA-WHITE-INDULGENCE.jpg","type":"image\/jpeg"}],"twitter_card":"summary_large_image","twitter_misc":{"Tiempo de lectura":"1 minuto"},"schema":{"@context":"https:\/\/schema.org","@graph":[{"@type":"WebPage","@id":"https:\/\/demoweb.info\/sexshop001\/producto\/fleshlight-signature-collection-vagina-angela-white-indulgence\/","url":"https:\/\/demoweb.info\/sexshop001\/producto\/fleshlight-signature-collection-vagina-angela-white-indulgence\/","name":"FLESHLIGHT SIGNATURE COLLECTION VAGINA ANGELA WHITE INDULGENCE - Tienda Er\u00f3tica","isPartOf":{"@id":"https:\/\/demoweb.info\/sexshop001\/#website"},"datePublished":"2022-01-22T14:47:26+00:00","dateModified":"2022-01-22T14:47:26+00:00","breadcrumb":{"@id":"https:\/\/demoweb.info\/sexshop001\/producto\/fleshlight-signature-collection-vagina-angela-white-indulgence\/#breadcrumb"},"inLanguage":"es","potentialAction":[{"@type":"ReadAction","target":["https:\/\/demoweb.info\/sexshop001\/producto\/fleshlight-signature-collection-vagina-angela-white-indulgence\/"]}]},{"@type":"BreadcrumbList","@id":"https:\/\/demoweb.info\/sexshop001\/producto\/fleshlight-signature-collection-vagina-angela-white-indulgence\/#breadcrumb","itemListElement":[{"@type":"ListItem","position":1,"name":"Portada","item":"https:\/\/demoweb.info\/sexshop001\/"},{"@type":"ListItem","position":2,"name":"Tienda","item":"https:\/\/demoweb.info\/sexshop001\/tienda\/"},{"@type":"ListItem","position":3,"name":"FLESHLIGHT SIGNATURE COLLECTION VAGINA ANGELA WHITE INDULGENCE"}]},{"@type":"WebSite","@id":"https:\/\/demoweb.info\/sexshop001\/#website","url":"https:\/\/demoweb.info\/sexshop001\/","name":"Tienda Er\u00f3tica","description":"DEMOWEB SL","potentialAction":[{"@type":"SearchAction","target":{"@type":"EntryPoint","urlTemplate":"https:\/\/demoweb.info\/sexshop001\/?s={search_term_string}"},"query-input":"required name=search_term_string"}],"inLanguage":"es"}]}},"_links":{"self":[{"href":"https:\/\/demoweb.info\/sexshop001\/wp-json\/wp\/v3\/product\/48760","targetHints":{"allow":["GET"]}}],"collection":[{"href":"https:\/\/demoweb.info\/sexshop001\/wp-json\/wp\/v3\/product"}],"about":[{"href":"https:\/\/demoweb.info\/sexshop001\/wp-json\/wp\/v2\/types\/product"}],"replies":[{"embeddable":true,"href":"https:\/\/demoweb.info\/sexshop001\/wp-json\/wp\/v2\/comments?post=48760"}],"wp:featuredmedia":[{"embeddable":true,"href":"https:\/\/demoweb.info\/sexshop001\/wp-json\/wp\/v2\/media\/48761"}],"wp:attachment":[{"href":"https:\/\/demoweb.info\/sexshop001\/wp-json\/wp\/v2\/media?parent=48760"}],"wp:term":[{"taxonomy":"product_cat","embeddable":true,"href":"https:\/\/demoweb.info\/sexshop001\/wp-json\/wp\/v2\/product_cat?post=48760"},{"taxonomy":"product_tag","embeddable":true,"href":"https:\/\/demoweb.info\/sexshop001\/wp-json\/wp\/v2\/product_tag?post=48760"}],"curies":[{"name":"wp","href":"https:\/\/api.w.org\/{rel}","templated":true}]}}