{"id":48668,"date":"2022-01-22T15:46:16","date_gmt":"2022-01-22T14:46:16","guid":{"rendered":"https:\/\/demoweb.info\/sexshop001\/producto\/the-perfect-d-pene-vibrador-20cm-chocolate\/"},"modified":"2022-01-22T15:46:27","modified_gmt":"2022-01-22T14:46:27","slug":"the-perfect-d-pene-vibrador-20cm-chocolate","status":"publish","type":"product","link":"https:\/\/demoweb.info\/sexshop001\/producto\/the-perfect-d-pene-vibrador-20cm-chocolate\/","title":{"rendered":"THE PERFECT D PENE VIBRADOR 20CM CHOCOLATE"},"content":{"rendered":"<p><strong>THE PERFECT D VIBR CHOCOLATE 8 INCH<\/strong><\/p>\n<p><em>\u00a1Todo el mundo lo quiere! <\/em>Pene real\u00edstico de doble densidad, con un exterior suave y flexible pero con un n\u00facleo interno r\u00edgido. Se calienta al tacto para crear la sensaci\u00f3n m\u00e1s realista que se pueda imaginar. Las venas esculpidas y la cabeza contorneada se suman al efecto realista mientras que los test\u00edculos firmes y una base con ventosa resistente hacen del Super D un producto seguro para todos los tipos de juego.<\/p>\n<p>Caracter\u00edsticas del producto:<\/p>\n<ul>\n<li>Hecho a mano con material ULTRASKYN, para The Ultimate Feel.<\/li>\n<li>El dise\u00f1o de doble densidad se siente real.<\/li>\n<li>Suave, Plush exterior y n\u00facleo interno firme.<\/li>\n<li>Base de ventosa para aumentar la estabilidad.<\/li>\n<li>M\u00daLTIPLES VELOCIDADES DE VIBRACI\u00d3N.<\/li>\n<li>Funciona con 2 pilas AA (no incluidas).<\/li>\n<\/ul>\n<p>Medidas:<\/p>\n<ul>\n<li>Di\u00e1metro Exterior: 5 cm (di\u00e1metro con test\u00edculos)<\/li>\n<li>Longitud Total: 20 cm<\/li>\n<li>Longitud del Eje: 19 cm (longitud insertable)<\/li>\n<\/ul>\n","protected":false},"excerpt":{"rendered":"<p>THE PERFECT D VIBR CHOCOLATE 8 INCH \u00a1Todo el mundo lo quiere! Pene real\u00edstico de doble densidad, con un exterior<\/p>\n","protected":false},"featured_media":48669,"comment_status":"open","ping_status":"open","template":"","meta":[],"product_cat":[317],"product_tag":[460,848],"class_list":["post-48668","product","type-product","status-publish","has-post-thumbnail","hentry","product_cat-con-vibrador","product_tag-doc-johnson","product_tag-the-d"],"bundled_by":[],"bundle_stock_status":"instock","bundle_stock_quantity":1,"bundle_virtual":false,"bundle_layout":"","bundle_add_to_cart_form_location":"","bundle_editable_in_cart":false,"bundle_sold_individually_context":"","bundle_item_grouping":"","bundle_min_size":"","bundle_max_size":"","bundled_items":[],"yoast_head":"<!-- This site is optimized with the Yoast SEO plugin v20.6 - https:\/\/yoast.com\/wordpress\/plugins\/seo\/ -->\n<title>THE PERFECT D PENE VIBRADOR 20CM CHOCOLATE - Tienda Er\u00f3tica<\/title>\n<meta name=\"robots\" content=\"noindex, follow, max-snippet:-1, max-image-preview:large, max-video-preview:-1\" \/>\n<meta property=\"og:locale\" content=\"es_ES\" \/>\n<meta property=\"og:type\" content=\"article\" \/>\n<meta property=\"og:title\" content=\"THE PERFECT D PENE VIBRADOR 20CM CHOCOLATE - Tienda Er\u00f3tica\" \/>\n<meta property=\"og:description\" content=\"THE PERFECT D VIBR CHOCOLATE 8 INCH \u00a1Todo el mundo lo quiere! Pene real\u00edstico de doble densidad, con un exterior\" \/>\n<meta property=\"og:url\" content=\"https:\/\/demoweb.info\/sexshop001\/producto\/the-perfect-d-pene-vibrador-20cm-chocolate\/\" \/>\n<meta property=\"og:site_name\" content=\"Tienda Er\u00f3tica\" \/>\n<meta property=\"article:modified_time\" content=\"2022-01-22T14:46:27+00:00\" \/>\n<meta property=\"og:image\" content=\"https:\/\/demoweb.info\/sexshop001\/wp-content\/uploads\/2022\/01\/THE-PERFECT-D-PENE-VIBRADOR-20CM-CHOCOLATE.jpg\" \/>\n\t<meta property=\"og:image:width\" content=\"550\" \/>\n\t<meta property=\"og:image:height\" content=\"550\" \/>\n\t<meta property=\"og:image:type\" content=\"image\/jpeg\" \/>\n<meta name=\"twitter:card\" content=\"summary_large_image\" \/>\n<meta name=\"twitter:label1\" content=\"Tiempo de lectura\" \/>\n\t<meta name=\"twitter:data1\" content=\"1 minuto\" \/>\n<script type=\"application\/ld+json\" class=\"yoast-schema-graph\">{\"@context\":\"https:\/\/schema.org\",\"@graph\":[{\"@type\":\"WebPage\",\"@id\":\"https:\/\/demoweb.info\/sexshop001\/producto\/the-perfect-d-pene-vibrador-20cm-chocolate\/\",\"url\":\"https:\/\/demoweb.info\/sexshop001\/producto\/the-perfect-d-pene-vibrador-20cm-chocolate\/\",\"name\":\"THE PERFECT D PENE VIBRADOR 20CM CHOCOLATE - Tienda Er\u00f3tica\",\"isPartOf\":{\"@id\":\"https:\/\/demoweb.info\/sexshop001\/#website\"},\"datePublished\":\"2022-01-22T14:46:16+00:00\",\"dateModified\":\"2022-01-22T14:46:27+00:00\",\"breadcrumb\":{\"@id\":\"https:\/\/demoweb.info\/sexshop001\/producto\/the-perfect-d-pene-vibrador-20cm-chocolate\/#breadcrumb\"},\"inLanguage\":\"es\",\"potentialAction\":[{\"@type\":\"ReadAction\",\"target\":[\"https:\/\/demoweb.info\/sexshop001\/producto\/the-perfect-d-pene-vibrador-20cm-chocolate\/\"]}]},{\"@type\":\"BreadcrumbList\",\"@id\":\"https:\/\/demoweb.info\/sexshop001\/producto\/the-perfect-d-pene-vibrador-20cm-chocolate\/#breadcrumb\",\"itemListElement\":[{\"@type\":\"ListItem\",\"position\":1,\"name\":\"Portada\",\"item\":\"https:\/\/demoweb.info\/sexshop001\/\"},{\"@type\":\"ListItem\",\"position\":2,\"name\":\"Tienda\",\"item\":\"https:\/\/demoweb.info\/sexshop001\/tienda\/\"},{\"@type\":\"ListItem\",\"position\":3,\"name\":\"THE PERFECT D PENE VIBRADOR 20CM CHOCOLATE\"}]},{\"@type\":\"WebSite\",\"@id\":\"https:\/\/demoweb.info\/sexshop001\/#website\",\"url\":\"https:\/\/demoweb.info\/sexshop001\/\",\"name\":\"Tienda Er\u00f3tica\",\"description\":\"DEMOWEB SL\",\"potentialAction\":[{\"@type\":\"SearchAction\",\"target\":{\"@type\":\"EntryPoint\",\"urlTemplate\":\"https:\/\/demoweb.info\/sexshop001\/?s={search_term_string}\"},\"query-input\":\"required name=search_term_string\"}],\"inLanguage\":\"es\"}]}<\/script>\n<!-- \/ Yoast SEO plugin. -->","yoast_head_json":{"title":"THE PERFECT D PENE VIBRADOR 20CM CHOCOLATE - Tienda Er\u00f3tica","robots":{"index":"noindex","follow":"follow","max-snippet":"max-snippet:-1","max-image-preview":"max-image-preview:large","max-video-preview":"max-video-preview:-1"},"og_locale":"es_ES","og_type":"article","og_title":"THE PERFECT D PENE VIBRADOR 20CM CHOCOLATE - Tienda Er\u00f3tica","og_description":"THE PERFECT D VIBR CHOCOLATE 8 INCH \u00a1Todo el mundo lo quiere! Pene real\u00edstico de doble densidad, con un exterior","og_url":"https:\/\/demoweb.info\/sexshop001\/producto\/the-perfect-d-pene-vibrador-20cm-chocolate\/","og_site_name":"Tienda Er\u00f3tica","article_modified_time":"2022-01-22T14:46:27+00:00","og_image":[{"width":550,"height":550,"url":"https:\/\/demoweb.info\/sexshop001\/wp-content\/uploads\/2022\/01\/THE-PERFECT-D-PENE-VIBRADOR-20CM-CHOCOLATE.jpg","type":"image\/jpeg"}],"twitter_card":"summary_large_image","twitter_misc":{"Tiempo de lectura":"1 minuto"},"schema":{"@context":"https:\/\/schema.org","@graph":[{"@type":"WebPage","@id":"https:\/\/demoweb.info\/sexshop001\/producto\/the-perfect-d-pene-vibrador-20cm-chocolate\/","url":"https:\/\/demoweb.info\/sexshop001\/producto\/the-perfect-d-pene-vibrador-20cm-chocolate\/","name":"THE PERFECT D PENE VIBRADOR 20CM CHOCOLATE - Tienda Er\u00f3tica","isPartOf":{"@id":"https:\/\/demoweb.info\/sexshop001\/#website"},"datePublished":"2022-01-22T14:46:16+00:00","dateModified":"2022-01-22T14:46:27+00:00","breadcrumb":{"@id":"https:\/\/demoweb.info\/sexshop001\/producto\/the-perfect-d-pene-vibrador-20cm-chocolate\/#breadcrumb"},"inLanguage":"es","potentialAction":[{"@type":"ReadAction","target":["https:\/\/demoweb.info\/sexshop001\/producto\/the-perfect-d-pene-vibrador-20cm-chocolate\/"]}]},{"@type":"BreadcrumbList","@id":"https:\/\/demoweb.info\/sexshop001\/producto\/the-perfect-d-pene-vibrador-20cm-chocolate\/#breadcrumb","itemListElement":[{"@type":"ListItem","position":1,"name":"Portada","item":"https:\/\/demoweb.info\/sexshop001\/"},{"@type":"ListItem","position":2,"name":"Tienda","item":"https:\/\/demoweb.info\/sexshop001\/tienda\/"},{"@type":"ListItem","position":3,"name":"THE PERFECT D PENE VIBRADOR 20CM CHOCOLATE"}]},{"@type":"WebSite","@id":"https:\/\/demoweb.info\/sexshop001\/#website","url":"https:\/\/demoweb.info\/sexshop001\/","name":"Tienda Er\u00f3tica","description":"DEMOWEB SL","potentialAction":[{"@type":"SearchAction","target":{"@type":"EntryPoint","urlTemplate":"https:\/\/demoweb.info\/sexshop001\/?s={search_term_string}"},"query-input":"required name=search_term_string"}],"inLanguage":"es"}]}},"_links":{"self":[{"href":"https:\/\/demoweb.info\/sexshop001\/wp-json\/wp\/v3\/product\/48668","targetHints":{"allow":["GET"]}}],"collection":[{"href":"https:\/\/demoweb.info\/sexshop001\/wp-json\/wp\/v3\/product"}],"about":[{"href":"https:\/\/demoweb.info\/sexshop001\/wp-json\/wp\/v2\/types\/product"}],"replies":[{"embeddable":true,"href":"https:\/\/demoweb.info\/sexshop001\/wp-json\/wp\/v2\/comments?post=48668"}],"wp:featuredmedia":[{"embeddable":true,"href":"https:\/\/demoweb.info\/sexshop001\/wp-json\/wp\/v2\/media\/48669"}],"wp:attachment":[{"href":"https:\/\/demoweb.info\/sexshop001\/wp-json\/wp\/v2\/media?parent=48668"}],"wp:term":[{"taxonomy":"product_cat","embeddable":true,"href":"https:\/\/demoweb.info\/sexshop001\/wp-json\/wp\/v2\/product_cat?post=48668"},{"taxonomy":"product_tag","embeddable":true,"href":"https:\/\/demoweb.info\/sexshop001\/wp-json\/wp\/v2\/product_tag?post=48668"}],"curies":[{"name":"wp","href":"https:\/\/api.w.org\/{rel}","templated":true}]}}