{"id":48618,"date":"2022-01-22T15:45:55","date_gmt":"2022-01-22T14:45:55","guid":{"rendered":"https:\/\/demoweb.info\/sexshop001\/producto\/realrock-pene-realistico-con-escroto-38-cm\/"},"modified":"2022-01-22T15:45:57","modified_gmt":"2022-01-22T14:45:57","slug":"realrock-pene-realistico-con-escroto-38-cm","status":"publish","type":"product","link":"https:\/\/demoweb.info\/sexshop001\/producto\/realrock-pene-realistico-con-escroto-38-cm\/","title":{"rendered":"REALROCK PENE REAL\u00cdSTICO CON ESCROTO 38 CM"},"content":{"rendered":"<p><strong>REALISTIC COCK &#8211; WITH SCROTUM &#8211; 15 INCH &#8211; SKIN<\/strong><\/p>\n<p>\u00bfTe gustan los deportes de riesgo? \u00a1Cuando se experimenta un RealRock ya no hay marcha atr\u00e1s! Este enorme y realista falo de 38 cm tiene un di\u00e1metro de 7,3 cm y su dise\u00f1o incluye glande y venas de apariencia aut\u00e9ntica para obtener una estimulaci\u00f3n extra, as\u00ed como escroto para conseguir una sensaci\u00f3n realista.<\/p>\n<p>\u00bfTe atreves a introducirlo completamente? Te sorprender\u00e1 lo realista que es. Su ventosa, dura como una roca, se adhiere a pr\u00e1cticamente todas las superficies para pasar un buen rato en el dormitorio, el ba\u00f1o o donde quieras practicar sexo.<\/p>\n<p>\u00a1Convierte tu lugar favorito en un mundo de fantas\u00eda RealRock!<\/p>\n<p>Medidas insertables: 35 x 7 cm<\/p>\n","protected":false},"excerpt":{"rendered":"<p>REALISTIC COCK &#8211; WITH SCROTUM &#8211; 15 INCH &#8211; SKIN \u00bfTe gustan los deportes de riesgo? \u00a1Cuando se experimenta un<\/p>\n","protected":false},"featured_media":48619,"comment_status":"open","ping_status":"open","template":"","meta":[],"product_cat":[386],"product_tag":[318,302],"class_list":["post-48618","product","type-product","status-publish","has-post-thumbnail","hentry","product_cat-realisticos","product_tag-realrock","product_tag-shots"],"bundled_by":[],"bundle_stock_status":"instock","bundle_stock_quantity":1,"bundle_virtual":false,"bundle_layout":"","bundle_add_to_cart_form_location":"","bundle_editable_in_cart":false,"bundle_sold_individually_context":"","bundle_item_grouping":"","bundle_min_size":"","bundle_max_size":"","bundled_items":[],"yoast_head":"<!-- This site is optimized with the Yoast SEO plugin v20.6 - https:\/\/yoast.com\/wordpress\/plugins\/seo\/ -->\n<title>REALROCK PENE REAL\u00cdSTICO CON ESCROTO 38 CM - Tienda Er\u00f3tica<\/title>\n<meta name=\"robots\" content=\"noindex, follow, max-snippet:-1, max-image-preview:large, max-video-preview:-1\" \/>\n<meta property=\"og:locale\" content=\"es_ES\" \/>\n<meta property=\"og:type\" content=\"article\" \/>\n<meta property=\"og:title\" content=\"REALROCK PENE REAL\u00cdSTICO CON ESCROTO 38 CM - Tienda Er\u00f3tica\" \/>\n<meta property=\"og:description\" content=\"REALISTIC COCK &#8211; WITH SCROTUM &#8211; 15 INCH &#8211; SKIN \u00bfTe gustan los deportes de riesgo? \u00a1Cuando se experimenta un\" \/>\n<meta property=\"og:url\" content=\"https:\/\/demoweb.info\/sexshop001\/producto\/realrock-pene-realistico-con-escroto-38-cm\/\" \/>\n<meta property=\"og:site_name\" content=\"Tienda Er\u00f3tica\" \/>\n<meta property=\"article:modified_time\" content=\"2022-01-22T14:45:57+00:00\" \/>\n<meta property=\"og:image\" content=\"https:\/\/demoweb.info\/sexshop001\/wp-content\/uploads\/2022\/01\/REALROCK-PENE-REALISTICO-CON-ESCROTO-38-CM.jpg\" \/>\n\t<meta property=\"og:image:width\" content=\"550\" \/>\n\t<meta property=\"og:image:height\" content=\"550\" \/>\n\t<meta property=\"og:image:type\" content=\"image\/jpeg\" \/>\n<meta name=\"twitter:card\" content=\"summary_large_image\" \/>\n<meta name=\"twitter:label1\" content=\"Tiempo de lectura\" \/>\n\t<meta name=\"twitter:data1\" content=\"1 minuto\" \/>\n<script type=\"application\/ld+json\" class=\"yoast-schema-graph\">{\"@context\":\"https:\/\/schema.org\",\"@graph\":[{\"@type\":\"WebPage\",\"@id\":\"https:\/\/demoweb.info\/sexshop001\/producto\/realrock-pene-realistico-con-escroto-38-cm\/\",\"url\":\"https:\/\/demoweb.info\/sexshop001\/producto\/realrock-pene-realistico-con-escroto-38-cm\/\",\"name\":\"REALROCK PENE REAL\u00cdSTICO CON ESCROTO 38 CM - Tienda Er\u00f3tica\",\"isPartOf\":{\"@id\":\"https:\/\/demoweb.info\/sexshop001\/#website\"},\"datePublished\":\"2022-01-22T14:45:55+00:00\",\"dateModified\":\"2022-01-22T14:45:57+00:00\",\"breadcrumb\":{\"@id\":\"https:\/\/demoweb.info\/sexshop001\/producto\/realrock-pene-realistico-con-escroto-38-cm\/#breadcrumb\"},\"inLanguage\":\"es\",\"potentialAction\":[{\"@type\":\"ReadAction\",\"target\":[\"https:\/\/demoweb.info\/sexshop001\/producto\/realrock-pene-realistico-con-escroto-38-cm\/\"]}]},{\"@type\":\"BreadcrumbList\",\"@id\":\"https:\/\/demoweb.info\/sexshop001\/producto\/realrock-pene-realistico-con-escroto-38-cm\/#breadcrumb\",\"itemListElement\":[{\"@type\":\"ListItem\",\"position\":1,\"name\":\"Portada\",\"item\":\"https:\/\/demoweb.info\/sexshop001\/\"},{\"@type\":\"ListItem\",\"position\":2,\"name\":\"Tienda\",\"item\":\"https:\/\/demoweb.info\/sexshop001\/tienda\/\"},{\"@type\":\"ListItem\",\"position\":3,\"name\":\"REALROCK PENE REAL\u00cdSTICO CON ESCROTO 38 CM\"}]},{\"@type\":\"WebSite\",\"@id\":\"https:\/\/demoweb.info\/sexshop001\/#website\",\"url\":\"https:\/\/demoweb.info\/sexshop001\/\",\"name\":\"Tienda Er\u00f3tica\",\"description\":\"DEMOWEB SL\",\"potentialAction\":[{\"@type\":\"SearchAction\",\"target\":{\"@type\":\"EntryPoint\",\"urlTemplate\":\"https:\/\/demoweb.info\/sexshop001\/?s={search_term_string}\"},\"query-input\":\"required name=search_term_string\"}],\"inLanguage\":\"es\"}]}<\/script>\n<!-- \/ Yoast SEO plugin. -->","yoast_head_json":{"title":"REALROCK PENE REAL\u00cdSTICO CON ESCROTO 38 CM - Tienda Er\u00f3tica","robots":{"index":"noindex","follow":"follow","max-snippet":"max-snippet:-1","max-image-preview":"max-image-preview:large","max-video-preview":"max-video-preview:-1"},"og_locale":"es_ES","og_type":"article","og_title":"REALROCK PENE REAL\u00cdSTICO CON ESCROTO 38 CM - Tienda Er\u00f3tica","og_description":"REALISTIC COCK &#8211; WITH SCROTUM &#8211; 15 INCH &#8211; SKIN \u00bfTe gustan los deportes de riesgo? \u00a1Cuando se experimenta un","og_url":"https:\/\/demoweb.info\/sexshop001\/producto\/realrock-pene-realistico-con-escroto-38-cm\/","og_site_name":"Tienda Er\u00f3tica","article_modified_time":"2022-01-22T14:45:57+00:00","og_image":[{"width":550,"height":550,"url":"https:\/\/demoweb.info\/sexshop001\/wp-content\/uploads\/2022\/01\/REALROCK-PENE-REALISTICO-CON-ESCROTO-38-CM.jpg","type":"image\/jpeg"}],"twitter_card":"summary_large_image","twitter_misc":{"Tiempo de lectura":"1 minuto"},"schema":{"@context":"https:\/\/schema.org","@graph":[{"@type":"WebPage","@id":"https:\/\/demoweb.info\/sexshop001\/producto\/realrock-pene-realistico-con-escroto-38-cm\/","url":"https:\/\/demoweb.info\/sexshop001\/producto\/realrock-pene-realistico-con-escroto-38-cm\/","name":"REALROCK PENE REAL\u00cdSTICO CON ESCROTO 38 CM - Tienda Er\u00f3tica","isPartOf":{"@id":"https:\/\/demoweb.info\/sexshop001\/#website"},"datePublished":"2022-01-22T14:45:55+00:00","dateModified":"2022-01-22T14:45:57+00:00","breadcrumb":{"@id":"https:\/\/demoweb.info\/sexshop001\/producto\/realrock-pene-realistico-con-escroto-38-cm\/#breadcrumb"},"inLanguage":"es","potentialAction":[{"@type":"ReadAction","target":["https:\/\/demoweb.info\/sexshop001\/producto\/realrock-pene-realistico-con-escroto-38-cm\/"]}]},{"@type":"BreadcrumbList","@id":"https:\/\/demoweb.info\/sexshop001\/producto\/realrock-pene-realistico-con-escroto-38-cm\/#breadcrumb","itemListElement":[{"@type":"ListItem","position":1,"name":"Portada","item":"https:\/\/demoweb.info\/sexshop001\/"},{"@type":"ListItem","position":2,"name":"Tienda","item":"https:\/\/demoweb.info\/sexshop001\/tienda\/"},{"@type":"ListItem","position":3,"name":"REALROCK PENE REAL\u00cdSTICO CON ESCROTO 38 CM"}]},{"@type":"WebSite","@id":"https:\/\/demoweb.info\/sexshop001\/#website","url":"https:\/\/demoweb.info\/sexshop001\/","name":"Tienda Er\u00f3tica","description":"DEMOWEB SL","potentialAction":[{"@type":"SearchAction","target":{"@type":"EntryPoint","urlTemplate":"https:\/\/demoweb.info\/sexshop001\/?s={search_term_string}"},"query-input":"required name=search_term_string"}],"inLanguage":"es"}]}},"_links":{"self":[{"href":"https:\/\/demoweb.info\/sexshop001\/wp-json\/wp\/v3\/product\/48618","targetHints":{"allow":["GET"]}}],"collection":[{"href":"https:\/\/demoweb.info\/sexshop001\/wp-json\/wp\/v3\/product"}],"about":[{"href":"https:\/\/demoweb.info\/sexshop001\/wp-json\/wp\/v2\/types\/product"}],"replies":[{"embeddable":true,"href":"https:\/\/demoweb.info\/sexshop001\/wp-json\/wp\/v2\/comments?post=48618"}],"wp:featuredmedia":[{"embeddable":true,"href":"https:\/\/demoweb.info\/sexshop001\/wp-json\/wp\/v2\/media\/48619"}],"wp:attachment":[{"href":"https:\/\/demoweb.info\/sexshop001\/wp-json\/wp\/v2\/media?parent=48618"}],"wp:term":[{"taxonomy":"product_cat","embeddable":true,"href":"https:\/\/demoweb.info\/sexshop001\/wp-json\/wp\/v2\/product_cat?post=48618"},{"taxonomy":"product_tag","embeddable":true,"href":"https:\/\/demoweb.info\/sexshop001\/wp-json\/wp\/v2\/product_tag?post=48618"}],"curies":[{"name":"wp","href":"https:\/\/api.w.org\/{rel}","templated":true}]}}