{"id":48543,"date":"2022-01-22T15:45:06","date_gmt":"2022-01-22T14:45:06","guid":{"rendered":"https:\/\/demoweb.info\/sexshop001\/producto\/bhangra-full-body-masajeador-morado-cargador-uk\/"},"modified":"2022-01-22T15:45:10","modified_gmt":"2022-01-22T14:45:10","slug":"bhangra-full-body-masajeador-morado-cargador-uk","status":"publish","type":"product","link":"https:\/\/demoweb.info\/sexshop001\/producto\/bhangra-full-body-masajeador-morado-cargador-uk\/","title":{"rendered":"BHANGRA FULL BODY MASAJEADOR MORADO &#8211; CARGADOR UK"},"content":{"rendered":"<p><strong>BHANGRA FULL BODY MASSAGER PURPLE &#8211; CHARGER UK<\/strong><\/p>\n<p><strong>INCLUDING UK PLUG. FOR UK MARKET ONLY. <\/strong><\/p>\n<p>Versatilidad, exploraci\u00f3n, intensidad y potencia contenidas en una varita de f\u00e1cil mantenimiento. Los 3 cabezales sedosos y lisos de Bhangra se pueden intercambiar de forma r\u00e1pida y sencilla.<em> \u00a1Dej\u00e1ndote m\u00e1s tiempo para experimentar el \u00e9xtasis! <\/em><\/p>\n<p>Bhangra es completamente recargable, tiene un poderoso motor silencioso con 7 ritmos distintos de vibraci\u00f3n con iluminaci\u00f3n LED colores y 5 intensidades diferentes.<\/p>\n<ul>\n<li>Di\u00e1metro Exterior: 6 cm<\/li>\n<li>Longitud Total: 28.5 cm<\/li>\n<li>Recargable con USB<\/li>\n<li>CARGADOR UK &#8211; SOLO V\u00c1LIDO PARA ESTE MERCADO<\/li>\n<\/ul>\n","protected":false},"excerpt":{"rendered":"<p>BHANGRA FULL BODY MASSAGER PURPLE &#8211; CHARGER UK INCLUDING UK PLUG. FOR UK MARKET ONLY. Versatilidad, exploraci\u00f3n, intensidad y potencia<\/p>\n","protected":false},"featured_media":48544,"comment_status":"open","ping_status":"open","template":"","meta":[],"product_cat":[370],"product_tag":[906,1475],"class_list":["post-48543","product","type-product","status-publish","has-post-thumbnail","hentry","product_cat-clitoris","product_tag-kamasutra","product_tag-rhythm"],"bundled_by":[],"bundle_stock_status":"outofstock","bundle_stock_quantity":0,"bundle_virtual":false,"bundle_layout":"","bundle_add_to_cart_form_location":"","bundle_editable_in_cart":false,"bundle_sold_individually_context":"","bundle_item_grouping":"","bundle_min_size":"","bundle_max_size":"","bundled_items":[],"yoast_head":"<!-- This site is optimized with the Yoast SEO plugin v20.6 - https:\/\/yoast.com\/wordpress\/plugins\/seo\/ -->\n<title>BHANGRA FULL BODY MASAJEADOR MORADO - CARGADOR UK - Tienda Er\u00f3tica<\/title>\n<meta name=\"robots\" content=\"noindex, follow, max-snippet:-1, max-image-preview:large, max-video-preview:-1\" \/>\n<meta property=\"og:locale\" content=\"es_ES\" \/>\n<meta property=\"og:type\" content=\"article\" \/>\n<meta property=\"og:title\" content=\"BHANGRA FULL BODY MASAJEADOR MORADO - CARGADOR UK - Tienda Er\u00f3tica\" \/>\n<meta property=\"og:description\" content=\"BHANGRA FULL BODY MASSAGER PURPLE &#8211; CHARGER UK INCLUDING UK PLUG. FOR UK MARKET ONLY. Versatilidad, exploraci\u00f3n, intensidad y potencia\" \/>\n<meta property=\"og:url\" content=\"https:\/\/demoweb.info\/sexshop001\/producto\/bhangra-full-body-masajeador-morado-cargador-uk\/\" \/>\n<meta property=\"og:site_name\" content=\"Tienda Er\u00f3tica\" \/>\n<meta property=\"article:modified_time\" content=\"2022-01-22T14:45:10+00:00\" \/>\n<meta property=\"og:image\" content=\"https:\/\/demoweb.info\/sexshop001\/wp-content\/uploads\/2022\/01\/BHANGRA-FULL-BODY-MASAJEADOR-MORADO-CARGADOR-UK.jpg\" \/>\n\t<meta property=\"og:image:width\" content=\"550\" \/>\n\t<meta property=\"og:image:height\" content=\"550\" \/>\n\t<meta property=\"og:image:type\" content=\"image\/jpeg\" \/>\n<meta name=\"twitter:card\" content=\"summary_large_image\" \/>\n<script type=\"application\/ld+json\" class=\"yoast-schema-graph\">{\"@context\":\"https:\/\/schema.org\",\"@graph\":[{\"@type\":\"WebPage\",\"@id\":\"https:\/\/demoweb.info\/sexshop001\/producto\/bhangra-full-body-masajeador-morado-cargador-uk\/\",\"url\":\"https:\/\/demoweb.info\/sexshop001\/producto\/bhangra-full-body-masajeador-morado-cargador-uk\/\",\"name\":\"BHANGRA FULL BODY MASAJEADOR MORADO - CARGADOR UK - Tienda Er\u00f3tica\",\"isPartOf\":{\"@id\":\"https:\/\/demoweb.info\/sexshop001\/#website\"},\"datePublished\":\"2022-01-22T14:45:06+00:00\",\"dateModified\":\"2022-01-22T14:45:10+00:00\",\"breadcrumb\":{\"@id\":\"https:\/\/demoweb.info\/sexshop001\/producto\/bhangra-full-body-masajeador-morado-cargador-uk\/#breadcrumb\"},\"inLanguage\":\"es\",\"potentialAction\":[{\"@type\":\"ReadAction\",\"target\":[\"https:\/\/demoweb.info\/sexshop001\/producto\/bhangra-full-body-masajeador-morado-cargador-uk\/\"]}]},{\"@type\":\"BreadcrumbList\",\"@id\":\"https:\/\/demoweb.info\/sexshop001\/producto\/bhangra-full-body-masajeador-morado-cargador-uk\/#breadcrumb\",\"itemListElement\":[{\"@type\":\"ListItem\",\"position\":1,\"name\":\"Portada\",\"item\":\"https:\/\/demoweb.info\/sexshop001\/\"},{\"@type\":\"ListItem\",\"position\":2,\"name\":\"Tienda\",\"item\":\"https:\/\/demoweb.info\/sexshop001\/tienda\/\"},{\"@type\":\"ListItem\",\"position\":3,\"name\":\"BHANGRA FULL BODY MASAJEADOR MORADO &#8211; CARGADOR UK\"}]},{\"@type\":\"WebSite\",\"@id\":\"https:\/\/demoweb.info\/sexshop001\/#website\",\"url\":\"https:\/\/demoweb.info\/sexshop001\/\",\"name\":\"Tienda Er\u00f3tica\",\"description\":\"DEMOWEB SL\",\"potentialAction\":[{\"@type\":\"SearchAction\",\"target\":{\"@type\":\"EntryPoint\",\"urlTemplate\":\"https:\/\/demoweb.info\/sexshop001\/?s={search_term_string}\"},\"query-input\":\"required name=search_term_string\"}],\"inLanguage\":\"es\"}]}<\/script>\n<!-- \/ Yoast SEO plugin. -->","yoast_head_json":{"title":"BHANGRA FULL BODY MASAJEADOR MORADO - CARGADOR UK - Tienda Er\u00f3tica","robots":{"index":"noindex","follow":"follow","max-snippet":"max-snippet:-1","max-image-preview":"max-image-preview:large","max-video-preview":"max-video-preview:-1"},"og_locale":"es_ES","og_type":"article","og_title":"BHANGRA FULL BODY MASAJEADOR MORADO - CARGADOR UK - Tienda Er\u00f3tica","og_description":"BHANGRA FULL BODY MASSAGER PURPLE &#8211; CHARGER UK INCLUDING UK PLUG. FOR UK MARKET ONLY. Versatilidad, exploraci\u00f3n, intensidad y potencia","og_url":"https:\/\/demoweb.info\/sexshop001\/producto\/bhangra-full-body-masajeador-morado-cargador-uk\/","og_site_name":"Tienda Er\u00f3tica","article_modified_time":"2022-01-22T14:45:10+00:00","og_image":[{"width":550,"height":550,"url":"https:\/\/demoweb.info\/sexshop001\/wp-content\/uploads\/2022\/01\/BHANGRA-FULL-BODY-MASAJEADOR-MORADO-CARGADOR-UK.jpg","type":"image\/jpeg"}],"twitter_card":"summary_large_image","schema":{"@context":"https:\/\/schema.org","@graph":[{"@type":"WebPage","@id":"https:\/\/demoweb.info\/sexshop001\/producto\/bhangra-full-body-masajeador-morado-cargador-uk\/","url":"https:\/\/demoweb.info\/sexshop001\/producto\/bhangra-full-body-masajeador-morado-cargador-uk\/","name":"BHANGRA FULL BODY MASAJEADOR MORADO - CARGADOR UK - Tienda Er\u00f3tica","isPartOf":{"@id":"https:\/\/demoweb.info\/sexshop001\/#website"},"datePublished":"2022-01-22T14:45:06+00:00","dateModified":"2022-01-22T14:45:10+00:00","breadcrumb":{"@id":"https:\/\/demoweb.info\/sexshop001\/producto\/bhangra-full-body-masajeador-morado-cargador-uk\/#breadcrumb"},"inLanguage":"es","potentialAction":[{"@type":"ReadAction","target":["https:\/\/demoweb.info\/sexshop001\/producto\/bhangra-full-body-masajeador-morado-cargador-uk\/"]}]},{"@type":"BreadcrumbList","@id":"https:\/\/demoweb.info\/sexshop001\/producto\/bhangra-full-body-masajeador-morado-cargador-uk\/#breadcrumb","itemListElement":[{"@type":"ListItem","position":1,"name":"Portada","item":"https:\/\/demoweb.info\/sexshop001\/"},{"@type":"ListItem","position":2,"name":"Tienda","item":"https:\/\/demoweb.info\/sexshop001\/tienda\/"},{"@type":"ListItem","position":3,"name":"BHANGRA FULL BODY MASAJEADOR MORADO &#8211; CARGADOR UK"}]},{"@type":"WebSite","@id":"https:\/\/demoweb.info\/sexshop001\/#website","url":"https:\/\/demoweb.info\/sexshop001\/","name":"Tienda Er\u00f3tica","description":"DEMOWEB SL","potentialAction":[{"@type":"SearchAction","target":{"@type":"EntryPoint","urlTemplate":"https:\/\/demoweb.info\/sexshop001\/?s={search_term_string}"},"query-input":"required name=search_term_string"}],"inLanguage":"es"}]}},"_links":{"self":[{"href":"https:\/\/demoweb.info\/sexshop001\/wp-json\/wp\/v3\/product\/48543","targetHints":{"allow":["GET"]}}],"collection":[{"href":"https:\/\/demoweb.info\/sexshop001\/wp-json\/wp\/v3\/product"}],"about":[{"href":"https:\/\/demoweb.info\/sexshop001\/wp-json\/wp\/v2\/types\/product"}],"replies":[{"embeddable":true,"href":"https:\/\/demoweb.info\/sexshop001\/wp-json\/wp\/v2\/comments?post=48543"}],"wp:featuredmedia":[{"embeddable":true,"href":"https:\/\/demoweb.info\/sexshop001\/wp-json\/wp\/v2\/media\/48544"}],"wp:attachment":[{"href":"https:\/\/demoweb.info\/sexshop001\/wp-json\/wp\/v2\/media?parent=48543"}],"wp:term":[{"taxonomy":"product_cat","embeddable":true,"href":"https:\/\/demoweb.info\/sexshop001\/wp-json\/wp\/v2\/product_cat?post=48543"},{"taxonomy":"product_tag","embeddable":true,"href":"https:\/\/demoweb.info\/sexshop001\/wp-json\/wp\/v2\/product_tag?post=48543"}],"curies":[{"name":"wp","href":"https:\/\/api.w.org\/{rel}","templated":true}]}}