{"id":48481,"date":"2022-01-22T15:44:33","date_gmt":"2022-01-22T14:44:33","guid":{"rendered":"https:\/\/demoweb.info\/sexshop001\/producto\/endless-pleasure-vibrador-rampante\/"},"modified":"2022-01-22T15:44:33","modified_gmt":"2022-01-22T14:44:33","slug":"endless-pleasure-vibrador-rampante","status":"publish","type":"product","link":"https:\/\/demoweb.info\/sexshop001\/producto\/endless-pleasure-vibrador-rampante\/","title":{"rendered":"ENDLESS PLEASURE VIBRADOR RAMPANTE"},"content":{"rendered":"<p><strong>ENDLESS PLEASURE<\/strong><\/p>\n<p><em>\u00a1Alcanza el placer definitivo!<\/em><\/p>\n<p>Dispone de 9 funciones distintas de vibraci\u00f3n y rotaci\u00f3n m\u00e1s 5 funciones m\u00e1s de pulsaci\u00f3n.<\/p>\n<p>Un bot\u00f3n de encendido \/ apagado instant\u00e1neo significa que podr\u00e1s utilizarlo con facilidad &#8230; y apagarlo cuando est\u00e9s completamente saciada. Una luz indicadora LED te muestra el camino al placer puro.<\/p>\n<p>Funciona con 4 pilas AA, no incluidas.<\/p>\n","protected":false},"excerpt":{"rendered":"<p>ENDLESS PLEASURE \u00a1Alcanza el placer definitivo! Dispone de 9 funciones distintas de vibraci\u00f3n y rotaci\u00f3n m\u00e1s 5 funciones m\u00e1s de<\/p>\n","protected":false},"featured_media":48482,"comment_status":"open","ping_status":"open","template":"","meta":[],"product_cat":[434],"product_tag":[660],"class_list":["post-48481","product","type-product","status-publish","has-post-thumbnail","hentry","product_cat-doble-estimulacion-vibradores-juguetes-xxx","product_tag-calexotics"],"bundled_by":[],"bundle_stock_status":"instock","bundle_stock_quantity":1,"bundle_virtual":false,"bundle_layout":"","bundle_add_to_cart_form_location":"","bundle_editable_in_cart":false,"bundle_sold_individually_context":"","bundle_item_grouping":"","bundle_min_size":"","bundle_max_size":"","bundled_items":[],"yoast_head":"<!-- This site is optimized with the Yoast SEO plugin v20.6 - https:\/\/yoast.com\/wordpress\/plugins\/seo\/ -->\n<title>ENDLESS PLEASURE VIBRADOR RAMPANTE - Tienda Er\u00f3tica<\/title>\n<meta name=\"robots\" content=\"noindex, follow, max-snippet:-1, max-image-preview:large, max-video-preview:-1\" \/>\n<meta property=\"og:locale\" content=\"es_ES\" \/>\n<meta property=\"og:type\" content=\"article\" \/>\n<meta property=\"og:title\" content=\"ENDLESS PLEASURE VIBRADOR RAMPANTE - Tienda Er\u00f3tica\" \/>\n<meta property=\"og:description\" content=\"ENDLESS PLEASURE \u00a1Alcanza el placer definitivo! Dispone de 9 funciones distintas de vibraci\u00f3n y rotaci\u00f3n m\u00e1s 5 funciones m\u00e1s de\" \/>\n<meta property=\"og:url\" content=\"https:\/\/demoweb.info\/sexshop001\/producto\/endless-pleasure-vibrador-rampante\/\" \/>\n<meta property=\"og:site_name\" content=\"Tienda Er\u00f3tica\" \/>\n<meta property=\"og:image\" content=\"https:\/\/demoweb.info\/sexshop001\/wp-content\/uploads\/2022\/01\/ENDLESS-PLEASURE-VIBRADOR-RAMPANTE.jpg\" \/>\n\t<meta property=\"og:image:width\" content=\"550\" \/>\n\t<meta property=\"og:image:height\" content=\"550\" \/>\n\t<meta property=\"og:image:type\" content=\"image\/jpeg\" \/>\n<meta name=\"twitter:card\" content=\"summary_large_image\" \/>\n<script type=\"application\/ld+json\" class=\"yoast-schema-graph\">{\"@context\":\"https:\/\/schema.org\",\"@graph\":[{\"@type\":\"WebPage\",\"@id\":\"https:\/\/demoweb.info\/sexshop001\/producto\/endless-pleasure-vibrador-rampante\/\",\"url\":\"https:\/\/demoweb.info\/sexshop001\/producto\/endless-pleasure-vibrador-rampante\/\",\"name\":\"ENDLESS PLEASURE VIBRADOR RAMPANTE - Tienda Er\u00f3tica\",\"isPartOf\":{\"@id\":\"https:\/\/demoweb.info\/sexshop001\/#website\"},\"datePublished\":\"2022-01-22T14:44:33+00:00\",\"dateModified\":\"2022-01-22T14:44:33+00:00\",\"breadcrumb\":{\"@id\":\"https:\/\/demoweb.info\/sexshop001\/producto\/endless-pleasure-vibrador-rampante\/#breadcrumb\"},\"inLanguage\":\"es\",\"potentialAction\":[{\"@type\":\"ReadAction\",\"target\":[\"https:\/\/demoweb.info\/sexshop001\/producto\/endless-pleasure-vibrador-rampante\/\"]}]},{\"@type\":\"BreadcrumbList\",\"@id\":\"https:\/\/demoweb.info\/sexshop001\/producto\/endless-pleasure-vibrador-rampante\/#breadcrumb\",\"itemListElement\":[{\"@type\":\"ListItem\",\"position\":1,\"name\":\"Portada\",\"item\":\"https:\/\/demoweb.info\/sexshop001\/\"},{\"@type\":\"ListItem\",\"position\":2,\"name\":\"Tienda\",\"item\":\"https:\/\/demoweb.info\/sexshop001\/tienda\/\"},{\"@type\":\"ListItem\",\"position\":3,\"name\":\"ENDLESS PLEASURE VIBRADOR RAMPANTE\"}]},{\"@type\":\"WebSite\",\"@id\":\"https:\/\/demoweb.info\/sexshop001\/#website\",\"url\":\"https:\/\/demoweb.info\/sexshop001\/\",\"name\":\"Tienda Er\u00f3tica\",\"description\":\"DEMOWEB SL\",\"potentialAction\":[{\"@type\":\"SearchAction\",\"target\":{\"@type\":\"EntryPoint\",\"urlTemplate\":\"https:\/\/demoweb.info\/sexshop001\/?s={search_term_string}\"},\"query-input\":\"required name=search_term_string\"}],\"inLanguage\":\"es\"}]}<\/script>\n<!-- \/ Yoast SEO plugin. -->","yoast_head_json":{"title":"ENDLESS PLEASURE VIBRADOR RAMPANTE - Tienda Er\u00f3tica","robots":{"index":"noindex","follow":"follow","max-snippet":"max-snippet:-1","max-image-preview":"max-image-preview:large","max-video-preview":"max-video-preview:-1"},"og_locale":"es_ES","og_type":"article","og_title":"ENDLESS PLEASURE VIBRADOR RAMPANTE - Tienda Er\u00f3tica","og_description":"ENDLESS PLEASURE \u00a1Alcanza el placer definitivo! Dispone de 9 funciones distintas de vibraci\u00f3n y rotaci\u00f3n m\u00e1s 5 funciones m\u00e1s de","og_url":"https:\/\/demoweb.info\/sexshop001\/producto\/endless-pleasure-vibrador-rampante\/","og_site_name":"Tienda Er\u00f3tica","og_image":[{"width":550,"height":550,"url":"https:\/\/demoweb.info\/sexshop001\/wp-content\/uploads\/2022\/01\/ENDLESS-PLEASURE-VIBRADOR-RAMPANTE.jpg","type":"image\/jpeg"}],"twitter_card":"summary_large_image","schema":{"@context":"https:\/\/schema.org","@graph":[{"@type":"WebPage","@id":"https:\/\/demoweb.info\/sexshop001\/producto\/endless-pleasure-vibrador-rampante\/","url":"https:\/\/demoweb.info\/sexshop001\/producto\/endless-pleasure-vibrador-rampante\/","name":"ENDLESS PLEASURE VIBRADOR RAMPANTE - Tienda Er\u00f3tica","isPartOf":{"@id":"https:\/\/demoweb.info\/sexshop001\/#website"},"datePublished":"2022-01-22T14:44:33+00:00","dateModified":"2022-01-22T14:44:33+00:00","breadcrumb":{"@id":"https:\/\/demoweb.info\/sexshop001\/producto\/endless-pleasure-vibrador-rampante\/#breadcrumb"},"inLanguage":"es","potentialAction":[{"@type":"ReadAction","target":["https:\/\/demoweb.info\/sexshop001\/producto\/endless-pleasure-vibrador-rampante\/"]}]},{"@type":"BreadcrumbList","@id":"https:\/\/demoweb.info\/sexshop001\/producto\/endless-pleasure-vibrador-rampante\/#breadcrumb","itemListElement":[{"@type":"ListItem","position":1,"name":"Portada","item":"https:\/\/demoweb.info\/sexshop001\/"},{"@type":"ListItem","position":2,"name":"Tienda","item":"https:\/\/demoweb.info\/sexshop001\/tienda\/"},{"@type":"ListItem","position":3,"name":"ENDLESS PLEASURE VIBRADOR RAMPANTE"}]},{"@type":"WebSite","@id":"https:\/\/demoweb.info\/sexshop001\/#website","url":"https:\/\/demoweb.info\/sexshop001\/","name":"Tienda Er\u00f3tica","description":"DEMOWEB SL","potentialAction":[{"@type":"SearchAction","target":{"@type":"EntryPoint","urlTemplate":"https:\/\/demoweb.info\/sexshop001\/?s={search_term_string}"},"query-input":"required name=search_term_string"}],"inLanguage":"es"}]}},"_links":{"self":[{"href":"https:\/\/demoweb.info\/sexshop001\/wp-json\/wp\/v3\/product\/48481","targetHints":{"allow":["GET"]}}],"collection":[{"href":"https:\/\/demoweb.info\/sexshop001\/wp-json\/wp\/v3\/product"}],"about":[{"href":"https:\/\/demoweb.info\/sexshop001\/wp-json\/wp\/v2\/types\/product"}],"replies":[{"embeddable":true,"href":"https:\/\/demoweb.info\/sexshop001\/wp-json\/wp\/v2\/comments?post=48481"}],"wp:featuredmedia":[{"embeddable":true,"href":"https:\/\/demoweb.info\/sexshop001\/wp-json\/wp\/v2\/media\/48482"}],"wp:attachment":[{"href":"https:\/\/demoweb.info\/sexshop001\/wp-json\/wp\/v2\/media?parent=48481"}],"wp:term":[{"taxonomy":"product_cat","embeddable":true,"href":"https:\/\/demoweb.info\/sexshop001\/wp-json\/wp\/v2\/product_cat?post=48481"},{"taxonomy":"product_tag","embeddable":true,"href":"https:\/\/demoweb.info\/sexshop001\/wp-json\/wp\/v2\/product_tag?post=48481"}],"curies":[{"name":"wp","href":"https:\/\/api.w.org\/{rel}","templated":true}]}}