{"id":48466,"date":"2022-01-22T15:44:17","date_gmt":"2022-01-22T14:44:17","guid":{"rendered":"https:\/\/demoweb.info\/sexshop001\/producto\/estimulador-de-clitoris-recargable-morado\/"},"modified":"2022-01-22T15:44:23","modified_gmt":"2022-01-22T14:44:23","slug":"estimulador-de-clitoris-recargable-morado","status":"publish","type":"product","link":"https:\/\/demoweb.info\/sexshop001\/producto\/estimulador-de-clitoris-recargable-morado\/","title":{"rendered":"ESTIMULADOR DE CLITORIS RECARGABLE MORADO"},"content":{"rendered":"<p><strong>RECHARGEABLE CLITORAL PUMP PURPLE<\/strong><\/p>\n<p>Estimulador con ventosa para ofrecerte lo \u00faltimo en sensaciones y estimulaci\u00f3n del cl\u00edtoris, encontrar\u00e1s un placer gratificante con facilidad. \u00dasalo sola o con un compa\u00f1ero: la estimulaci\u00f3n es toda tuya.<\/p>\n<p>Cuenta con un chip de memoria de \u00faltima generaci\u00f3n que se reanudar\u00e1 en la \u00faltima funci\u00f3n utilizada. Reinicia el placer, justo donde lo dejaste.<\/p>\n<p>Dise\u00f1ado para la discreci\u00f3n perfecta, no importa donde viajes, este hermoso producto compacto est\u00e1 listo para ir siempre contigo.<\/p>\n<p><em>Disfruta de lo \u00faltimo en placer.<\/em><\/p>\n<p>Recargable con USB.<\/p>\n","protected":false},"excerpt":{"rendered":"<p>RECHARGEABLE CLITORAL PUMP PURPLE Estimulador con ventosa para ofrecerte lo \u00faltimo en sensaciones y estimulaci\u00f3n del cl\u00edtoris, encontrar\u00e1s un placer<\/p>\n","protected":false},"featured_media":48467,"comment_status":"open","ping_status":"open","template":"","meta":[],"product_cat":[370],"product_tag":[660,1478],"class_list":["post-48466","product","type-product","status-publish","has-post-thumbnail","hentry","product_cat-clitoris","product_tag-calexotics","product_tag-clitoral-pumps"],"bundled_by":[],"bundle_stock_status":"instock","bundle_stock_quantity":1,"bundle_virtual":false,"bundle_layout":"","bundle_add_to_cart_form_location":"","bundle_editable_in_cart":false,"bundle_sold_individually_context":"","bundle_item_grouping":"","bundle_min_size":"","bundle_max_size":"","bundled_items":[],"yoast_head":"<!-- This site is optimized with the Yoast SEO plugin v20.6 - https:\/\/yoast.com\/wordpress\/plugins\/seo\/ -->\n<title>ESTIMULADOR DE CLITORIS RECARGABLE MORADO - Tienda Er\u00f3tica<\/title>\n<meta name=\"robots\" content=\"noindex, follow, max-snippet:-1, max-image-preview:large, max-video-preview:-1\" \/>\n<meta property=\"og:locale\" content=\"es_ES\" \/>\n<meta property=\"og:type\" content=\"article\" \/>\n<meta property=\"og:title\" content=\"ESTIMULADOR DE CLITORIS RECARGABLE MORADO - Tienda Er\u00f3tica\" \/>\n<meta property=\"og:description\" content=\"RECHARGEABLE CLITORAL PUMP PURPLE Estimulador con ventosa para ofrecerte lo \u00faltimo en sensaciones y estimulaci\u00f3n del cl\u00edtoris, encontrar\u00e1s un placer\" \/>\n<meta property=\"og:url\" content=\"https:\/\/demoweb.info\/sexshop001\/producto\/estimulador-de-clitoris-recargable-morado\/\" \/>\n<meta property=\"og:site_name\" content=\"Tienda Er\u00f3tica\" \/>\n<meta property=\"article:modified_time\" content=\"2022-01-22T14:44:23+00:00\" \/>\n<meta property=\"og:image\" content=\"https:\/\/demoweb.info\/sexshop001\/wp-content\/uploads\/2022\/01\/ESTIMULADOR-DE-CLITORIS-RECARGABLE-MORADO.jpg\" \/>\n\t<meta property=\"og:image:width\" content=\"550\" \/>\n\t<meta property=\"og:image:height\" content=\"550\" \/>\n\t<meta property=\"og:image:type\" content=\"image\/jpeg\" \/>\n<meta name=\"twitter:card\" content=\"summary_large_image\" \/>\n<script type=\"application\/ld+json\" class=\"yoast-schema-graph\">{\"@context\":\"https:\/\/schema.org\",\"@graph\":[{\"@type\":\"WebPage\",\"@id\":\"https:\/\/demoweb.info\/sexshop001\/producto\/estimulador-de-clitoris-recargable-morado\/\",\"url\":\"https:\/\/demoweb.info\/sexshop001\/producto\/estimulador-de-clitoris-recargable-morado\/\",\"name\":\"ESTIMULADOR DE CLITORIS RECARGABLE MORADO - Tienda Er\u00f3tica\",\"isPartOf\":{\"@id\":\"https:\/\/demoweb.info\/sexshop001\/#website\"},\"datePublished\":\"2022-01-22T14:44:17+00:00\",\"dateModified\":\"2022-01-22T14:44:23+00:00\",\"breadcrumb\":{\"@id\":\"https:\/\/demoweb.info\/sexshop001\/producto\/estimulador-de-clitoris-recargable-morado\/#breadcrumb\"},\"inLanguage\":\"es\",\"potentialAction\":[{\"@type\":\"ReadAction\",\"target\":[\"https:\/\/demoweb.info\/sexshop001\/producto\/estimulador-de-clitoris-recargable-morado\/\"]}]},{\"@type\":\"BreadcrumbList\",\"@id\":\"https:\/\/demoweb.info\/sexshop001\/producto\/estimulador-de-clitoris-recargable-morado\/#breadcrumb\",\"itemListElement\":[{\"@type\":\"ListItem\",\"position\":1,\"name\":\"Portada\",\"item\":\"https:\/\/demoweb.info\/sexshop001\/\"},{\"@type\":\"ListItem\",\"position\":2,\"name\":\"Tienda\",\"item\":\"https:\/\/demoweb.info\/sexshop001\/tienda\/\"},{\"@type\":\"ListItem\",\"position\":3,\"name\":\"ESTIMULADOR DE CLITORIS RECARGABLE MORADO\"}]},{\"@type\":\"WebSite\",\"@id\":\"https:\/\/demoweb.info\/sexshop001\/#website\",\"url\":\"https:\/\/demoweb.info\/sexshop001\/\",\"name\":\"Tienda Er\u00f3tica\",\"description\":\"DEMOWEB SL\",\"potentialAction\":[{\"@type\":\"SearchAction\",\"target\":{\"@type\":\"EntryPoint\",\"urlTemplate\":\"https:\/\/demoweb.info\/sexshop001\/?s={search_term_string}\"},\"query-input\":\"required name=search_term_string\"}],\"inLanguage\":\"es\"}]}<\/script>\n<!-- \/ Yoast SEO plugin. -->","yoast_head_json":{"title":"ESTIMULADOR DE CLITORIS RECARGABLE MORADO - Tienda Er\u00f3tica","robots":{"index":"noindex","follow":"follow","max-snippet":"max-snippet:-1","max-image-preview":"max-image-preview:large","max-video-preview":"max-video-preview:-1"},"og_locale":"es_ES","og_type":"article","og_title":"ESTIMULADOR DE CLITORIS RECARGABLE MORADO - Tienda Er\u00f3tica","og_description":"RECHARGEABLE CLITORAL PUMP PURPLE Estimulador con ventosa para ofrecerte lo \u00faltimo en sensaciones y estimulaci\u00f3n del cl\u00edtoris, encontrar\u00e1s un placer","og_url":"https:\/\/demoweb.info\/sexshop001\/producto\/estimulador-de-clitoris-recargable-morado\/","og_site_name":"Tienda Er\u00f3tica","article_modified_time":"2022-01-22T14:44:23+00:00","og_image":[{"width":550,"height":550,"url":"https:\/\/demoweb.info\/sexshop001\/wp-content\/uploads\/2022\/01\/ESTIMULADOR-DE-CLITORIS-RECARGABLE-MORADO.jpg","type":"image\/jpeg"}],"twitter_card":"summary_large_image","schema":{"@context":"https:\/\/schema.org","@graph":[{"@type":"WebPage","@id":"https:\/\/demoweb.info\/sexshop001\/producto\/estimulador-de-clitoris-recargable-morado\/","url":"https:\/\/demoweb.info\/sexshop001\/producto\/estimulador-de-clitoris-recargable-morado\/","name":"ESTIMULADOR DE CLITORIS RECARGABLE MORADO - Tienda Er\u00f3tica","isPartOf":{"@id":"https:\/\/demoweb.info\/sexshop001\/#website"},"datePublished":"2022-01-22T14:44:17+00:00","dateModified":"2022-01-22T14:44:23+00:00","breadcrumb":{"@id":"https:\/\/demoweb.info\/sexshop001\/producto\/estimulador-de-clitoris-recargable-morado\/#breadcrumb"},"inLanguage":"es","potentialAction":[{"@type":"ReadAction","target":["https:\/\/demoweb.info\/sexshop001\/producto\/estimulador-de-clitoris-recargable-morado\/"]}]},{"@type":"BreadcrumbList","@id":"https:\/\/demoweb.info\/sexshop001\/producto\/estimulador-de-clitoris-recargable-morado\/#breadcrumb","itemListElement":[{"@type":"ListItem","position":1,"name":"Portada","item":"https:\/\/demoweb.info\/sexshop001\/"},{"@type":"ListItem","position":2,"name":"Tienda","item":"https:\/\/demoweb.info\/sexshop001\/tienda\/"},{"@type":"ListItem","position":3,"name":"ESTIMULADOR DE CLITORIS RECARGABLE MORADO"}]},{"@type":"WebSite","@id":"https:\/\/demoweb.info\/sexshop001\/#website","url":"https:\/\/demoweb.info\/sexshop001\/","name":"Tienda Er\u00f3tica","description":"DEMOWEB SL","potentialAction":[{"@type":"SearchAction","target":{"@type":"EntryPoint","urlTemplate":"https:\/\/demoweb.info\/sexshop001\/?s={search_term_string}"},"query-input":"required name=search_term_string"}],"inLanguage":"es"}]}},"_links":{"self":[{"href":"https:\/\/demoweb.info\/sexshop001\/wp-json\/wp\/v3\/product\/48466","targetHints":{"allow":["GET"]}}],"collection":[{"href":"https:\/\/demoweb.info\/sexshop001\/wp-json\/wp\/v3\/product"}],"about":[{"href":"https:\/\/demoweb.info\/sexshop001\/wp-json\/wp\/v2\/types\/product"}],"replies":[{"embeddable":true,"href":"https:\/\/demoweb.info\/sexshop001\/wp-json\/wp\/v2\/comments?post=48466"}],"wp:featuredmedia":[{"embeddable":true,"href":"https:\/\/demoweb.info\/sexshop001\/wp-json\/wp\/v2\/media\/48467"}],"wp:attachment":[{"href":"https:\/\/demoweb.info\/sexshop001\/wp-json\/wp\/v2\/media?parent=48466"}],"wp:term":[{"taxonomy":"product_cat","embeddable":true,"href":"https:\/\/demoweb.info\/sexshop001\/wp-json\/wp\/v2\/product_cat?post=48466"},{"taxonomy":"product_tag","embeddable":true,"href":"https:\/\/demoweb.info\/sexshop001\/wp-json\/wp\/v2\/product_tag?post=48466"}],"curies":[{"name":"wp","href":"https:\/\/api.w.org\/{rel}","templated":true}]}}